{"id":5122,"date":"2025-01-21T18:05:10","date_gmt":"2025-01-21T18:05:10","guid":{"rendered":"https:\/\/invictusgames2025.ca\/?page_id=5122"},"modified":"2025-02-07T04:49:34","modified_gmt":"2025-02-07T04:49:34","slug":"visitez-vancouver","status":"publish","type":"page","link":"https:\/\/invictusgames2025.ca\/fr\/visitez-vancouver\/","title":{"rendered":"Visitez Vancouver"},"content":{"rendered":"\n<header class=\"wp-block-group alignfull py-0 has-black-background-color has-background is-layout-constrained wp-block-group-is-layout-constrained\">\n<figure class=\"wp-block-video alignwide\"><video height=\"720\" style=\"aspect-ratio: 1364 \/ 720;\" width=\"1364\" autoplay controls muted src=\"https:\/\/invictusgames2025.ca\/wp-content\/uploads\/2025\/01\/DVAN-1.mp4\"><\/video><\/figure>\n\n\n\n<h1 class=\"wp-block-heading alignwide has-yellow-color has-text-color has-link-color wp-elements-3278bf3ebb32869c63f037fdbda4fb6f\">VISITEZ VANCOUVER<\/h1>\n\n\n<div class=\"hidden lg:block invictus-branding-images has-white-background-color alignfull bg-cover bg-repeat-x bg-center\" style=\"background-image: url(https:\/\/invictusgames2025.ca\/wp-content\/uploads\/2024\/12\/divider-pattern.png);\"><\/div><div class=\"block lg:hidden invictus-branding-image-mobile has-white-background-color alignfull bg-cover bg-repeat-x bg-center h-[20px]\" style=\"background-image: url(https:\/\/invictusgames2025.ca\/wp-content\/uploads\/2024\/12\/divider-pattern.png);\"><\/div><\/header>\n\n\n\n<div style=\"height:40px\" aria-hidden=\"true\" class=\"wp-block-spacer\"><\/div>\n\n\n\n<div class=\"wp-block-group alignwide is-content-justification-left is-layout-constrained wp-container-core-group-is-layout-8c890d92 wp-block-group-is-layout-constrained\">\n<h2 class=\"wp-block-heading\">D\u00e9couvrez Vancouver : Une Porte d\u2019Entr\u00e9e vers l\u2019Aventure et la Culture<\/h2>\n\n\n\n<p class=\"is-style-default\">Vancouver, nich\u00e9e entre l&#8217;oc\u00e9an Pacifique et les montagnes c\u00f4ti\u00e8res de la Colombie-Britannique, est une m\u00e9tropole dynamique offrant une fusion unique de merveilles naturelles et d&#8217;exp\u00e9riences culturelles. En tant que co-h\u00f4te des Invictus Games Vancouver Whistler 2025, la ville invite les visiteurs \u00e0 explorer ses attractions embl\u00e9matiques et sa riche diversit\u00e9 culturelle.<\/p>\n\n\n\n<p><br>Planifiez votre voyage pour d\u00e9couvrir tout ce que Vancouver a \u00e0 offrir. Explorez davantage sur <strong><a href=\"https:\/\/www.destinationvancouver.com\/\" target=\"_blank\" rel=\"noopener\" title=\"\">Destination Vancouver<\/a><\/strong>.<\/p>\n\n\n\n<div style=\"height:40px\" aria-hidden=\"true\" class=\"wp-block-spacer\"><\/div>\n\n\n\n<h2 class=\"wp-block-heading\">Attractions Principales<\/h2>\n\n\n\n<div class=\"wp-block-columns alignwide is-layout-flex wp-container-core-columns-is-layout-9d6595d7 wp-block-columns-is-layout-flex\">\n<div class=\"wp-block-column is-layout-flow wp-block-column-is-layout-flow\">\n<figure class=\"wp-block-image size-full\"><a href=\"https:\/\/vancouver.ca\/parks-recreation-culture\/stanley-park.aspx\" target=\"_blank\" rel=\" noreferrer noopener\"><img decoding=\"async\" src=\"https:\/\/invictusg25stg.wpenginepowered.com\/wp-content\/uploads\/2025\/01\/86570-Web-1200px-edited.jpg\" alt=\"\" class=\"wp-image-4921\"\/><\/a><\/figure>\n\n\n\n<p><strong>Stanley Park<\/strong><\/p>\n\n\n\n<p><br>D\u00e9couvrez ce parc embl\u00e9matique avec ses for\u00eats luxuriantes, sa promenade en bord de mer et ses captivantes installations artistiques autochtones. Faites une balade \u00e0 v\u00e9lo le long de la digue pittoresque ou impr\u00e9gnez-vous de la s\u00e9r\u00e9nit\u00e9 sous les arbres majestueux pour vous connecter avec la nature.<\/p>\n<\/div>\n\n\n\n<div class=\"wp-block-column is-layout-flow wp-block-column-is-layout-flow\">\n<figure class=\"wp-block-image size-large\"><a href=\"https:\/\/granvilleisland.com\/\" target=\"_blank\" rel=\" noreferrer noopener\"><img decoding=\"async\" src=\"https:\/\/invictusg25stg.wpenginepowered.com\/wp-content\/uploads\/2025\/01\/29204_Web-1200px-edited.jpg\" alt=\"\" class=\"wp-image-4656\"\/><\/a><\/figure>\n\n\n\n<p><strong>Granville Island<\/strong><\/p>\n\n\n\n<p><br>Un centre anim\u00e9 de march\u00e9s artisanaux, de restaurants en bord de mer et de spectacles vivants vous attend. Parcourez le march\u00e9 public pour des d\u00e9lices fra\u00eechement pr\u00e9par\u00e9s, explorez des boutiques et galeries d&#8217;artisanat, ou profitez de performances en direct dans les th\u00e9\u00e2tres locaux.<\/p>\n<\/div>\n\n\n\n<div class=\"wp-block-column is-layout-flow wp-block-column-is-layout-flow\">\n<figure class=\"wp-block-image size-large\"><a href=\"https:\/\/www.vanartgallery.bc.ca\/\" target=\"_blank\" rel=\" noreferrer noopener\"><img decoding=\"async\" src=\"https:\/\/invictusg25stg.wpenginepowered.com\/wp-content\/uploads\/2025\/01\/Vancouver-Art-Gallery-edited.png\" alt=\"\" class=\"wp-image-4654\"\/><\/a><\/figure>\n\n\n\n<p><strong>Vancouver Art Gallery<\/strong><\/p>\n\n\n\n<p><br>Situ\u00e9e dans un b\u00e2timent historique, la Vancouver Art Gallery est le plus grand mus\u00e9e d&#8217;art de l&#8217;Ouest canadien et l&#8217;une des institutions d&#8217;arts visuels les plus innovantes d&#8217;Am\u00e9rique du Nord. Avec une vaste collection d&#8217;art canadien et international, c&#8217;est une visite incontournable pour les amateurs d&#8217;art et d&#8217;histoire.<\/p>\n<\/div>\n<\/div>\n<\/div>\n\n\n\n<section class=\"wp-block-group alignfull testclass has-yellow-background-color has-background is-layout-constrained wp-block-group-is-layout-constrained\" id=\"testanchor\">\n<div class=\"wp-block-group alignwide is-content-justification-left is-layout-constrained wp-container-core-group-is-layout-8c890d92 wp-block-group-is-layout-constrained\">\n<div class=\"wp-block-columns alignwide is-layout-flex wp-container-core-columns-is-layout-9d6595d7 wp-block-columns-is-layout-flex\">\n<div class=\"wp-block-column is-layout-flow wp-block-column-is-layout-flow\">\n<h2 class=\"wp-block-heading has-black-color has-text-color has-link-color wp-elements-035d86ab095589772b77f6fa7d1c5335\">Planifiez Votre S\u00e9jour<\/h2>\n\n\n\n<p>Dans une ville entour\u00e9e par l&#8217;oc\u00e9an et les montagnes, vivez l&#8217;attrait de la vie c\u00f4ti\u00e8re avec un s\u00e9jour en bord de mer. Il vous suffit de sortir pour que la brise marine fra\u00eeche et des panoramas \u00e0 couper le souffle vous accueillent \u00e0 votre porte.<\/p>\n\n\n\n<div style=\"height:40px\" aria-hidden=\"true\" class=\"wp-block-spacer\"><\/div>\n\n\n\n<div class=\"wp-block-columns is-layout-flex wp-container-core-columns-is-layout-9d6595d7 wp-block-columns-is-layout-flex\">\n<div class=\"wp-block-column is-layout-flow wp-block-column-is-layout-flow\">\n<figure class=\"wp-block-image size-large\"><a href=\"https:\/\/www.destinationvancouver.com\/plan-your-trip\/places-to-stay\" target=\"_blank\" rel=\" noreferrer noopener\"><img loading=\"lazy\" decoding=\"async\" width=\"1024\" height=\"576\" src=\"https:\/\/invictusgames2025.ca\/wp-content\/uploads\/2025\/01\/85061_Web-1200px-1-edited-1024x576.jpg\" alt=\"\" class=\"wp-image-5021\" srcset=\"https:\/\/invictusgames2025.ca\/wp-content\/uploads\/2025\/01\/85061_Web-1200px-1-edited-1024x576.jpg 1024w, https:\/\/invictusgames2025.ca\/wp-content\/uploads\/2025\/01\/85061_Web-1200px-1-edited-300x169.jpg 300w, https:\/\/invictusgames2025.ca\/wp-content\/uploads\/2025\/01\/85061_Web-1200px-1-edited-768x432.jpg 768w, https:\/\/invictusgames2025.ca\/wp-content\/uploads\/2025\/01\/85061_Web-1200px-1-edited.jpg 1200w\" sizes=\"auto, (max-width: 1024px) 100vw, 1024px\" \/><\/a><\/figure>\n<\/div>\n\n\n\n<div class=\"wp-block-column is-layout-flow wp-block-column-is-layout-flow\">\n<h2 class=\"wp-block-heading\">H\u00e9bergement <\/h2>\n\n\n\n<p>Vancouver propose une large gamme d\u2019h\u00e9bergements, parfaits pour les voyageurs en qu\u00eate de luxe et de confort. S\u00e9journez dans des h\u00f4tels en bord de mer offrant des vues panoramiques sur l\u2019oc\u00e9an ou optez pour des \u00e9tablissements de charme situ\u00e9s dans des quartiers anim\u00e9s comme Yaletown et Gastown. Les familles et les voyageurs soucieux de leur budget trouveront une vari\u00e9t\u00e9 d\u2019options abordables et de milieu de gamme, allant des h\u00f4tels bien \u00e9quip\u00e9s aux charmants bed and breakfasts. O\u00f9 que vous logiez, vous serez \u00e0 proximit\u00e9 des principales attractions et exp\u00e9riences de la ville.<\/p>\n\n\n\n<div style=\"height:50px\" aria-hidden=\"true\" class=\"wp-block-spacer\"><\/div>\n\n\n\n<div class=\"wp-block-buttons is-layout-flex wp-block-buttons-is-layout-flex\">\n<div class=\"wp-block-button\"><a class=\"wp-block-button__link wp-element-button\" href=\"https:\/\/www.destinationvancouver.com\/plan-your-trip\/places-to-stay\"><strong><strong>R\u00e9servez Votre S\u00e9jour<\/strong><\/strong><\/a><\/div>\n<\/div>\n<\/div>\n<\/div>\n\n\n\n<div style=\"height:40px\" aria-hidden=\"true\" class=\"wp-block-spacer\"><\/div>\n\n\n\n<div class=\"wp-block-columns is-layout-flex wp-container-core-columns-is-layout-9d6595d7 wp-block-columns-is-layout-flex\">\n<div class=\"wp-block-column is-layout-flow wp-block-column-is-layout-flow\">\n<h2 class=\"wp-block-heading\">Points Forts Culturels <\/h2>\n\n\n\n<p>Vancouver est une ville riche en culture et en histoire, offrant aux visiteurs de nombreuses opportunit\u00e9s de se connecter \u00e0 son patrimoine diversifi\u00e9. Explorez le Mus\u00e9e d&#8217;anthropologie de l&#8217;Universit\u00e9 de la Colombie-Britannique, o\u00f9 vous d\u00e9couvrirez l&#8217;une des plus belles collections d&#8217;art et d&#8217;artefacts autochtones au monde. Pour les familles et les passionn\u00e9s de sciences, Science World propose des expositions interactives et immersives qui divertissent et \u00e9duquent. La sc\u00e8ne artistique vibrante de la ville est \u00e9galement visible \u00e0 la Vancouver Art Gallery, qui pr\u00e9sente un m\u00e9lange d&#8217;\u0153uvres contemporaines et historiques, y compris des pi\u00e8ces d&#8217;artistes canadiens et autochtones renomm\u00e9s.<\/p>\n\n\n\n<div style=\"height:49px\" aria-hidden=\"true\" class=\"wp-block-spacer\"><\/div>\n\n\n\n<div class=\"wp-block-buttons is-layout-flex wp-block-buttons-is-layout-flex\">\n<div class=\"wp-block-button\"><a class=\"wp-block-button__link wp-element-button\" href=\"https:\/\/www.destinationvancouver.com\/inspiration\/arts-and-culture\"><strong><strong>Exprimez Votre Cr\u00e9ativit\u00e9<\/strong><\/strong><\/a><\/div>\n<\/div>\n<\/div>\n\n\n\n<div class=\"wp-block-column is-layout-flow wp-block-column-is-layout-flow\">\n<figure class=\"wp-block-image size-large\"><a href=\"https:\/\/www.destinationvancouver.com\/inspiration\/arts-and-culture\" target=\"_blank\" rel=\" noreferrer noopener\"><img loading=\"lazy\" decoding=\"async\" width=\"1200\" height=\"675\" src=\"https:\/\/invictusgames2025.ca\/wp-content\/uploads\/2025\/01\/84748-Low-Resolution_Web-1200px-edited.jpg\" alt=\"\" class=\"wp-image-5025\" srcset=\"https:\/\/invictusgames2025.ca\/wp-content\/uploads\/2025\/01\/84748-Low-Resolution_Web-1200px-edited.jpg 1200w, https:\/\/invictusgames2025.ca\/wp-content\/uploads\/2025\/01\/84748-Low-Resolution_Web-1200px-edited-300x169.jpg 300w, https:\/\/invictusgames2025.ca\/wp-content\/uploads\/2025\/01\/84748-Low-Resolution_Web-1200px-edited-1024x576.jpg 1024w, https:\/\/invictusgames2025.ca\/wp-content\/uploads\/2025\/01\/84748-Low-Resolution_Web-1200px-edited-768x432.jpg 768w\" sizes=\"auto, (max-width: 1200px) 100vw, 1200px\" \/><\/a><\/figure>\n<\/div>\n<\/div>\n\n\n\n<div style=\"height:40px\" aria-hidden=\"true\" class=\"wp-block-spacer\"><\/div>\n\n\n\n<div class=\"wp-block-columns is-layout-flex wp-container-core-columns-is-layout-9d6595d7 wp-block-columns-is-layout-flex\">\n<div class=\"wp-block-column is-layout-flow wp-block-column-is-layout-flow\">\n<figure class=\"wp-block-image size-full\"><a href=\"https:\/\/www.destinationvancouver.com\/explore-vancouver\/places-to-eat\" target=\"_blank\" rel=\" noreferrer noopener\"><img loading=\"lazy\" decoding=\"async\" width=\"771\" height=\"434\" src=\"https:\/\/invictusgames2025.ca\/wp-content\/uploads\/2025\/01\/KS097-HK-DvanFall24-11460-edited.png\" alt=\"\" class=\"wp-image-5029\" srcset=\"https:\/\/invictusgames2025.ca\/wp-content\/uploads\/2025\/01\/KS097-HK-DvanFall24-11460-edited.png 771w, https:\/\/invictusgames2025.ca\/wp-content\/uploads\/2025\/01\/KS097-HK-DvanFall24-11460-edited-300x169.png 300w, https:\/\/invictusgames2025.ca\/wp-content\/uploads\/2025\/01\/KS097-HK-DvanFall24-11460-edited-768x432.png 768w\" sizes=\"auto, (max-width: 771px) 100vw, 771px\" \/><\/a><\/figure>\n<\/div>\n\n\n\n<div class=\"wp-block-column is-layout-flow wp-block-column-is-layout-flow\">\n<h2 class=\"wp-block-heading\">Gastronomie et Vie Nocturne <\/h2>\n\n\n\n<p>Savourez la diversit\u00e9 culinaire de Vancouver, o\u00f9 des fruits de mer de classe mondiale, des d\u00e9lices de la ferme \u00e0 la table et des cuisines internationales se r\u00e9unissent pour ravir votre palais. La sc\u00e8ne gastronomique florissante de la ville comprend tout, des restaurants \u00e9toil\u00e9s au guide Michelin aux food trucks anim\u00e9s servant des saveurs du monde entier. Que vous ayez envie des fruits de mer les plus frais, d&#8217;un bol r\u00e9confortant de ramen ou des meilleures charcuteries maison, vous ne resterez jamais sur votre faim ici.<\/p>\n\n\n\n<p>Pr\u00eat \u00e0 explorer Vancouver? Commencez \u00e0 planifier votre aventure d\u00e8s aujourd&#8217;hui!<\/p>\n\n\n\n<div style=\"height:50px\" aria-hidden=\"true\" class=\"wp-block-spacer\"><\/div>\n\n\n\n<div class=\"wp-block-buttons is-layout-flex wp-block-buttons-is-layout-flex\">\n<div class=\"wp-block-button\"><a class=\"wp-block-button__link wp-element-button\" href=\"https:\/\/www.destinationvancouver.com\/explore-vancouver\/places-to-eat\"><strong><strong><strong>R\u00e9galez-vous<\/strong><\/strong><\/strong><\/a><\/div>\n<\/div>\n<\/div>\n<\/div>\n\n\n\n<div style=\"height:40px\" aria-hidden=\"true\" class=\"wp-block-spacer\"><\/div>\n\n\n\n<div class=\"wp-block-columns is-layout-flex wp-container-core-columns-is-layout-9d6595d7 wp-block-columns-is-layout-flex\">\n<div class=\"wp-block-column is-layout-flow wp-block-column-is-layout-flow\">\n<h2 class=\"wp-block-heading\"><strong>Transports et Accessibilit\u00e9<\/strong> <\/h2>\n\n\n\n<p>Reconnu comme l&#8217;un des a\u00e9roports les plus accessibles au monde, YVR est \u00e9quip\u00e9 de rampes, de stationnements d\u00e9di\u00e9s, de toilettes accessibles, de cabines t\u00e9l\u00e9phoniques et de zones pour les animaux d\u2019assistance. Rejoignez le centre-ville gr\u00e2ce au SkyTrain enti\u00e8rement accessible, offrant une connexion sans effort. Le syst\u00e8me de transport en commun de Vancouver est con\u00e7u pour \u00eatre inclusif, avec des rampes, des ascenseurs et des zones d&#8217;embarquement accessibles. Pour un service porte-\u00e0-porte personnalis\u00e9, HandyDART peut \u00eatre r\u00e9serv\u00e9 \u00e0 l&#8217;avance.<\/p>\n\n\n\n<div style=\"height:50px\" aria-hidden=\"true\" class=\"wp-block-spacer\"><\/div>\n\n\n\n<div class=\"wp-block-buttons is-layout-flex wp-block-buttons-is-layout-flex\">\n<div class=\"wp-block-button\"><a class=\"wp-block-button__link wp-element-button\" href=\"https:\/\/www.destinationvancouver.com\/inspirations\/city\/getting-around\"><strong><strong>Naviguez dans la Ville<\/strong><\/strong><\/a><\/div>\n<\/div>\n<\/div>\n\n\n\n<div class=\"wp-block-column is-layout-flow wp-block-column-is-layout-flow\">\n<figure class=\"wp-block-image size-large\"><a href=\"https:\/\/www.destinationvancouver.com\/inspirations\/city\/getting-around\" target=\"_blank\" rel=\" noreferrer noopener\"><img loading=\"lazy\" decoding=\"async\" width=\"1024\" height=\"576\" src=\"https:\/\/invictusgames2025.ca\/wp-content\/uploads\/2025\/01\/24730_Web-1200px-edited-1024x576.jpg\" alt=\"\" class=\"wp-image-5031\" srcset=\"https:\/\/invictusgames2025.ca\/wp-content\/uploads\/2025\/01\/24730_Web-1200px-edited-1024x576.jpg 1024w, https:\/\/invictusgames2025.ca\/wp-content\/uploads\/2025\/01\/24730_Web-1200px-edited-300x169.jpg 300w, https:\/\/invictusgames2025.ca\/wp-content\/uploads\/2025\/01\/24730_Web-1200px-edited-768x432.jpg 768w, https:\/\/invictusgames2025.ca\/wp-content\/uploads\/2025\/01\/24730_Web-1200px-edited.jpg 1200w\" sizes=\"auto, (max-width: 1024px) 100vw, 1024px\" \/><\/a><\/figure>\n<\/div>\n<\/div>\n\n\n\n<div style=\"height:40px\" aria-hidden=\"true\" class=\"wp-block-spacer\"><\/div>\n\n\n\n<div class=\"wp-block-columns is-layout-flex wp-container-core-columns-is-layout-9d6595d7 wp-block-columns-is-layout-flex\">\n<div class=\"wp-block-column is-layout-flow wp-block-column-is-layout-flow\">\n<figure class=\"wp-block-image size-full\"><a href=\"https:\/\/www.destinationvancouver.com\/inspiration\/family-and-kids\" target=\"_blank\" rel=\" noreferrer noopener\"><img decoding=\"async\" src=\"https:\/\/invictusg25stg.wpenginepowered.com\/wp-content\/uploads\/2025\/01\/KS097-HK-DvanFall24-10884-edited.png\" alt=\"\" class=\"wp-image-4929\"\/><\/a><\/figure>\n<\/div>\n\n\n\n<div class=\"wp-block-column is-layout-flow wp-block-column-is-layout-flow\">\n<h2 class=\"wp-block-heading\"><strong>Amusement en Famille<\/strong> <\/h2>\n\n\n\n<p>\u00c0 Vancouver, il y a de quoi s&#8217;amuser pour tous les \u00e2ges ! Plongez dans les merveilles de l&#8217;oc\u00e9an \u00e0 l&#8217;Aquarium de Vancouver, explorez les myst\u00e8res du cosmos au Centre spatial H.R. MacMillan, ou vivez une aventure immersive avec FlyOver Canada, une exp\u00e9rience virtuelle exaltante montrant les paysages \u00e0 couper le souffle du pays. \u00c0 Vancouver, les souvenirs inoubliables en famille sont garantis.<\/p>\n\n\n\n<div style=\"height:50px\" aria-hidden=\"true\" class=\"wp-block-spacer\"><\/div>\n\n\n\n<div class=\"wp-block-buttons is-layout-flex wp-block-buttons-is-layout-flex\">\n<div class=\"wp-block-button\"><a class=\"wp-block-button__link wp-element-button\" href=\"https:\/\/www.destinationvancouver.com\/inspiration\/family-and-kids\"><strong><strong><strong>Cr\u00e9ez des Souvenirs<\/strong><\/strong><\/strong><\/a><\/div>\n<\/div>\n<\/div>\n<\/div>\n\n\n\n<div style=\"height:40px\" aria-hidden=\"true\" class=\"wp-block-spacer\"><\/div>\n\n\n\n<div class=\"wp-block-columns is-layout-flex wp-container-core-columns-is-layout-9d6595d7 wp-block-columns-is-layout-flex\">\n<div class=\"wp-block-column is-layout-flow wp-block-column-is-layout-flow\">\n<h2 class=\"wp-block-heading\"><strong>La Nature en Grand<\/strong> <\/h2>\n\n\n\n<p>Ville cosmopolite nich\u00e9e au c\u0153ur de la nature, Vancouver offre la possibilit\u00e9 unique de combiner escapade urbaine et aventure en plein air. Faites du kayak dans les eaux sereines d&#8217;English Bay, jouez au golf sur des parcours pittoresques, ou empruntez la route panoramique Sea-to-Sky. Avec des possibilit\u00e9s infinies d&#8217;exploration, Vancouver est l&#8217;endroit o\u00f9 la vie citadine rencontre la splendeur de la nature.<br><\/p>\n\n\n\n<div style=\"height:50px\" aria-hidden=\"true\" class=\"wp-block-spacer\"><\/div>\n\n\n\n<div class=\"wp-block-buttons is-layout-flex wp-block-buttons-is-layout-flex\">\n<div class=\"wp-block-button\"><a class=\"wp-block-button__link wp-element-button\" href=\"https:\/\/www.destinationvancouver.com\/inspiration\/nature-and-sightseeing\"><strong><strong>Sortez Explorer<\/strong><\/strong><\/a><\/div>\n<\/div>\n<\/div>\n\n\n\n<div class=\"wp-block-column is-layout-flow wp-block-column-is-layout-flow\">\n<figure class=\"wp-block-image size-large\"><a href=\"https:\/\/www.destinationvancouver.com\/inspiration\/nature-and-sightseeing\"><img loading=\"lazy\" decoding=\"async\" width=\"1200\" height=\"675\" src=\"https:\/\/invictusgames2025.ca\/wp-content\/uploads\/2025\/01\/133316-Web-1200px-edited.jpg\" alt=\"\" class=\"wp-image-5035\" srcset=\"https:\/\/invictusgames2025.ca\/wp-content\/uploads\/2025\/01\/133316-Web-1200px-edited.jpg 1200w, https:\/\/invictusgames2025.ca\/wp-content\/uploads\/2025\/01\/133316-Web-1200px-edited-300x169.jpg 300w, https:\/\/invictusgames2025.ca\/wp-content\/uploads\/2025\/01\/133316-Web-1200px-edited-1024x576.jpg 1024w, https:\/\/invictusgames2025.ca\/wp-content\/uploads\/2025\/01\/133316-Web-1200px-edited-768x432.jpg 768w\" sizes=\"auto, (max-width: 1200px) 100vw, 1200px\" \/><\/a><\/figure>\n<\/div>\n<\/div>\n<\/div>\n<\/div>\n<\/div>\n\n\n\n<p><\/p>\n<\/section>\n\n\n\n<p><\/p>\n","protected":false},"excerpt":{"rendered":"<p>VISITEZ VANCOUVER D\u00e9couvrez Vancouver : Une Porte d\u2019Entr\u00e9e vers l\u2019Aventure et la Culture Vancouver, nich\u00e9e entre l&#8217;oc\u00e9an Pacifique et les montagnes&#8230;<\/p>\n","protected":false},"author":6,"featured_media":0,"parent":0,"menu_order":0,"comment_status":"closed","ping_status":"closed","template":"","meta":{"_acf_changed":false,"_monsterinsights_skip_tracking":false,"_monsterinsights_sitenote_active":false,"_monsterinsights_sitenote_note":"","_monsterinsights_sitenote_category":0,"_uf_show_specific_survey":0,"_uf_disable_surveys":false,"footnotes":""},"class_list":["post-5122","page","type-page","status-publish","hentry"],"acf":[],"aioseo_notices":[],"_links":{"self":[{"href":"https:\/\/invictusgames2025.ca\/fr\/wp-json\/wp\/v2\/pages\/5122","targetHints":{"allow":["GET"]}}],"collection":[{"href":"https:\/\/invictusgames2025.ca\/fr\/wp-json\/wp\/v2\/pages"}],"about":[{"href":"https:\/\/invictusgames2025.ca\/fr\/wp-json\/wp\/v2\/types\/page"}],"author":[{"embeddable":true,"href":"https:\/\/invictusgames2025.ca\/fr\/wp-json\/wp\/v2\/users\/6"}],"replies":[{"embeddable":true,"href":"https:\/\/invictusgames2025.ca\/fr\/wp-json\/wp\/v2\/comments?post=5122"}],"version-history":[{"count":0,"href":"https:\/\/invictusgames2025.ca\/fr\/wp-json\/wp\/v2\/pages\/5122\/revisions"}],"wp:attachment":[{"href":"https:\/\/invictusgames2025.ca\/fr\/wp-json\/wp\/v2\/media?parent=5122"}],"curies":[{"name":"wp","href":"https:\/\/api.w.org\/{rel}","templated":true}]}}