{"id":5076,"date":"2025-01-21T18:07:12","date_gmt":"2025-01-21T18:07:12","guid":{"rendered":"https:\/\/invictusgames2025.ca\/visit-whistler\/"},"modified":"2025-01-28T21:46:19","modified_gmt":"2025-01-28T21:46:19","slug":"visit-whistler","status":"publish","type":"page","link":"https:\/\/invictusgames2025.ca\/fr\/visit-whistler\/","title":{"rendered":"Visit Whistler"},"content":{"rendered":"\n<div class=\"wp-block-group alignfull has-black-background-color has-background is-layout-constrained wp-block-group-is-layout-constrained\">\n<div style=\"height:19px\" aria-hidden=\"true\" class=\"wp-block-spacer\"><\/div>\n\n\n\n<figure class=\"wp-block-video alignwide\"><video height=\"1080\" style=\"aspect-ratio: 1920 \/ 1080;\" width=\"1920\" autoplay controls src=\"https:\/\/invictusgames2025.ca\/wp-content\/uploads\/2025\/01\/31075_Main-File.mp4\"><\/video><\/figure>\n\n\n\n<h1 class=\"wp-block-heading alignwide has-text-align-left has-yellow-color has-text-color has-link-color wp-elements-94c59009a54373ae78ba926e4bb734f5\">VISITEZ WHISTLER<\/h1>\n\n\n\n<div style=\"height:31px\" aria-hidden=\"true\" class=\"wp-block-spacer\"><\/div>\n<\/div>\n\n\n<div class=\"hidden lg:block invictus-branding-images has-white-background-color alignfull bg-cover bg-repeat-x bg-center\" style=\"background-image: url(https:\/\/invictusgames2025.ca\/wp-content\/uploads\/2024\/12\/divider-pattern.png);\"><\/div><div class=\"block lg:hidden invictus-branding-image-mobile has-white-background-color alignfull bg-cover bg-repeat-x bg-center h-[20px]\" style=\"background-image: url(https:\/\/invictusgames2025.ca\/wp-content\/uploads\/2024\/12\/divider-pattern.png);\"><\/div>\n\n\n<div class=\"wp-block-group alignwide is-content-justification-left is-layout-constrained wp-container-core-group-is-layout-8c890d92 wp-block-group-is-layout-constrained\">\n<p class=\"is-style-default\">Whistler, nich\u00e9e au c\u0153ur des montagnes c\u00f4ti\u00e8res de la Colombie-Britannique, est une destination de renomm\u00e9e mondiale pour les aventures en plein air et l&#8217;enrichissement culturel. En tant que co-h\u00f4te des Jeux Invictus de Vancouver Whistler 2025, Whistler promet une combinaison inoubliable de beaut\u00e9 alpine et de vie villageoise dynamique.<\/p>\n\n\n\n<p>Pr\u00eat \u00e0 d\u00e9couvrir la magie de Whistler? Commencez \u00e0 planifier votre visite sur <a href=\"https:\/\/www.whistler.com\">Whistler.com<\/a>.<\/p>\n\n\n\n<div style=\"height:40px\" aria-hidden=\"true\" class=\"wp-block-spacer\"><\/div>\n\n\n\n<h2 class=\"wp-block-heading\">Principales Attractions<\/h2>\n\n\n\n<div class=\"wp-block-columns alignwide is-layout-flex wp-container-core-columns-is-layout-9d6595d7 wp-block-columns-is-layout-flex\">\n<div class=\"wp-block-column is-layout-flow wp-block-column-is-layout-flow\">\n<figure class=\"wp-block-image size-full is-resized\"><a href=\"https:\/\/www.whistlerblackcomb.com\/\" target=\"_blank\" rel=\" noreferrer noopener\"><img loading=\"lazy\" decoding=\"async\" width=\"1068\" height=\"801\" src=\"https:\/\/invictusgames2025.ca\/wp-content\/uploads\/2025\/01\/48031_Web-1200px-edited-1.jpg\" alt=\"\" class=\"wp-image-5040\" style=\"width:419px;height:auto\" srcset=\"https:\/\/invictusgames2025.ca\/wp-content\/uploads\/2025\/01\/48031_Web-1200px-edited-1.jpg 1068w, https:\/\/invictusgames2025.ca\/wp-content\/uploads\/2025\/01\/48031_Web-1200px-edited-1-300x225.jpg 300w, https:\/\/invictusgames2025.ca\/wp-content\/uploads\/2025\/01\/48031_Web-1200px-edited-1-1024x768.jpg 1024w, https:\/\/invictusgames2025.ca\/wp-content\/uploads\/2025\/01\/48031_Web-1200px-edited-1-768x576.jpg 768w\" sizes=\"auto, (max-width: 1068px) 100vw, 1068px\" \/><\/a><\/figure>\n\n\n\n<p><strong>Whistler Blackcomb<\/strong><\/p>\n\n\n\n<p>D\u00e9couvrez la plus grande station de ski d&#8217;Am\u00e9rique du Nord, offrant un terrain de classe mondiale pour les passionn\u00e9s de sports d&#8217;hiver.<\/p>\n<\/div>\n\n\n\n<div class=\"wp-block-column is-layout-flow wp-block-column-is-layout-flow\">\n<figure class=\"wp-block-image size-large\"><a href=\"https:\/\/www.whistlerblackcomb.com\/explore-the-resort\/activities-and-events\/summer-activities\/summer-alpine-experience\/peak-2-peak-gondola.aspx\" target=\"_blank\" rel=\" noreferrer noopener\"><img loading=\"lazy\" decoding=\"async\" width=\"1024\" height=\"768\" src=\"https:\/\/invictusgames2025.ca\/wp-content\/uploads\/2025\/01\/29728_Web-1200px-edited-1-1024x768.jpg\" alt=\"\" class=\"wp-image-5042\" srcset=\"https:\/\/invictusgames2025.ca\/wp-content\/uploads\/2025\/01\/29728_Web-1200px-edited-1-1024x768.jpg 1024w, https:\/\/invictusgames2025.ca\/wp-content\/uploads\/2025\/01\/29728_Web-1200px-edited-1-300x225.jpg 300w, https:\/\/invictusgames2025.ca\/wp-content\/uploads\/2025\/01\/29728_Web-1200px-edited-1-768x576.jpg 768w, https:\/\/invictusgames2025.ca\/wp-content\/uploads\/2025\/01\/29728_Web-1200px-edited-1.jpg 1067w\" sizes=\"auto, (max-width: 1024px) 100vw, 1024px\" \/><\/a><\/figure>\n\n\n\n<p><strong>Peak 2 Peak Gondola<\/strong><\/p>\n\n\n\n<p>Survolez les montagnes et admirez des vues \u00e0 couper le souffle sur cette merveille d&#8217;ing\u00e9nierie.<\/p>\n<\/div>\n\n\n\n<div class=\"wp-block-column is-layout-flow wp-block-column-is-layout-flow\">\n<figure class=\"wp-block-image size-large\"><a href=\"https:\/\/www.whistler.com\/village\/\" target=\"_blank\" rel=\" noreferrer noopener\"><img loading=\"lazy\" decoding=\"async\" width=\"1024\" height=\"768\" src=\"https:\/\/invictusgames2025.ca\/wp-content\/uploads\/2025\/01\/165608_Web-1200px-edited-1024x768.jpg\" alt=\"\" class=\"wp-image-5044\" srcset=\"https:\/\/invictusgames2025.ca\/wp-content\/uploads\/2025\/01\/165608_Web-1200px-edited-1024x768.jpg 1024w, https:\/\/invictusgames2025.ca\/wp-content\/uploads\/2025\/01\/165608_Web-1200px-edited-300x225.jpg 300w, https:\/\/invictusgames2025.ca\/wp-content\/uploads\/2025\/01\/165608_Web-1200px-edited-768x576.jpg 768w, https:\/\/invictusgames2025.ca\/wp-content\/uploads\/2025\/01\/165608_Web-1200px-edited.jpg 1067w\" sizes=\"auto, (max-width: 1024px) 100vw, 1024px\" \/><\/a><\/figure>\n\n\n\n<p><strong>Whistler Village<\/strong><\/p>\n\n\n\n<p>Un centre pi\u00e9tonnier anim\u00e9 rempli de boutiques, de restaurants et d&#8217;options de divertissement.<\/p>\n<\/div>\n<\/div>\n<\/div>\n\n\n\n<section class=\"wp-block-group alignfull testclass has-yellow-background-color has-background is-layout-constrained wp-block-group-is-layout-constrained\" id=\"testanchor\">\n<div class=\"wp-block-group alignwide is-content-justification-left is-layout-constrained wp-container-core-group-is-layout-8c890d92 wp-block-group-is-layout-constrained\">\n<div class=\"wp-block-columns alignwide is-layout-flex wp-container-core-columns-is-layout-9d6595d7 wp-block-columns-is-layout-flex\">\n<div class=\"wp-block-column is-layout-flow wp-block-column-is-layout-flow\">\n<h2 class=\"wp-block-heading has-black-color has-text-color has-link-color wp-elements-035d86ab095589772b77f6fa7d1c5335\">Planifiez Votre S\u00e9jour<\/h2>\n\n\n\n<p>Dans une ville entour\u00e9e par l&#8217;oc\u00e9an et les montagnes, vivez l&#8217;attrait de la vie c\u00f4ti\u00e8re avec un s\u00e9jour en bord de mer. Il vous suffit de sortir pour que la brise marine fra\u00eeche et des panoramas \u00e0 couper le souffle vous accueillent \u00e0 votre porte.<\/p>\n\n\n\n<div class=\"wp-block-columns is-layout-flex wp-container-core-columns-is-layout-9d6595d7 wp-block-columns-is-layout-flex\">\n<div class=\"wp-block-column is-layout-flow wp-block-column-is-layout-flow\">\n<figure class=\"wp-block-image size-large\"><a href=\"https:\/\/www.destinationvancouver.com\/plan-your-trip\/places-to-stay\"><img loading=\"lazy\" decoding=\"async\" width=\"1024\" height=\"683\" src=\"https:\/\/invictusgames2025.ca\/wp-content\/uploads\/2025\/01\/97051_Web-1200px-1024x683.jpg\" alt=\"\" class=\"wp-image-5048\" srcset=\"https:\/\/invictusgames2025.ca\/wp-content\/uploads\/2025\/01\/97051_Web-1200px-1024x683.jpg 1024w, https:\/\/invictusgames2025.ca\/wp-content\/uploads\/2025\/01\/97051_Web-1200px-300x200.jpg 300w, https:\/\/invictusgames2025.ca\/wp-content\/uploads\/2025\/01\/97051_Web-1200px-768x512.jpg 768w, https:\/\/invictusgames2025.ca\/wp-content\/uploads\/2025\/01\/97051_Web-1200px-466x310.jpg 466w, https:\/\/invictusgames2025.ca\/wp-content\/uploads\/2025\/01\/97051_Web-1200px.jpg 1200w\" sizes=\"auto, (max-width: 1024px) 100vw, 1024px\" \/><\/a><\/figure>\n<\/div>\n\n\n\n<div class=\"wp-block-column is-layout-flow wp-block-column-is-layout-flow\">\n<h2 class=\"wp-block-heading\">H\u00e9bergement<\/h2>\n\n\n\n<p>Whistler propose des h\u00e9bergements adapt\u00e9s aux besoins de chaque voyageur, des luxueux complexes alpins aux chalets pittoresques nich\u00e9s dans les bois. De nombreux h\u00f4tels et lodges de Whistler sont id\u00e9alement situ\u00e9s dans ou \u00e0 proximit\u00e9 de Whistler Village, offrant un acc\u00e8s facile aux restaurants, boutiques et remont\u00e9es m\u00e9caniques. Pour ceux qui recherchent une d\u00e9tente ultime, plusieurs \u00e9tablissements disposent de spas, de piscines ext\u00e9rieures chauff\u00e9es et de vues imprenables sur les montagnes. Des options \u00e9conomiques telles que des auberges de jeunesse et des locations de vacances sont \u00e9galement disponibles, garantissant \u00e0 tous les visiteurs de pouvoir profiter du charme de cette destination embl\u00e9matique.<\/p>\n\n\n\n<div style=\"height:50px\" aria-hidden=\"true\" class=\"wp-block-spacer\"><\/div>\n\n\n\n<div class=\"wp-block-buttons is-layout-flex wp-block-buttons-is-layout-flex\">\n<div class=\"wp-block-button\"><a class=\"wp-block-button__link wp-element-button\" href=\"https:\/\/www.destinationvancouver.com\/plan-your-trip\/places-to-stay\">VOIR PLUS<\/a><\/div>\n<\/div>\n<\/div>\n<\/div>\n\n\n\n<div style=\"height:40px\" aria-hidden=\"true\" class=\"wp-block-spacer\"><\/div>\n\n\n\n<div class=\"wp-block-columns is-layout-flex wp-container-core-columns-is-layout-9d6595d7 wp-block-columns-is-layout-flex\">\n<div class=\"wp-block-column is-layout-flow wp-block-column-is-layout-flow\">\n<h2 class=\"wp-block-heading\">Points Forts Culturels<\/h2>\n\n\n\n<p>Whistler est non seulement un paradis pour les aventuriers en plein air, mais aussi un centre de d\u00e9couverte culturelle et artistique. Le Centre culturel Squamish Lil\u2019wat invite les visiteurs \u00e0 c\u00e9l\u00e9brer et \u00e0 d\u00e9couvrir les traditions, l&#8217;art et l&#8217;histoire des peuples autochtones locaux \u00e0 travers des expositions interactives et des performances. Les amateurs d&#8217;art peuvent s&#8217;immerger dans le Mus\u00e9e d&#8217;art Audain, qui pr\u00e9sente une collection impressionnante d&#8217;art britanno-colombien, y compris des \u0153uvres de la c\u00e9l\u00e8bre Emily Carr. Les offres culturelles de Whistler offrent un aper\u00e7u unique du riche patrimoine de la r\u00e9gion, alliant harmonieusement histoire et cr\u00e9ativit\u00e9 moderne.<\/p>\n\n\n\n<div style=\"height:50px\" aria-hidden=\"true\" class=\"wp-block-spacer\"><\/div>\n\n\n\n<div class=\"wp-block-buttons is-layout-flex wp-block-buttons-is-layout-flex\">\n<div class=\"wp-block-button\"><a class=\"wp-block-button__link wp-element-button\" href=\"https:\/\/www.destinationvancouver.com\/inspiration\/arts-and-culture\">VOIR PLUS<\/a><\/div>\n<\/div>\n<\/div>\n\n\n\n<div class=\"wp-block-column is-layout-flow wp-block-column-is-layout-flow\">\n<figure class=\"wp-block-image size-large\"><a href=\"https:\/\/www.destinationvancouver.com\/inspiration\/arts-and-culture\" target=\"_blank\" rel=\" noreferrer noopener\"><img loading=\"lazy\" decoding=\"async\" width=\"1024\" height=\"576\" src=\"https:\/\/invictusgames2025.ca\/wp-content\/uploads\/2025\/01\/79763_Web-1200px-edited-1024x576.jpg\" alt=\"\" class=\"wp-image-5054\" srcset=\"https:\/\/invictusgames2025.ca\/wp-content\/uploads\/2025\/01\/79763_Web-1200px-edited-1024x576.jpg 1024w, https:\/\/invictusgames2025.ca\/wp-content\/uploads\/2025\/01\/79763_Web-1200px-edited-300x169.jpg 300w, https:\/\/invictusgames2025.ca\/wp-content\/uploads\/2025\/01\/79763_Web-1200px-edited-768x432.jpg 768w, https:\/\/invictusgames2025.ca\/wp-content\/uploads\/2025\/01\/79763_Web-1200px-edited.jpg 1200w\" sizes=\"auto, (max-width: 1024px) 100vw, 1024px\" \/><\/a><\/figure>\n<\/div>\n<\/div>\n\n\n\n<div style=\"height:40px\" aria-hidden=\"true\" class=\"wp-block-spacer\"><\/div>\n\n\n\n<div class=\"wp-block-columns is-layout-flex wp-container-core-columns-is-layout-9d6595d7 wp-block-columns-is-layout-flex\">\n<div class=\"wp-block-column is-layout-flow wp-block-column-is-layout-flow\">\n<figure class=\"wp-block-image size-large\"><a href=\"https:\/\/www.destinationvancouver.com\/explore-vancouver\/places-to-eat\" target=\"_blank\" rel=\" noreferrer noopener\"><img loading=\"lazy\" decoding=\"async\" width=\"1200\" height=\"675\" src=\"https:\/\/invictusgames2025.ca\/wp-content\/uploads\/2025\/01\/24904_Web-1200px-edited.jpg\" alt=\"\" class=\"wp-image-5058\" srcset=\"https:\/\/invictusgames2025.ca\/wp-content\/uploads\/2025\/01\/24904_Web-1200px-edited.jpg 1200w, https:\/\/invictusgames2025.ca\/wp-content\/uploads\/2025\/01\/24904_Web-1200px-edited-300x169.jpg 300w, https:\/\/invictusgames2025.ca\/wp-content\/uploads\/2025\/01\/24904_Web-1200px-edited-1024x576.jpg 1024w, https:\/\/invictusgames2025.ca\/wp-content\/uploads\/2025\/01\/24904_Web-1200px-edited-768x432.jpg 768w\" sizes=\"auto, (max-width: 1200px) 100vw, 1200px\" \/><\/a><\/figure>\n<\/div>\n\n\n\n<div class=\"wp-block-column is-layout-flow wp-block-column-is-layout-flow\">\n<h2 class=\"wp-block-heading\">Gastronomie et Vie Nocturne<\/h2>\n\n\n\n<p>Savourez des exp\u00e9riences gastronomiques raffin\u00e9es mettant en vedette des ingr\u00e9dients locaux, ainsi que des pubs chaleureux et des restaurants d\u00e9contract\u00e9s parfaits pour les rassemblements apr\u00e8s-ski. La sc\u00e8ne culinaire de Whistler est un m\u00e9lange vibrant de saveurs mondiales, avec des chefs prim\u00e9s proposant des plats innovants refl\u00e9tant le patrimoine culinaire de la r\u00e9gion. Apr\u00e8s le d\u00eener, profitez de la vie nocturne anim\u00e9e de Whistler, des bars anim\u00e9s aux salons de vin intimes, tous accessibles \u00e0 pied dans le village.<\/p>\n\n\n\n<div style=\"height:50px\" aria-hidden=\"true\" class=\"wp-block-spacer\"><\/div>\n\n\n\n<div class=\"wp-block-buttons is-layout-flex wp-block-buttons-is-layout-flex\">\n<div class=\"wp-block-button\"><a class=\"wp-block-button__link wp-element-button\" href=\"https:\/\/www.destinationvancouver.com\/explore-vancouver\/places-to-eat\">VOIR PLUS<\/a><\/div>\n<\/div>\n<\/div>\n<\/div>\n\n\n\n<div style=\"height:40px\" aria-hidden=\"true\" class=\"wp-block-spacer\"><\/div>\n\n\n\n<div class=\"wp-block-columns is-layout-flex wp-container-core-columns-is-layout-9d6595d7 wp-block-columns-is-layout-flex\">\n<div class=\"wp-block-column is-layout-flow wp-block-column-is-layout-flow\">\n<h2 class=\"wp-block-heading\">Transport<\/h2>\n\n\n\n<p>Le voyage vers Whistler est aussi inoubliable que la destination elle-m\u00eame. Accessible via la route panoramique Sea-to-Sky, cet itin\u00e9raire offre des vues imprenables sur les fjords c\u00f4tiers, les sommets enneig\u00e9s et les for\u00eats luxuriantes. Une fois \u00e0 Whistler, la disposition pi\u00e9tonne du village permet une navigation facile sans besoin de v\u00e9hicule. Un service de navette gratuit fonctionne dans le village, tandis que le transport local relie les visiteurs aux attractions voisines telles que Whistler Blackcomb et le parc olympique de Whistler. Pour les aventuriers, des locations de v\u00e9los et d&#8217;\u00e9quipements sont facilement disponibles pour explorer les sentiers pittoresques et la nature environnante.<\/p>\n\n\n\n<p>Pr\u00eat \u00e0 d\u00e9couvrir la magie de Whistler? Commencez \u00e0 planifier votre visite sur <a href=\"https:\/\/www.whistler.com\">Whistler.com<\/a>.<\/p>\n\n\n\n<div style=\"height:50px\" aria-hidden=\"true\" class=\"wp-block-spacer\"><\/div>\n\n\n\n<div class=\"wp-block-buttons is-layout-flex wp-block-buttons-is-layout-flex\">\n<div class=\"wp-block-button\"><a class=\"wp-block-button__link wp-element-button\" href=\"https:\/\/www.destinationvancouver.com\/plan-your-trip\/places-to-stay\">VOIR PLUS<\/a><\/div>\n<\/div>\n<\/div>\n\n\n\n<div class=\"wp-block-column is-layout-flow wp-block-column-is-layout-flow\">\n<figure class=\"wp-block-image size-large\"><a href=\"https:\/\/www.destinationvancouver.com\/plan-your-trip\/places-to-stay\" target=\"_blank\" rel=\" noreferrer noopener\"><img loading=\"lazy\" decoding=\"async\" width=\"1024\" height=\"576\" src=\"https:\/\/invictusgames2025.ca\/wp-content\/uploads\/2025\/01\/48028_Web-1200px-edited-1024x576.jpg\" alt=\"\" class=\"wp-image-5060\" srcset=\"https:\/\/invictusgames2025.ca\/wp-content\/uploads\/2025\/01\/48028_Web-1200px-edited-1024x576.jpg 1024w, https:\/\/invictusgames2025.ca\/wp-content\/uploads\/2025\/01\/48028_Web-1200px-edited-300x169.jpg 300w, https:\/\/invictusgames2025.ca\/wp-content\/uploads\/2025\/01\/48028_Web-1200px-edited-768x432.jpg 768w, https:\/\/invictusgames2025.ca\/wp-content\/uploads\/2025\/01\/48028_Web-1200px-edited.jpg 1200w\" sizes=\"auto, (max-width: 1024px) 100vw, 1024px\" \/><\/a><\/figure>\n<\/div>\n<\/div>\n\n\n\n<p><\/p>\n<\/div>\n<\/div>\n<\/div>\n<\/section>\n","protected":false},"excerpt":{"rendered":"<p>VISITEZ WHISTLER Whistler, nich\u00e9e au c\u0153ur des montagnes c\u00f4ti\u00e8res de la Colombie-Britannique, est une destination de renomm\u00e9e mondiale pour les aventures en plein&#8230;<\/p>\n","protected":false},"author":4,"featured_media":0,"parent":0,"menu_order":0,"comment_status":"closed","ping_status":"closed","template":"","meta":{"_acf_changed":false,"_monsterinsights_skip_tracking":false,"_monsterinsights_sitenote_active":false,"_monsterinsights_sitenote_note":"","_monsterinsights_sitenote_category":0,"_uf_show_specific_survey":0,"_uf_disable_surveys":false,"footnotes":""},"class_list":["post-5076","page","type-page","status-publish","hentry"],"acf":[],"aioseo_notices":[],"_links":{"self":[{"href":"https:\/\/invictusgames2025.ca\/fr\/wp-json\/wp\/v2\/pages\/5076","targetHints":{"allow":["GET"]}}],"collection":[{"href":"https:\/\/invictusgames2025.ca\/fr\/wp-json\/wp\/v2\/pages"}],"about":[{"href":"https:\/\/invictusgames2025.ca\/fr\/wp-json\/wp\/v2\/types\/page"}],"author":[{"embeddable":true,"href":"https:\/\/invictusgames2025.ca\/fr\/wp-json\/wp\/v2\/users\/4"}],"replies":[{"embeddable":true,"href":"https:\/\/invictusgames2025.ca\/fr\/wp-json\/wp\/v2\/comments?post=5076"}],"version-history":[{"count":0,"href":"https:\/\/invictusgames2025.ca\/fr\/wp-json\/wp\/v2\/pages\/5076\/revisions"}],"wp:attachment":[{"href":"https:\/\/invictusgames2025.ca\/fr\/wp-json\/wp\/v2\/media?parent=5076"}],"curies":[{"name":"wp","href":"https:\/\/api.w.org\/{rel}","templated":true}]}}