{"id":4931,"date":"2025-01-14T19:44:22","date_gmt":"2025-01-14T19:44:22","guid":{"rendered":"https:\/\/invictusgames2025.ca\/?page_id=4931"},"modified":"2025-01-31T19:03:50","modified_gmt":"2025-01-31T19:03:50","slug":"cette-carte-didentite-et-daccreditation-invictus","status":"publish","type":"page","link":"https:\/\/invictusgames2025.ca\/fr\/cette-carte-didentite-et-daccreditation-invictus\/","title":{"rendered":"Cette carte d\u2019identit\u00e9 et d\u2019accr\u00e9ditation Invictus"},"content":{"rendered":"\n<header class=\"wp-block-group alignfull py-0 has-black-background-color has-background is-layout-flow wp-block-group-is-layout-flow\">\n<div class=\"wp-block-cover alignwide\" style=\"min-height:600px;aspect-ratio:unset;\"><span aria-hidden=\"true\" class=\"wp-block-cover__background has-background-dim wp-block-cover__gradient-background has-background-gradient\" style=\"background:linear-gradient(180deg,rgba(0,0,0,0.12) 0%,rgb(0,0,0) 78%)\"><\/span><img loading=\"lazy\" decoding=\"async\" width=\"995\" height=\"338\" class=\"wp-block-cover__image-background wp-image-2547\" alt=\"\" src=\"https:\/\/invictusgames2025.ca\/wp-content\/uploads\/2024\/09\/Ceremonies-Plain-Header_Ceremony-Header-English.svg\" data-object-fit=\"cover\"\/><div class=\"wp-block-cover__inner-container is-layout-constrained wp-block-cover-is-layout-constrained\">\n<h1 class=\"wp-block-heading has-text-align-left has-white-color has-text-color has-link-color has-dinot-font-family has-xxxl-font-size wp-elements-4bd6db7e4a06fd5e516dda6783cf0691\" style=\"text-transform:uppercase\">Cette carte d\u2019identit\u00e9 et d\u2019accr\u00e9ditation Invictus<\/h1>\n\n\n\n<p><\/p>\n<\/div><\/div>\n\n\n<div class=\"hidden lg:block invictus-branding-images has-white-background-color alignfull bg-cover bg-repeat-x bg-center\" style=\"background-image: url(https:\/\/invictusgames2025.ca\/wp-content\/uploads\/2024\/12\/divider-pattern.png);\"><\/div><div class=\"block lg:hidden invictus-branding-image-mobile has-white-background-color alignfull bg-cover bg-repeat-x bg-center h-[20px]\" style=\"background-image: url(https:\/\/invictusgames2025.ca\/wp-content\/uploads\/2024\/12\/divider-pattern.png);\"><\/div>\n\n\n<h2 class=\"wp-block-heading\"><\/h2>\n<\/header>\n\n\n\n<div style=\"height:5px\" aria-hidden=\"true\" class=\"wp-block-spacer\"><\/div>\n\n\n\n<div style=\"height:35px\" aria-hidden=\"true\" class=\"wp-block-spacer\"><\/div>\n\n\n\n<div data-wp-interactive=\"core\/file\" class=\"wp-block-file\"><object data-wp-bind--hidden=\"!state.hasPdfPreview\" hidden class=\"wp-block-file__embed\" data=\"https:\/\/invictusgames2025.ca\/wp-content\/uploads\/2025\/01\/Accred-Explained-French.pdf\" type=\"application\/pdf\" style=\"width:100%;height:600px\" aria-label=\"Contenu embarqu\u00e9 Accred Explained- French.\"><\/object><a id=\"wp-block-file--media-c6706ffb-5471-42e2-b407-a21b1ecfe13f\" href=\"https:\/\/invictusgames2025.ca\/wp-content\/uploads\/2025\/01\/Accred-Explained-French.pdf\">Accred Explained- French<\/a><a href=\"https:\/\/invictusgames2025.ca\/wp-content\/uploads\/2025\/01\/Accred-Explained-French.pdf\" class=\"wp-block-file__button wp-element-button\" download aria-describedby=\"wp-block-file--media-c6706ffb-5471-42e2-b407-a21b1ecfe13f\">Download<\/a><\/div>\n\n\n\n<div style=\"height:35px\" aria-hidden=\"true\" class=\"wp-block-spacer\"><\/div>\n\n\n\n<p>Cette carte d\u2019identit\u00e9 et d\u2019accr\u00e9ditation Invictus (la \u00ab\u202fcarte\u202f\u00bb) demeure la propri\u00e9t\u00e9 de la Vancouver Whistler Games Corporation (\u00ab\u202fIG25\u202f\u00bb) et n\u2019est pas transf\u00e9rable. En acceptant la pr\u00e9sente carte, je reconnais et j\u2019accepte que la carte et tous les droits y aff\u00e9rents peuvent \u00eatre r\u00e9voqu\u00e9s \u00e0 tout moment et avec effet imm\u00e9diat, et ce, \u00e0 la seule discr\u00e9tion d\u2019IG25.&nbsp;<\/p>\n\n\n\n<p>En utilisant la carte, je consens\u202f:&nbsp;<\/p>\n\n\n\n<ol start=\"1\" class=\"wp-block-list\">\n<li>\u00e0 accorder \u00e0 IG25 une licence irr\u00e9vocable, perp\u00e9tuelle, transf\u00e9rable, sous-licenciable, libre de redevances et mondiale pour utiliser mon nom, mon image et ma repr\u00e9sentation recueillis pendant les Jeux Invictus de Vancouver Whistler\u202f2025 (les \u00ab\u202fJeux\u202fde\u202f2025\u202f\u00bb) \u00e0 des fins de marketing, de promotion et de commercialisation des Jeux\u202fde\u202f2025 et de futurs Jeux Invictus.&nbsp;&nbsp;<\/li>\n<\/ol>\n\n\n\n<ol start=\"2\" class=\"wp-block-list\">\n<li>\u00e0 ce que mes renseignements personnels soient recueillis, utilis\u00e9s et divulgu\u00e9s par IG25 tel qu\u2019indiqu\u00e9 dans sa politique de confidentialit\u00e9 sur son site Web \u00e0 https:\/\/invictusgames2025.ca\/fr\/politique-sur-la-confidentialite\/. Je comprends que je peux consulter la politique de confidentialit\u00e9 \u00e0 tout moment et que je peux m\u2019adresser au responsable de la protection de la vie priv\u00e9e, Jeff Garrad (jgarrad@invictusgames2025.ca), pour toute question concernant la collecte, l\u2019utilisation et la divulgation de mes renseignements personnels.&nbsp;&nbsp;&nbsp;<\/li>\n<\/ol>\n\n\n\n<ol start=\"3\" class=\"wp-block-list\">\n<li>\u00e0 ce que toutes les photographies, les sons et les images anim\u00e9es que je prends ou que je recueille pendant les Jeux de 2025 soient utilis\u00e9s uniquement par moi \u00e0 des fins personnelles et non commerciales, \u00e0 moins d\u2019avoir pr\u00e9alablement obtenu l\u2019autorisation \u00e9crite d\u2019IG25. Je consens \u00e0 ne pas cr\u00e9er, transmettre, afficher ou distribuer de diffusion en direct d\u2019aucune partie des Jeux de 2025.&nbsp;<\/li>\n<\/ol>\n\n\n\n<ol start=\"4\" class=\"wp-block-list\">\n<li>\u00e0 respecter toutes les r\u00e8gles et politiques des sites et des installations ainsi que toutes les r\u00e8gles et politiques suppl\u00e9mentaires d\u2019IG25 qui me sont communiqu\u00e9es \u00e0 l\u2019occasion et \u00e0 reconna\u00eetre qu\u2019IG25 et les sites ou installations peuvent modifier leurs r\u00e8gles et politiques \u00e0 tout moment et sans pr\u00e9avis.&nbsp;<\/li>\n<\/ol>\n\n\n\n<ol start=\"5\" class=\"wp-block-list\">\n<li>\u00e0 confirmer que je remplis les qualifications et les conditions pour recevoir la carte.&nbsp;<\/li>\n<\/ol>\n\n\n\n<p>JE RECONNAIS ET ACCEPTE, EN MON NOM, EN CELUI DE MES H\u00c9RITIERS, ADMINISTRATEURS, AYANTS DROIT, REPR\u00c9SENTANTS PERSONNELS ET PROCHES PARENTS, CE QUI SUIT\u202f:&nbsp;<\/p>\n\n\n\n<p>1. J\u2019AI ASSUM\u00c9 TOUS LES RISQUES li\u00e9s \u00e0 mon utilisation de la carte et \u00e0 ma pr\u00e9sence \u00e0 tout site et toute installation autoris\u00e9s par la carte, que ces risques r\u00e9sultent de mes propres actions ou inactions, de ma propre n\u00e9gligence, des actions ou inactions d\u2019autrui, de la n\u00e9gligence d\u2019autrui ou des actions ou inactions, n\u00e9gligences ou omissions des parties exon\u00e9r\u00e9es (au sens indiqu\u00e9 ci-dessous), et j\u2019assume volontairement et en toute connaissance de cause tous ces risques et la responsabilit\u00e9 des dommages, des responsabilit\u00e9s, des pertes ou des d\u00e9penses engag\u00e9es en cons\u00e9quence.&nbsp;<\/p>\n\n\n\n<p>2. PAR LA PR\u00c9SENTE, JE RENONCE \u00c0 TOUTES LES R\u00c9CLAMATIONS que j\u2019ai ou que je pourrais avoir \u00e0 l\u2019avenir contre toute personne, entit\u00e9 ou tout organisme associ\u00e9 de quelque fa\u00e7on que ce soit \u00e0 IG25, \u00e0 la Fondation Invictus, aux Jeux Invictus et \u00e0 leurs commanditaires, promoteurs, propri\u00e9taires et locataires d\u2019installations ou de sites d\u2019\u00e9v\u00e9nements, organismes de sanction, associations ou toute subdivision de ceux-ci, annonceurs, propri\u00e9taires de v\u00e9hicules, autres personnes participantes, personnel de secours, inspecteurs d\u2019\u00e9v\u00e9nements et consultants ainsi que leurs directeurs, officiers, employ\u00e9s, contractuels, agents et repr\u00e9sentants respectifs, agents et repr\u00e9sentants (collectivement d\u00e9sign\u00e9s les \u00ab\u202fparties exon\u00e9r\u00e9es\u202f\u00bb) de toute responsabilit\u00e9 pour toute perte, tout dommage, toute blessure ou toute d\u00e9pense r\u00e9sultant de mon utilisation ou de ma pr\u00e9sence dans les installations ou aux sites de l\u2019\u00e9v\u00e9nement, \u00e0 quelque fin que ce soit, pour quelque cause que ce soit, Y COMPRIS LA N\u00c9GLIGENCE, LA RUPTURE DE CONTRAT OU LA VIOLATION DE TOUTE OBLIGATION D\u2019ORIGINE L\u00c9GISLATIVE OU DE DILIGENCE, Y COMPRIS TOUTE OBLIGATION DE DILIGENCE EN VERTU DE LA LOI SUR LA RESPONSABILIT\u00c9 DES OCCUPANTS (OCCUPIERS LIABILITY ACT), RSBC 1996, CHAPITRE\u202f337, DE LA PART DES PARTIES EXON\u00c9R\u00c9ES.&nbsp;<\/p>\n\n\n\n<p>J\u2019AI LU ET JE COMPRENDS LA PR\u00c9SENTE ENTENTE ET JE COMPRENDS QU\u2019EN ACCEPTANT ET EN UTILISANT LA CARTE, J\u2019AI ACCEPT\u00c9 LES CONDITIONS SUSMENTIONN\u00c9ES ET QUE J\u2019AI RENONC\u00c9 \u00c0 CERTAINS DROITS JURIDIQUES IMPORTANTS QUE MOI-M\u00caME ET MES H\u00c9RITIERS, MES PROCHES, MES EX\u00c9CUTEURS, MES ADMINISTRATEURS, MES AYANTS DROIT ET MES REPR\u00c9SENTANTS PERSONNELS POURRAIENT AVOIR \u00c0 L\u2019ENCONTRE DES PARTIES EXON\u00c9R\u00c9ES&nbsp;<\/p>\n","protected":false},"excerpt":{"rendered":"<p>Cette carte d\u2019identit\u00e9 et d\u2019accr\u00e9ditation Invictus (la \u00ab\u202fcarte\u202f\u00bb) demeure la propri\u00e9t\u00e9 de la Vancouver Whistler Games Corporation (\u00ab\u202fIG25\u202f\u00bb) et&#8230;<\/p>\n","protected":false},"author":6,"featured_media":0,"parent":0,"menu_order":0,"comment_status":"closed","ping_status":"closed","template":"","meta":{"_acf_changed":false,"_monsterinsights_skip_tracking":false,"_monsterinsights_sitenote_active":false,"_monsterinsights_sitenote_note":"","_monsterinsights_sitenote_category":0,"_uf_show_specific_survey":0,"_uf_disable_surveys":false,"footnotes":""},"class_list":["post-4931","page","type-page","status-publish","hentry"],"acf":[],"aioseo_notices":[],"_links":{"self":[{"href":"https:\/\/invictusgames2025.ca\/fr\/wp-json\/wp\/v2\/pages\/4931","targetHints":{"allow":["GET"]}}],"collection":[{"href":"https:\/\/invictusgames2025.ca\/fr\/wp-json\/wp\/v2\/pages"}],"about":[{"href":"https:\/\/invictusgames2025.ca\/fr\/wp-json\/wp\/v2\/types\/page"}],"author":[{"embeddable":true,"href":"https:\/\/invictusgames2025.ca\/fr\/wp-json\/wp\/v2\/users\/6"}],"replies":[{"embeddable":true,"href":"https:\/\/invictusgames2025.ca\/fr\/wp-json\/wp\/v2\/comments?post=4931"}],"version-history":[{"count":0,"href":"https:\/\/invictusgames2025.ca\/fr\/wp-json\/wp\/v2\/pages\/4931\/revisions"}],"wp:attachment":[{"href":"https:\/\/invictusgames2025.ca\/fr\/wp-json\/wp\/v2\/media?parent=4931"}],"curies":[{"name":"wp","href":"https:\/\/api.w.org\/{rel}","templated":true}]}}