{"id":4788,"date":"2025-01-09T00:46:59","date_gmt":"2025-01-09T00:46:59","guid":{"rendered":"https:\/\/invictusgames2025.ca\/?page_id=4788"},"modified":"2025-01-09T18:40:42","modified_gmt":"2025-01-09T18:40:42","slug":"tirage-au-sort-pour-les-tournois","status":"publish","type":"page","link":"https:\/\/invictusgames2025.ca\/fr\/evenements-sportifs\/tirage-au-sort-pour-les-tournois\/","title":{"rendered":"Tirage au sort pour les tournois"},"content":{"rendered":"\n<header class=\"wp-block-group alignfull py-0 has-black-background-color has-background is-layout-constrained wp-block-group-is-layout-constrained\">\n<div class=\"wp-block-cover alignwide\" style=\"min-height:535px;aspect-ratio:unset;\"><span aria-hidden=\"true\" class=\"wp-block-cover__background has-background-dim wp-block-cover__gradient-background has-background-gradient\" style=\"background:linear-gradient(180deg,rgba(0,0,0,0.12) 0%,rgb(0,0,0) 78%)\"><\/span><img loading=\"lazy\" decoding=\"async\" width=\"995\" height=\"339\" class=\"wp-block-cover__image-background wp-image-2532\" alt=\"Invictus Games Vancouver Whistler 2025 sports tickets website banner\" src=\"https:\/\/invictusg25stg.wpenginepowered.com\/wp-content\/uploads\/2024\/09\/Ticketing-Heading-Plain_Ticketing-Header-English.svg\" data-object-fit=\"cover\"\/><div class=\"wp-block-cover__inner-container is-layout-constrained wp-block-cover-is-layout-constrained\">\n<h1 class=\"wp-block-heading has-text-align-left has-white-color has-text-color has-link-color has-dinot-font-family has-xxxl-font-size wp-elements-0cae43918d93eaf6729ebcc5d4a09b37\" style=\"text-transform:uppercase\">Tirage au sort pour les tournois<\/h1>\n\n\n\n<p class=\"has-medium-large-font-size\">Consultez la liste des matchs et l\u2019horaire de comp\u00e9tition des \u00e9preuves.<\/p>\n\n\n\n<div style=\"height:50px\" aria-hidden=\"true\" class=\"wp-block-spacer\"><\/div>\n\n\n\n<h1 class=\"wp-block-heading has-text-align-left has-yellow-color has-text-color has-link-color has-nexaslab-font-family has-medium-large-font-size wp-elements-5b98a12cbc801183ce63319c55677c5e\" style=\"text-transform:uppercase\">FEBRUARY 8-16 2025<\/h1>\n<\/div><\/div>\n\n\n\n<div class=\"wp-block-group alignwide has-black-background-color has-background is-layout-constrained wp-block-group-is-layout-constrained\">\n<div class=\"wp-block-buttons is-content-justification-center is-layout-flex wp-container-core-buttons-is-layout-16018d1d wp-block-buttons-is-layout-flex\">\n<div class=\"wp-block-button has-custom-font-size is-style-fill has-base-font-size\"><a class=\"wp-block-button__link has-black-color has-yellow-background-color has-text-color has-background has-link-color wp-element-button\" href=\"https:\/\/www.ticketmaster.ca\/invictus-games-tickets\/artist\/2954948\"><strong>ACHETEZ VOS BILLETS MAINTENANT<\/strong><\/a><\/div>\n<\/div>\n<\/div>\n<\/header>\n\n\n<div class=\"hidden lg:block invictus-branding-images has-white-background-color alignfull bg-cover bg-repeat-x bg-center\" style=\"background-image: url(https:\/\/invictusgames2025.ca\/wp-content\/uploads\/2024\/12\/divider-pattern.png);\"><\/div><div class=\"block lg:hidden invictus-branding-image-mobile has-white-background-color alignfull bg-cover bg-repeat-x bg-center h-[20px]\" style=\"background-image: url(https:\/\/invictusgames2025.ca\/wp-content\/uploads\/2024\/12\/divider-pattern.png);\"><\/div>\n\n\n<h2 class=\"wp-block-heading\">Annonce du r\u00e9sultat des tirages au sort pour les tournois des sports de terrain!<\/h2>\n\n\n\n<p class=\"has-text-align-left\">Pr\u00e9parez-vous \u00e0 assister \u00e0 des sports adapt\u00e9s pleins d\u2019action et de talent aux Jeux Invictus de Vancouver Whistler 2025. On a \u00e9tabli les poules et les comp\u00e9titrices et comp\u00e9titeurs s\u2019appr\u00eatent \u00e0 disputer des matchs palpitants de rugby en fauteuil roulant, de volleyball assis et de basketball en fauteuil roulant. Consultez le calendrier ci-dessous et achetez vos billets pour assister \u00e0 ces \u00e9v\u00e9nements inoubliables!<\/p>\n\n\n\n<div style=\"height:25px\" aria-hidden=\"true\" class=\"wp-block-spacer\"><\/div>\n\n\n\n<h3 class=\"wp-block-heading\">Volley-ball assis<\/h3>\n\n\n\n<p>Lieu: Vancouver Convention Centre (Halls Est et Ouest)<\/p>\n\n\n\n<figure class=\"wp-block-image size-full\"><img loading=\"lazy\" decoding=\"async\" width=\"1920\" height=\"1080\" src=\"https:\/\/invictusgames2025.ca\/wp-content\/uploads\/2025\/01\/FR-VCC-EAST-SVB-POOLS.png\" alt=\"\" class=\"wp-image-4852\" srcset=\"https:\/\/invictusgames2025.ca\/wp-content\/uploads\/2025\/01\/FR-VCC-EAST-SVB-POOLS.png 1920w, https:\/\/invictusgames2025.ca\/wp-content\/uploads\/2025\/01\/FR-VCC-EAST-SVB-POOLS-300x169.png 300w, https:\/\/invictusgames2025.ca\/wp-content\/uploads\/2025\/01\/FR-VCC-EAST-SVB-POOLS-1024x576.png 1024w, https:\/\/invictusgames2025.ca\/wp-content\/uploads\/2025\/01\/FR-VCC-EAST-SVB-POOLS-768x432.png 768w, https:\/\/invictusgames2025.ca\/wp-content\/uploads\/2025\/01\/FR-VCC-EAST-SVB-POOLS-1536x864.png 1536w\" sizes=\"auto, (max-width: 1920px) 100vw, 1920px\" \/><\/figure>\n\n\n\n<figure class=\"wp-block-image size-full\"><img loading=\"lazy\" decoding=\"async\" width=\"1455\" height=\"818\" src=\"https:\/\/invictusgames2025.ca\/wp-content\/uploads\/2025\/01\/FR-VCC-WEST-SVB-POOLS-edited.png\" alt=\"\" class=\"wp-image-4850\" srcset=\"https:\/\/invictusgames2025.ca\/wp-content\/uploads\/2025\/01\/FR-VCC-WEST-SVB-POOLS-edited.png 1455w, https:\/\/invictusgames2025.ca\/wp-content\/uploads\/2025\/01\/FR-VCC-WEST-SVB-POOLS-edited-300x169.png 300w, https:\/\/invictusgames2025.ca\/wp-content\/uploads\/2025\/01\/FR-VCC-WEST-SVB-POOLS-edited-1024x576.png 1024w, https:\/\/invictusgames2025.ca\/wp-content\/uploads\/2025\/01\/FR-VCC-WEST-SVB-POOLS-edited-768x432.png 768w\" sizes=\"auto, (max-width: 1455px) 100vw, 1455px\" \/><\/figure>\n\n\n\n<div style=\"height:25px\" aria-hidden=\"true\" class=\"wp-block-spacer\"><\/div>\n\n\n\n<h3 class=\"wp-block-heading\">Basket-ball en fauteuil roulant<\/h3>\n\n\n\n<p>Lieu: Vancouver Convention Centre (Halls Est et Ouest)<\/p>\n\n\n\n<figure class=\"wp-block-image size-full\"><img loading=\"lazy\" decoding=\"async\" width=\"1920\" height=\"1080\" src=\"https:\/\/invictusgames2025.ca\/wp-content\/uploads\/2025\/01\/FR-FEB-89-VCC-EAST-WCB-POOLS-.png\" alt=\"\" class=\"wp-image-4844\" srcset=\"https:\/\/invictusgames2025.ca\/wp-content\/uploads\/2025\/01\/FR-FEB-89-VCC-EAST-WCB-POOLS-.png 1920w, https:\/\/invictusgames2025.ca\/wp-content\/uploads\/2025\/01\/FR-FEB-89-VCC-EAST-WCB-POOLS--300x169.png 300w, https:\/\/invictusgames2025.ca\/wp-content\/uploads\/2025\/01\/FR-FEB-89-VCC-EAST-WCB-POOLS--1024x576.png 1024w, https:\/\/invictusgames2025.ca\/wp-content\/uploads\/2025\/01\/FR-FEB-89-VCC-EAST-WCB-POOLS--768x432.png 768w, https:\/\/invictusgames2025.ca\/wp-content\/uploads\/2025\/01\/FR-FEB-89-VCC-EAST-WCB-POOLS--1536x864.png 1536w\" sizes=\"auto, (max-width: 1920px) 100vw, 1920px\" \/><\/figure>\n\n\n\n<figure class=\"wp-block-image size-full\"><img loading=\"lazy\" decoding=\"async\" width=\"1920\" height=\"1080\" src=\"https:\/\/invictusgames2025.ca\/wp-content\/uploads\/2025\/01\/FR-FEB-89-VCC-WEST-WCB-POOLS.png\" alt=\"\" class=\"wp-image-4846\" srcset=\"https:\/\/invictusgames2025.ca\/wp-content\/uploads\/2025\/01\/FR-FEB-89-VCC-WEST-WCB-POOLS.png 1920w, https:\/\/invictusgames2025.ca\/wp-content\/uploads\/2025\/01\/FR-FEB-89-VCC-WEST-WCB-POOLS-300x169.png 300w, https:\/\/invictusgames2025.ca\/wp-content\/uploads\/2025\/01\/FR-FEB-89-VCC-WEST-WCB-POOLS-1024x576.png 1024w, https:\/\/invictusgames2025.ca\/wp-content\/uploads\/2025\/01\/FR-FEB-89-VCC-WEST-WCB-POOLS-768x432.png 768w, https:\/\/invictusgames2025.ca\/wp-content\/uploads\/2025\/01\/FR-FEB-89-VCC-WEST-WCB-POOLS-1536x864.png 1536w\" sizes=\"auto, (max-width: 1920px) 100vw, 1920px\" \/><\/figure>\n\n\n\n<div style=\"height:25px\" aria-hidden=\"true\" class=\"wp-block-spacer\"><\/div>\n\n\n\n<h3 class=\"wp-block-heading\">Rugby en fauteuil roulant<\/h3>\n\n\n\n<p>Lieu: Vancouver Convention Centre (Halls Est et Ouest)<\/p>\n\n\n\n<figure class=\"wp-block-image size-full\"><img loading=\"lazy\" decoding=\"async\" width=\"1920\" height=\"1080\" src=\"https:\/\/invictusgames2025.ca\/wp-content\/uploads\/2025\/01\/FR-VCC-EAST-WCR-POOLS.png\" alt=\"\" class=\"wp-image-4842\" srcset=\"https:\/\/invictusgames2025.ca\/wp-content\/uploads\/2025\/01\/FR-VCC-EAST-WCR-POOLS.png 1920w, https:\/\/invictusgames2025.ca\/wp-content\/uploads\/2025\/01\/FR-VCC-EAST-WCR-POOLS-300x169.png 300w, https:\/\/invictusgames2025.ca\/wp-content\/uploads\/2025\/01\/FR-VCC-EAST-WCR-POOLS-1024x576.png 1024w, https:\/\/invictusgames2025.ca\/wp-content\/uploads\/2025\/01\/FR-VCC-EAST-WCR-POOLS-768x432.png 768w, https:\/\/invictusgames2025.ca\/wp-content\/uploads\/2025\/01\/FR-VCC-EAST-WCR-POOLS-1536x864.png 1536w\" sizes=\"auto, (max-width: 1920px) 100vw, 1920px\" \/><\/figure>\n\n\n\n<figure class=\"wp-block-image size-full\"><img loading=\"lazy\" decoding=\"async\" width=\"1920\" height=\"1080\" src=\"https:\/\/invictusgames2025.ca\/wp-content\/uploads\/2025\/01\/FR-VCC-WEST-WCR-POOLS.png\" alt=\"\" class=\"wp-image-4854\" srcset=\"https:\/\/invictusgames2025.ca\/wp-content\/uploads\/2025\/01\/FR-VCC-WEST-WCR-POOLS.png 1920w, https:\/\/invictusgames2025.ca\/wp-content\/uploads\/2025\/01\/FR-VCC-WEST-WCR-POOLS-300x169.png 300w, https:\/\/invictusgames2025.ca\/wp-content\/uploads\/2025\/01\/FR-VCC-WEST-WCR-POOLS-1024x576.png 1024w, https:\/\/invictusgames2025.ca\/wp-content\/uploads\/2025\/01\/FR-VCC-WEST-WCR-POOLS-768x432.png 768w, https:\/\/invictusgames2025.ca\/wp-content\/uploads\/2025\/01\/FR-VCC-WEST-WCR-POOLS-1536x864.png 1536w\" sizes=\"auto, (max-width: 1920px) 100vw, 1920px\" \/><\/figure>\n\n\n\n<section class=\"wp-block-group alignfull has-black-background-color has-background is-layout-constrained wp-block-group-is-layout-constrained\">\n<div class=\"wp-block-columns alignwide has-white-color has-text-color has-link-color wp-elements-c4a9c1dfdff3d38d61f0d9e6057a3111 is-layout-flex wp-container-core-columns-is-layout-9d6595d7 wp-block-columns-is-layout-flex\">\n<div class=\"wp-block-column is-layout-flow wp-block-column-is-layout-flow\">\n<figure class=\"wp-block-image size-full is-resized\"><img loading=\"lazy\" decoding=\"async\" width=\"501\" height=\"501\" src=\"https:\/\/invictusgames2025.ca\/wp-content\/uploads\/2024\/09\/BC-Place-1.png\" alt=\"\" class=\"wp-image-2862\" style=\"width:339px;height:auto\" srcset=\"https:\/\/invictusgames2025.ca\/wp-content\/uploads\/2024\/09\/BC-Place-1.png 501w, https:\/\/invictusgames2025.ca\/wp-content\/uploads\/2024\/09\/BC-Place-1-300x300.png 300w, https:\/\/invictusgames2025.ca\/wp-content\/uploads\/2024\/09\/BC-Place-1-150x150.png 150w\" sizes=\"auto, (max-width: 501px) 100vw, 501px\" \/><\/figure>\n\n\n\n<p class=\"has-regular-font-size\" style=\"text-transform:uppercase\"><strong>C\u00e9r\u00e9monies<\/strong><\/p>\n<\/div>\n\n\n\n<div class=\"wp-block-column is-layout-flow wp-block-column-is-layout-flow\">\n<figure class=\"wp-block-image size-full is-resized\"><a href=\"https:\/\/invictusgames2025.ca\/fr\/evenements-sportifs\/\"><img loading=\"lazy\" decoding=\"async\" width=\"562\" height=\"562\" src=\"https:\/\/invictusg25stg.wpenginepowered.com\/wp-content\/uploads\/2024\/02\/snowboarding.png\" alt=\"Snowboarding Pictogram\" class=\"wp-image-698\" style=\"width:336px;height:auto\" srcset=\"https:\/\/invictusgames2025.ca\/wp-content\/uploads\/2024\/02\/snowboarding.png 562w, https:\/\/invictusgames2025.ca\/wp-content\/uploads\/2024\/02\/snowboarding-300x300.png 300w, https:\/\/invictusgames2025.ca\/wp-content\/uploads\/2024\/02\/snowboarding-150x150.png 150w\" sizes=\"auto, (max-width: 562px) 100vw, 562px\" \/><\/a><\/figure>\n\n\n\n<p class=\"has-base-font-size\" style=\"text-transform:uppercase\"><strong>SPORT <\/strong><\/p>\n<\/div>\n\n\n\n<div class=\"wp-block-column is-layout-flow wp-block-column-is-layout-flow\">\n<figure class=\"wp-block-image size-full is-resized\"><a href=\"https:\/\/invictusgames2025.ca\/fr\/information-sur-la-billetterie\/\"><img loading=\"lazy\" decoding=\"async\" width=\"810\" height=\"809\" src=\"https:\/\/invictusgames2025.ca\/wp-content\/uploads\/2024\/09\/Fanzone-placeholder-pictogram.svg\" alt=\"\" class=\"wp-image-2458\" style=\"width:335px;height:auto\"\/><\/a><\/figure>\n\n\n\n<p class=\"has-base-font-size\" style=\"text-transform:uppercase\"><strong>ZONE DES FANS<\/strong><\/p>\n<\/div>\n<\/div>\n<\/section>\n","protected":false},"excerpt":{"rendered":"<p>Annonce du r\u00e9sultat des tirages au sort pour les tournois des sports de terrain! Pr\u00e9parez-vous \u00e0 assister \u00e0 des sports adapt\u00e9s pleins d\u2019action et de talent aux&#8230;<\/p>\n","protected":false},"author":6,"featured_media":0,"parent":2570,"menu_order":0,"comment_status":"closed","ping_status":"closed","template":"","meta":{"_acf_changed":false,"_monsterinsights_skip_tracking":false,"_monsterinsights_sitenote_active":false,"_monsterinsights_sitenote_note":"","_monsterinsights_sitenote_category":0,"_uf_show_specific_survey":0,"_uf_disable_surveys":false,"footnotes":""},"class_list":["post-4788","page","type-page","status-publish","hentry"],"acf":[],"aioseo_notices":[],"_links":{"self":[{"href":"https:\/\/invictusgames2025.ca\/fr\/wp-json\/wp\/v2\/pages\/4788","targetHints":{"allow":["GET"]}}],"collection":[{"href":"https:\/\/invictusgames2025.ca\/fr\/wp-json\/wp\/v2\/pages"}],"about":[{"href":"https:\/\/invictusgames2025.ca\/fr\/wp-json\/wp\/v2\/types\/page"}],"author":[{"embeddable":true,"href":"https:\/\/invictusgames2025.ca\/fr\/wp-json\/wp\/v2\/users\/6"}],"replies":[{"embeddable":true,"href":"https:\/\/invictusgames2025.ca\/fr\/wp-json\/wp\/v2\/comments?post=4788"}],"version-history":[{"count":0,"href":"https:\/\/invictusgames2025.ca\/fr\/wp-json\/wp\/v2\/pages\/4788\/revisions"}],"up":[{"embeddable":true,"href":"https:\/\/invictusgames2025.ca\/fr\/wp-json\/wp\/v2\/pages\/2570"}],"wp:attachment":[{"href":"https:\/\/invictusgames2025.ca\/fr\/wp-json\/wp\/v2\/media?parent=4788"}],"curies":[{"name":"wp","href":"https:\/\/api.w.org\/{rel}","templated":true}]}}