{"id":443,"date":"2024-01-29T16:58:53","date_gmt":"2024-01-29T16:58:53","guid":{"rendered":"https:\/\/invictusgamesd.wpenginepowered.com\/travaille-avec-nous\/"},"modified":"2024-02-08T01:31:32","modified_gmt":"2024-02-08T01:31:32","slug":"travaille-avec-nous","status":"publish","type":"page","link":"https:\/\/invictusgames2025.ca\/fr\/travaille-avec-nous\/","title":{"rendered":"Travaille Avec Nous"},"content":{"rendered":"\n<header class=\"wp-block-group alignfull has-dark-background-color has-background is-layout-constrained wp-block-group-is-layout-constrained\">\n<div class=\"wp-block-columns alignwide is-layout-flex wp-container-core-columns-is-layout-9d6595d7 wp-block-columns-is-layout-flex\">\n<div class=\"wp-block-column is-vertically-aligned-center is-layout-flow wp-block-column-is-layout-flow\">\n<h1 class=\"wp-block-heading has-yellow-color has-text-color has-link-color wp-elements-0740ba59b99446d58b3fe2475d9c4948\" style=\"text-transform:uppercase\">Travaille Avec Nous<\/h1>\n\n\n\n<h2 class=\"wp-block-heading has-white-color has-text-color has-link-color wp-elements-e03a2dd038fcfb0c20b8eb642e2f0e6a\" style=\"text-transform:uppercase\">Rejoignez notre mission<\/h2>\n\n\n\n<p class=\"has-white-color has-text-color has-link-color wp-elements-859e20a33af0ad3c9d29d09f2dc1ecab\">Consultez nos ouvertures ci-dessous. Si vous ne voyez pas actuellement d&#8217;emploi correspondant \u00e0 vos comp\u00e9tences et \u00e0 votre exp\u00e9rience, nous serions ravis de vous entendre. Si un travail plus coh\u00e9rent se pr\u00e9sente, nous vous contacterons.<\/p>\n<\/div>\n\n\n\n<div class=\"wp-block-column is-layout-flow wp-block-column-is-layout-flow\">\n<figure class=\"wp-block-image size-full is-style-default\"><img loading=\"lazy\" decoding=\"async\" width=\"1024\" height=\"768\" src=\"https:\/\/invictusgames2025.ca\/wp-content\/uploads\/2024\/02\/careers.jpg\" alt=\"Membres de l'&#xE9;quipe des Invictus Games devant le symbole olympique\" class=\"wp-image-430\" style=\"aspect-ratio:3\/2;object-fit:cover\" srcset=\"https:\/\/invictusgames2025.ca\/wp-content\/uploads\/2024\/02\/careers.jpg 1024w, https:\/\/invictusgames2025.ca\/wp-content\/uploads\/2024\/02\/careers-300x225.jpg 300w, https:\/\/invictusgames2025.ca\/wp-content\/uploads\/2024\/02\/careers-768x576.jpg 768w\" sizes=\"auto, (max-width: 1024px) 100vw, 1024px\" \/><\/figure>\n<\/div>\n<\/div>\n<\/header>\n\n<div class=\"wp-block-group alignfull py-0 has-yellow-background-color has-background is-layout-constrained wp-block-group-is-layout-constrained\">\n<figure class=\"wp-block-image alignwide size-large\"><img loading=\"lazy\" decoding=\"async\" width=\"1024\" height=\"51\" src=\"https:\/\/invictusgames2025.ca\/wp-content\/uploads\/2024\/02\/brand-colors2-1024x51.png\" alt=\"couleurs et symboles de la marque Invictus Games\" class=\"wp-image-655\" srcset=\"https:\/\/invictusgames2025.ca\/wp-content\/uploads\/2024\/02\/brand-colors2-1024x51.png 1024w, https:\/\/invictusgames2025.ca\/wp-content\/uploads\/2024\/02\/brand-colors2-300x15.png 300w, https:\/\/invictusgames2025.ca\/wp-content\/uploads\/2024\/02\/brand-colors2-768x38.png 768w, https:\/\/invictusgames2025.ca\/wp-content\/uploads\/2024\/02\/brand-colors2.png 1418w\" sizes=\"auto, (max-width: 1024px) 100vw, 1024px\" \/><\/figure>\n<\/div>\n\n<h2 class=\"wp-block-heading alignwide is-style-invictus-border-bottom has-dinot-font-family\" style=\"font-style:normal;font-weight:700;text-transform:uppercase\">Ouvertures Actuelles<\/h2>\n\n<link rel=\"stylesheet\" href=\"https:\/\/static.zohocdn.com\/recruit\/embed_careers_site\/css\/v1.0\/embed_jobs.2adf19016c407ddf2323624dc049766c.css\" type=\"text\/css\"\/> \n\n<div class=\"alignwide my-0 embed_jobs_head embed_jobs_with_style_1 has-white-background-color fonembed_jobs_with_style\"> \n\n<div class=\"embed_jobs_head2\"> \n\n<div class=\"embed_jobs_head3\"> \n\n<style>\n.rec-grp-heading { display: none; }\n.embed_jobs_head2 { border: 0; padding: 0; }\n.rec-job-info {margin-bottom: 10px;}\n.rec-job-info a {color: #338cf0;}\n<\/style>\n\n<div id=\"rec_job_listing_div\"> <\/div> \n\n<script type=\"text\/javascript\" src=\"https:\/\/static.zohocdn.com\/recruit\/embed_careers_site\/javascript\/v1.0\/embed_jobs.5a71e72320d517a462350c6022ccfe36.js\"><\/script> \n\n<script type=\"text\/javascript\"> \n\nrec_embed_js.load({ \n\nwidget_id:\"rec_job_listing_div\", \n\npage_name:\"Careers\", \n\nsource:\"CareerSite\", \n\nsite:\"https:\/\/invictusgames2025.zohorecruit.com\", \n\nempty_job_msg:\"No current Openings\" \n\n}); \n\n<\/script> \n\n<\/div> \n\n<\/div> \n\n<\/div>\n","protected":false},"excerpt":{"rendered":"<p>Travaille Avec Nous Rejoignez notre mission Consultez nos ouvertures ci-dessous. Si vous ne voyez pas actuellement d&#8217;emploi correspondant \u00e0 vos comp\u00e9tences et \u00e0&#8230;<\/p>\n","protected":false},"author":1,"featured_media":431,"parent":0,"menu_order":0,"comment_status":"closed","ping_status":"closed","template":"","meta":{"_acf_changed":false,"_monsterinsights_skip_tracking":false,"_monsterinsights_sitenote_active":false,"_monsterinsights_sitenote_note":"","_monsterinsights_sitenote_category":0,"_uf_show_specific_survey":0,"_uf_disable_surveys":false,"footnotes":""},"class_list":["post-443","page","type-page","status-publish","has-post-thumbnail","hentry"],"acf":[],"aioseo_notices":[],"_links":{"self":[{"href":"https:\/\/invictusgames2025.ca\/fr\/wp-json\/wp\/v2\/pages\/443","targetHints":{"allow":["GET"]}}],"collection":[{"href":"https:\/\/invictusgames2025.ca\/fr\/wp-json\/wp\/v2\/pages"}],"about":[{"href":"https:\/\/invictusgames2025.ca\/fr\/wp-json\/wp\/v2\/types\/page"}],"author":[{"embeddable":true,"href":"https:\/\/invictusgames2025.ca\/fr\/wp-json\/wp\/v2\/users\/1"}],"replies":[{"embeddable":true,"href":"https:\/\/invictusgames2025.ca\/fr\/wp-json\/wp\/v2\/comments?post=443"}],"version-history":[{"count":0,"href":"https:\/\/invictusgames2025.ca\/fr\/wp-json\/wp\/v2\/pages\/443\/revisions"}],"wp:featuredmedia":[{"embeddable":true,"href":"https:\/\/invictusgames2025.ca\/fr\/wp-json\/wp\/v2\/media\/431"}],"wp:attachment":[{"href":"https:\/\/invictusgames2025.ca\/fr\/wp-json\/wp\/v2\/media?parent=443"}],"curies":[{"name":"wp","href":"https:\/\/api.w.org\/{rel}","templated":true}]}}