{"id":437,"date":"2024-01-29T17:07:18","date_gmt":"2024-01-29T17:07:18","guid":{"rendered":"https:\/\/invictusgamesd.wpenginepowered.com\/soutenez-nous\/"},"modified":"2024-04-05T16:59:41","modified_gmt":"2024-04-05T16:59:41","slug":"soutenez-nous","status":"publish","type":"page","link":"https:\/\/invictusgames2025.ca\/fr\/soutenez-nous\/","title":{"rendered":"Soutenez-nous"},"content":{"rendered":"\n<header class=\"wp-block-group alignfull has-dark-background-color has-background is-layout-constrained wp-block-group-is-layout-constrained\">\n<div class=\"wp-block-columns alignwide is-layout-flex wp-container-core-columns-is-layout-9d6595d7 wp-block-columns-is-layout-flex\">\n<div class=\"wp-block-column is-vertically-aligned-center is-layout-flow wp-block-column-is-layout-flow\">\n<h1 class=\"wp-block-heading has-yellow-color has-text-color has-link-color wp-elements-a844cd6230149e387465bf8bc7949c54\" style=\"text-transform:uppercase\">Soutenez-nous<\/h1>\n<\/div>\n\n\n\n<div class=\"wp-block-column is-layout-flow wp-block-column-is-layout-flow\">\n<figure class=\"wp-block-image size-full\"><img loading=\"lazy\" decoding=\"async\" width=\"1000\" height=\"667\" src=\"https:\/\/invictusgames2025.ca\/wp-content\/uploads\/2024\/02\/support-us-1.jpg\" alt=\"Co\u00e9quipiers c\u00e9l\u00e9brant ensemble\" class=\"wp-image-435\" srcset=\"https:\/\/invictusgames2025.ca\/wp-content\/uploads\/2024\/02\/support-us-1.jpg 1000w, https:\/\/invictusgames2025.ca\/wp-content\/uploads\/2024\/02\/support-us-1-300x200.jpg 300w, https:\/\/invictusgames2025.ca\/wp-content\/uploads\/2024\/02\/support-us-1-768x512.jpg 768w, https:\/\/invictusgames2025.ca\/wp-content\/uploads\/2024\/02\/support-us-1-466x310.jpg 466w\" sizes=\"auto, (max-width: 1000px) 100vw, 1000px\" \/><\/figure>\n<\/div>\n<\/div>\n<\/header>\n\n\n\n<div class=\"wp-block-columns alignwide gap-0 my-0 is-layout-flex wp-container-core-columns-is-layout-9d6595d7 wp-block-columns-is-layout-flex\" id=\"invictus-support-columns\">\n<div class=\"wp-block-column has-yellow-background-color has-background is-layout-flow wp-block-column-is-layout-flow\" id=\"volunteer\">\n<h2 class=\"wp-block-heading has-dinot-font-family\" style=\"font-style:normal;font-weight:900;text-transform:uppercase\">B\u00e9n\u00e9vole<\/h2>\n\n\n\n<p><strong>Les b\u00e9n\u00e9voles joueront un r\u00f4le important dans le succ\u00e8s des Jeux Invictus et dans le parcours partag\u00e9 de r\u00e9tablissement des concurrents, de leurs amis et de leur famille. En f\u00e9vrier 2024, dans le cadre des c\u00e9l\u00e9brations d&#8217;un an avant la fin, nous lancerons notre recrutement de b\u00e9n\u00e9voles pour les 1 600 postes n\u00e9cessaires pendant les Jeux, du 6 au 17 f\u00e9vrier 2025.<\/strong><\/p>\n\n\n\n<div class=\"wp-block-buttons is-layout-flex wp-block-buttons-is-layout-flex\">\n<div class=\"wp-block-button\"><a class=\"wp-block-button__link has-white-background-color has-background wp-element-button\" href=\"https:\/\/2025invictusgamesvolunteer.rosterfy.com\/register\" target=\"_blank\" rel=\"noreferrer noopener\">S&#8217;inscrire ici<\/a><\/div>\n<\/div>\n<\/div>\n\n\n\n<div class=\"wp-block-column has-white-color has-black-background-color has-text-color has-background has-link-color wp-elements-288beac1e0748da83dbf6d18c2f9f162 is-layout-flow wp-block-column-is-layout-flow\" id=\"donate\">\n<h2 class=\"wp-block-heading has-dinot-font-family\" style=\"font-style:normal;font-weight:700;text-transform:uppercase\">Donner<\/h2>\n\n\n\n<p><strong>Faites une contribution \u00e0 True Patriot Love, notre partenaire caritatif<\/strong><\/p>\n\n\n\n<div class=\"wp-block-buttons is-content-justification-left is-layout-flex wp-container-core-buttons-is-layout-fdcfc74e wp-block-buttons-is-layout-flex\">\n<div class=\"wp-block-button\"><a class=\"wp-block-button__link has-yellow-background-color has-background wp-element-button\" href=\"https:\/\/truepatriotlove.akaraisin.com\/ui\/IG25\/donations\/start?_gl=1*nxbe83*_ga*OTYxMjY5MTQ3LjE2ODcyMTc0ODE.*_ga_5LSHXQ4Q4G*MTY5MDkyMTI4Ny42LjEuMTY5MDkyMTU1OC4zNy4wLjA.*_ga_Q49VLYPZEE*MTY5MDkyMTI4OC42LjEuMTY5MDkyMTU1OS4zNi4wLjA.\" target=\"_blank\" rel=\"noreferrer noopener\">Donner<\/a><\/div>\n<\/div>\n<\/div>\n\n\n\n<div class=\"wp-block-column is-layout-flow wp-block-column-is-layout-flow\" id=\"partnerships\">\n<h2 class=\"wp-block-heading has-dinot-font-family\" style=\"font-style:normal;font-weight:700;text-transform:uppercase\">Partenariat<\/h2>\n\n\n\n<p><strong>Pour des informations sur le parrainage, veuillez contacter <a href=\"mailto:partnerships@invictusgames2025.ca?subject=Partnership%20Inquiry\">partnerships@invictusgames2025.ca<\/a><\/strong><\/p>\n<\/div>\n<\/div>\n","protected":false},"excerpt":{"rendered":"<p>Soutenez-nous B\u00e9n\u00e9vole Les b\u00e9n\u00e9voles joueront un r\u00f4le important dans le succ\u00e8s des Jeux Invictus et dans le parcours partag\u00e9 de r\u00e9tablissement des concurrents,&#8230;<\/p>\n","protected":false},"author":1,"featured_media":436,"parent":0,"menu_order":0,"comment_status":"closed","ping_status":"closed","template":"","meta":{"_acf_changed":false,"_monsterinsights_skip_tracking":false,"_monsterinsights_sitenote_active":false,"_monsterinsights_sitenote_note":"","_monsterinsights_sitenote_category":0,"_uf_show_specific_survey":0,"_uf_disable_surveys":false,"footnotes":""},"class_list":["post-437","page","type-page","status-publish","has-post-thumbnail","hentry"],"acf":[],"aioseo_notices":[],"_links":{"self":[{"href":"https:\/\/invictusgames2025.ca\/fr\/wp-json\/wp\/v2\/pages\/437","targetHints":{"allow":["GET"]}}],"collection":[{"href":"https:\/\/invictusgames2025.ca\/fr\/wp-json\/wp\/v2\/pages"}],"about":[{"href":"https:\/\/invictusgames2025.ca\/fr\/wp-json\/wp\/v2\/types\/page"}],"author":[{"embeddable":true,"href":"https:\/\/invictusgames2025.ca\/fr\/wp-json\/wp\/v2\/users\/1"}],"replies":[{"embeddable":true,"href":"https:\/\/invictusgames2025.ca\/fr\/wp-json\/wp\/v2\/comments?post=437"}],"version-history":[{"count":0,"href":"https:\/\/invictusgames2025.ca\/fr\/wp-json\/wp\/v2\/pages\/437\/revisions"}],"wp:featuredmedia":[{"embeddable":true,"href":"https:\/\/invictusgames2025.ca\/fr\/wp-json\/wp\/v2\/media\/436"}],"wp:attachment":[{"href":"https:\/\/invictusgames2025.ca\/fr\/wp-json\/wp\/v2\/media?parent=437"}],"curies":[{"name":"wp","href":"https:\/\/api.w.org\/{rel}","templated":true}]}}