{"id":3850,"date":"2024-10-16T17:22:21","date_gmt":"2024-10-16T17:22:21","guid":{"rendered":"https:\/\/invictusgames2025.ca\/invictus-games-2025\/sitting-volleyball\/"},"modified":"2024-11-14T17:36:53","modified_gmt":"2024-11-14T17:36:53","slug":"sitting-volleyball","status":"publish","type":"page","link":"https:\/\/invictusgames2025.ca\/fr\/invictus-games-2025\/sitting-volleyball\/","title":{"rendered":"Sitting Volleyball"},"content":{"rendered":"\n<header class=\"wp-block-group alignfull invictus-hero-group has-black-background-color has-background is-layout-constrained wp-block-group-is-layout-constrained\">\n<figure class=\"wp-block-video alignwide\"><video height=\"1440\" style=\"aspect-ratio: 2560 \/ 1440;\" width=\"2560\" autoplay controls loop muted src=\"https:\/\/invictusgames2025.ca\/wp-content\/uploads\/2024\/10\/Sitting-Volleyball-27-M-1.mp4\"><\/video><\/figure>\n<\/header>\n\n\n\n<div class=\"wp-block-group alignfull has-black-background-color has-background is-layout-constrained wp-block-group-is-layout-constrained\">\n<div class=\"wp-block-buttons is-content-justification-center is-layout-flex wp-container-core-buttons-is-layout-16018d1d wp-block-buttons-is-layout-flex\">\n<div class=\"wp-block-button has-custom-font-size is-style-fill has-base-font-size\"><a class=\"wp-block-button__link has-black-color has-yellow-background-color has-text-color has-background has-link-color wp-element-button\" href=\"https:\/\/www.ticketmaster.ca\/invictus-games-tickets\/artist\/2954948\"><strong>GET YOUR TICKETS NOW<\/strong><\/a><\/div>\n<\/div>\n<\/div>\n\n\n<div class=\"hidden lg:block invictus-branding-images has-white-background-color alignfull bg-cover bg-repeat-x bg-center\" style=\"background-image: url(https:\/\/invictusgames2025.ca\/wp-content\/uploads\/2024\/12\/divider-pattern.png);\"><\/div><div class=\"block lg:hidden invictus-branding-image-mobile has-white-background-color alignfull bg-cover bg-repeat-x bg-center h-[20px]\" style=\"background-image: url(https:\/\/invictusgames2025.ca\/wp-content\/uploads\/2024\/12\/divider-pattern.png);\"><\/div>\n\n\n<h3 class=\"wp-block-heading\">AU SUJET DU VOLLEYBALL ASSIS<\/h3>\n\n\n\n<p style=\"font-size:18px\">Le volleyball assis est un sport d\u2019\u00e9quipe au rythme rapide, qui met les concurrentes et les concurrents au d\u00e9fi de travailler ensemble pour essayer d\u2019envoyer rapidement le ballon par-dessus le filet. C\u2019est un sport adapt\u00e9 qui se pratique en position assise sur un terrain plus petit, et qui requiert de l\u2019agilit\u00e9, de la communication et des r\u00e9flexes rapides. La comp\u00e9tition, qui se d\u00e9roulera au <strong>Vancouver Convention Centre<\/strong> (VCC) le <strong>samedi 15 f\u00e9vrier 2025<\/strong>, mettra en lumi\u00e8re la capacit\u00e9 des concurrentes et des concurrents \u00e0 travailler avec coh\u00e9sion, en s\u2019appuyant sur leur instinct aff\u00fbt\u00e9 et leur collaboration.<\/p>\n\n\n\n<p style=\"font-size:18px\">Ce sport met l\u2019accent sur l\u2019inclusion et le travail d\u2019\u00e9quipe tout en offrant une comp\u00e9tition dynamique et palpitante qui souligne l\u2019importance de la coop\u00e9ration et de la confiance entre les co\u00e9quipi\u00e8res et co\u00e9quipiers dans leur qu\u00eate de la victoire.<\/p>\n\n\n\n<div style=\"height:36px\" aria-hidden=\"true\" class=\"wp-block-spacer\"><\/div>\n\n\n\n<section class=\"wp-block-group alignfull has-white-color has-black-background-color has-text-color has-background has-link-color wp-elements-52716957846380b43c47ad1e49c62bb1 is-layout-constrained wp-block-group-is-layout-constrained\">\n<div class=\"wp-block-columns alignwide is-layout-flex wp-container-core-columns-is-layout-9d6595d7 wp-block-columns-is-layout-flex\">\n<div class=\"wp-block-column is-vertically-aligned-top has-white-color has-text-color has-link-color wp-elements-b1b3130b9c215286b44f505e5dc007ef is-layout-flow wp-block-column-is-layout-flow\">\n<div class=\"wp-block-media-text is-stacked-on-mobile is-image-fill\"><figure class=\"wp-block-media-text__media\" style=\"background-image:url(https:\/\/invictusgames2025.ca\/wp-content\/uploads\/2024\/09\/David-Young-3-1024x683.jpg);background-position:50% 50%\"><img loading=\"lazy\" decoding=\"async\" width=\"1024\" height=\"683\" src=\"https:\/\/invictusgames2025.ca\/wp-content\/uploads\/2024\/09\/David-Young-3-1024x683.jpg\" alt=\"\" class=\"wp-image-2806 size-full\" srcset=\"https:\/\/invictusgames2025.ca\/wp-content\/uploads\/2024\/09\/David-Young-3-1024x683.jpg 1024w, https:\/\/invictusgames2025.ca\/wp-content\/uploads\/2024\/09\/David-Young-3-300x200.jpg 300w, https:\/\/invictusgames2025.ca\/wp-content\/uploads\/2024\/09\/David-Young-3-768x512.jpg 768w, https:\/\/invictusgames2025.ca\/wp-content\/uploads\/2024\/09\/David-Young-3-1536x1025.jpg 1536w, https:\/\/invictusgames2025.ca\/wp-content\/uploads\/2024\/09\/David-Young-3-466x310.jpg 466w\" sizes=\"auto, (max-width: 1024px) 100vw, 1024px\" \/><\/figure><div class=\"wp-block-media-text__content\">\n<h3 class=\"wp-block-heading\" style=\"text-transform:uppercase\"><strong>QUELLES SONT LES R\u00c8GLES? <\/strong><\/h3>\n\n\n\n<p style=\"font-size:18px\">On attribue \u00e0 chaque joueuse ou joueur une cat\u00e9gorie en fonction de son profil fonctionnel dans chaque sport. Cela est \u00e9valu\u00e9 par la Fondation des Jeux Invictus et les Jeux Invictus de Vancouver Whistler 2025 :<\/p>\n\n\n\n<ul class=\"wp-block-list\">\n<li style=\"font-size:18px\">Minimum : Trois points<\/li>\n\n\n\n<li style=\"font-size:18px\">\u2022 Mod\u00e9r\u00e9 : Deux points<\/li>\n\n\n\n<li style=\"font-size:18px\">\u2022 Maximum : Un point\u202f<\/li>\n<\/ul>\n\n\n\n<p style=\"font-size:18px\">Pour la cat\u00e9gorisation des concurrentes, une cote de -1 est appliqu\u00e9e afin d\u2019encourager une plus grande participation f\u00e9minine au sein des \u00e9quipes (p. ex., une \u00e9quipe pourrait pr\u00e9senter en toute l\u00e9galit\u00e9 une formation compos\u00e9e de concurrents de cat\u00e9gorie minimum s\u2019il y a au moins une femme sur le terrain).<\/p>\n\n\n\n<p style=\"font-size:18px\">Un maximum de 17 points est autoris\u00e9 sur le terrain \u00e0 tout moment.<\/p>\n\n\n\n<p style=\"font-size:18px\">Dans le format actuel, les matchs se jouent au meilleur des trois manches : Les deux premi\u00e8res manches se terminent quand une \u00e9quipe atteint 21 points, et la troisi\u00e8me manche d\u00e9cisive se termine quand une \u00e9quipe obtient 15 points (l\u2019\u00e9cart de victoire doit \u00eatre d\u2019au moins deux points). En troisi\u00e8me manche, les \u00e9quipes changent de c\u00f4t\u00e9 sur le terrain quand une \u00e9quipe obtient 8 points. IG25 se r\u00e9serve le droit de modifier le format de la comp\u00e9tition \u00e0 tout moment.<\/p>\n<\/div><\/div>\n<\/div>\n<\/div>\n<\/section>\n\n\n\n<h3 class=\"wp-block-heading\"><strong>COMBIEN Y AURA-T-IL DE CONCURRENTES ET DE CONCURRENTS?<\/strong><\/h3>\n\n\n\n<p>Aux Jeux Invictus, le processus de cat\u00e9gorisation vise \u00e0 assurer la meilleure exp\u00e9rience possible aux concurrentes et concurrents. Les Jeux Invictus sont une comp\u00e9tition unique qui permet \u00e0 toutes les personnes participantes de concourir \u00e9quitablement dans tous les sports, peu importe leur handicap.<\/p>\n\n\n\n<p>Chaque sport a un syst\u00e8me de cat\u00e9gorisation qui lui est propre, car les blessures, les maladies et les handicaps touchent diff\u00e9remment chaque personne dans chaque sport. Et donc, chaque personne se voit attribuer une cat\u00e9gorie (p. ex., IT1, IJ4) pour chaque sport dans lequel elle concourt. Le syst\u00e8me de cat\u00e9gorisation mise sur l\u2019int\u00e9grit\u00e9 et l\u2019honn\u00eatet\u00e9 ainsi que sur une relation de collaboration entre les concurrentes et concurrents et le personnel de l\u2019\u00e9quipe.<\/p>\n\n\n\n<div style=\"height:30px\" aria-hidden=\"true\" class=\"wp-block-spacer\"><\/div>\n\n\n\n<div class=\"wp-block-group is-layout-constrained wp-block-group-is-layout-constrained\">\n<h3 class=\"wp-block-heading\"><strong>COMBIEN Y AURA-T-IL DE CONCURRENTES ET DE CONCURRENTS? <\/strong><\/h3>\n\n\n\n<ul class=\"wp-block-list\">\n<li>Chaque formation est compos\u00e9e de 8 \u00e0 14 concurrentes ou concurrents.<\/li>\n<\/ul>\n\n\n\n<ul class=\"wp-block-list\">\n<li>Six joueuses ou joueurs se trouvent sur le terrain en tout temps.<\/li>\n<\/ul>\n\n\n\n<h3 class=\"wp-block-heading\"><strong>COMBIEN D\u2019\u00c9QUIPES Y A-T-IL? <\/strong><\/h3>\n\n\n\n<p>Nous estimerons qu\u2019il y aura 20 \u00e9quipes.<\/p>\n\n\n\n<h3 class=\"wp-block-heading\"><strong>COMBIEN Y A-T-IL DE CONCURRENTES OU CONCURRENTS SUR LE TERRAIN EN M\u00caME TEMPS? <\/strong><\/h3>\n\n\n\n<p>Chaque \u00e9quipe compte six joueuses et joueurs sur le terrain, avec un maximum de 17 points de classification sur le terrain \u00e0 tout moment (voir les r\u00e8gles).<\/p>\n\n\n\n<h3 class=\"wp-block-heading\"><strong>QUELLE EST LA DUR\u00c9E D\u2019UN MATCH? <\/strong><\/h3>\n\n\n\n<p>Le volleyball assis n\u2019est pas une comp\u00e9tition chronom\u00e9tr\u00e9e.<\/p>\n\n\n\n<ul class=\"wp-block-list\">\n<li>Les deux premi\u00e8res manches sont disput\u00e9es en 21 points au total avec un avantage net de deux points.<\/li>\n<\/ul>\n\n\n\n<ul class=\"wp-block-list\">\n<li>La troisi\u00e8me manche sert de bris d\u2019\u00e9galit\u00e9, le cas \u00e9ch\u00e9ant, et est disput\u00e9e en 15 points avec un avantage de deux points.<\/li>\n<\/ul>\n\n\n\n<h3 class=\"wp-block-heading\"><strong>QUELLE EST LA TAILLE DU TERRAIN? <\/strong><\/h3>\n\n\n\n<p>Le terrain de jeu mesure 6 m\u00e8tres sur 10 m\u00e8tres.<\/p>\n\n\n\n<h3 class=\"wp-block-heading\"><strong>COMMENT LE SPORT EST-IL N\u00c9? <\/strong><\/h3>\n\n\n\n<ul class=\"wp-block-list\">\n<li>Le volleyball assis a vu le jour sur la sc\u00e8ne internationale en 1956 comme sport de r\u00e9adaptation pour les anciens combattants de la Seconde Guerre mondiale.<\/li>\n<\/ul>\n\n\n\n<ul class=\"wp-block-list\">\n<li>Le sport a \u00e9t\u00e9 reconnu pour la premi\u00e8re fois comme sport de comp\u00e9tition aux Jeux paralympiques de 1980 \u00e0 Arnhem (Pays-Bas).<\/li>\n<\/ul>\n\n\n\n<h3 class=\"wp-block-heading\"><strong>S\u2019AGIT-IL D\u2019UN NOUVEAU SPORT POUR LES JEUX INVICTUS? <\/strong><\/h3>\n\n\n\n<p>Le volleyball assis a fait partie du programme des tout premiers Jeux Invictus en 2014 et est pr\u00e9sent\u00e9 \u00e0 chaque \u00e9dition des Jeux Invictus depuis!<\/p>\n\n\n\n<div style=\"height:35px\" aria-hidden=\"true\" class=\"wp-block-spacer\"><\/div>\n<\/div>\n\n\n\n<section class=\"wp-block-group alignfull has-white-color has-yellow-background-color has-text-color has-background has-link-color wp-elements-a551feae6736233c8c2e328d83767345 is-layout-constrained wp-block-group-is-layout-constrained\">\n<div class=\"wp-block-media-text is-stacked-on-mobile is-image-fill\"><figure class=\"wp-block-media-text__media\" style=\"background-image:url(https:\/\/invictusgames2025.ca\/wp-content\/uploads\/2024\/09\/Johann-Michael-Scheller-1-1024x683.jpeg);background-position:50% 50%\"><img loading=\"lazy\" decoding=\"async\" width=\"1024\" height=\"683\" src=\"https:\/\/invictusgames2025.ca\/wp-content\/uploads\/2024\/09\/Johann-Michael-Scheller-1-1024x683.jpeg\" alt=\"\" class=\"wp-image-2804 size-full\" srcset=\"https:\/\/invictusgames2025.ca\/wp-content\/uploads\/2024\/09\/Johann-Michael-Scheller-1-1024x683.jpeg 1024w, https:\/\/invictusgames2025.ca\/wp-content\/uploads\/2024\/09\/Johann-Michael-Scheller-1-300x200.jpeg 300w, https:\/\/invictusgames2025.ca\/wp-content\/uploads\/2024\/09\/Johann-Michael-Scheller-1-768x512.jpeg 768w, https:\/\/invictusgames2025.ca\/wp-content\/uploads\/2024\/09\/Johann-Michael-Scheller-1-1536x1024.jpeg 1536w, https:\/\/invictusgames2025.ca\/wp-content\/uploads\/2024\/09\/Johann-Michael-Scheller-1-2048x1365.jpeg 2048w, https:\/\/invictusgames2025.ca\/wp-content\/uploads\/2024\/09\/Johann-Michael-Scheller-1-466x310.jpeg 466w\" sizes=\"auto, (max-width: 1024px) 100vw, 1024px\" \/><\/figure><div class=\"wp-block-media-text__content\">\n<div class=\"wp-block-group has-black-color has-text-color has-link-color wp-elements-1daa3a4114f68535ed4d5979fb5d86e9 is-layout-constrained wp-block-group-is-layout-constrained\">\n<h3 class=\"wp-block-heading\"><strong>FAITS INT\u00c9RESSANTS <\/strong><\/h3>\n\n\n\n<ul class=\"wp-block-list\">\n<li style=\"font-size:18px\">Une \u00e9quipe peut avoir une joueuse ou un joueur lib\u00e9ro qui ne peut occuper que des positions sur la ligne arri\u00e8re sur le terrain. La joueuse ou le joueur lib\u00e9ro est sp\u00e9cialiste de la d\u00e9fense et n\u2019a pas \u00e0 servir, bloquer ou attaquer. Bien qu\u2019il ne soit pas obligatoire d\u2019avoir une ou un lib\u00e9ro, cette joueuse ou ce joueur est souvent consid\u00e9r\u00e9 comme l\u2019une des joueuses ou l\u2019un des joueurs les plus importants sur le terrain et porte un chandail de couleur diff\u00e9rente, pour que l\u2019on puisse la ou le diff\u00e9rencier!<\/li>\n<\/ul>\n\n\n\n<ul class=\"wp-block-list\">\n<li style=\"font-size:18px\">Le volleyball assis utilise un terrain plus petit et un syst\u00e8me de filet plus bas comparativement aux versions debout du jeu.\u202f<\/li>\n<\/ul>\n<\/div>\n<\/div><\/div>\n<\/section>\n\n\n\n<section class=\"wp-block-group alignfull has-black-background-color has-background is-layout-constrained wp-block-group-is-layout-constrained\">\n<div class=\"wp-block-columns alignwide has-white-color has-text-color has-link-color wp-elements-b660d02b2298d77edcc1b2cafbff6eb0 is-layout-flex wp-container-core-columns-is-layout-9d6595d7 wp-block-columns-is-layout-flex\">\n<div class=\"wp-block-column is-layout-flow wp-block-column-is-layout-flow\">\n<figure class=\"wp-block-image size-full is-resized\"><a href=\"https:\/\/invictusgames2025.ca\/fr\/billets-de-ceremonie\/\"><img loading=\"lazy\" decoding=\"async\" width=\"507\" height=\"500\" src=\"https:\/\/invictusgames2025.ca\/wp-content\/uploads\/2024\/09\/BC-Place-Pictogram.svg\" alt=\"\" class=\"wp-image-2452\" style=\"width:341px;height:auto\"\/><\/a><\/figure>\n\n\n\n<p class=\"has-regular-font-size\" style=\"text-transform:uppercase\"><strong>CEREMONIES<\/strong><\/p>\n<\/div>\n\n\n\n<div class=\"wp-block-column is-layout-flow wp-block-column-is-layout-flow\">\n<figure class=\"wp-block-image size-full is-resized\"><a href=\"https:\/\/invictusgames2025.ca\/fr\/evenements-sportifs\/\"><img loading=\"lazy\" decoding=\"async\" width=\"562\" height=\"562\" src=\"https:\/\/invictusg25stg.wpenginepowered.com\/wp-content\/uploads\/2024\/02\/snowboarding.png\" alt=\"Snowboarding Pictogram\" class=\"wp-image-698\" style=\"width:336px;height:auto\" srcset=\"https:\/\/invictusgames2025.ca\/wp-content\/uploads\/2024\/02\/snowboarding.png 562w, https:\/\/invictusgames2025.ca\/wp-content\/uploads\/2024\/02\/snowboarding-300x300.png 300w, https:\/\/invictusgames2025.ca\/wp-content\/uploads\/2024\/02\/snowboarding-150x150.png 150w\" sizes=\"auto, (max-width: 562px) 100vw, 562px\" \/><\/a><\/figure>\n\n\n\n<p class=\"has-base-font-size\" style=\"text-transform:uppercase\"><strong>SPORT <\/strong><\/p>\n<\/div>\n\n\n\n<div class=\"wp-block-column is-layout-flow wp-block-column-is-layout-flow\">\n<figure class=\"wp-block-image size-full is-resized\"><a href=\"https:\/\/invictusgames2025.ca\/fr\/villages-invictus\/\"><img loading=\"lazy\" decoding=\"async\" width=\"810\" height=\"809\" src=\"https:\/\/invictusgames2025.ca\/wp-content\/uploads\/2024\/09\/Fanzone-placeholder-pictogram.svg\" alt=\"\" class=\"wp-image-2458\" style=\"width:335px;height:auto\"\/><\/a><\/figure>\n\n\n\n<p class=\"has-base-font-size\" style=\"text-transform:uppercase\"><strong>invictus village<\/strong><\/p>\n<\/div>\n<\/div>\n<\/section>\n","protected":false},"excerpt":{"rendered":"<p>AU SUJET DU VOLLEYBALL ASSIS Le volleyball assis est un sport d\u2019\u00e9quipe au rythme rapide, qui met les concurrentes et les concurrents au d\u00e9fi de travailler ensemble&#8230;<\/p>\n","protected":false},"author":6,"featured_media":0,"parent":429,"menu_order":0,"comment_status":"closed","ping_status":"closed","template":"","meta":{"_acf_changed":false,"_monsterinsights_skip_tracking":false,"_monsterinsights_sitenote_active":false,"_monsterinsights_sitenote_note":"","_monsterinsights_sitenote_category":0,"_uf_show_specific_survey":0,"_uf_disable_surveys":false,"footnotes":""},"class_list":["post-3850","page","type-page","status-publish","hentry"],"acf":[],"aioseo_notices":[],"_links":{"self":[{"href":"https:\/\/invictusgames2025.ca\/fr\/wp-json\/wp\/v2\/pages\/3850","targetHints":{"allow":["GET"]}}],"collection":[{"href":"https:\/\/invictusgames2025.ca\/fr\/wp-json\/wp\/v2\/pages"}],"about":[{"href":"https:\/\/invictusgames2025.ca\/fr\/wp-json\/wp\/v2\/types\/page"}],"author":[{"embeddable":true,"href":"https:\/\/invictusgames2025.ca\/fr\/wp-json\/wp\/v2\/users\/6"}],"replies":[{"embeddable":true,"href":"https:\/\/invictusgames2025.ca\/fr\/wp-json\/wp\/v2\/comments?post=3850"}],"version-history":[{"count":0,"href":"https:\/\/invictusgames2025.ca\/fr\/wp-json\/wp\/v2\/pages\/3850\/revisions"}],"up":[{"embeddable":true,"href":"https:\/\/invictusgames2025.ca\/fr\/wp-json\/wp\/v2\/pages\/429"}],"wp:attachment":[{"href":"https:\/\/invictusgames2025.ca\/fr\/wp-json\/wp\/v2\/media?parent=3850"}],"curies":[{"name":"wp","href":"https:\/\/api.w.org\/{rel}","templated":true}]}}