{"id":3847,"date":"2024-10-15T21:08:28","date_gmt":"2024-10-15T21:08:28","guid":{"rendered":"https:\/\/invictusgames2025.ca\/invictus-games-2025\/alpine-snowboarding\/"},"modified":"2024-11-14T00:43:09","modified_gmt":"2024-11-14T00:43:09","slug":"alpine-snowboarding","status":"publish","type":"page","link":"https:\/\/invictusgames2025.ca\/fr\/invictus-games-2025\/alpine-snowboarding\/","title":{"rendered":"Alpine Snowboarding"},"content":{"rendered":"\n<header class=\"wp-block-group alignfull invictus-hero-group has-black-background-color has-background is-layout-constrained wp-block-group-is-layout-constrained\">\n<figure class=\"wp-block-video alignwide\"><video height=\"1440\" style=\"aspect-ratio: 2560 \/ 1440;\" width=\"2560\" autoplay controls loop src=\"https:\/\/invictusgames2025.ca\/wp-content\/uploads\/2024\/10\/Snowboarding-27-M-1-3.mp4\"><\/video><\/figure>\n<\/header>\n\n\n\n<div class=\"wp-block-group alignfull has-black-background-color has-background is-layout-constrained wp-block-group-is-layout-constrained\">\n<div class=\"wp-block-buttons is-content-justification-center is-layout-flex wp-container-core-buttons-is-layout-16018d1d wp-block-buttons-is-layout-flex\">\n<div class=\"wp-block-button has-custom-font-size is-style-fill has-base-font-size\"><a class=\"wp-block-button__link has-black-color has-yellow-background-color has-text-color has-background has-link-color wp-element-button\" href=\"https:\/\/www.ticketmaster.ca\/invictus-games-tickets\/artist\/2954948\"><strong>GET YOUR TICKETS NOW<\/strong><\/a><\/div>\n<\/div>\n<\/div>\n\n\n<div class=\"hidden lg:block invictus-branding-images has-white-background-color alignfull bg-cover bg-repeat-x bg-center\" style=\"background-image: url(https:\/\/invictusgames2025.ca\/wp-content\/uploads\/2024\/12\/divider-pattern.png);\"><\/div><div class=\"block lg:hidden invictus-branding-image-mobile has-white-background-color alignfull bg-cover bg-repeat-x bg-center h-[20px]\" style=\"background-image: url(https:\/\/invictusgames2025.ca\/wp-content\/uploads\/2024\/12\/divider-pattern.png);\"><\/div>\n\n\n<h3 class=\"wp-block-heading\"><strong>AU SUJET DU SNOWBOARD <\/strong><\/h3>\n\n\n\n<p>Le snowboard, un ajout dynamique aux Jeux Invictus de Vancouver Whistler 2025, verra les concurrentes et concurrents d\u00e9valer les pentes enneig\u00e9es du mont Whistler. La comp\u00e9tition novive se d\u00e9roulera le mardi 11 f\u00e9vrier 2025, et la comp\u00e9tition interm\u00e9diaire-avanc\u00e9e aura lieu le mercredi 12 f\u00e9vrier 2025, au Site alpin de Whistler. Combinant vitesse, agilit\u00e9 et \u00e9quilibre, ce sport requiert des techniques adapt\u00e9es et une grande concentration. Chaque concurrente ou concurrent s\u2019attaquera au parcours en fonction de son approche unique, en mettant en \u00e9vidence son courage et sa d\u00e9termination \u00e0 conqu\u00e9rir de nouveaux sommets.<\/p>\n\n\n\n<p><br>Le snowboard aux Jeux symbolise l\u2019esprit d\u2019aventure et souligne le pouvoir du sport au cours de la r\u00e9adaptation et du r\u00e9tablissement. Avec la beaut\u00e9 des paysages de Whistler en toile de fond, la comp\u00e9tition sera un fascinant t\u00e9moignage de r\u00e9silience et d\u2019habilet\u00e9s.<\/p>\n\n\n\n<div style=\"height:35px\" aria-hidden=\"true\" class=\"wp-block-spacer\"><\/div>\n\n\n\n<section class=\"wp-block-group alignfull has-white-color has-black-background-color has-text-color has-background has-link-color wp-elements-f38d492d98aed1d73d3d6bde41c43447 is-layout-constrained wp-block-group-is-layout-constrained\">\n<div class=\"wp-block-columns alignwide is-layout-flex wp-container-core-columns-is-layout-9d6595d7 wp-block-columns-is-layout-flex\">\n<div class=\"wp-block-column is-vertically-aligned-top has-white-color has-text-color has-link-color wp-elements-8e5b101e3b8c516120581919a2d7e805 is-layout-flow wp-block-column-is-layout-flow\">\n<div class=\"wp-block-media-text is-stacked-on-mobile is-image-fill\"><figure class=\"wp-block-media-text__media\" style=\"background-image:url(https:\/\/invictusgames2025.ca\/wp-content\/uploads\/2024\/09\/Jeremy-Allen-3-1024x683.jpg);background-position:50% 50%\"><img loading=\"lazy\" decoding=\"async\" width=\"1024\" height=\"683\" src=\"https:\/\/invictusgames2025.ca\/wp-content\/uploads\/2024\/09\/Jeremy-Allen-3-1024x683.jpg\" alt=\"\" class=\"wp-image-2729 size-full\" srcset=\"https:\/\/invictusgames2025.ca\/wp-content\/uploads\/2024\/09\/Jeremy-Allen-3-1024x683.jpg 1024w, https:\/\/invictusgames2025.ca\/wp-content\/uploads\/2024\/09\/Jeremy-Allen-3-300x200.jpg 300w, https:\/\/invictusgames2025.ca\/wp-content\/uploads\/2024\/09\/Jeremy-Allen-3-768x512.jpg 768w, https:\/\/invictusgames2025.ca\/wp-content\/uploads\/2024\/09\/Jeremy-Allen-3-1536x1025.jpg 1536w, https:\/\/invictusgames2025.ca\/wp-content\/uploads\/2024\/09\/Jeremy-Allen-3-466x310.jpg 466w\" sizes=\"auto, (max-width: 1024px) 100vw, 1024px\" \/><\/figure><div class=\"wp-block-media-text__content\">\n<h3 class=\"wp-block-heading\" style=\"text-transform:uppercase\"><strong>QUELLES SONT LES R\u00c8GLES? <\/strong><\/h3>\n\n\n\n<p style=\"font-size:18px\">On compte deux \u00e9preuves individuelles :<\/p>\n\n\n\n<ul class=\"wp-block-list\">\n<li style=\"font-size:18px\">Novice (parcours d\u2019environ 190 m\u00e8tres avec 5 \u00e0 10 changements de direction).<\/li>\n<\/ul>\n\n\n\n<ul class=\"wp-block-list\">\n<li style=\"font-size:18px\">Interm\u00e9diaire\/avanc\u00e9 (parcours d\u2019environ 260 m\u00e8tres avec 10 \u00e0 20 changements de direction).<\/li>\n\n\n\n<li style=\"font-size:18px\">Les concurrentes et concurrents s\u2019\u00e9lanceront sur le parcours de type \u00ab glalom \u00bb (un croisement entre slalom et slalom g\u00e9ant).<\/li>\n<\/ul>\n\n\n\n<p style=\"font-size:18px\">Les r\u00e9sultats sont bas\u00e9s sur le temps factoris\u00e9 le plus rapide pour permettre aux concurrentes et concurrents ayant diff\u00e9rents handicaps de concourir sur un terrain de jeu \u00e9quitable.<\/p>\n\n\n\n<p style=\"font-size:18px\">Les comp\u00e9titions de ski alpin et de snowboard auront lieu le m\u00eame jour sur les m\u00eames parcours! La seule diff\u00e9rence est l\u2019\u00e9quipement utilis\u00e9. Les m\u00e9dailles seront remises s\u00e9par\u00e9ment pour les \u00e9preuves de ski alpin et les \u00e9preuves de snowboard.<\/p>\n<\/div><\/div>\n<\/div>\n<\/div>\n<\/section>\n\n\n\n<div style=\"height:35px\" aria-hidden=\"true\" class=\"wp-block-spacer\"><\/div>\n\n\n\n<div class=\"wp-block-group is-nowrap is-layout-flex wp-container-core-group-is-layout-ad2f72ca wp-block-group-is-layout-flex\">\n<div class=\"wp-block-group is-vertical is-layout-flex wp-container-core-group-is-layout-8cf370e7 wp-block-group-is-layout-flex\">\n<h3 class=\"wp-block-heading\"><strong>PROCESSUS DE CAT\u00c9GORISATION DES CONCURRENTES ET DES CONCURRENTS <\/strong><\/h3>\n\n\n\n<p>Aux Jeux Invictus, le processus de cat\u00e9gorisation vise \u00e0 assurer la meilleure exp\u00e9rience possible aux concurrentes et concurrents. Les Jeux Invictus sont une comp\u00e9tition unique qui permet \u00e0 toutes les personnes participantes de concourir \u00e9quitablement dans tous les sports, peu importe leur handicap.<\/p>\n\n\n\n<p><br>Chaque sport a un syst\u00e8me de cat\u00e9gorisation qui lui est propre, car les blessures, les maladies et les handicaps touchent diff\u00e9remment chaque personne dans chaque sport. Et donc, chaque personne se voit attribuer une cat\u00e9gorie (p. ex., IT1, IJ4) pour chaque sport dans lequel elle concourt. Le syst\u00e8me de cat\u00e9gorisation mise sur l\u2019int\u00e9grit\u00e9 et l\u2019honn\u00eatet\u00e9 ainsi que sur une relation de collaboration entre les concurrentes et concurrents et le personnel de l\u2019\u00e9quipe.<\/p>\n\n\n\n<p><br>Une nouveaut\u00e9 pour les Jeux Invictus de Vancouver Whistler 2025 sera l\u2019application des temps factoris\u00e9s pour les nouvelles disciplines nordiques (ski de fond et biathlon) et alpines (ski et snowboard) des sports de neige au programme. La factorisation du temps consiste \u00e0 appliquer un pourcentage au temps brut d\u2019une concurrente ou d\u2019un concurrent (c.-\u00e0-d. le temps qu\u2019il faut pour passer de la ligne de d\u00e9part \u00e0 la ligne d\u2019arriv\u00e9e). Le pourcentage correspond \u00e0 la sous-cat\u00e9gorie \u00e0 laquelle appartient le handicap de la concurrente ou du concurrent. Le but est d\u2019augmenter le nombre de comp\u00e9titions dans les nouveaux sports d\u2019hiver tout en assurant des r\u00e8gles du jeu \u00e9quitables. Par cons\u00e9quent, une personne peut franchir la ligne d\u2019arriv\u00e9e en premier, et ne pas figurer en premi\u00e8re place dans les r\u00e9sultats officiels, apr\u00e8s le facteur temps appliqu\u00e9.<\/p>\n<\/div>\n\n\n\n<div style=\"height:35px;width:0px\" aria-hidden=\"true\" class=\"wp-block-spacer wp-container-content-8af585c5\"><\/div>\n<\/div>\n\n\n\n<div style=\"height:17px\" aria-hidden=\"true\" class=\"wp-block-spacer\"><\/div>\n\n\n\n<div class=\"wp-block-group is-layout-constrained wp-block-group-is-layout-constrained\">\n<h3 class=\"wp-block-heading\"><strong>COMMENT LE SPORT EST-IL N\u00c9? <\/strong><\/h3>\n\n\n\n<p>Le parasnowboard est le dernier sport \u00e0 \u00eatre ajout\u00e9 au programme des Jeux paralympiques d\u2019hiver, et a \u00e9t\u00e9 mis en vedette pour la premi\u00e8re fois en 2014 \u00e0 Sotchi (Russie).<\/p>\n\n\n\n<div class=\"wp-block-group is-nowrap is-layout-flex wp-container-core-group-is-layout-ad2f72ca wp-block-group-is-layout-flex\">\n<div class=\"wp-block-group is-vertical is-layout-flex wp-container-core-group-is-layout-8cf370e7 wp-block-group-is-layout-flex\">\n<h3 class=\"wp-block-heading\"><strong>DE QUEL \u00c9QUIPEMENT SPORTIF SE SERT-ON? <\/strong><\/h3>\n\n\n\n<ul class=\"wp-block-list\">\n<li>Casque<\/li>\n\n\n\n<li>Snowboard<\/li>\n\n\n\n<li>Sangles<\/li>\n<\/ul>\n<\/div>\n<\/div>\n\n\n\n<h3 class=\"wp-block-heading\"><strong>COMBIEN Y A-T-IL DE CONCURRENTES OU CONCURRENTS SUR LE PARCOURS EN M\u00caME TEMPS? <\/strong><\/h3>\n\n\n\n<p>Pour les \u00e9preuves de niveau novice, il n\u2019y a qu\u2019un seul parcours et les concurrentes et concurrents le d\u00e9valent un par un en s\u2019\u00e9lan\u00e7ant d\u2019un d\u00e9but de parcours d\u00e9gag\u00e9. Pour les \u00e9preuves interm\u00e9diaires ou avanc\u00e9es, il y a deux pistes parall\u00e8les. Cela signifie que deux concurrentes ou concurrents peuvent les d\u00e9valer en m\u00eame temps (leurs r\u00e9sultats sont toujours calcul\u00e9s en fonction du temps, ils ne concourent pas l\u2019une ou l\u2019un contre l\u2019autre, mais effectuent simplement le parcours en m\u00eame temps).<\/p>\n\n\n\n<h3 class=\"wp-block-heading\"><strong>QUELLE EST LA LONGUEUR DU PARCOURS? <\/strong><\/h3>\n\n\n\n<ul class=\"wp-block-list\">\n<li>Le parcours de la comp\u00e9tition novice est de 190 m, soit l\u2019\u00e9quivalent de la longueur de 42 voitures moyennes.<\/li>\n<\/ul>\n\n\n\n<ul class=\"wp-block-list\">\n<li>Le parcours de la comp\u00e9tition interm\u00e9diaire est de 260 m, soit l\u2019\u00e9quivalent de la longueur de deux terrains de soccer de la FIFA!<\/li>\n<\/ul>\n\n\n\n<div style=\"height:35px\" aria-hidden=\"true\" class=\"wp-block-spacer\"><\/div>\n<\/div>\n\n\n\n<section class=\"wp-block-group alignfull has-white-color has-yellow-background-color has-text-color has-background has-link-color wp-elements-e9ea4aca73c11fe77affd7621de14a7b is-layout-constrained wp-block-group-is-layout-constrained\">\n<div class=\"wp-block-media-text is-stacked-on-mobile is-image-fill\"><figure class=\"wp-block-media-text__media\" style=\"background-image:url(https:\/\/invictusgames2025.ca\/wp-content\/uploads\/2024\/09\/Jeremy-Allen-6-1024x683.jpg);background-position:50% 50%\"><img loading=\"lazy\" decoding=\"async\" width=\"1024\" height=\"683\" src=\"https:\/\/invictusgames2025.ca\/wp-content\/uploads\/2024\/09\/Jeremy-Allen-6-1024x683.jpg\" alt=\"\" class=\"wp-image-2731 size-full\" srcset=\"https:\/\/invictusgames2025.ca\/wp-content\/uploads\/2024\/09\/Jeremy-Allen-6-1024x683.jpg 1024w, https:\/\/invictusgames2025.ca\/wp-content\/uploads\/2024\/09\/Jeremy-Allen-6-300x200.jpg 300w, https:\/\/invictusgames2025.ca\/wp-content\/uploads\/2024\/09\/Jeremy-Allen-6-768x512.jpg 768w, https:\/\/invictusgames2025.ca\/wp-content\/uploads\/2024\/09\/Jeremy-Allen-6-466x310.jpg 466w, https:\/\/invictusgames2025.ca\/wp-content\/uploads\/2024\/09\/Jeremy-Allen-6.jpg 1199w\" sizes=\"auto, (max-width: 1024px) 100vw, 1024px\" \/><\/figure><div class=\"wp-block-media-text__content\">\n<div class=\"wp-block-group has-black-color has-text-color has-link-color wp-elements-b662a8846bedd6e7c47695935b29bdde is-layout-constrained wp-block-group-is-layout-constrained\">\n<h3 class=\"wp-block-heading\"><strong>FAITS INT\u00c9RESSANTS <\/strong><\/h3>\n\n\n\n<ul class=\"wp-block-list\">\n<li style=\"font-size:18px\">Les concurrentes et concurrents en situation de handicap visuel peuvent effectuer le parcours avec le soutien d\u2019une personne-guide.<\/li>\n<\/ul>\n\n\n\n<ul class=\"wp-block-list\">\n<li style=\"font-size:18px\">Le snowboard a une histoire \u00e9tonnamment ancienne. Selon des personnes r\u00e9sidentes locales d\u2019un village isol\u00e9 des montagnes du Ka\u00e7kar, en Turquie, des gens de leur r\u00e9gion ont utilis\u00e9 des planches plates et rectangulaires sur le c\u00f4t\u00e9 pendant plus de 400 ans pour se d\u00e9placer plus facilement sur la neige profonde. Il y a aussi des histoires de mineurs autrichiens se d\u00e9pla\u00e7ant de la m\u00eame fa\u00e7on, \u00e0 la m\u00eame \u00e9poque.\u202f<\/li>\n<\/ul>\n<\/div>\n<\/div><\/div>\n<\/section>\n\n\n\n<section class=\"wp-block-group alignfull has-black-background-color has-background is-layout-constrained wp-block-group-is-layout-constrained\">\n<div class=\"wp-block-columns alignwide has-white-color has-text-color has-link-color wp-elements-bd8c34c77fffcd1a639cc69ebb73e4ba is-layout-flex wp-container-core-columns-is-layout-9d6595d7 wp-block-columns-is-layout-flex\">\n<div class=\"wp-block-column is-layout-flow wp-block-column-is-layout-flow\">\n<figure class=\"wp-block-image size-full is-resized\"><a href=\"https:\/\/invictusgames2025.ca\/fr\/billets-de-ceremonie\/\"><img decoding=\"async\" src=\"https:\/\/invictusg25stg.wpenginepowered.com\/wp-content\/uploads\/2024\/09\/BC-Place-3.svg\" alt=\"\" class=\"wp-image-2595\" style=\"width:339px;height:auto\"\/><\/a><\/figure>\n\n\n\n<p class=\"has-regular-font-size\" style=\"text-transform:uppercase\"><strong>CEREMONIES<\/strong><\/p>\n<\/div>\n\n\n\n<div class=\"wp-block-column is-layout-flow wp-block-column-is-layout-flow\">\n<figure class=\"wp-block-image size-full is-resized\"><a href=\"https:\/\/invictusgames2025.ca\/fr\/evenements-sportifs\/\"><img loading=\"lazy\" decoding=\"async\" width=\"562\" height=\"562\" src=\"https:\/\/invictusg25stg.wpenginepowered.com\/wp-content\/uploads\/2024\/02\/snowboarding.png\" alt=\"Snowboarding Pictogram\" class=\"wp-image-698\" style=\"width:336px;height:auto\" srcset=\"https:\/\/invictusgames2025.ca\/wp-content\/uploads\/2024\/02\/snowboarding.png 562w, https:\/\/invictusgames2025.ca\/wp-content\/uploads\/2024\/02\/snowboarding-300x300.png 300w, https:\/\/invictusgames2025.ca\/wp-content\/uploads\/2024\/02\/snowboarding-150x150.png 150w\" sizes=\"auto, (max-width: 562px) 100vw, 562px\" \/><\/a><\/figure>\n\n\n\n<p class=\"has-base-font-size\" style=\"text-transform:uppercase\"><strong>SPORT <\/strong><\/p>\n<\/div>\n\n\n\n<div class=\"wp-block-column is-layout-flow wp-block-column-is-layout-flow\">\n<figure class=\"wp-block-image size-full is-resized\"><a href=\"https:\/\/invictusgames2025.ca\/fr\/villages-invictus\/\"><img loading=\"lazy\" decoding=\"async\" width=\"810\" height=\"809\" src=\"https:\/\/invictusgames2025.ca\/wp-content\/uploads\/2024\/09\/Fanzone-placeholder-pictogram.svg\" alt=\"\" class=\"wp-image-2458\" style=\"width:335px;height:auto\"\/><\/a><\/figure>\n\n\n\n<p class=\"has-base-font-size\" style=\"text-transform:uppercase\"><strong>invictus village<\/strong><\/p>\n<\/div>\n<\/div>\n<\/section>\n","protected":false},"excerpt":{"rendered":"<p>AU SUJET DU SNOWBOARD Le snowboard, un ajout dynamique aux Jeux Invictus de Vancouver Whistler 2025, verra les concurrentes et concurrents d\u00e9valer les pentes enneig\u00e9es&#8230;<\/p>\n","protected":false},"author":6,"featured_media":0,"parent":429,"menu_order":0,"comment_status":"closed","ping_status":"closed","template":"","meta":{"_acf_changed":false,"_monsterinsights_skip_tracking":false,"_monsterinsights_sitenote_active":false,"_monsterinsights_sitenote_note":"","_monsterinsights_sitenote_category":0,"_uf_show_specific_survey":0,"_uf_disable_surveys":false,"footnotes":""},"class_list":["post-3847","page","type-page","status-publish","hentry"],"acf":[],"aioseo_notices":[],"_links":{"self":[{"href":"https:\/\/invictusgames2025.ca\/fr\/wp-json\/wp\/v2\/pages\/3847","targetHints":{"allow":["GET"]}}],"collection":[{"href":"https:\/\/invictusgames2025.ca\/fr\/wp-json\/wp\/v2\/pages"}],"about":[{"href":"https:\/\/invictusgames2025.ca\/fr\/wp-json\/wp\/v2\/types\/page"}],"author":[{"embeddable":true,"href":"https:\/\/invictusgames2025.ca\/fr\/wp-json\/wp\/v2\/users\/6"}],"replies":[{"embeddable":true,"href":"https:\/\/invictusgames2025.ca\/fr\/wp-json\/wp\/v2\/comments?post=3847"}],"version-history":[{"count":0,"href":"https:\/\/invictusgames2025.ca\/fr\/wp-json\/wp\/v2\/pages\/3847\/revisions"}],"up":[{"embeddable":true,"href":"https:\/\/invictusgames2025.ca\/fr\/wp-json\/wp\/v2\/pages\/429"}],"wp:attachment":[{"href":"https:\/\/invictusgames2025.ca\/fr\/wp-json\/wp\/v2\/media?parent=3847"}],"curies":[{"name":"wp","href":"https:\/\/api.w.org\/{rel}","templated":true}]}}