{"id":3843,"date":"2024-10-11T22:54:29","date_gmt":"2024-10-11T22:54:29","guid":{"rendered":"https:\/\/invictusgames2025.ca\/invictus-games-2025\/alpine-skiing\/"},"modified":"2025-01-03T23:59:25","modified_gmt":"2025-01-03T23:59:25","slug":"alpine-skiing","status":"publish","type":"page","link":"https:\/\/invictusgames2025.ca\/fr\/invictus-games-2025\/alpine-skiing\/","title":{"rendered":"Alpine Skiing"},"content":{"rendered":"\n<header class=\"wp-block-group alignfull invictus-hero-group has-black-background-color has-background is-layout-constrained wp-block-group-is-layout-constrained\">\n<figure class=\"wp-block-video alignwide\"><video height=\"1440\" style=\"aspect-ratio: 2560 \/ 1440;\" width=\"2560\" autoplay controls loop src=\"https:\/\/invictusgames2025.ca\/wp-content\/uploads\/2024\/10\/Alpine-28-M-1.mp4\"><\/video><\/figure>\n<\/header>\n\n\n\n<div class=\"wp-block-group alignfull has-black-background-color has-background is-layout-constrained wp-block-group-is-layout-constrained\">\n<div class=\"wp-block-buttons is-content-justification-center is-layout-flex wp-container-core-buttons-is-layout-16018d1d wp-block-buttons-is-layout-flex\">\n<div class=\"wp-block-button has-custom-font-size is-style-fill has-base-font-size\"><a class=\"wp-block-button__link has-black-color has-yellow-background-color has-text-color has-background has-link-color wp-element-button\" href=\"https:\/\/www.ticketmaster.ca\/invictus-games-tickets\/artist\/2954948\"><strong>GET YOUR TICKETS NOW<\/strong><\/a><\/div>\n<\/div>\n<\/div>\n\n\n<div class=\"hidden lg:block invictus-branding-images has-white-background-color alignfull bg-cover bg-repeat-x bg-center\" style=\"background-image: url(https:\/\/invictusgames2025.ca\/wp-content\/uploads\/2024\/12\/divider-pattern.png);\"><\/div><div class=\"block lg:hidden invictus-branding-image-mobile has-white-background-color alignfull bg-cover bg-repeat-x bg-center h-[20px]\" style=\"background-image: url(https:\/\/invictusgames2025.ca\/wp-content\/uploads\/2024\/12\/divider-pattern.png);\"><\/div>\n\n\n<h3 class=\"wp-block-heading\"><br><strong>AU SUJET DU SKI ALPIN <\/strong><\/h3>\n\n\n\n<p>La comp\u00e9tition de ski alpin aux Jeux Invictus de Vancouver Whistler 2025 mettra les concurrentes et concurrents au d\u00e9fi de d\u00e9valer des pentes sur une vari\u00e9t\u00e9 de terrains et \u00e9valuera leur vitesse, leur \u00e9quilibre et leur pr\u00e9cision. Cette course rapide et palpitante mettra en lumi\u00e8re la capacit\u00e9 d\u2019adaptation et les habilet\u00e9s des militaires, des anciennes combattantes et des anciens combattants bless\u00e9s et malades, tandis qu\u2019ils d\u00e9valeront des pentes vertigineuses. La comp\u00e9tition se d\u00e9roulera le <strong>mardi 11 f\u00e9vrier 2025<\/strong> pour les skieuses et skieurs novices, et le <strong>mercredi 12 f\u00e9vrier 2025<\/strong> pour le niveau interm\u00e9diaire-avanc\u00e9, au magnifique <strong>Site alpin de Whistler<\/strong>. Cette \u00e9preuve mettra en lumi\u00e8re la r\u00e9silience des concurrentes et des concurrents, tandis qu\u2019ils feront face au dynamique et exigeant terrain de <strong>mont Whistler<\/strong>.<\/p>\n\n\n\n<p>Avec comme toile de fond, l\u2019une des plus prestigieuses stations de ski d\u2019Am\u00e9rique du Nord, les concurrentes et les concurrents d\u00e9montreront leur contr\u00f4le et leur d\u00e9termination dans un sport qui requiert force physique et concentration mentale. La comp\u00e9tition promet d\u2019offrir une d\u00e9monstration spectaculaire de courage et de gu\u00e9rison, tandis que les personnes participantes s\u2019attaqueront aux pentes dans un cadre hivernal embl\u00e9matique.<\/p>\n\n\n\n<div style=\"height:35px\" aria-hidden=\"true\" class=\"wp-block-spacer\"><\/div>\n\n\n\n<section class=\"wp-block-group alignfull has-white-color has-black-background-color has-text-color has-background has-link-color wp-elements-f8c994618b74abb384bb333464d8d932 is-layout-constrained wp-block-group-is-layout-constrained\">\n<div class=\"wp-block-columns alignwide is-layout-flex wp-container-core-columns-is-layout-9d6595d7 wp-block-columns-is-layout-flex\">\n<div class=\"wp-block-column is-vertically-aligned-top has-white-color has-text-color has-link-color wp-elements-a4edca95afa1f016c7ae15ee81b28432 is-layout-flow wp-block-column-is-layout-flow\">\n<div class=\"wp-block-media-text is-stacked-on-mobile is-image-fill\"><figure class=\"wp-block-media-text__media\" style=\"background-image:url(https:\/\/invictusgames2025.ca\/wp-content\/uploads\/2024\/09\/Jeremy-Allen-4-1.jpg);background-position:50% 50%\"><img loading=\"lazy\" decoding=\"async\" width=\"8192\" height=\"5464\" src=\"https:\/\/invictusgames2025.ca\/wp-content\/uploads\/2024\/09\/Jeremy-Allen-4-1.jpg\" alt=\"\" class=\"wp-image-2720 size-full\" srcset=\"https:\/\/invictusgames2025.ca\/wp-content\/uploads\/2024\/09\/Jeremy-Allen-4-1.jpg 8192w, https:\/\/invictusgames2025.ca\/wp-content\/uploads\/2024\/09\/Jeremy-Allen-4-1-300x200.jpg 300w, https:\/\/invictusgames2025.ca\/wp-content\/uploads\/2024\/09\/Jeremy-Allen-4-1-1024x683.jpg 1024w, https:\/\/invictusgames2025.ca\/wp-content\/uploads\/2024\/09\/Jeremy-Allen-4-1-768x512.jpg 768w, https:\/\/invictusgames2025.ca\/wp-content\/uploads\/2024\/09\/Jeremy-Allen-4-1-1536x1025.jpg 1536w, https:\/\/invictusgames2025.ca\/wp-content\/uploads\/2024\/09\/Jeremy-Allen-4-1-466x310.jpg 466w\" sizes=\"auto, (max-width: 8192px) 100vw, 8192px\" \/><\/figure><div class=\"wp-block-media-text__content\">\n<h3 class=\"wp-block-heading\" style=\"text-transform:uppercase\"><strong><br><br>QUELLES SONT LES R\u00c8GLES? <\/strong><br><\/h3>\n\n\n\n<p style=\"font-size:18px\">On compte deux \u00e9preuves individuelles&nbsp;:<\/p>\n\n\n\n<ul class=\"wp-block-list\">\n<li style=\"font-size:18px\">Novice (parcours d\u2019environ 190\u00a0m\u00e8tres avec 5 \u00e0 10\u00a0changements de direction).<\/li>\n\n\n\n<li style=\"font-size:18px\">Interm\u00e9diaire\/avanc\u00e9 (parcours d\u2019environ 260&nbsp;m\u00e8tres avec 10 \u00e0 20&nbsp;changements de direction).<\/li>\n<\/ul>\n\n\n\n<p style=\"font-size:18px\">Les concurrentes et concurrents s\u2019\u00e9lanceront sur le parcours de type \u00ab&nbsp;glalom&nbsp;\u00bb (un croisement entre slalom et slalom g\u00e9ant).<\/p>\n\n\n\n<p style=\"font-size:18px\">Les r\u00e9sultats sont bas\u00e9s sur le temps factoris\u00e9 le plus rapide pour permettre aux concurrentes et concurrents ayant diff\u00e9rents handicaps de concourir sur un terrain de jeu \u00e9quitable.<\/p>\n\n\n\n<p style=\"font-size:18px\">Les comp\u00e9titions de ski alpin et de snowboard auront lieu le m\u00eame jour sur les m\u00eames parcours! La seule diff\u00e9rence est l\u2019\u00e9quipement utilis\u00e9. Les m\u00e9dailles seront remises s\u00e9par\u00e9ment pour les \u00e9preuves de ski alpin et les \u00e9preuves de snowboard.<\/p>\n<\/div><\/div>\n<\/div>\n<\/div>\n<\/section>\n\n\n\n<div style=\"height:35px\" aria-hidden=\"true\" class=\"wp-block-spacer\"><\/div>\n\n\n\n<h3 class=\"wp-block-heading\"><br><br><strong>PROCESSUS DE CAT\u00c9GORISATION DES CONCURRENTES ET DES CONCURRENTS <\/strong><\/h3>\n\n\n\n<p>Aux Jeux Invictus, le processus de cat\u00e9gorisation vise \u00e0 assurer la meilleure exp\u00e9rience possible aux concurrentes et concurrents. Les Jeux Invictus sont une comp\u00e9tition unique qui permet \u00e0 toutes les personnes participantes de concourir \u00e9quitablement dans tous les sports, peu importe leur handicap.<\/p>\n\n\n\n<p>Chaque sport a un syst\u00e8me de cat\u00e9gorisation qui lui est propre, car les blessures, les maladies et les handicaps touchent diff\u00e9remment chaque personne dans chaque sport. Et donc, chaque personne se voit attribuer une cat\u00e9gorie (p. ex., IT1, IJ4) pour chaque sport dans lequel elle concourt. Le syst\u00e8me de cat\u00e9gorisation mise sur l\u2019int\u00e9grit\u00e9 et l\u2019honn\u00eatet\u00e9 ainsi que sur une relation de collaboration entre les concurrentes et concurrents et le personnel de l\u2019\u00e9quipe.<\/p>\n\n\n\n<p>Une nouveaut\u00e9 pour les Jeux Invictus de Vancouver Whistler 2025 sera l\u2019application des temps factoris\u00e9s pour les nouvelles disciplines nordiques (ski de fond et biathlon) et alpines (ski et snowboard) des sports de neige au programme. La factorisation du temps consiste \u00e0 appliquer un pourcentage au temps brut d\u2019une concurrente ou d\u2019un concurrent (c.-\u00e0-d. le temps qu\u2019il faut pour passer de la ligne de d\u00e9part \u00e0 la ligne d\u2019arriv\u00e9e). Le pourcentage correspond \u00e0 la sous-cat\u00e9gorie \u00e0 laquelle appartient le handicap de la concurrente ou du concurrent. Le but est d\u2019augmenter le nombre de comp\u00e9titions dans les nouveaux sports d\u2019hiver tout en assurant des r\u00e8gles du jeu \u00e9quitables. Par cons\u00e9quent, une personne peut franchir la ligne d\u2019arriv\u00e9e en premier, et ne pas figurer en premi\u00e8re place dans les r\u00e9sultats officiels, apr\u00e8s le facteur temps appliqu\u00e9.<\/p>\n\n\n\n<div style=\"height:28px\" aria-hidden=\"true\" class=\"wp-block-spacer\"><\/div>\n\n\n\n<h3 class=\"wp-block-heading\"><br><br><strong>COMMENT LE SPORT EST-IL N\u00c9? <\/strong><\/h3>\n\n\n\n<div class=\"wp-block-group is-layout-constrained wp-block-group-is-layout-constrained\">\n<ul class=\"wp-block-list\">\n<li>Les premiers championnats de ski para-alpin ont eu lieu en 1948.<\/li>\n<\/ul>\n\n\n\n<ul class=\"wp-block-list\">\n<li>Le ski para-alpin \u00e9tait l\u2019un des sports des tout premiers Jeux paralympiques d\u2019hiver qui ont eu lieu en 1976 en Su\u00e8de.<\/li>\n<\/ul>\n\n\n\n<ul class=\"wp-block-list\">\n<li>On y avait pr\u00e9sent\u00e9 deux \u00e9preuves de ski para-alpin des sept que le sport compte maintenant. De nos jours, il y a cinq \u00e9preuves de ski para-alpin aux Jeux paralympiques.<\/li>\n<\/ul>\n\n\n\n<div class=\"wp-block-group is-nowrap is-layout-flex wp-container-core-group-is-layout-ad2f72ca wp-block-group-is-layout-flex\">\n<div class=\"wp-block-group is-vertical is-layout-flex wp-container-core-group-is-layout-8cf370e7 wp-block-group-is-layout-flex\">\n<h3 class=\"wp-block-heading\"><strong><br><br>DE QUEL \u00c9QUIPEMENT SPORTIF SE SERT-ON? <\/strong><br><\/h3>\n\n\n\n<ul class=\"wp-block-list\">\n<li>Casque<\/li>\n\n\n\n<li>Skis et b\u00e2tons \/ snowboards<\/li>\n\n\n\n<li>B\u00e2tons de ski d\u2019appointAppareils de ski assis (diff\u00e9rents types selon le handicap)<\/li>\n\n\n\n<li>Sangles<\/li>\n<\/ul>\n<\/div>\n\n\n\n<h3 class=\"wp-block-heading\"><\/h3>\n<\/div>\n\n\n\n<h3 class=\"wp-block-heading\"><br><strong>COMBIEN Y A-T-IL DE CONCURRENTES OU CONCURRENTS SUR LE PARCOURS EN M\u00caME TEMPS? <br><\/strong><\/h3>\n\n\n\n<p>Pour les \u00e9preuves de niveau novice, il n\u2019y a qu\u2019un seul parcours et les concurrentes et concurrents le d\u00e9valent un par un en s\u2019\u00e9lan\u00e7ant d\u2019un d\u00e9but de parcours d\u00e9gag\u00e9. Pour les \u00e9preuves interm\u00e9diaires ou avanc\u00e9es, il y a deux pistes parall\u00e8les. Cela signifie que deux concurrentes ou concurrents peuvent les d\u00e9valer en m\u00eame temps (leurs r\u00e9sultats sont toujours calcul\u00e9s en fonction du temps, ils ne concourent pas l\u2019une ou l\u2019un contre l\u2019autre, mais effectuent simplement le parcours en m\u00eame temps). <\/p>\n\n\n\n<h3 class=\"wp-block-heading\"><strong>QUELLE EST LA LONGUEUR DU PARCOURS? <\/strong><\/h3>\n\n\n\n<ul class=\"wp-block-list\">\n<li>Le parcours de la comp\u00e9tition novice est de 190 m, soit l\u2019\u00e9quivalent de la longueur de 42 voitures moyennes.<\/li>\n<\/ul>\n\n\n\n<ul class=\"wp-block-list\">\n<li>Le parcours de la comp\u00e9tition interm\u00e9diaire est de 260 m, soit l\u2019\u00e9quivalent de la longueur de deux terrains de soccer de la FIFA!<\/li>\n<\/ul>\n\n\n\n<div style=\"height:35px\" aria-hidden=\"true\" class=\"wp-block-spacer\"><\/div>\n<\/div>\n\n\n\n<section class=\"wp-block-group alignfull has-white-color has-yellow-background-color has-text-color has-background has-link-color wp-elements-5be35dd7fb19af220b5ab315a14025a6 is-layout-constrained wp-block-group-is-layout-constrained\">\n<div class=\"wp-block-media-text is-stacked-on-mobile is-image-fill\"><figure class=\"wp-block-media-text__media\" style=\"background-image:url(https:\/\/invictusgames2025.ca\/wp-content\/uploads\/2024\/09\/Jeremy-Allen-5-1-1024x683.jpg);background-position:50% 50%\"><img loading=\"lazy\" decoding=\"async\" width=\"1024\" height=\"683\" src=\"https:\/\/invictusgames2025.ca\/wp-content\/uploads\/2024\/09\/Jeremy-Allen-5-1-1024x683.jpg\" alt=\"\" class=\"wp-image-2726 size-full\" srcset=\"https:\/\/invictusgames2025.ca\/wp-content\/uploads\/2024\/09\/Jeremy-Allen-5-1-1024x683.jpg 1024w, https:\/\/invictusgames2025.ca\/wp-content\/uploads\/2024\/09\/Jeremy-Allen-5-1-300x200.jpg 300w, https:\/\/invictusgames2025.ca\/wp-content\/uploads\/2024\/09\/Jeremy-Allen-5-1-768x512.jpg 768w, https:\/\/invictusgames2025.ca\/wp-content\/uploads\/2024\/09\/Jeremy-Allen-5-1-1536x1025.jpg 1536w, https:\/\/invictusgames2025.ca\/wp-content\/uploads\/2024\/09\/Jeremy-Allen-5-1-466x310.jpg 466w\" sizes=\"auto, (max-width: 1024px) 100vw, 1024px\" \/><\/figure><div class=\"wp-block-media-text__content\">\n<div class=\"wp-block-group has-black-color has-text-color has-link-color wp-elements-b2571c28fc955229f30e90b0ac296390 is-layout-constrained wp-block-group-is-layout-constrained\">\n<h3 class=\"wp-block-heading\">FAITS INT\u00c9RESSANTS <\/h3>\n\n\n\n<ul class=\"wp-block-list\">\n<li style=\"font-size:18px\">Le mot \u00ab ski \u00bb vient de l\u2019ancien terme nordique \u00ab sk\u00ed\u00f0 \u00bb, qui signifie \u00ab b\u00e2ton de bois \u00bb, soit le mat\u00e9riau utilis\u00e9 pour fabriquer les premiers skis!<\/li>\n<\/ul>\n\n\n\n<ul class=\"wp-block-list\">\n<li style=\"font-size:18px\">Les concurrentes et concurrents en situation de handicap visuel peuvent effectuer le parcours avec le soutien d\u2019une personne-guide.<\/li>\n<\/ul>\n\n\n\n<ul class=\"wp-block-list\">\n<li style=\"font-size:18px\">Le ski para-alpin exige une extr\u00eame agilit\u00e9, de la force et de la vitesse. Aux Jeux paralympiques, les skieuses et skieurs d\u00e9passent les 100 km\/heure.<\/li>\n<\/ul>\n\n\n\n<ul class=\"wp-block-list\">\n<li style=\"font-size:18px\">Pour le snowboard, les Jeux Invictus de Vancouver Whistler 2025 ont cr\u00e9\u00e9 une cat\u00e9gorie pour les concurrentes et concurrents en situation de handicap de la vision.<\/li>\n<\/ul>\n<\/div>\n<\/div><\/div>\n<\/section>\n","protected":false},"excerpt":{"rendered":"<p>AU SUJET DU SKI ALPIN La comp\u00e9tition de ski alpin aux Jeux Invictus de Vancouver Whistler 2025 mettra les concurrentes et concurrents au d\u00e9fi de d\u00e9valer des pentes&#8230;<\/p>\n","protected":false},"author":6,"featured_media":0,"parent":429,"menu_order":0,"comment_status":"closed","ping_status":"closed","template":"","meta":{"_acf_changed":false,"_monsterinsights_skip_tracking":false,"_monsterinsights_sitenote_active":false,"_monsterinsights_sitenote_note":"","_monsterinsights_sitenote_category":0,"_uf_show_specific_survey":0,"_uf_disable_surveys":false,"footnotes":""},"class_list":["post-3843","page","type-page","status-publish","hentry"],"acf":[],"aioseo_notices":[],"_links":{"self":[{"href":"https:\/\/invictusgames2025.ca\/fr\/wp-json\/wp\/v2\/pages\/3843","targetHints":{"allow":["GET"]}}],"collection":[{"href":"https:\/\/invictusgames2025.ca\/fr\/wp-json\/wp\/v2\/pages"}],"about":[{"href":"https:\/\/invictusgames2025.ca\/fr\/wp-json\/wp\/v2\/types\/page"}],"author":[{"embeddable":true,"href":"https:\/\/invictusgames2025.ca\/fr\/wp-json\/wp\/v2\/users\/6"}],"replies":[{"embeddable":true,"href":"https:\/\/invictusgames2025.ca\/fr\/wp-json\/wp\/v2\/comments?post=3843"}],"version-history":[{"count":0,"href":"https:\/\/invictusgames2025.ca\/fr\/wp-json\/wp\/v2\/pages\/3843\/revisions"}],"up":[{"embeddable":true,"href":"https:\/\/invictusgames2025.ca\/fr\/wp-json\/wp\/v2\/pages\/429"}],"wp:attachment":[{"href":"https:\/\/invictusgames2025.ca\/fr\/wp-json\/wp\/v2\/media?parent=3843"}],"curies":[{"name":"wp","href":"https:\/\/api.w.org\/{rel}","templated":true}]}}