{"id":3841,"date":"2024-10-11T22:53:55","date_gmt":"2024-10-11T22:53:55","guid":{"rendered":"https:\/\/invictusgames2025.ca\/?page_id=3841"},"modified":"2024-11-13T23:18:57","modified_gmt":"2024-11-13T23:18:57","slug":"biathlon","status":"publish","type":"page","link":"https:\/\/invictusgames2025.ca\/fr\/invictus-games-2025\/biathlon\/","title":{"rendered":"Biathlon"},"content":{"rendered":"\n<header class=\"wp-block-group alignfull invictus-hero-group has-black-background-color has-background is-layout-constrained wp-block-group-is-layout-constrained\">\n<figure class=\"wp-block-video alignwide\"><video height=\"1440\" style=\"aspect-ratio: 2560 \/ 1440;\" width=\"2560\" autoplay controls loop src=\"https:\/\/invictusgames2025.ca\/wp-content\/uploads\/2024\/10\/NEW-BIATHLON-27-M-1.mp4\"><\/video><\/figure>\n<\/header>\n\n\n\n<div class=\"wp-block-group alignfull has-black-background-color has-background is-layout-constrained wp-block-group-is-layout-constrained\">\n<div class=\"wp-block-buttons is-content-justification-center is-layout-flex wp-container-core-buttons-is-layout-16018d1d wp-block-buttons-is-layout-flex\">\n<div class=\"wp-block-button has-custom-font-size is-style-fill has-base-font-size\"><a class=\"wp-block-button__link has-black-color has-yellow-background-color has-text-color has-background has-link-color wp-element-button\" href=\"https:\/\/www.ticketmaster.ca\/invictus-games-tickets\/artist\/2954948?language=fr-ca\"><strong>ACHETEZ VOS BILLETS MAINTENANT<\/strong><\/a><\/div>\n<\/div>\n<\/div>\n\n\n<div class=\"hidden lg:block invictus-branding-images has-white-background-color alignfull bg-cover bg-repeat-x bg-center\" style=\"background-image: url(https:\/\/invictusgames2025.ca\/wp-content\/uploads\/2024\/12\/divider-pattern.png);\"><\/div><div class=\"block lg:hidden invictus-branding-image-mobile has-white-background-color alignfull bg-cover bg-repeat-x bg-center h-[20px]\" style=\"background-image: url(https:\/\/invictusgames2025.ca\/wp-content\/uploads\/2024\/12\/divider-pattern.png);\"><\/div>\n\n\n<h3 class=\"wp-block-heading\"><strong>AU SUJET DU BIATHLON\u00a0\u00a0<\/strong><\/h3>\n\n\n\n<p>Le biathlon allie l\u2019endurance du ski nordique \u00e0 la pr\u00e9cision du tir \u00e0 la cible, ce qui en fait l\u2019un des sports les plus exigeants sur les plans mental et physique aux Jeux Invictus de Vancouver Whistler 2025. Le <strong>mardi 11 f\u00e9vrier 2025<\/strong>, au <strong>Parc olympique de Whistler<\/strong>, les personnes participantes alterneront entre les exigences vigoureuses du ski de fond et le calme et la pr\u00e9cision contr\u00f4l\u00e9e requis pour le tir, en faisant l\u2019\u00e9quilibre entre vitesse et concentration.&nbsp;&nbsp;<\/p>\n\n\n\n<p>Cette \u00e9preuve difficile met en \u00e9vidence non seulement les prouesses physiques de chaque participante ou participant, mais aussi sa capacit\u00e9 \u00e0 maintenir sa concentration et son sang-froid sous une pression intense qui incarnent l\u2019esprit de r\u00e9silience et d\u2019adaptabilit\u00e9 d\u2019Invictus.&nbsp;&nbsp;<\/p>\n\n\n\n<div style=\"height:36px\" aria-hidden=\"true\" class=\"wp-block-spacer\"><\/div>\n\n\n\n<section class=\"wp-block-group alignfull has-white-color has-black-background-color has-text-color has-background has-link-color wp-elements-99945c17defdf3e87b53f8ff938dbeb6 is-layout-constrained wp-block-group-is-layout-constrained\">\n<div class=\"wp-block-columns alignwide is-layout-flex wp-container-core-columns-is-layout-9d6595d7 wp-block-columns-is-layout-flex\">\n<div class=\"wp-block-column is-vertically-aligned-top has-white-color has-text-color has-link-color wp-elements-d77f47f83241417343b305a6bed13ad5 is-layout-flow wp-block-column-is-layout-flow\">\n<div class=\"wp-block-media-text alignwide is-stacked-on-mobile is-image-fill\"><figure class=\"wp-block-media-text__media\" style=\"background-image:url(https:\/\/invictusgames2025.ca\/wp-content\/uploads\/2024\/09\/Jeff-Vinnick-7-1-683x1024.jpg);background-position:89% 66%\"><img loading=\"lazy\" decoding=\"async\" width=\"683\" height=\"1024\" src=\"https:\/\/invictusgames2025.ca\/wp-content\/uploads\/2024\/09\/Jeff-Vinnick-7-1-683x1024.jpg\" alt=\"\" class=\"wp-image-2742 size-full\" srcset=\"https:\/\/invictusgames2025.ca\/wp-content\/uploads\/2024\/09\/Jeff-Vinnick-7-1-683x1024.jpg 683w, https:\/\/invictusgames2025.ca\/wp-content\/uploads\/2024\/09\/Jeff-Vinnick-7-1-200x300.jpg 200w, https:\/\/invictusgames2025.ca\/wp-content\/uploads\/2024\/09\/Jeff-Vinnick-7-1-768x1152.jpg 768w, https:\/\/invictusgames2025.ca\/wp-content\/uploads\/2024\/09\/Jeff-Vinnick-7-1-1024x1536.jpg 1024w, https:\/\/invictusgames2025.ca\/wp-content\/uploads\/2024\/09\/Jeff-Vinnick-7-1-1365x2048.jpg 1365w, https:\/\/invictusgames2025.ca\/wp-content\/uploads\/2024\/09\/Jeff-Vinnick-7-1-scaled.jpg 1707w\" sizes=\"auto, (max-width: 683px) 100vw, 683px\" \/><\/figure><div class=\"wp-block-media-text__content\">\n<h3 class=\"wp-block-heading\" style=\"text-transform:uppercase\"><strong>QUELLES SONT LES R\u00c8GLES?\u00a0\u00a0<\/strong><\/h3>\n\n\n\n<p style=\"font-size:18px\">Le biathlon combine le ski de fond (ski classique uniquement) et de tir \u00e0 la carabine.&nbsp;&nbsp;<\/p>\n\n\n\n<p>Les r\u00e9sultats sont bas\u00e9s sur le temps factoris\u00e9 le plus rapide pour permettre aux concurrentes et concurrents ayant diff\u00e9rents handicaps de concourir sur un terrain de jeu \u00e9quitable.&nbsp;&nbsp;<\/p>\n\n\n\n<p>Entre les \u00e9tapes de ski, les concurrentes et concurrents s\u2019arr\u00eatent au champ de tir et doivent viser cinq cibles plac\u00e9es \u00e0 une distance de 10\u202fm. Chaque cible manqu\u00e9e entra\u00eene une boucle de p\u00e9nalit\u00e9 (la longueur approximative de la boucle de p\u00e9nalit\u00e9 est de 80\u202fm).&nbsp;&nbsp;<\/p>\n\n\n\n<p style=\"font-size:18px\">On compte deux \u00e9preuves individuelles\u202f:&nbsp;&nbsp;<\/p>\n\n\n\n<ul class=\"wp-block-list\">\n<li style=\"font-size:18px\">Une \u00e9preuve novice sur 750\u202fm\u00a0\u00a0<\/li>\n\n\n\n<li style=\"font-size:18px\">Une \u00e9preuve interm\u00e9diaire-avanc\u00e9e sur 1\u202f500\u202fm\u00a0\u00a0<\/li>\n<\/ul>\n\n\n\n<p style=\"font-size:18px\">Les concurrentes et concurrents utiliseront des syst\u00e8mes de tir \u00e9lectronique, qui sont silencieux et s\u00e9curitaires.\u00a0\u00a0<\/p>\n<\/div><\/div>\n<\/div>\n<\/div>\n<\/section>\n\n\n\n<div style=\"height:35px\" aria-hidden=\"true\" class=\"wp-block-spacer\"><\/div>\n\n\n\n<h3 class=\"wp-block-heading\">PROCESSUS DE CAT\u00c9GORISATION DES CONCURRENTES ET DES CONCURRENTS\u00a0\u00a0<\/h3>\n\n\n\n<p>Aux Jeux Invictus, le processus de cat\u00e9gorisation vise \u00e0 assurer la meilleure exp\u00e9rience possible aux concurrentes et concurrents. Les Jeux Invictus sont une comp\u00e9tition unique qui permet \u00e0 toutes les personnes participantes de concourir \u00e9quitablement dans tous les sports, peu importe leur handicap.&nbsp;&nbsp;<\/p>\n\n\n\n<p>Chaque sport a un syst\u00e8me de cat\u00e9gorisation qui lui est propre, car les blessures, les maladies et les handicaps touchent diff\u00e9remment chaque personne dans chaque sport. Et donc, chaque personne se voit attribuer une cat\u00e9gorie (p. ex., IT1, IJ4) pour chaque sport dans lequel elle concourt. Le syst\u00e8me de cat\u00e9gorisation mise sur l\u2019int\u00e9grit\u00e9 et l\u2019honn\u00eatet\u00e9 ainsi que sur une relation de collaboration entre les concurrentes et concurrents et le personnel de l\u2019\u00e9quipe.&nbsp;&nbsp;<\/p>\n\n\n\n<div style=\"height:26px\" aria-hidden=\"true\" class=\"wp-block-spacer\"><\/div>\n\n\n\n<div class=\"wp-block-group is-layout-constrained wp-block-group-is-layout-constrained\">\n<h3 class=\"wp-block-heading\"><strong>COMMENT LE SPORT EST-IL N\u00c9?\u00a0\u00a0<\/strong><\/h3>\n\n\n\n<p style=\"font-size:18px\">Le parabiathlon a \u00e9t\u00e9 introduit pour la premi\u00e8re fois aux Jeux paralympiques d\u2019hiver de 1988 \u00e0 Innsbruck (Autriche), pour les athl\u00e8tes en situation de handicap physique admissible, et aux Jeux paralympiques d\u2019hiver de 1992 \u00e0 Tignes-Albertville (France), pour les athl\u00e8tes en situation de handicap de la vision admissible.\u00a0\u00a0<\/p>\n\n\n\n<h3 class=\"wp-block-heading\"><strong>COMBIEN Y A-T-IL DE CONCURRENTES OU CONCURRENTS SUR LA PISTE EN M\u00caME TEMPS?\u00a0\u00a0<\/strong><\/h3>\n\n\n\n<p>Les \u00e9preuves de biathlon utilisent un format de d\u00e9part par intervalle (\u00e9chelonn\u00e9) selon lequel les concurrentes et concurrents partent \u00e0 30\u202fsecondes d\u2019intervalle. Pour cette raison, le nombre de concurrentes et de concurrents sur la piste sera d\u00e9termin\u00e9 par la rapidit\u00e9 avec laquelle chaque personne termine le parcours.\u00a0\u00a0<\/p>\n\n\n\n<h3 class=\"wp-block-heading\"><strong>QUELLE EST LA LONGUEUR DU PARCOURS?\u00a0\u00a0<\/strong><\/h3>\n\n\n\n<ul class=\"wp-block-list\">\n<li>Le parcours de la comp\u00e9tition novice est de 750\u202fm, soit l\u2019\u00e9quivalent de la longueur de 164\u202fvoitures moyennes.\u00a0\u00a0<\/li>\n<\/ul>\n\n\n\n<ul class=\"wp-block-list\">\n<li>Le parcours de la comp\u00e9tition interm\u00e9diaire-avanc\u00e9e est de 1\u202f500\u202fm, soit l\u2019\u00e9quivalent de la longueur de 25\u202fpatinoires de hockey de la LNH.\u00a0\u00a0<\/li>\n<\/ul>\n<\/div>\n\n\n\n<div style=\"height:35px\" aria-hidden=\"true\" class=\"wp-block-spacer\"><\/div>\n\n\n\n<section class=\"wp-block-group alignfull has-white-color has-yellow-background-color has-text-color has-background has-link-color wp-elements-d281cf02c556de4536ec5ff9d3a22135 is-layout-constrained wp-block-group-is-layout-constrained\">\n<div class=\"wp-block-media-text is-stacked-on-mobile is-image-fill\"><figure class=\"wp-block-media-text__media\" style=\"background-image:url(https:\/\/invictusgames2025.ca\/wp-content\/uploads\/2024\/09\/Jeff-Vinnick-3-1024x683.jpg);background-position:50% 50%\"><img loading=\"lazy\" decoding=\"async\" width=\"1024\" height=\"683\" src=\"https:\/\/invictusgames2025.ca\/wp-content\/uploads\/2024\/09\/Jeff-Vinnick-3-1024x683.jpg\" alt=\"\" class=\"wp-image-2738 size-full\" srcset=\"https:\/\/invictusgames2025.ca\/wp-content\/uploads\/2024\/09\/Jeff-Vinnick-3-1024x683.jpg 1024w, https:\/\/invictusgames2025.ca\/wp-content\/uploads\/2024\/09\/Jeff-Vinnick-3-300x200.jpg 300w, https:\/\/invictusgames2025.ca\/wp-content\/uploads\/2024\/09\/Jeff-Vinnick-3-768x512.jpg 768w, https:\/\/invictusgames2025.ca\/wp-content\/uploads\/2024\/09\/Jeff-Vinnick-3-1536x1024.jpg 1536w, https:\/\/invictusgames2025.ca\/wp-content\/uploads\/2024\/09\/Jeff-Vinnick-3-2048x1365.jpg 2048w, https:\/\/invictusgames2025.ca\/wp-content\/uploads\/2024\/09\/Jeff-Vinnick-3-466x310.jpg 466w\" sizes=\"auto, (max-width: 1024px) 100vw, 1024px\" \/><\/figure><div class=\"wp-block-media-text__content\">\n<div class=\"wp-block-group has-black-color has-text-color has-link-color wp-elements-2d73c905a60255aaf4b6bbd60aaf6c6b is-layout-constrained wp-block-group-is-layout-constrained\">\n<h3 class=\"wp-block-heading\"><strong>FAITS INT\u00c9RESSANTS\u00a0\u00a0<\/strong><\/h3>\n\n\n\n<ul class=\"wp-block-list\">\n<li style=\"font-size:18px\">Les concurrentes et concurrents utiliseront des syst\u00e8mes de tir \u00e9lectronique, qui sont silencieux et s\u00e9curitaires. Ce syst\u00e8me a recours \u00e0 une lumi\u00e8re laser plut\u00f4t que des munitions.\u00a0\u00a0<\/li>\n<\/ul>\n\n\n\n<ul class=\"wp-block-list\">\n<li style=\"font-size:18px\">Des carabines\/cibles avec cam\u00e9ra optique peuvent guider gr\u00e2ce \u00e0 des signaux sonores les concurrentes et concurrents en situation de handicap de la vision. La hauteur et la tonalit\u00e9 des sons changent en fonction de la proximit\u00e9 du centre de la cible.\u00a0\u00a0<\/li>\n<\/ul>\n\n\n\n<ul class=\"wp-block-list\">\n<li style=\"font-size:18px\">Les concurrentes et concurrents des Jeux Invictus qui participent \u00e0 la comp\u00e9tition dans la cat\u00e9gorie assise peuvent choisir de tirer en position assise ou couch\u00e9e (sur le ventre).\u00a0\u00a0<\/li>\n<\/ul>\n<\/div>\n<\/div><\/div>\n<\/section>\n\n\n\n<section class=\"wp-block-group alignfull has-black-background-color has-background is-layout-constrained wp-block-group-is-layout-constrained\">\n<div class=\"wp-block-columns alignwide has-white-color has-text-color has-link-color wp-elements-53764b1ee1b4cb7ea26aba8568330f6f is-layout-flex wp-container-core-columns-is-layout-9d6595d7 wp-block-columns-is-layout-flex\">\n<div class=\"wp-block-column is-layout-flow wp-block-column-is-layout-flow\">\n<figure class=\"wp-block-image size-full is-resized\"><a href=\"https:\/\/invictusgames2025.ca\/fr\/billets-de-ceremonie\/\"><img loading=\"lazy\" decoding=\"async\" width=\"507\" height=\"500\" src=\"https:\/\/invictusgames2025.ca\/wp-content\/uploads\/2024\/09\/BC-Place-Pictogram.svg\" alt=\"\" class=\"wp-image-2452\" style=\"width:344px;height:auto\"\/><\/a><\/figure>\n\n\n\n<p class=\"has-regular-font-size\" style=\"text-transform:uppercase\"><strong>C\u00e9r\u00e9monies<\/strong><\/p>\n<\/div>\n\n\n\n<div class=\"wp-block-column is-layout-flow wp-block-column-is-layout-flow\">\n<figure class=\"wp-block-image size-full is-resized\"><a href=\"https:\/\/invictusgames2025.ca\/fr\/evenements-sportifs\/\"><img loading=\"lazy\" decoding=\"async\" width=\"562\" height=\"562\" src=\"https:\/\/invictusg25stg.wpenginepowered.com\/wp-content\/uploads\/2024\/02\/snowboarding.png\" alt=\"Snowboarding Pictogram\" class=\"wp-image-698\" style=\"width:336px;height:auto\" srcset=\"https:\/\/invictusgames2025.ca\/wp-content\/uploads\/2024\/02\/snowboarding.png 562w, https:\/\/invictusgames2025.ca\/wp-content\/uploads\/2024\/02\/snowboarding-300x300.png 300w, https:\/\/invictusgames2025.ca\/wp-content\/uploads\/2024\/02\/snowboarding-150x150.png 150w\" sizes=\"auto, (max-width: 562px) 100vw, 562px\" \/><\/a><\/figure>\n\n\n\n<p class=\"has-base-font-size\" style=\"text-transform:uppercase\"><strong>SPORT <\/strong><\/p>\n<\/div>\n\n\n\n<div class=\"wp-block-column is-layout-flow wp-block-column-is-layout-flow\">\n<figure class=\"wp-block-image size-full is-resized\"><a href=\"https:\/\/invictusgames2025.ca\/fr\/villages-invictus\/\"><img loading=\"lazy\" decoding=\"async\" width=\"810\" height=\"809\" src=\"https:\/\/invictusgames2025.ca\/wp-content\/uploads\/2024\/09\/Fanzone-placeholder-pictogram.svg\" alt=\"\" class=\"wp-image-2458\" style=\"width:335px;height:auto\"\/><\/a><\/figure>\n\n\n\n<p class=\"has-base-font-size\" style=\"text-transform:uppercase\"><strong>ZONE DES FANS<\/strong><\/p>\n<\/div>\n<\/div>\n<\/section>\n","protected":false},"excerpt":{"rendered":"<p>AU SUJET DU BIATHLON\u00a0\u00a0 Le biathlon allie l\u2019endurance du ski nordique \u00e0 la pr\u00e9cision du tir \u00e0 la cible, ce qui en fait l\u2019un des sports les plus exigeants sur les&#8230;<\/p>\n","protected":false},"author":6,"featured_media":0,"parent":429,"menu_order":0,"comment_status":"closed","ping_status":"closed","template":"","meta":{"_acf_changed":false,"_monsterinsights_skip_tracking":false,"_monsterinsights_sitenote_active":false,"_monsterinsights_sitenote_note":"","_monsterinsights_sitenote_category":0,"_uf_show_specific_survey":0,"_uf_disable_surveys":false,"footnotes":""},"class_list":["post-3841","page","type-page","status-publish","hentry"],"acf":[],"aioseo_notices":[],"_links":{"self":[{"href":"https:\/\/invictusgames2025.ca\/fr\/wp-json\/wp\/v2\/pages\/3841","targetHints":{"allow":["GET"]}}],"collection":[{"href":"https:\/\/invictusgames2025.ca\/fr\/wp-json\/wp\/v2\/pages"}],"about":[{"href":"https:\/\/invictusgames2025.ca\/fr\/wp-json\/wp\/v2\/types\/page"}],"author":[{"embeddable":true,"href":"https:\/\/invictusgames2025.ca\/fr\/wp-json\/wp\/v2\/users\/6"}],"replies":[{"embeddable":true,"href":"https:\/\/invictusgames2025.ca\/fr\/wp-json\/wp\/v2\/comments?post=3841"}],"version-history":[{"count":0,"href":"https:\/\/invictusgames2025.ca\/fr\/wp-json\/wp\/v2\/pages\/3841\/revisions"}],"up":[{"embeddable":true,"href":"https:\/\/invictusgames2025.ca\/fr\/wp-json\/wp\/v2\/pages\/429"}],"wp:attachment":[{"href":"https:\/\/invictusgames2025.ca\/fr\/wp-json\/wp\/v2\/media?parent=3841"}],"curies":[{"name":"wp","href":"https:\/\/api.w.org\/{rel}","templated":true}]}}