{"id":3834,"date":"2024-10-15T21:33:58","date_gmt":"2024-10-15T21:33:58","guid":{"rendered":"https:\/\/invictusgames2025.ca\/?page_id=3834"},"modified":"2024-11-13T22:41:43","modified_gmt":"2024-11-13T22:41:43","slug":"aviron-en-salle","status":"publish","type":"page","link":"https:\/\/invictusgames2025.ca\/fr\/invictus-games-2025\/aviron-en-salle\/","title":{"rendered":"Aviron en salle"},"content":{"rendered":"\n<header class=\"wp-block-group alignfull invictus-hero-group has-black-background-color has-background is-layout-constrained wp-block-group-is-layout-constrained\">\n<figure class=\"wp-block-video alignwide\"><video height=\"1440\" style=\"aspect-ratio: 2560 \/ 1440;\" width=\"2560\" autoplay controls loop src=\"https:\/\/invictusgames2025.ca\/wp-content\/uploads\/2024\/10\/NEW-ROWING-26-M-1.mp4\"><\/video><\/figure>\n<\/header>\n\n\n\n<div class=\"wp-block-group alignfull has-black-background-color has-background is-layout-constrained wp-block-group-is-layout-constrained\">\n<div class=\"wp-block-buttons is-content-justification-center is-layout-flex wp-container-core-buttons-is-layout-16018d1d wp-block-buttons-is-layout-flex\">\n<div class=\"wp-block-button has-custom-font-size is-style-fill has-base-font-size\"><a class=\"wp-block-button__link has-black-color has-yellow-background-color has-text-color has-background has-link-color wp-element-button\" href=\"https:\/\/www.ticketmaster.ca\/invictus-games-tickets\/artist\/2954948\"><strong>ACHETEZ VOS BILLETS MAINTENANT<\/strong><\/a><\/div>\n<\/div>\n<\/div>\n\n\n<div class=\"hidden lg:block invictus-branding-images has-white-background-color alignfull bg-cover bg-repeat-x bg-center\" style=\"background-image: url(https:\/\/invictusgames2025.ca\/wp-content\/uploads\/2024\/12\/divider-pattern.png);\"><\/div><div class=\"block lg:hidden invictus-branding-image-mobile has-white-background-color alignfull bg-cover bg-repeat-x bg-center h-[20px]\" style=\"background-image: url(https:\/\/invictusgames2025.ca\/wp-content\/uploads\/2024\/12\/divider-pattern.png);\"><\/div>\n\n\n<h3 class=\"wp-block-heading\"><strong>AU SUJET DE L\u2019AVIRON EN SALLE\u00a0\u00a0<\/strong><\/h3>\n\n\n\n<p>L\u2019aviron en salle aux Jeux Invictus Vancouver de Whistler 2025 est une puissante d\u00e9monstration d\u2019endurance et de force. La comp\u00e9tition, qui aura lieu le <strong>dimanche 16 f\u00e9vrier 2025<\/strong> au <strong>Vancouver Convention Centre (VCC)<\/strong>, verra les concurrentes et concurrents se mesurer au chronom\u00e8tre sur des machines \u00e0 ramer (ergom\u00e8tres), en s\u2019appuyant sur la puissance du haut de leur corps et leur force mentale pour conserver leur vitesse sur une distance donn\u00e9e. Ce sport adapt\u00e9 pousse les personnes participantes jusqu\u2019\u00e0 leurs limites physiques, coup apr\u00e8s coup, ce qui d\u00e9montre leur r\u00e9silience et leur d\u00e9termination tandis qu\u2019elles concourent en vue de r\u00e9aliser des records personnels.&nbsp;&nbsp;<\/p>\n\n\n\n<p>Au cours de cette \u00e9preuve de haute intensit\u00e9, les concurrentes et concurrents d\u00e9montreront non seulement leurs capacit\u00e9s physiques, mais ils c\u00e9l\u00e9breront \u00e9galement leur r\u00e9tablissement continu, ce qui mettra en \u00e9vidence l\u2019esprit de pers\u00e9v\u00e9rance et de force d\u2019Invictus.&nbsp;&nbsp;<\/p>\n\n\n\n<div style=\"height:35px\" aria-hidden=\"true\" class=\"wp-block-spacer\"><\/div>\n\n\n\n<section class=\"wp-block-group alignfull has-white-color has-black-background-color has-text-color has-background has-link-color wp-elements-0d54fc58fffe5a7376c60a9c857c0032 is-layout-constrained wp-block-group-is-layout-constrained\">\n<div class=\"wp-block-columns alignwide is-layout-flex wp-container-core-columns-is-layout-9d6595d7 wp-block-columns-is-layout-flex\">\n<div class=\"wp-block-column is-vertically-aligned-top has-white-color has-text-color has-link-color wp-elements-ccc84735e3a523f5dbefadb5aa1a8ec0 is-layout-flow wp-block-column-is-layout-flow\">\n<div class=\"wp-block-media-text is-stacked-on-mobile is-image-fill\"><figure class=\"wp-block-media-text__media\" style=\"background-image:url(https:\/\/invictusgames2025.ca\/wp-content\/uploads\/2024\/09\/Invictus-Games-Toronto-2017-1024x1024.jpg);background-position:50% 50%\"><img loading=\"lazy\" decoding=\"async\" width=\"1024\" height=\"1024\" src=\"https:\/\/invictusgames2025.ca\/wp-content\/uploads\/2024\/09\/Invictus-Games-Toronto-2017-1024x1024.jpg\" alt=\"\" class=\"wp-image-2799 size-full\" srcset=\"https:\/\/invictusgames2025.ca\/wp-content\/uploads\/2024\/09\/Invictus-Games-Toronto-2017-1024x1024.jpg 1024w, https:\/\/invictusgames2025.ca\/wp-content\/uploads\/2024\/09\/Invictus-Games-Toronto-2017-300x300.jpg 300w, https:\/\/invictusgames2025.ca\/wp-content\/uploads\/2024\/09\/Invictus-Games-Toronto-2017-150x150.jpg 150w, https:\/\/invictusgames2025.ca\/wp-content\/uploads\/2024\/09\/Invictus-Games-Toronto-2017-768x768.jpg 768w, https:\/\/invictusgames2025.ca\/wp-content\/uploads\/2024\/09\/Invictus-Games-Toronto-2017-1536x1536.jpg 1536w, https:\/\/invictusgames2025.ca\/wp-content\/uploads\/2024\/09\/Invictus-Games-Toronto-2017-2048x2048.jpg 2048w\" sizes=\"auto, (max-width: 1024px) 100vw, 1024px\" \/><\/figure><div class=\"wp-block-media-text__content\">\n<h3 class=\"wp-block-heading\" style=\"text-transform:uppercase\"><strong>QUELLES SONT LES R\u00c8GLES?\u00a0\u00a0<\/strong><\/h3>\n\n\n\n<p style=\"font-size:18px\">La comp\u00e9tition se d\u00e9roule sur des ergom\u00e8tres int\u00e9rieurs, qui sont des machines \u00e0 ramer stationnaires souvent utilis\u00e9es pour l\u2019entra\u00eenement et que l\u2019on appelle informellement \u00ab\u202fergs\u202f\u00bb (semblables aux machines \u00e0 ramer que l\u2019on trouve dans les salles de conditionnement).\u00a0\u00a0<\/p>\n\n\n\n<p style=\"font-size:18px\">Les concurrentes et concurrents peuvent adapter l\u2019ergom\u00e8tre \u00e0 leur handicap en utilisant de l\u2019\u00e9quipement adapt\u00e9, comme des si\u00e8ges avec dossier fix\u00e9s \u00e0 l\u2019aide de sangles, des si\u00e8ges plats fixes, des poign\u00e9es actives et des poign\u00e9es en D.\u00a0\u00a0<\/p>\n\n\n\n<p style=\"font-size:18px\">Il y a deux \u00e9preuves \u2013 les concurrentes et concurrents peuvent participer \u00e0 une seule \u00e9preuve ou aux deux\u202f:\u202f\u00a0\u00a0<\/p>\n\n\n\n<ul class=\"wp-block-list\">\n<li style=\"font-size:18px\">\u00c9preuve individuelle de sprint d\u2019une (1) minute\u00a0\u00a0<\/li>\n<\/ul>\n\n\n\n<ul style=\"font-size:18px\" class=\"wp-block-list\">\n<li style=\"font-size:18px\">\u00c9preuve individuelle d\u2019endurance de quatre (4) minutes\u00a0\u00a0<\/li>\n<\/ul>\n\n\n\n<p style=\"font-size:18px\">Les concurrentes et concurrents sont class\u00e9s en fonction de la distance parcourue pendant la dur\u00e9e fix\u00e9e (1\u202fminute ou 4\u202fminutes) et la personne qui parcourt la plus grande distance remporte la victoire.\u00a0\u00a0<\/p>\n<\/div><\/div>\n<\/div>\n<\/div>\n<\/section>\n\n\n\n<div style=\"height:35px\" aria-hidden=\"true\" class=\"wp-block-spacer\"><\/div>\n\n\n\n<h3 class=\"wp-block-heading\"><strong>PROCESSUS DE CAT\u00c9GORISATION DES CONCURRENTES ET DES CONCURRENTS\u00a0\u00a0<\/strong><\/h3>\n\n\n\n<p>Aux Jeux Invictus, le processus de cat\u00e9gorisation vise \u00e0 assurer la meilleure exp\u00e9rience possible aux concurrentes et concurrents. Les Jeux Invictus sont une comp\u00e9tition unique qui permet \u00e0 toutes les personnes participantes de concourir \u00e9quitablement dans tous les sports, peu importe leur handicap.&nbsp;&nbsp;<\/p>\n\n\n\n<p>Chaque sport a un syst\u00e8me de cat\u00e9gorisation qui lui est propre, car les blessures, les maladies et les handicaps touchent diff\u00e9remment chaque personne dans chaque sport. Et donc, chaque personne se voit attribuer une cat\u00e9gorie (p. ex., IT1, IJ4) pour chaque sport dans lequel elle concourt. Le syst\u00e8me de cat\u00e9gorisation mise sur l\u2019int\u00e9grit\u00e9 et l\u2019honn\u00eatet\u00e9 ainsi que sur une relation de collaboration entre les concurrentes et concurrents et le personnel de l\u2019\u00e9quipe.&nbsp;&nbsp;<\/p>\n\n\n\n<div style=\"height:27px\" aria-hidden=\"true\" class=\"wp-block-spacer\"><\/div>\n\n\n\n<div class=\"wp-block-group is-layout-constrained wp-block-group-is-layout-constrained\">\n<h3 class=\"wp-block-heading\"><strong>COMMENT LE SPORT EST-IL N\u00c9?\u00a0\u00a0<\/strong><\/h3>\n\n\n\n<p>Les d\u00e9buts de l\u2019aviron en salle remontant au 4<sup>e<\/sup> si\u00e8cle av. J.-C., en Gr\u00e8ce, quand des cadres de bois ont \u00e9t\u00e9 utilis\u00e9s dans l\u2019entra\u00eenement militaire afin de permettre aux rameurs novices de parfaire leur technique.\u202f\u00a0\u00a0<\/p>\n\n\n\n<h3 class=\"wp-block-heading\"><strong>COMBIEN D\u2019\u00c9QUIPES Y A-T-IL?\u00a0\u00a0<\/strong><\/h3>\n\n\n\n<p>L\u2019aviron en salle est un sport individuel, il n\u2019y a pas d\u2019\u00e9quipes.\u00a0\u00a0<\/p>\n\n\n\n<h3 class=\"wp-block-heading\"><strong>COMBIEN Y A-T-IL DE CONCURRENTES OU CONCURRENTS SUR LA PISTE EN M\u00caME TEMPS?\u00a0\u00a0<\/strong><\/h3>\n\n\n\n<p>Nous pr\u00e9voyons actuellement qu\u2019il y aura 30\u202fergom\u00e8tres sur le terrain de comp\u00e9tition en m\u00eame temps, ce qui signifie qu\u2019il pourrait y avoir jusqu\u2019\u00e0 30\u202fpersonnes qui concourent \u00e0 la fois!\u00a0\u00a0<\/p>\n\n\n\n<h3 class=\"wp-block-heading\"><strong>QUELLE EST LA DUR\u00c9E DES \u00c9PREUVES?\u00a0\u00a0<\/strong><\/h3>\n\n\n\n<ul class=\"wp-block-list\">\n<li>Les concurrentes et concurrents doivent participer \u00e0 une \u00e9preuve individuelle de sprint d\u2019une (1) minute et\/ou \u00e0 une \u00e9preuve individuelle d\u2019endurance de quatre (4) minutes.\u00a0\u00a0<\/li>\n<\/ul>\n\n\n\n<ul class=\"wp-block-list\">\n<li>La comp\u00e9tition se terminera quand toutes les personnes participantes auront termin\u00e9 la \u00ab\u202fcourse\u202f\u00bb de leur choix.\u00a0\u00a0<\/li>\n<\/ul>\n\n\n\n<h3 class=\"wp-block-heading\"><strong>S\u2019AGIT-IL D\u2019UN NOUVEAU SPORT POUR LES JEUX INVICTUS?\u00a0\u00a0<\/strong><\/h3>\n\n\n\n<p>L\u2019aviron en salle a fait partie du programme des tout premiers Jeux Invictus en\u202f2014 et est pr\u00e9sent\u00e9 \u00e0 chaque \u00e9dition des Jeux Invictus depuis!\u00a0\u00a0<\/p>\n\n\n\n<div style=\"height:35px\" aria-hidden=\"true\" class=\"wp-block-spacer\"><\/div>\n<\/div>\n\n\n\n<section class=\"wp-block-group alignfull has-white-color has-yellow-background-color has-text-color has-background has-link-color wp-elements-9fd40eb67ec949ef2e4168091350db8e is-layout-constrained wp-block-group-is-layout-constrained\">\n<div class=\"wp-block-media-text is-stacked-on-mobile is-image-fill\"><figure class=\"wp-block-media-text__media\" style=\"background-image:url(https:\/\/invictusgames2025.ca\/wp-content\/uploads\/2024\/09\/David-Young-1024x683.jpg);background-position:58% 14%\"><img loading=\"lazy\" decoding=\"async\" width=\"1024\" height=\"683\" src=\"https:\/\/invictusgames2025.ca\/wp-content\/uploads\/2024\/09\/David-Young-1024x683.jpg\" alt=\"\" class=\"wp-image-2801 size-full\" srcset=\"https:\/\/invictusgames2025.ca\/wp-content\/uploads\/2024\/09\/David-Young-1024x683.jpg 1024w, https:\/\/invictusgames2025.ca\/wp-content\/uploads\/2024\/09\/David-Young-300x200.jpg 300w, https:\/\/invictusgames2025.ca\/wp-content\/uploads\/2024\/09\/David-Young-768x512.jpg 768w, https:\/\/invictusgames2025.ca\/wp-content\/uploads\/2024\/09\/David-Young-1536x1024.jpg 1536w, https:\/\/invictusgames2025.ca\/wp-content\/uploads\/2024\/09\/David-Young-2048x1365.jpg 2048w, https:\/\/invictusgames2025.ca\/wp-content\/uploads\/2024\/09\/David-Young-466x310.jpg 466w\" sizes=\"auto, (max-width: 1024px) 100vw, 1024px\" \/><\/figure><div class=\"wp-block-media-text__content\">\n<div class=\"wp-block-group has-black-color has-text-color has-link-color wp-elements-88123833c067b7064bcf63245b9272ab is-layout-constrained wp-block-group-is-layout-constrained\">\n<h3 class=\"wp-block-heading\"><strong>FAITS INT\u00c9RESSANTS\u00a0\u00a0<\/strong><\/h3>\n\n\n\n<ul class=\"wp-block-list\">\n<li style=\"font-size:18px\">L\u2019aviron en salle est le seul sport des Jeux Invictus de 2025 \u00e0 comporter une cat\u00e9gorie pour les Ma\u00eetres\u202f: au sein de la cat\u00e9gorie IR6 (cat\u00e9gorie ouverte et handicap fonctionnel minimal), la comp\u00e9tition comportera deux divisions, une pour les concurrentes et concurrents de moins de 40\u202fans et une pour celles et ceux de 40\u202fans et plus qui participeront \u00e0 la comp\u00e9tition des Ma\u00eetres.\u00a0\u00a0<\/li>\n<\/ul>\n\n\n\n<ul class=\"wp-block-list\">\n<li style=\"font-size:18px\">L\u2019aviron en salle est en g\u00e9n\u00e9ral un des sports les plus populaires en termes du nombre de concurrentes et de concurrents inscrits aux Jeux Invictus.\u00a0\u00a0<\/li>\n<\/ul>\n<\/div>\n<\/div><\/div>\n<\/section>\n\n\n\n<section class=\"wp-block-group alignfull has-black-background-color has-background is-layout-constrained wp-block-group-is-layout-constrained\">\n<div class=\"wp-block-columns alignwide has-white-color has-text-color has-link-color wp-elements-52ca488052e47910676e03b3eff20e2b is-layout-flex wp-container-core-columns-is-layout-9d6595d7 wp-block-columns-is-layout-flex\">\n<div class=\"wp-block-column is-layout-flow wp-block-column-is-layout-flow\">\n<figure class=\"wp-block-image size-full is-resized\"><a href=\"https:\/\/invictusgames2025.ca\/fr\/billets-de-ceremonie\/\"><img loading=\"lazy\" decoding=\"async\" width=\"507\" height=\"500\" src=\"https:\/\/invictusgames2025.ca\/wp-content\/uploads\/2024\/09\/BC-Place-Pictogram.svg\" alt=\"\" class=\"wp-image-2452\" style=\"width:323px;height:auto\"\/><\/a><\/figure>\n\n\n\n<p class=\"has-regular-font-size\" style=\"text-transform:uppercase\"><strong>C\u00e9r\u00e9monies<\/strong><a href=\"https:\/\/invictusgames2025.ca\/fr\/information-sur-la-billetterie\/\"><\/a><\/p>\n\n\n\n<p class=\"has-regular-font-size\" style=\"text-transform:uppercase\"><a href=\"https:\/\/invictusgames2025.ca\/fr\/evenements-sportifs\/\"><\/a><a href=\"https:\/\/invictusgames2025.ca\/fr\/evenements-sportifs\/\"><\/a><\/p>\n<\/div>\n\n\n\n<div class=\"wp-block-column is-layout-flow wp-block-column-is-layout-flow\">\n<figure class=\"wp-block-image size-full is-resized\"><a href=\"https:\/\/invictusgames2025.ca\/fr\/evenements-sportifs\/\"><img loading=\"lazy\" decoding=\"async\" width=\"562\" height=\"562\" src=\"https:\/\/invictusg25stg.wpenginepowered.com\/wp-content\/uploads\/2024\/02\/snowboarding.png\" alt=\"Snowboarding Pictogram\" class=\"wp-image-698\" style=\"width:336px;height:auto\" srcset=\"https:\/\/invictusgames2025.ca\/wp-content\/uploads\/2024\/02\/snowboarding.png 562w, https:\/\/invictusgames2025.ca\/wp-content\/uploads\/2024\/02\/snowboarding-300x300.png 300w, https:\/\/invictusgames2025.ca\/wp-content\/uploads\/2024\/02\/snowboarding-150x150.png 150w\" sizes=\"auto, (max-width: 562px) 100vw, 562px\" \/><\/a><\/figure>\n\n\n\n<p class=\"has-base-font-size\" style=\"text-transform:uppercase\"><strong>SPORT <\/strong><\/p>\n<\/div>\n\n\n\n<div class=\"wp-block-column is-layout-flow wp-block-column-is-layout-flow\">\n<figure class=\"wp-block-image size-full is-resized\"><a href=\"https:\/\/invictusgames2025.ca\/fr\/villages-invictus\/\"><img loading=\"lazy\" decoding=\"async\" width=\"810\" height=\"809\" src=\"https:\/\/invictusgames2025.ca\/wp-content\/uploads\/2024\/09\/Fanzone-placeholder-pictogram.svg\" alt=\"\" class=\"wp-image-2458\" style=\"width:335px;height:auto\"\/><\/a><\/figure>\n\n\n\n<p class=\"has-base-font-size\" style=\"text-transform:uppercase\"><strong>ZONE DES FANS<\/strong><\/p>\n<\/div>\n<\/div>\n<\/section>\n","protected":false},"excerpt":{"rendered":"<p>AU SUJET DE L\u2019AVIRON EN SALLE\u00a0\u00a0 L\u2019aviron en salle aux Jeux Invictus Vancouver de Whistler 2025 est une puissante d\u00e9monstration d\u2019endurance et de force. La&#8230;<\/p>\n","protected":false},"author":6,"featured_media":0,"parent":429,"menu_order":0,"comment_status":"closed","ping_status":"closed","template":"","meta":{"_acf_changed":false,"_monsterinsights_skip_tracking":false,"_monsterinsights_sitenote_active":false,"_monsterinsights_sitenote_note":"","_monsterinsights_sitenote_category":0,"_uf_show_specific_survey":0,"_uf_disable_surveys":false,"footnotes":""},"class_list":["post-3834","page","type-page","status-publish","hentry"],"acf":[],"aioseo_notices":[],"_links":{"self":[{"href":"https:\/\/invictusgames2025.ca\/fr\/wp-json\/wp\/v2\/pages\/3834","targetHints":{"allow":["GET"]}}],"collection":[{"href":"https:\/\/invictusgames2025.ca\/fr\/wp-json\/wp\/v2\/pages"}],"about":[{"href":"https:\/\/invictusgames2025.ca\/fr\/wp-json\/wp\/v2\/types\/page"}],"author":[{"embeddable":true,"href":"https:\/\/invictusgames2025.ca\/fr\/wp-json\/wp\/v2\/users\/6"}],"replies":[{"embeddable":true,"href":"https:\/\/invictusgames2025.ca\/fr\/wp-json\/wp\/v2\/comments?post=3834"}],"version-history":[{"count":0,"href":"https:\/\/invictusgames2025.ca\/fr\/wp-json\/wp\/v2\/pages\/3834\/revisions"}],"up":[{"embeddable":true,"href":"https:\/\/invictusgames2025.ca\/fr\/wp-json\/wp\/v2\/pages\/429"}],"wp:attachment":[{"href":"https:\/\/invictusgames2025.ca\/fr\/wp-json\/wp\/v2\/media?parent=3834"}],"curies":[{"name":"wp","href":"https:\/\/api.w.org\/{rel}","templated":true}]}}