{"id":3826,"date":"2024-10-11T22:54:13","date_gmt":"2024-10-11T22:54:13","guid":{"rendered":"https:\/\/invictusgames2025.ca\/invictus-games-2025\/skeleton\/"},"modified":"2025-01-07T00:03:15","modified_gmt":"2025-01-07T00:03:15","slug":"skeleton","status":"publish","type":"page","link":"https:\/\/invictusgames2025.ca\/fr\/invictus-games-2025\/skeleton\/","title":{"rendered":"Skeleton"},"content":{"rendered":"\n<header class=\"wp-block-group alignfull invictus-hero-group has-black-background-color has-background is-layout-constrained wp-block-group-is-layout-constrained\">\n<figure class=\"wp-block-video alignwide\"><video height=\"1080\" style=\"aspect-ratio: 1920 \/ 1080;\" width=\"1920\" autoplay controls loop src=\"https:\/\/invictusgames2025.ca\/wp-content\/uploads\/2024\/10\/Skeleton-22-M-1.mp4\"><\/video><\/figure>\n<\/header>\n\n\n<div class=\"hidden lg:block invictus-branding-images has-white-background-color alignfull bg-cover bg-repeat-x bg-center\" style=\"background-image: url(https:\/\/invictusgames2025.ca\/wp-content\/uploads\/2024\/12\/divider-pattern.png);\"><\/div><div class=\"block lg:hidden invictus-branding-image-mobile has-white-background-color alignfull bg-cover bg-repeat-x bg-center h-[20px]\" style=\"background-image: url(https:\/\/invictusgames2025.ca\/wp-content\/uploads\/2024\/12\/divider-pattern.png);\"><\/div>\n\n\n<h3 class=\"wp-block-heading\"><strong>AU SUJET DU SKELETON&nbsp;&nbsp;<\/strong><\/h3>\n\n\n\n<p>Le skeleton est un sport d\u2019hiver dans lequel les athl\u00e8tes d\u00e9valent t\u00eate premi\u00e8re une piste glac\u00e9e sur un petit tra\u00eeneau. Cette comp\u00e9tition palpitante, qui aura lieu au <strong>Centre des sports de glisse de Whistler<\/strong> le <strong>jeudi 9 f\u00e9vrier 2025<\/strong>, poussera les personnes participantes \u00e0 affronter leurs peurs et \u00e0 avoir confiance en leurs capacit\u00e9s alors qu\u2019elles doivent composer avec les tours et les virages du parcours.\u00a0\u00a0<\/p>\n\n\n\n<div style=\"height:35px\" aria-hidden=\"true\" class=\"wp-block-spacer\"><\/div>\n\n\n\n<section class=\"wp-block-group alignfull has-white-color has-black-background-color has-text-color has-background has-link-color wp-elements-494dbf7ba3f570fcbd1250b82a789320 is-layout-constrained wp-block-group-is-layout-constrained\">\n<div class=\"wp-block-columns alignwide is-layout-flex wp-container-core-columns-is-layout-9d6595d7 wp-block-columns-is-layout-flex\">\n<div class=\"wp-block-column is-vertically-aligned-top has-white-color has-text-color has-link-color wp-elements-5a539756a0e7984b7cd8d79c3eedaf56 is-layout-flow wp-block-column-is-layout-flow\">\n<div class=\"wp-block-media-text is-stacked-on-mobile is-image-fill\"><figure class=\"wp-block-media-text__media\" style=\"background-image:url(https:\/\/invictusgames2025.ca\/wp-content\/uploads\/2024\/09\/Jeremy-Allen-4-1-1-1024x683.jpg);background-position:50% 50%\"><img loading=\"lazy\" decoding=\"async\" width=\"1024\" height=\"683\" src=\"https:\/\/invictusgames2025.ca\/wp-content\/uploads\/2024\/09\/Jeremy-Allen-4-1-1-1024x683.jpg\" alt=\"\" class=\"wp-image-2774 size-full\" srcset=\"https:\/\/invictusgames2025.ca\/wp-content\/uploads\/2024\/09\/Jeremy-Allen-4-1-1-1024x683.jpg 1024w, https:\/\/invictusgames2025.ca\/wp-content\/uploads\/2024\/09\/Jeremy-Allen-4-1-1-300x200.jpg 300w, https:\/\/invictusgames2025.ca\/wp-content\/uploads\/2024\/09\/Jeremy-Allen-4-1-1-768x512.jpg 768w, https:\/\/invictusgames2025.ca\/wp-content\/uploads\/2024\/09\/Jeremy-Allen-4-1-1-1536x1025.jpg 1536w, https:\/\/invictusgames2025.ca\/wp-content\/uploads\/2024\/09\/Jeremy-Allen-4-1-1-466x310.jpg 466w\" sizes=\"auto, (max-width: 1024px) 100vw, 1024px\" \/><\/figure><div class=\"wp-block-media-text__content\">\n<h3 class=\"wp-block-heading\" style=\"text-transform:uppercase\"><strong>QUELLES SONT LES R\u00c8GLES?&nbsp;&nbsp;<\/strong><\/h3>\n\n\n\n<ul class=\"wp-block-list\">\n<li style=\"font-size:18px\">Le skeleton est un sport de glisse d\u2019hiver. Les concurrentes ou concurrents parcourent une piste glac\u00e9e sur un petit tra\u00eeneau, couch\u00e9 sur le ventre, t\u00eate premi\u00e8re. Aux Jeux Invictus de Vancouver Whistler 2025, la comp\u00e9tition se fera de la station de d\u00e9part \u00ab\u202fMaple Leaf\u202f\u00bb pour les concurrentes et concurrents non professionnels, jusqu\u2019au fil d\u2019arriv\u00e9e.&nbsp;&nbsp;<\/li>\n<\/ul>\n\n\n\n<ul class=\"wp-block-list\">\n<li style=\"font-size:18px\">La concurrente ou le concurrent qui inscrit le temps le plus rapide remporte la victoire!&nbsp;&nbsp;<\/li>\n<\/ul>\n\n\n\n<ul class=\"wp-block-list\">\n<li style=\"font-size:18px\">Tous les d\u00e9parts sont contr\u00f4l\u00e9s par une personne officielle qui immobilise le tra\u00eeneau avant de le rel\u00e2cher sur la ligne de d\u00e9part afin de maximiser la s\u00e9curit\u00e9.&nbsp;&nbsp;<\/li>\n<\/ul>\n\n\n\n<ul class=\"wp-block-list\">\n<li style=\"font-size:18px\">Les concurrentes et concurrents qui s\u2019inscrivent pour la comp\u00e9tition de skeleton feront l\u2019objet d\u2019un examen approfondi par un groupe d\u2019expertes et d\u2019experts m\u00e9dicaux et techniques qui v\u00e9rifieront et approuveront leur capacit\u00e9 \u00e0 participer \u00e0 la comp\u00e9tition en toute s\u00e9curit\u00e9 et \u00e0 respecter les exigences en mati\u00e8re de sant\u00e9 et de s\u00e9curit\u00e9 de l\u2019installation.&nbsp;&nbsp;<\/li>\n<\/ul>\n<\/div><\/div>\n<\/div>\n<\/div>\n<\/section>\n\n\n\n<div style=\"height:35px\" aria-hidden=\"true\" class=\"wp-block-spacer\"><\/div>\n\n\n\n<h3 class=\"wp-block-heading\"><br><br><strong>PROCESSUS DE CAT\u00c9GORISATION DES CONCURRENTES ET DES CONCURRENTS <br><\/strong><\/h3>\n\n\n\n<p>Aux Jeux Invictus, le processus de cat\u00e9gorisation vise \u00e0 assurer la meilleure exp\u00e9rience possible aux concurrentes et concurrents. Les Jeux Invictus sont une comp\u00e9tition unique qui permet \u00e0 toutes les personnes participantes de concourir \u00e9quitablement dans tous les sports, peu importe leur handicap.<\/p>\n\n\n\n<p>Chaque sport a un syst\u00e8me de cat\u00e9gorisation qui lui est propre, car les blessures, les maladies et les handicaps touchent diff\u00e9remment chaque personne dans chaque sport. Et donc, chaque personne se voit attribuer une cat\u00e9gorie (p. ex., IT1, IJ4) pour chaque sport dans lequel elle concourt. Le syst\u00e8me de cat\u00e9gorisation mise sur l\u2019int\u00e9grit\u00e9 et l\u2019honn\u00eatet\u00e9 ainsi que sur une relation de collaboration entre les concurrentes et concurrents et le personnel de l\u2019\u00e9quipe.<\/p>\n\n\n\n<div style=\"height:28px\" aria-hidden=\"true\" class=\"wp-block-spacer\"><\/div>\n\n\n\n<div class=\"wp-block-group is-layout-constrained wp-block-group-is-layout-constrained\">\n<h3 class=\"wp-block-heading\"><strong>COMBIEN Y A-T-IL DE CONCURRENTES OU CONCURRENTS SUR LA PISTE EN M\u00caME TEMPS?&nbsp;&nbsp;<\/strong><\/h3>\n\n\n\n<p>Une seule concurrente ou un seul concurrent doit se trouver sur la piste \u00e0 la fois.&nbsp;&nbsp;<\/p>\n\n\n\n<h3 class=\"wp-block-heading\"><strong>QUELLE EST LA LONGUEUR DU PARCOURS?&nbsp;&nbsp;<\/strong><\/h3>\n\n\n\n<p>Les concurrentes et concurrents utiliseront la station de d\u00e9part Maple Leaf, qui se trouve \u00e0 842\u202fm d\u2019\u00e9l\u00e9vation.&nbsp;&nbsp;<\/p>\n\n\n\n<h3 class=\"wp-block-heading\"><strong>QUELLE EST LA DUR\u00c9E D\u2019UNE DESCENTE?&nbsp;&nbsp;<\/strong><\/h3>\n\n\n\n<p>Il faut environ deux minutes par personne \u00e0 partir du d\u00e9but de sa descente et le d\u00e9part de la personne suivante, ce qui comprend le temps n\u00e9cessaire pour d\u00e9gager le parcours.&nbsp;&nbsp;<\/p>\n\n\n\n<h3 class=\"wp-block-heading\"><strong>COMMENT LE SPORT EST-IL N\u00c9?&nbsp;&nbsp;<\/strong><\/h3>\n\n\n\n<ul class=\"wp-block-list\">\n<li>Le skeleton est probablement originaire de la Suisse, et aurait \u00e9t\u00e9 invent\u00e9 par des soldats anglais en 1882. Ils ont cr\u00e9\u00e9 des pistes de luge comportant divers virages, en ajoutant des courbes pour qu\u2019elles soient plus difficiles \u00e0 man\u0153uvrer.&nbsp;&nbsp;<\/li>\n<\/ul>\n\n\n\n<h3 class=\"wp-block-heading\"><strong>S\u2019AGIT-IL D\u2019UN NOUVEAU SPORT POUR LES JEUX INVICTUS?&nbsp;&nbsp;<\/strong><\/h3>\n\n\n\n<p>Oui! Il s\u2019agit d\u2019un tout nouveau sport pour les Jeux Invictus!&nbsp;&nbsp;<\/p>\n\n\n\n<div style=\"height:35px\" aria-hidden=\"true\" class=\"wp-block-spacer\"><\/div>\n<\/div>\n\n\n\n<section class=\"wp-block-group alignfull has-white-color has-yellow-background-color has-text-color has-background has-link-color wp-elements-aeed98536f15baa28da1f5edaa3d2cad is-layout-constrained wp-block-group-is-layout-constrained\">\n<div class=\"wp-block-media-text is-stacked-on-mobile is-image-fill\"><figure class=\"wp-block-media-text__media\" style=\"background-image:url(https:\/\/invictusgames2025.ca\/wp-content\/uploads\/2024\/09\/Jeremy-Allen-1-1024x683.jpg);background-position:50% 50%\"><img loading=\"lazy\" decoding=\"async\" width=\"1024\" height=\"683\" src=\"https:\/\/invictusgames2025.ca\/wp-content\/uploads\/2024\/09\/Jeremy-Allen-1-1024x683.jpg\" alt=\"\" class=\"wp-image-2776 size-full\" srcset=\"https:\/\/invictusgames2025.ca\/wp-content\/uploads\/2024\/09\/Jeremy-Allen-1-1024x683.jpg 1024w, https:\/\/invictusgames2025.ca\/wp-content\/uploads\/2024\/09\/Jeremy-Allen-1-300x200.jpg 300w, https:\/\/invictusgames2025.ca\/wp-content\/uploads\/2024\/09\/Jeremy-Allen-1-768x512.jpg 768w, https:\/\/invictusgames2025.ca\/wp-content\/uploads\/2024\/09\/Jeremy-Allen-1-1536x1025.jpg 1536w, https:\/\/invictusgames2025.ca\/wp-content\/uploads\/2024\/09\/Jeremy-Allen-1-466x310.jpg 466w\" sizes=\"auto, (max-width: 1024px) 100vw, 1024px\" \/><\/figure><div class=\"wp-block-media-text__content\">\n<div class=\"wp-block-group has-black-color has-text-color has-link-color wp-elements-930a62d9dd5f9188bf493f5dcb180785 is-layout-constrained wp-block-group-is-layout-constrained\">\n<h3 class=\"wp-block-heading\"><strong>FAITS INT\u00c9RESSANTS&nbsp;&nbsp;<\/strong><\/h3>\n\n\n\n<ul class=\"wp-block-list\">\n<li style=\"font-size:18px\">Pour les Jeux Invictus de Vancouver Whistler\u202f2025, le skeleton aura lieu au Centre des sports de glisse de Whistler (WSC). Cette installation est l\u2019une des quinze pistes sanctionn\u00e9es au monde.&nbsp;&nbsp;<\/li>\n<\/ul>\n\n\n\n<ul class=\"wp-block-list\">\n<li style=\"font-size:18px\">Les concurrentes et concurrents des Jeux Invictus pourraient atteindre des vitesses maximales de 100\u202fkm\/h!&nbsp;&nbsp;<\/li>\n<\/ul>\n\n\n\n<ul class=\"wp-block-list\">\n<li style=\"font-size:18px\">Le skeleton teste la force, la finesse et le courage des concurrentes et des concurrents.&nbsp;&nbsp;<\/li>\n<\/ul>\n<\/div>\n<\/div><\/div>\n<\/section>\n\n\n\n<section class=\"wp-block-group alignfull has-black-background-color has-background is-layout-constrained wp-block-group-is-layout-constrained\">\n<div class=\"wp-block-columns alignwide has-white-color has-text-color has-link-color wp-elements-bd8c34c77fffcd1a639cc69ebb73e4ba is-layout-flex wp-container-core-columns-is-layout-9d6595d7 wp-block-columns-is-layout-flex\">\n<div class=\"wp-block-column is-layout-flow wp-block-column-is-layout-flow\">\n<figure class=\"wp-block-image size-full is-resized\"><a href=\"https:\/\/invictusgames2025.ca\/fr\/billets-de-ceremonie\/\"><img decoding=\"async\" src=\"https:\/\/invictusg25stg.wpenginepowered.com\/wp-content\/uploads\/2024\/09\/BC-Place-3.svg\" alt=\"\" class=\"wp-image-2595\" style=\"width:339px;height:auto\"\/><\/a><\/figure>\n\n\n\n<p class=\"has-regular-font-size\" style=\"text-transform:uppercase\"><strong>CEREMONIES<\/strong><\/p>\n<\/div>\n\n\n\n<div class=\"wp-block-column is-layout-flow wp-block-column-is-layout-flow\">\n<figure class=\"wp-block-image size-full is-resized\"><a href=\"https:\/\/invictusgames2025.ca\/fr\/evenements-sportifs\/\"><img loading=\"lazy\" decoding=\"async\" width=\"562\" height=\"562\" src=\"https:\/\/invictusg25stg.wpenginepowered.com\/wp-content\/uploads\/2024\/02\/snowboarding.png\" alt=\"Snowboarding Pictogram\" class=\"wp-image-698\" style=\"width:336px;height:auto\" srcset=\"https:\/\/invictusgames2025.ca\/wp-content\/uploads\/2024\/02\/snowboarding.png 562w, https:\/\/invictusgames2025.ca\/wp-content\/uploads\/2024\/02\/snowboarding-300x300.png 300w, https:\/\/invictusgames2025.ca\/wp-content\/uploads\/2024\/02\/snowboarding-150x150.png 150w\" sizes=\"auto, (max-width: 562px) 100vw, 562px\" \/><\/a><\/figure>\n\n\n\n<p class=\"has-base-font-size\" style=\"text-transform:uppercase\"><strong>SPORT <\/strong><\/p>\n<\/div>\n\n\n\n<div class=\"wp-block-column is-layout-flow wp-block-column-is-layout-flow\">\n<figure class=\"wp-block-image size-full is-resized\"><a href=\"https:\/\/invictusgames2025.ca\/fr\/villages-invictus\/\"><img loading=\"lazy\" decoding=\"async\" width=\"810\" height=\"809\" src=\"https:\/\/invictusgames2025.ca\/wp-content\/uploads\/2024\/09\/Fanzone-placeholder-pictogram.svg\" alt=\"\" class=\"wp-image-2458\" style=\"width:335px;height:auto\"\/><\/a><\/figure>\n\n\n\n<p class=\"has-base-font-size\" style=\"text-transform:uppercase\"><strong>invictus village<\/strong><\/p>\n<\/div>\n<\/div>\n<\/section>\n","protected":false},"excerpt":{"rendered":"<p>AU SUJET DU SKELETON&nbsp;&nbsp; Le skeleton est un sport d\u2019hiver dans lequel les athl\u00e8tes d\u00e9valent t\u00eate premi\u00e8re une piste glac\u00e9e sur un petit tra\u00eeneau. Cette&#8230;<\/p>\n","protected":false},"author":6,"featured_media":0,"parent":429,"menu_order":0,"comment_status":"closed","ping_status":"closed","template":"","meta":{"_acf_changed":false,"_monsterinsights_skip_tracking":false,"_monsterinsights_sitenote_active":false,"_monsterinsights_sitenote_note":"","_monsterinsights_sitenote_category":0,"_uf_show_specific_survey":0,"_uf_disable_surveys":false,"footnotes":""},"class_list":["post-3826","page","type-page","status-publish","hentry"],"acf":[],"aioseo_notices":[],"_links":{"self":[{"href":"https:\/\/invictusgames2025.ca\/fr\/wp-json\/wp\/v2\/pages\/3826","targetHints":{"allow":["GET"]}}],"collection":[{"href":"https:\/\/invictusgames2025.ca\/fr\/wp-json\/wp\/v2\/pages"}],"about":[{"href":"https:\/\/invictusgames2025.ca\/fr\/wp-json\/wp\/v2\/types\/page"}],"author":[{"embeddable":true,"href":"https:\/\/invictusgames2025.ca\/fr\/wp-json\/wp\/v2\/users\/6"}],"replies":[{"embeddable":true,"href":"https:\/\/invictusgames2025.ca\/fr\/wp-json\/wp\/v2\/comments?post=3826"}],"version-history":[{"count":0,"href":"https:\/\/invictusgames2025.ca\/fr\/wp-json\/wp\/v2\/pages\/3826\/revisions"}],"up":[{"embeddable":true,"href":"https:\/\/invictusgames2025.ca\/fr\/wp-json\/wp\/v2\/pages\/429"}],"wp:attachment":[{"href":"https:\/\/invictusgames2025.ca\/fr\/wp-json\/wp\/v2\/media?parent=3826"}],"curies":[{"name":"wp","href":"https:\/\/api.w.org\/{rel}","templated":true}]}}