{"id":3823,"date":"2024-10-15T21:37:05","date_gmt":"2024-10-15T21:37:05","guid":{"rendered":"https:\/\/invictusgames2025.ca\/?page_id=3823"},"modified":"2024-11-13T00:30:53","modified_gmt":"2024-11-13T00:30:53","slug":"la-natation","status":"publish","type":"page","link":"https:\/\/invictusgames2025.ca\/fr\/invictus-games-2025\/la-natation\/","title":{"rendered":"LA NATATION\u00a0\u00a0"},"content":{"rendered":"\n<header class=\"wp-block-group alignfull invictus-hero-group has-black-background-color has-background is-layout-constrained wp-block-group-is-layout-constrained\">\n<figure class=\"wp-block-video alignwide\"><video height=\"1440\" style=\"aspect-ratio: 2560 \/ 1440;\" width=\"2560\" autoplay controls loop src=\"https:\/\/invictusgames2025.ca\/wp-content\/uploads\/2024\/10\/Swimming-26-M-1.mp4\"><\/video><\/figure>\n<\/header>\n\n\n<div class=\"hidden lg:block invictus-branding-images has-white-background-color alignfull bg-cover bg-repeat-x bg-center\" style=\"background-image: url(https:\/\/invictusgames2025.ca\/wp-content\/uploads\/2024\/12\/divider-pattern.png);\"><\/div><div class=\"block lg:hidden invictus-branding-image-mobile has-white-background-color alignfull bg-cover bg-repeat-x bg-center h-[20px]\" style=\"background-image: url(https:\/\/invictusgames2025.ca\/wp-content\/uploads\/2024\/12\/divider-pattern.png);\"><\/div>\n\n\n<h3 class=\"wp-block-heading\"><strong>AU SUJET DE LA NATATION\u00a0\u00a0<\/strong><\/h3>\n\n\n\n<p>La natation fait partie des sports de base des Jeux Invictus. Les concurrentes et concurrents se mesurent entre eux dans l\u2019eau au moyen de techniques adapt\u00e9es \u00e0 leurs capacit\u00e9s. C\u2019est un sport qui exige \u00e0 la fois de la vitesse et de l\u2019endurance, car les participantes et participants doivent s\u2019\u00e9vertuer de terminer le plus vite possible la course. Chaque nage dans la piscine repr\u00e9sente une \u00e9tape du r\u00e9tablissement de chacune des concurrentes et de chacun des concurrents et souligne leur force, leur d\u00e9termination ainsi que les bienfaits physiques et psychologiques du sport au cours de leur cheminement vers la gu\u00e9rison.\u00a0\u00a0<\/p>\n\n\n\n<div style=\"height:35px\" aria-hidden=\"true\" class=\"wp-block-spacer\"><\/div>\n\n\n\n<section class=\"wp-block-group alignfull has-white-color has-black-background-color has-text-color has-background has-link-color wp-elements-e732bb26f890f7f344cb512ab00ea855 is-layout-constrained wp-block-group-is-layout-constrained\">\n<div class=\"wp-block-columns alignwide is-layout-flex wp-container-core-columns-is-layout-9d6595d7 wp-block-columns-is-layout-flex\">\n<div class=\"wp-block-column is-vertically-aligned-top has-white-color has-text-color has-link-color wp-elements-63b1eb5b592acd43838e6ceaa5f24eba is-layout-flow wp-block-column-is-layout-flow\">\n<div class=\"wp-block-media-text is-stacked-on-mobile is-image-fill\"><figure class=\"wp-block-media-text__media\" style=\"background-image:url(https:\/\/invictusgames2025.ca\/wp-content\/uploads\/2024\/09\/2023-Getty-Images-3-1024x683.jpg);background-position:53% 29%\"><img loading=\"lazy\" decoding=\"async\" width=\"1024\" height=\"683\" src=\"https:\/\/invictusgames2025.ca\/wp-content\/uploads\/2024\/09\/2023-Getty-Images-3-1024x683.jpg\" alt=\"\" class=\"wp-image-2809 size-full\" srcset=\"https:\/\/invictusgames2025.ca\/wp-content\/uploads\/2024\/09\/2023-Getty-Images-3-1024x683.jpg 1024w, https:\/\/invictusgames2025.ca\/wp-content\/uploads\/2024\/09\/2023-Getty-Images-3-300x200.jpg 300w, https:\/\/invictusgames2025.ca\/wp-content\/uploads\/2024\/09\/2023-Getty-Images-3-768x512.jpg 768w, https:\/\/invictusgames2025.ca\/wp-content\/uploads\/2024\/09\/2023-Getty-Images-3-1536x1024.jpg 1536w, https:\/\/invictusgames2025.ca\/wp-content\/uploads\/2024\/09\/2023-Getty-Images-3-2048x1365.jpg 2048w, https:\/\/invictusgames2025.ca\/wp-content\/uploads\/2024\/09\/2023-Getty-Images-3-466x310.jpg 466w\" sizes=\"auto, (max-width: 1024px) 100vw, 1024px\" \/><\/figure><div class=\"wp-block-media-text__content\">\n<h3 class=\"wp-block-heading\" style=\"text-transform:uppercase\"><strong>QUELLES SONT LES R\u00c8GLES?\u00a0\u00a0<\/strong><\/h3>\n\n\n\n<p style=\"font-size:18px\">On compte quatre \u00e9preuves individuelles\u202f:\u00a0\u00a0<\/p>\n\n\n\n<ul class=\"wp-block-list\">\n<li style=\"font-size:18px\">50\u202fm style libre\u00a0\u00a0<\/li>\n\n\n\n<li style=\"font-size:18px\">50\u202fm dos\u00a0\u00a0<\/li>\n\n\n\n<li style=\"font-size:18px\">50\u202fm brasse\u00a0\u00a0<\/li>\n\n\n\n<li style=\"font-size:18px\">100\u202fm style libre\u00a0\u00a0<\/li>\n<\/ul>\n\n\n\n<p style=\"font-size:18px\">On compte \u00e9galement une \u00e9preuve de relais (par \u00e9quipes)\u202f:\u00a0\u00a0<\/p>\n\n\n\n<ul class=\"wp-block-list\">\n<li style=\"font-size:18px\">4\u202fx\u202f50\u202fm style libre\u00a0\u00a0<\/li>\n<\/ul>\n\n\n\n<p style=\"font-size:18px\">Des s\u00e9ries seront pr\u00e9sent\u00e9es s\u2019il y a au moins huit concurrentes ou concurrents inscrits par \u00e9preuve, dans une cat\u00e9gorie.\u00a0\u00a0<\/p>\n<\/div><\/div>\n<\/div>\n<\/div>\n<\/section>\n\n\n\n<div style=\"height:25px\" aria-hidden=\"true\" class=\"wp-block-spacer\"><\/div>\n\n\n\n<h3 class=\"wp-block-heading\"><strong>PROCESSUS DE CAT\u00c9GORISATION DES CONCURRENTES ET DES CONCURRENTS\u00a0\u00a0<\/strong><\/h3>\n\n\n\n<p>Aux Jeux Invictus, le processus de cat\u00e9gorisation vise \u00e0 assurer la meilleure exp\u00e9rience possible aux concurrentes et concurrents. Les Jeux Invictus sont une comp\u00e9tition unique qui permet \u00e0 toutes les personnes participantes de concourir \u00e9quitablement dans tous les sports, peu importe leur handicap.&nbsp;&nbsp;<\/p>\n\n\n\n<p>Chaque sport a un syst\u00e8me de cat\u00e9gorisation qui lui est propre, car les blessures, les maladies et les handicaps touchent diff\u00e9remment chaque personne dans chaque sport. Et donc, chaque personne se voit attribuer une cat\u00e9gorie (p. ex., IT1, IJ4) pour chaque sport dans lequel elle concourt. Le syst\u00e8me de cat\u00e9gorisation mise sur l\u2019int\u00e9grit\u00e9 et l\u2019honn\u00eatet\u00e9 ainsi que sur une relation de collaboration entre les concurrentes et concurrents et le personnel de l\u2019\u00e9quipe.&nbsp;&nbsp;<\/p>\n\n\n\n<div style=\"height:25px\" aria-hidden=\"true\" class=\"wp-block-spacer\"><\/div>\n\n\n\n<div class=\"wp-block-group is-layout-constrained wp-block-group-is-layout-constrained\">\n<h3 class=\"wp-block-heading\"><strong>COMMENT LE SPORT EST-IL N\u00c9?\u00a0\u00a0<\/strong><\/h3>\n\n\n\n<ul class=\"wp-block-list\">\n<li>La paranatation \u00e9tait l\u2019un des huit sports inclus dans les premiers Jeux paralympiques, soit ceux de 1960 \u00e0 Rome (Italie).\u202f\u00a0\u00a0<\/li>\n<\/ul>\n\n\n\n<ul class=\"wp-block-list\">\n<li>Depuis, la paranatation a \u00e9t\u00e9 pr\u00e9sent\u00e9e \u00e0 16 \u00e9ditions des Jeux paralympiques.\u00a0\u00a0<\/li>\n<\/ul>\n\n\n\n<h3 class=\"wp-block-heading\"><strong>COMBIEN D\u2019\u00c9QUIPES Y A-T-IL?\u00a0\u00a0<\/strong><\/h3>\n\n\n\n<ul class=\"wp-block-list\">\n<li>Il y a quatre \u00e9preuves individuelles (voir les r\u00e8gles pour plus de renseignements).\u00a0\u00a0<\/li>\n<\/ul>\n\n\n\n<ul class=\"wp-block-list\">\n<li>Pour la seule \u00e9preuve de relais, chaque pays peut inscrire au plus une \u00e9quipe. SUPPRIMER Le nombre exact d\u2019\u00e9quipes de relais sera confirm\u00e9 \u00e0 l\u2019approche des Jeux.\u00a0\u00a0<\/li>\n<\/ul>\n\n\n\n<h3 class=\"wp-block-heading\"><strong>QUELLE EST LA TAILLE DE LA PISCINE?\u00a0\u00a0<\/strong><\/h3>\n\n\n\n<ul class=\"wp-block-list\">\n<li>Les concurrentes et concurrents nagent dans une piscine de 50\u202fm avec huit couloirs.\u00a0\u00a0<\/li>\n<\/ul>\n\n\n\n<ul class=\"wp-block-list\">\n<li>Les deux couloirs ext\u00e9rieurs serviront \u00e0 l\u2019entr\u00e9e et \u00e0 la sortie des concurrentes et concurrents.\u00a0\u00a0<\/li>\n<\/ul>\n\n\n\n<h3 class=\"wp-block-heading\"><strong>COMBIEN Y A-T-IL DE CONCURRENTES OU CONCURRENTS DANS LA PISCINE EN M\u00caME TEMPS?\u00a0\u00a0<\/strong><\/h3>\n\n\n\n<p>Aux \u00e9preuves individuelles et \u00e0 l\u2019\u00e9preuve de relais, il y aura jusqu\u2019\u00e0 huit concurrentes ou concurrents dans la piscine en m\u00eame temps.\u00a0\u00a0<\/p>\n\n\n\n<h3 class=\"wp-block-heading\"><strong>QUELLE EST LA DUR\u00c9E DE LA COMP\u00c9TITION?\u00a0\u00a0<\/strong><\/h3>\n\n\n\n<ul class=\"wp-block-list\">\n<li>La dur\u00e9e de la comp\u00e9tition sera d\u00e9termin\u00e9e par le temps que mettront toutes les concurrentes et tous les concurrents pour finir leur course.\u00a0\u00a0<\/li>\n<\/ul>\n\n\n\n<ul class=\"wp-block-list\">\n<li>La comp\u00e9tition sera divis\u00e9e en s\u00e9ries et en s\u00e9ances finales. Les relais se d\u00e9rouleront durant les s\u00e9ances finales.\u00a0\u00a0<\/li>\n<\/ul>\n\n\n\n<h3 class=\"wp-block-heading\"><strong>S\u2019AGIT-IL D\u2019UN NOUVEAU SPORT POUR LES JEUX INVICTUS?\u00a0\u00a0<\/strong><\/h3>\n\n\n\n<p>La paranatation a fait partie du programme des tout premiers Jeux Invictus en\u202f2014 et est pr\u00e9sent\u00e9e \u00e0 chaque \u00e9dition des Jeux Invictus depuis!\u00a0\u00a0<\/p>\n\n\n\n<div style=\"height:35px\" aria-hidden=\"true\" class=\"wp-block-spacer\"><\/div>\n<\/div>\n\n\n\n<section class=\"wp-block-group alignfull has-white-color has-yellow-background-color has-text-color has-background has-link-color wp-elements-ffe09214787fd5d85c71c0e8985b46d5 is-layout-constrained wp-block-group-is-layout-constrained\">\n<div class=\"wp-block-media-text is-stacked-on-mobile is-image-fill\"><figure class=\"wp-block-media-text__media\" style=\"background-image:url(https:\/\/invictusgames2025.ca\/wp-content\/uploads\/2024\/09\/2023-Getty-Images-1-1024x683.jpg);background-position:55% 23%\"><img loading=\"lazy\" decoding=\"async\" width=\"1024\" height=\"683\" src=\"https:\/\/invictusgames2025.ca\/wp-content\/uploads\/2024\/09\/2023-Getty-Images-1-1024x683.jpg\" alt=\"\" class=\"wp-image-2811 size-full\" srcset=\"https:\/\/invictusgames2025.ca\/wp-content\/uploads\/2024\/09\/2023-Getty-Images-1-1024x683.jpg 1024w, https:\/\/invictusgames2025.ca\/wp-content\/uploads\/2024\/09\/2023-Getty-Images-1-300x200.jpg 300w, https:\/\/invictusgames2025.ca\/wp-content\/uploads\/2024\/09\/2023-Getty-Images-1-768x512.jpg 768w, https:\/\/invictusgames2025.ca\/wp-content\/uploads\/2024\/09\/2023-Getty-Images-1-1536x1024.jpg 1536w, https:\/\/invictusgames2025.ca\/wp-content\/uploads\/2024\/09\/2023-Getty-Images-1-2048x1365.jpg 2048w, https:\/\/invictusgames2025.ca\/wp-content\/uploads\/2024\/09\/2023-Getty-Images-1-466x310.jpg 466w\" sizes=\"auto, (max-width: 1024px) 100vw, 1024px\" \/><\/figure><div class=\"wp-block-media-text__content\">\n<div class=\"wp-block-group has-black-color has-text-color has-link-color wp-elements-85293bfc9a039701d0f5914f032ed98e is-layout-constrained wp-block-group-is-layout-constrained\">\n<h3 class=\"wp-block-heading\"><strong>FAITS INT\u00c9RESSANTS\u00a0\u00a0<\/strong><\/h3>\n\n\n\n<ul class=\"wp-block-list\">\n<li style=\"font-size:18px\">Des athl\u00e8tes de partout au monde, dans pr\u00e8s de 100\u202fpays, font de la paranatation.\u00a0\u00a0\u00a0<\/li>\n<\/ul>\n<\/div>\n<\/div><\/div>\n<\/section>\n\n\n\n<section class=\"wp-block-group alignfull has-black-background-color has-background is-layout-constrained wp-block-group-is-layout-constrained\">\n<div class=\"wp-block-columns alignwide has-white-color has-text-color has-link-color wp-elements-bdd4129a9cc953f6a12e73d75ccdcea7 is-layout-flex wp-container-core-columns-is-layout-9d6595d7 wp-block-columns-is-layout-flex\">\n<div class=\"wp-block-column is-layout-flow wp-block-column-is-layout-flow\">\n<figure class=\"wp-block-image size-full is-resized\"><a href=\"https:\/\/invictusgames2025.ca\/fr\/billets-de-ceremonie\/\"><img loading=\"lazy\" decoding=\"async\" width=\"507\" height=\"500\" src=\"https:\/\/invictusgames2025.ca\/wp-content\/uploads\/2024\/09\/BC-Place-Pictogram.svg\" alt=\"\" class=\"wp-image-2452\" style=\"width:344px;height:auto\"\/><\/a><\/figure>\n\n\n\n<p class=\"has-regular-font-size\" style=\"text-transform:uppercase\"><strong>C\u00e9r\u00e9monies<\/strong><\/p>\n<\/div>\n\n\n\n<div class=\"wp-block-column is-layout-flow wp-block-column-is-layout-flow\">\n<figure class=\"wp-block-image size-full is-resized\"><a href=\"https:\/\/invictusgames2025.ca\/fr\/evenements-sportifs\/\"><img loading=\"lazy\" decoding=\"async\" width=\"562\" height=\"562\" src=\"https:\/\/invictusg25stg.wpenginepowered.com\/wp-content\/uploads\/2024\/02\/snowboarding.png\" alt=\"Snowboarding Pictogram\" class=\"wp-image-698\" style=\"width:336px;height:auto\" srcset=\"https:\/\/invictusgames2025.ca\/wp-content\/uploads\/2024\/02\/snowboarding.png 562w, https:\/\/invictusgames2025.ca\/wp-content\/uploads\/2024\/02\/snowboarding-300x300.png 300w, https:\/\/invictusgames2025.ca\/wp-content\/uploads\/2024\/02\/snowboarding-150x150.png 150w\" sizes=\"auto, (max-width: 562px) 100vw, 562px\" \/><\/a><\/figure>\n\n\n\n<p class=\"has-base-font-size\" style=\"text-transform:uppercase\"><strong>SPORT <\/strong><\/p>\n<\/div>\n\n\n\n<div class=\"wp-block-column is-layout-flow wp-block-column-is-layout-flow\">\n<figure class=\"wp-block-image size-full is-resized\"><a href=\"https:\/\/invictusgames2025.ca\/fr\/villages-invictus\/\"><img loading=\"lazy\" decoding=\"async\" width=\"810\" height=\"809\" src=\"https:\/\/invictusgames2025.ca\/wp-content\/uploads\/2024\/09\/Fanzone-placeholder-pictogram.svg\" alt=\"\" class=\"wp-image-2458\" style=\"width:335px;height:auto\"\/><\/a><\/figure>\n\n\n\n<p class=\"has-base-font-size\" style=\"text-transform:uppercase\"><strong>ZONE DES FANS<\/strong><\/p>\n\n\n\n<p class=\"has-base-font-size\" style=\"text-transform:uppercase\"><\/p>\n<\/div>\n<\/div>\n<\/section>\n","protected":false},"excerpt":{"rendered":"<p>AU SUJET DE LA NATATION\u00a0\u00a0 La natation fait partie des sports de base des Jeux Invictus. Les concurrentes et concurrents se mesurent entre eux dans l\u2019eau au moyen de&#8230;<\/p>\n","protected":false},"author":6,"featured_media":0,"parent":429,"menu_order":0,"comment_status":"closed","ping_status":"closed","template":"","meta":{"_acf_changed":false,"_monsterinsights_skip_tracking":false,"_monsterinsights_sitenote_active":false,"_monsterinsights_sitenote_note":"","_monsterinsights_sitenote_category":0,"_uf_show_specific_survey":0,"_uf_disable_surveys":false,"footnotes":""},"class_list":["post-3823","page","type-page","status-publish","hentry"],"acf":[],"aioseo_notices":[],"_links":{"self":[{"href":"https:\/\/invictusgames2025.ca\/fr\/wp-json\/wp\/v2\/pages\/3823","targetHints":{"allow":["GET"]}}],"collection":[{"href":"https:\/\/invictusgames2025.ca\/fr\/wp-json\/wp\/v2\/pages"}],"about":[{"href":"https:\/\/invictusgames2025.ca\/fr\/wp-json\/wp\/v2\/types\/page"}],"author":[{"embeddable":true,"href":"https:\/\/invictusgames2025.ca\/fr\/wp-json\/wp\/v2\/users\/6"}],"replies":[{"embeddable":true,"href":"https:\/\/invictusgames2025.ca\/fr\/wp-json\/wp\/v2\/comments?post=3823"}],"version-history":[{"count":0,"href":"https:\/\/invictusgames2025.ca\/fr\/wp-json\/wp\/v2\/pages\/3823\/revisions"}],"up":[{"embeddable":true,"href":"https:\/\/invictusgames2025.ca\/fr\/wp-json\/wp\/v2\/pages\/429"}],"wp:attachment":[{"href":"https:\/\/invictusgames2025.ca\/fr\/wp-json\/wp\/v2\/media?parent=3823"}],"curies":[{"name":"wp","href":"https:\/\/api.w.org\/{rel}","templated":true}]}}