{"id":3819,"date":"2024-10-15T21:32:33","date_gmt":"2024-10-15T21:32:33","guid":{"rendered":"https:\/\/invictusgames2025.ca\/invictus-games-2025\/wheelchair-curling\/"},"modified":"2024-11-14T17:47:26","modified_gmt":"2024-11-14T17:47:26","slug":"wheelchair-curling","status":"publish","type":"page","link":"https:\/\/invictusgames2025.ca\/fr\/invictus-games-2025\/wheelchair-curling\/","title":{"rendered":"DU CURLING EN FAUTEUIL ROULANT\u00a0"},"content":{"rendered":"\n<header class=\"wp-block-group alignfull invictus-hero-group has-black-background-color has-background is-layout-constrained wp-block-group-is-layout-constrained\">\n<figure class=\"wp-block-video alignwide\"><video height=\"1440\" style=\"aspect-ratio: 2560 \/ 1440;\" width=\"2560\" autoplay controls loop muted src=\"https:\/\/invictusgames2025.ca\/wp-content\/uploads\/2024\/10\/Wheelchair-Curling-25-M-2.mp4\"><\/video><\/figure>\n<\/header>\n\n\n\n<div class=\"wp-block-group alignfull has-black-background-color has-background is-layout-constrained wp-block-group-is-layout-constrained\">\n<div class=\"wp-block-buttons is-content-justification-center is-layout-flex wp-container-core-buttons-is-layout-16018d1d wp-block-buttons-is-layout-flex\">\n<div class=\"wp-block-button has-custom-font-size is-style-fill has-base-font-size\"><a class=\"wp-block-button__link has-black-color has-yellow-background-color has-text-color has-background has-link-color wp-element-button\" href=\"https:\/\/www.ticketmaster.ca\/invictus-games-tickets\/artist\/2954948\"><strong>GET YOUR TICKETS NOW<\/strong><\/a><\/div>\n<\/div>\n<\/div>\n\n\n<div class=\"hidden lg:block invictus-branding-images has-white-background-color alignfull bg-cover bg-repeat-x bg-center\" style=\"background-image: url(https:\/\/invictusgames2025.ca\/wp-content\/uploads\/2024\/12\/divider-pattern.png);\"><\/div><div class=\"block lg:hidden invictus-branding-image-mobile has-white-background-color alignfull bg-cover bg-repeat-x bg-center h-[20px]\" style=\"background-image: url(https:\/\/invictusgames2025.ca\/wp-content\/uploads\/2024\/12\/divider-pattern.png);\"><\/div>\n\n\n<h3 class=\"wp-block-heading\"><strong>AU SUJET DU CURLING EN FAUTEUIL ROULANT&nbsp;&nbsp;<\/strong><\/h3>\n\n\n\n<p>Le curling en fauteuil roulant est un sport de strat\u00e9gie et de pr\u00e9cision, ax\u00e9 sur le travail d\u2019\u00e9quipe, au cours duquel les concurrentes et concurrents font glisser \u00e0 tour de r\u00f4le des pierres sur la glace en direction d\u2019une cible. Cette version adapt\u00e9e du curling exige que les concurrentes et concurrents contr\u00f4lent leur force et leur pr\u00e9cision, tandis qu\u2019ils visent \u00e0 placer leurs pierres en position de marquer tout en mettant hors jeu les pierres de leurs adversaires. La comp\u00e9tition aura lieu au <strong>Hillcrest Recreation Centre<\/strong> le <strong>dimanche 9 f\u00e9vrier 2025<\/strong>. C\u2019est un sport qui met l\u2019accent sur la concentration, la patience et la collaboration et qui met en lumi\u00e8re les habilet\u00e9s incroyables et la r\u00e9flexion tactique de chaque concurrente et concurrent.&nbsp;&nbsp;<\/p>\n\n\n\n<div style=\"height:35px\" aria-hidden=\"true\" class=\"wp-block-spacer\"><\/div>\n\n\n\n<section class=\"wp-block-group alignfull has-white-color has-black-background-color has-text-color has-background has-link-color wp-elements-f0f6f52706ade6948262c4ccea48a7a6 is-layout-constrained wp-block-group-is-layout-constrained\">\n<div class=\"wp-block-columns alignwide is-layout-flex wp-container-core-columns-is-layout-9d6595d7 wp-block-columns-is-layout-flex\">\n<div class=\"wp-block-column is-vertically-aligned-top has-white-color has-text-color has-link-color wp-elements-b19b32502990f76b3806a9444203b486 is-layout-flow wp-block-column-is-layout-flow\">\n<div class=\"wp-block-media-text alignwide is-stacked-on-mobile is-image-fill\"><figure class=\"wp-block-media-text__media\" style=\"background-image:url(https:\/\/invictusgames2025.ca\/wp-content\/uploads\/2024\/09\/Jeremy-Allen-1024x683.jpg);background-position:78% 61%\"><img loading=\"lazy\" decoding=\"async\" width=\"1024\" height=\"683\" src=\"https:\/\/invictusgames2025.ca\/wp-content\/uploads\/2024\/09\/Jeremy-Allen-1024x683.jpg\" alt=\"\" class=\"wp-image-2750 size-full\" srcset=\"https:\/\/invictusgames2025.ca\/wp-content\/uploads\/2024\/09\/Jeremy-Allen-1024x683.jpg 1024w, https:\/\/invictusgames2025.ca\/wp-content\/uploads\/2024\/09\/Jeremy-Allen-300x200.jpg 300w, https:\/\/invictusgames2025.ca\/wp-content\/uploads\/2024\/09\/Jeremy-Allen-768x512.jpg 768w, https:\/\/invictusgames2025.ca\/wp-content\/uploads\/2024\/09\/Jeremy-Allen-1536x1025.jpg 1536w, https:\/\/invictusgames2025.ca\/wp-content\/uploads\/2024\/09\/Jeremy-Allen-466x310.jpg 466w\" sizes=\"auto, (max-width: 1024px) 100vw, 1024px\" \/><\/figure><div class=\"wp-block-media-text__content\">\n<h3 class=\"wp-block-heading\" style=\"text-transform:uppercase\"><strong>QUELLES SONT LES R\u00c8GLES?&nbsp;&nbsp;<\/strong><\/h3>\n\n\n\n<p style=\"font-size:18px\">On lance (ou pousse \u00e0 l\u2019aide d\u2019une tige de lancement) le pierres \u00e0 partir d\u2019un fauteuil roulant stationnaire, le balayage n\u2019est pas permis.&nbsp;&nbsp;<\/p>\n\n\n\n<p style=\"font-size:18px\">La composition des groupes pour la phase de groupe (c.-\u00e0-d. les \u00e9quipes qui seront dans chaque groupe) est bas\u00e9e sur un processus de classement qui a lieu durant la journ\u00e9e d\u2019entra\u00eenement\u202f:&nbsp;&nbsp;<\/p>\n\n\n\n<ul style=\"font-size:18px\" class=\"wp-block-list\">\n<li style=\"font-size:18px\">Le classement est bas\u00e9 sur les r\u00e9sultats des placements, c.-\u00e0-d. des lancers vers le bouton (le bouton est le centre de la maison, une cible situ\u00e9e \u00e0 l\u2019extr\u00e9mit\u00e9 de la piste o\u00f9 les joueuses et joueurs cherchent \u00e0 placer leurs pierres).&nbsp;&nbsp;<\/li>\n<\/ul>\n\n\n\n<ul style=\"font-size:18px\" class=\"wp-block-list\">\n<li style=\"font-size:18px\">Chaque \u00e9quipe a droit \u00e0 trois lancers (placements) vers le bouton.&nbsp;&nbsp;<\/li>\n<\/ul>\n\n\n\n<ul style=\"font-size:18px\" class=\"wp-block-list\">\n<li style=\"font-size:18px\">Si aucune pierre n\u2019atteint les cercles, les joueuses et joueurs continuent de lancer jusqu\u2019\u00e0 ce qu\u2019il soit possible de mesurer la distance de la pierre par rapport au bouton.&nbsp;&nbsp;<\/li>\n<\/ul>\n\n\n\n<ul style=\"font-size:18px\" class=\"wp-block-list\">\n<li style=\"font-size:18px\">Chaque rat\u00e9 mesure environ 198 cm. Plus il y a d\u2019essais, plus la distance est grande et plus le classement est bas.&nbsp;&nbsp;<\/li>\n<\/ul>\n\n\n\n<div style=\"height:35px\" aria-hidden=\"true\" class=\"wp-block-spacer\"><\/div>\n\n\n\n<p style=\"font-size:18px\">Le format qui sera utilis\u00e9 pour les Jeux Invictus de Vancouver Whistler 2025 est un format \u00ab\u202ftrio condens\u00e9\u202f\u00bb\u202f:&nbsp;&nbsp;<\/p>\n\n\n\n<ol start=\"1\" class=\"wp-block-list\">\n<li style=\"font-size:18px\">Chaque \u00e9quipe peut avoir un maximum de quatre concurrentes ou concurrents, dont trois sur le terrain de jeu \u00e0 tout moment (premier joueur, deuxi\u00e8me joueur et capitaine) qui changent de position \u00e0 chaque manche.&nbsp;&nbsp;<\/li>\n<\/ol>\n\n\n\n<ol start=\"2\" class=\"wp-block-list\">\n<li style=\"font-size:18px\">Chaque match consiste en trois manches (six pierres par \u00e9quipe, deux par joueuse ou joueur).\u202fIl y a trois concurrentes ou concurrents sur une piste (all\u00e9e) \u00e0 la fois pour chaque \u00e9quipe.&nbsp;&nbsp;<\/li>\n<\/ol>\n\n\n\n<ol start=\"3\" class=\"wp-block-list\">\n<li style=\"font-size:18px\">L\u2019objectif de chaque manche est pour chaque \u00e9quipe d\u2019avoir autant de pierres le plus pr\u00e8s du bouton que la pierre la plus proche de la partie adverse.&nbsp;&nbsp;<\/li>\n<\/ol>\n\n\n\n<ol start=\"4\" class=\"wp-block-list\">\n<li style=\"font-size:18px\">Les points sont attribu\u00e9s seulement \u00e0 l\u2019\u00e9quipe qui lance la pierre ou les pierres les plus proches. Les \u00e9quipes se voient attribuer divers points en fonction des gains\/\u00e9galit\u00e9s\/pertes, des manches remport\u00e9es et des points marqu\u00e9s.&nbsp;&nbsp;<\/li>\n<\/ol>\n\n\n\n<ol start=\"5\" class=\"wp-block-list\">\n<li style=\"font-size:18px\">Les \u00e9quipes sont reclass\u00e9es apr\u00e8s chaque match, ce qui signifie qu\u2019elles sont class\u00e9es en fonction des r\u00e9sultats obtenus, ce qui d\u00e9termine les \u00e9quipes qu\u2019elles affronteront ensuite.&nbsp;&nbsp;<\/li>\n<\/ol>\n<\/div><\/div>\n<\/div>\n<\/div>\n<\/section>\n\n\n\n<div style=\"height:30px\" aria-hidden=\"true\" class=\"wp-block-spacer\"><\/div>\n\n\n\n<h3 class=\"wp-block-heading\"><br><br><strong>PROCESSUS DE CAT\u00c9GORISATION DES CONCURRENTES ET DES CONCURRENTS <\/strong><\/h3>\n\n\n\n<p>Aux Jeux Invictus, le processus de cat\u00e9gorisation vise \u00e0 assurer la meilleure exp\u00e9rience possible aux concurrentes et concurrents. Les Jeux Invictus sont une comp\u00e9tition unique qui permet \u00e0 toutes les personnes participantes de concourir \u00e9quitablement dans tous les sports, peu importe leur handicap.<\/p>\n\n\n\n<p><br>Chaque sport a un syst\u00e8me de cat\u00e9gorisation qui lui est propre, car les blessures, les maladies et les handicaps touchent diff\u00e9remment chaque personne dans chaque sport. Et donc, chaque personne se voit attribuer une cat\u00e9gorie (p. ex., IT1, IJ4) pour chaque sport dans lequel elle concourt. Le syst\u00e8me de cat\u00e9gorisation mise sur l\u2019int\u00e9grit\u00e9 et l\u2019honn\u00eatet\u00e9 ainsi que sur une relation de collaboration entre les concurrentes et concurrents et le personnel de l\u2019\u00e9quipe.<\/p>\n\n\n\n<div class=\"wp-block-group is-layout-constrained wp-block-group-is-layout-constrained\">\n<div style=\"height:30px\" aria-hidden=\"true\" class=\"wp-block-spacer\"><\/div>\n\n\n\n<h3 class=\"wp-block-heading\"><strong>COMMENT LE SPORT EST-IL N\u00c9?&nbsp;&nbsp;<\/strong><\/h3>\n\n\n\n<ul class=\"wp-block-list\">\n<li>Le curling en fauteuil roulant a d\u00e9but\u00e9 \u00e0 la fin des ann\u00e9es 1990 en Europe, et les premiers Championnats du monde de curling en fauteuil roulant ont eu lieu en Suisse, en 2002.&nbsp;&nbsp;<\/li>\n<\/ul>\n\n\n\n<ul class=\"wp-block-list\">\n<li>C\u2019est aux Jeux paralympiques d\u2019hiver de 2006 \u00e0 Turin (Italie) que l\u2019on a ajout\u00e9 pour la premi\u00e8re fois ce sport au programme paralympique. Le Canada a remport\u00e9 la m\u00e9daille d\u2019or.\u202f&nbsp;&nbsp;<\/li>\n<\/ul>\n\n\n\n<h3 class=\"wp-block-heading\"><strong>COMBIEN D\u2019\u00c9QUIPES Y A-T-IL?&nbsp;&nbsp;<\/strong><\/h3>\n\n\n\n<ul class=\"wp-block-list\">\n<li>Il y aura 24 \u00e9quipes au maximum.&nbsp;&nbsp;<\/li>\n<\/ul>\n\n\n\n<ul class=\"wp-block-list\">\n<li>Il y a trois ou quatre concurrentes ou concurrents par \u00e9quipe.&nbsp;&nbsp;<\/li>\n<\/ul>\n\n\n\n<h3 class=\"wp-block-heading\"><strong>COMBIEN Y A-T-IL DE CONCURRENTES OU CONCURRENTS SUR LE TERRAIN DE JEU EN M\u00caME TEMPS?&nbsp;&nbsp;<\/strong><\/h3>\n\n\n\n<ul class=\"wp-block-list\">\n<li>Il y a deux poules (jaune et noir) durant la phase de poule.&nbsp;&nbsp;<\/li>\n<\/ul>\n\n\n\n<ul class=\"wp-block-list\">\n<li>Dans chaque s\u00e9ance de la phase de poule (un ensemble de matchs disput\u00e9s en m\u00eame temps), six matchs seront disput\u00e9s en m\u00eame temps, ce qui fait qu\u2019il y aura 12\u202f\u00e9quipes sur la glace.&nbsp;&nbsp;<\/li>\n<\/ul>\n\n\n\n<ul class=\"wp-block-list\">\n<li>Dans une \u00e9quipe, il y a trois joueuses ou joueurs sur le terrain de jeu en m\u00eame temps (le premier joueur, le deuxi\u00e8me joueur et le capitaine) qui changent de position \u00e0 chaque manche.&nbsp;&nbsp;<\/li>\n<\/ul>\n\n\n\n<h3 class=\"wp-block-heading\"><strong>QUELLE EST LA TAILLE DU TERRAIN DE JEU?&nbsp;&nbsp;<\/strong><\/h3>\n\n\n\n<ul class=\"wp-block-list\">\n<li>200\u202fpi sur 85\u202fpi (patinoire de hockey sur glace de la LNH)&nbsp;&nbsp;<\/li>\n<\/ul>\n\n\n\n<ul class=\"wp-block-list\">\n<li>Il y a six pistes (all\u00e9es) au total.&nbsp;&nbsp;<\/li>\n<\/ul>\n\n\n\n<ul class=\"wp-block-list\">\n<li>Les six pistes seront utilis\u00e9es pendant la phase de poule.&nbsp;&nbsp;<\/li>\n<\/ul>\n\n\n\n<ul class=\"wp-block-list\">\n<li>Deux pistes sont utilis\u00e9es pour les demi-finales et la finale.&nbsp;&nbsp;<\/li>\n<\/ul>\n\n\n\n<p><strong>COMBIEN DE TEMPS DURE UN MATCH DE CURLING?&nbsp;&nbsp;<\/strong><\/p>\n\n\n\n<ul class=\"wp-block-list\">\n<li>Les matchs dureront environ de 50 \u00e0 65 minutes.&nbsp;&nbsp;<\/li>\n<\/ul>\n\n\n\n<p><strong>S\u2019AGIT-IL D\u2019UN NOUVEAU SPORT POUR LES JEUX INVICTUS?&nbsp;&nbsp;<\/strong><\/p>\n\n\n\n<ul class=\"wp-block-list\">\n<li>Oui! Il s\u2019agit d\u2019un tout nouveau sport pour les Jeux Invictus de Vancouver Whistler\u202f2025!&nbsp;&nbsp;<\/li>\n<\/ul>\n<\/div>\n\n\n\n<div style=\"height:35px\" aria-hidden=\"true\" class=\"wp-block-spacer\"><\/div>\n\n\n\n<section class=\"wp-block-group alignfull has-white-color has-yellow-background-color has-text-color has-background has-link-color wp-elements-03188e6d2519d2496f70fd309af3205f is-layout-constrained wp-block-group-is-layout-constrained\">\n<div class=\"wp-block-media-text is-stacked-on-mobile is-image-fill\"><figure class=\"wp-block-media-text__media\" style=\"background-image:url(https:\/\/invictusgames2025.ca\/wp-content\/uploads\/2024\/09\/Jeremy-Allen-2-1-1-1024x683.jpg);background-position:77% 58%\"><img loading=\"lazy\" decoding=\"async\" width=\"1024\" height=\"683\" src=\"https:\/\/invictusgames2025.ca\/wp-content\/uploads\/2024\/09\/Jeremy-Allen-2-1-1-1024x683.jpg\" alt=\"\" class=\"wp-image-2752 size-full\" srcset=\"https:\/\/invictusgames2025.ca\/wp-content\/uploads\/2024\/09\/Jeremy-Allen-2-1-1-1024x683.jpg 1024w, https:\/\/invictusgames2025.ca\/wp-content\/uploads\/2024\/09\/Jeremy-Allen-2-1-1-300x200.jpg 300w, https:\/\/invictusgames2025.ca\/wp-content\/uploads\/2024\/09\/Jeremy-Allen-2-1-1-768x512.jpg 768w, https:\/\/invictusgames2025.ca\/wp-content\/uploads\/2024\/09\/Jeremy-Allen-2-1-1-1536x1025.jpg 1536w, https:\/\/invictusgames2025.ca\/wp-content\/uploads\/2024\/09\/Jeremy-Allen-2-1-1-466x310.jpg 466w\" sizes=\"auto, (max-width: 1024px) 100vw, 1024px\" \/><\/figure><div class=\"wp-block-media-text__content\">\n<div class=\"wp-block-group has-black-color has-text-color has-link-color wp-elements-84cbce0da19b256934ed4e31fbe273ca is-layout-constrained wp-block-group-is-layout-constrained\">\n<h3 class=\"wp-block-heading\"><strong>FAITS INT\u00c9RESSANTS&nbsp;&nbsp;<\/strong><\/h3>\n\n\n\n<ul class=\"wp-block-list\">\n<li style=\"font-size:18px\">Les concurrentes et concurrents peuvent utiliser leurs fauteuils manuels ou \u00e9lectriques, mais les pierres doivent \u00eatre lanc\u00e9es en position stationnaire.&nbsp;&nbsp;<\/li>\n<\/ul>\n\n\n\n<ul class=\"wp-block-list\">\n<li style=\"font-size:18px\">Les pierres sont faites d\u2019un type de granit sp\u00e9cial et p\u00e8sent pr\u00e8s de 20\u202fkilogrammes chacune \u2013 l\u2019\u00e9quivalent de 10\u202fsacs de sucre de taille moyenne!&nbsp;&nbsp;<\/li>\n<\/ul>\n\n\n\n<ul class=\"wp-block-list\">\n<li style=\"font-size:18px\">Les pierres de curling sont faites de granit provenant de seulement DEUX carri\u00e8res dans le monde entier, en \u00c9cosse et au pays de Galles. C\u2019est sur l\u2019\u00eele \u00e9cossaise d\u2019Ailsa Craig que les pierres de curling ont \u00e9t\u00e9 fabriqu\u00e9es \u00e0 l\u2019origine.&nbsp;&nbsp;<\/li>\n<\/ul>\n\n\n\n<ul class=\"wp-block-list\">\n<li style=\"font-size:18px\">Le curling a \u00e9t\u00e9 d\u00e9crit comme le \u00ab\u202fjeu qui rugit\u202f\u00bb, le rugissement provenant du bruit d\u2019une pierre de granit lorsqu\u2019elle se d\u00e9place sur la glace et des capitaines qui crient pour balayer!&nbsp;&nbsp;<\/li>\n<\/ul>\n\n\n\n<ul class=\"wp-block-list\">\n<li style=\"font-size:18px\">L\u2019ajout de pitons sur la glace forme ce qui porte le nom de glace perl\u00e9e. Les techniciens recouvrent la glace de deux couches de gouttelettes qui g\u00e8lent pour former deux hauteurs de bosses. Les pitons, tout comme le dessous concave des pierres, minimisent la surface de la pierre, et donc la friction.&nbsp;&nbsp;<\/li>\n<\/ul>\n<\/div>\n<\/div><\/div>\n<\/section>\n\n\n\n<section class=\"wp-block-group alignfull has-black-background-color has-background is-layout-constrained wp-block-group-is-layout-constrained\">\n<div class=\"wp-block-columns alignwide has-white-color has-text-color has-link-color wp-elements-bd8c34c77fffcd1a639cc69ebb73e4ba is-layout-flex wp-container-core-columns-is-layout-9d6595d7 wp-block-columns-is-layout-flex\">\n<div class=\"wp-block-column is-layout-flow wp-block-column-is-layout-flow\">\n<figure class=\"wp-block-image size-full is-resized\"><a href=\"https:\/\/invictusgames2025.ca\/fr\/billets-de-ceremonie\/\"><img decoding=\"async\" src=\"https:\/\/invictusg25stg.wpenginepowered.com\/wp-content\/uploads\/2024\/09\/BC-Place-3.svg\" alt=\"\" class=\"wp-image-2595\" style=\"width:339px;height:auto\"\/><\/a><\/figure>\n\n\n\n<p class=\"has-regular-font-size\" style=\"text-transform:uppercase\"><strong>CEREMONIES<\/strong><\/p>\n<\/div>\n\n\n\n<div class=\"wp-block-column is-layout-flow wp-block-column-is-layout-flow\">\n<figure class=\"wp-block-image size-full is-resized\"><a href=\"https:\/\/invictusgames2025.ca\/fr\/evenements-sportifs\/\"><img loading=\"lazy\" decoding=\"async\" width=\"562\" height=\"562\" src=\"https:\/\/invictusg25stg.wpenginepowered.com\/wp-content\/uploads\/2024\/02\/snowboarding.png\" alt=\"Snowboarding Pictogram\" class=\"wp-image-698\" style=\"width:336px;height:auto\" srcset=\"https:\/\/invictusgames2025.ca\/wp-content\/uploads\/2024\/02\/snowboarding.png 562w, https:\/\/invictusgames2025.ca\/wp-content\/uploads\/2024\/02\/snowboarding-300x300.png 300w, https:\/\/invictusgames2025.ca\/wp-content\/uploads\/2024\/02\/snowboarding-150x150.png 150w\" sizes=\"auto, (max-width: 562px) 100vw, 562px\" \/><\/a><\/figure>\n\n\n\n<p class=\"has-base-font-size\" style=\"text-transform:uppercase\"><strong>SPORT <\/strong><\/p>\n<\/div>\n\n\n\n<div class=\"wp-block-column is-layout-flow wp-block-column-is-layout-flow\">\n<figure class=\"wp-block-image size-full is-resized\"><a href=\"https:\/\/invictusgames2025.ca\/fr\/villages-invictus\/\"><img loading=\"lazy\" decoding=\"async\" width=\"810\" height=\"809\" src=\"https:\/\/invictusgames2025.ca\/wp-content\/uploads\/2024\/09\/Fanzone-placeholder-pictogram.svg\" alt=\"\" class=\"wp-image-2458\" style=\"width:335px;height:auto\"\/><\/a><\/figure>\n\n\n\n<p class=\"has-base-font-size\" style=\"text-transform:uppercase\"><strong>invictus village<\/strong><\/p>\n<\/div>\n<\/div>\n<\/section>\n","protected":false},"excerpt":{"rendered":"<p>AU SUJET DU CURLING EN FAUTEUIL ROULANT&nbsp;&nbsp; Le curling en fauteuil roulant est un sport de strat\u00e9gie et de pr\u00e9cision, ax\u00e9 sur le travail d\u2019\u00e9quipe, au cours&#8230;<\/p>\n","protected":false},"author":6,"featured_media":0,"parent":429,"menu_order":0,"comment_status":"closed","ping_status":"closed","template":"","meta":{"_acf_changed":false,"_monsterinsights_skip_tracking":false,"_monsterinsights_sitenote_active":false,"_monsterinsights_sitenote_note":"","_monsterinsights_sitenote_category":0,"_uf_show_specific_survey":0,"_uf_disable_surveys":false,"footnotes":""},"class_list":["post-3819","page","type-page","status-publish","hentry"],"acf":[],"aioseo_notices":[],"_links":{"self":[{"href":"https:\/\/invictusgames2025.ca\/fr\/wp-json\/wp\/v2\/pages\/3819","targetHints":{"allow":["GET"]}}],"collection":[{"href":"https:\/\/invictusgames2025.ca\/fr\/wp-json\/wp\/v2\/pages"}],"about":[{"href":"https:\/\/invictusgames2025.ca\/fr\/wp-json\/wp\/v2\/types\/page"}],"author":[{"embeddable":true,"href":"https:\/\/invictusgames2025.ca\/fr\/wp-json\/wp\/v2\/users\/6"}],"replies":[{"embeddable":true,"href":"https:\/\/invictusgames2025.ca\/fr\/wp-json\/wp\/v2\/comments?post=3819"}],"version-history":[{"count":0,"href":"https:\/\/invictusgames2025.ca\/fr\/wp-json\/wp\/v2\/pages\/3819\/revisions"}],"up":[{"embeddable":true,"href":"https:\/\/invictusgames2025.ca\/fr\/wp-json\/wp\/v2\/pages\/429"}],"wp:attachment":[{"href":"https:\/\/invictusgames2025.ca\/fr\/wp-json\/wp\/v2\/media?parent=3819"}],"curies":[{"name":"wp","href":"https:\/\/api.w.org\/{rel}","templated":true}]}}