{"id":3804,"date":"2024-10-15T21:39:16","date_gmt":"2024-10-15T21:39:16","guid":{"rendered":"https:\/\/invictusgames2025.ca\/?page_id=3804"},"modified":"2024-11-13T22:41:29","modified_gmt":"2024-11-13T22:41:29","slug":"rugby-en-fauteuil-roulant","status":"publish","type":"page","link":"https:\/\/invictusgames2025.ca\/fr\/invictus-games-2025\/rugby-en-fauteuil-roulant\/","title":{"rendered":"RUGBY EN FAUTEUIL ROULANT"},"content":{"rendered":"\n<header class=\"wp-block-group alignfull invictus-hero-group has-black-background-color has-background is-layout-constrained wp-block-group-is-layout-constrained\">\n<figure class=\"wp-block-video alignwide\"><video height=\"1440\" style=\"aspect-ratio: 2560 \/ 1440;\" width=\"2560\" autoplay controls loop src=\"https:\/\/invictusgames2025.ca\/wp-content\/uploads\/2024\/10\/Wheelchair-Rugby-23-M-2.mp4\"><\/video><\/figure>\n<\/header>\n\n\n\n<div class=\"wp-block-group alignfull has-black-background-color has-background is-layout-constrained wp-block-group-is-layout-constrained\">\n<div class=\"wp-block-buttons is-content-justification-center is-layout-flex wp-container-core-buttons-is-layout-16018d1d wp-block-buttons-is-layout-flex\">\n<div class=\"wp-block-button has-custom-font-size is-style-fill has-base-font-size\"><a class=\"wp-block-button__link has-black-color has-yellow-background-color has-text-color has-background has-link-color wp-element-button\" href=\"https:\/\/www.ticketmaster.ca\/invictus-games-tickets\/artist\/2954948?language=fr-ca\"><strong>ACHETEZ VOS BILLETS MAINTENANT<\/strong><\/a><\/div>\n<\/div>\n<\/div>\n\n\n<div class=\"hidden lg:block invictus-branding-images has-white-background-color alignfull bg-cover bg-repeat-x bg-center\" style=\"background-image: url(https:\/\/invictusgames2025.ca\/wp-content\/uploads\/2024\/12\/divider-pattern.png);\"><\/div><div class=\"block lg:hidden invictus-branding-image-mobile has-white-background-color alignfull bg-cover bg-repeat-x bg-center h-[20px]\" style=\"background-image: url(https:\/\/invictusgames2025.ca\/wp-content\/uploads\/2024\/12\/divider-pattern.png);\"><\/div>\n\n\n<div style=\"height:35px\" aria-hidden=\"true\" class=\"wp-block-spacer\"><\/div>\n\n\n\n<h3 class=\"wp-block-heading\"><strong>AU SUJET DU RUGBY EN FAUTEUIL ROULANT<\/strong>&nbsp;&nbsp;<\/h3>\n\n\n\n<p>R\u00e9put\u00e9 pour la vitesse et le caract\u00e8re physique de son jeu, le rugby en fauteuil roulant est l\u2019un des sports les plus intenses et les plus dynamiques des Jeux Invictus de Vancouver Whistler\u202f2025. Le tournoi se d\u00e9roulera au <strong>Vancouver Convention Centre (VCC)<\/strong>, le <strong>jeudi 13 f\u00e9vrier 2025<\/strong>. Les concurrentes et concurrents doivent se d\u00e9placer sur le terrain en fauteuil roulant en essayant de d\u00e9jouer les man\u0153uvres de leurs adversaires et porter le ballon apr\u00e8s la ligne de but.&nbsp;&nbsp;<\/p>\n\n\n\n<p>Ce sport palpitant exige force, strat\u00e9gie et travail d\u2019\u00e9quipe. Il offre un spectacle passionnant qui met en lumi\u00e8re la d\u00e9termination des personnes participantes et leur capacit\u00e9 \u00e0 surmonter les d\u00e9fis physiques gr\u00e2ce au pouvoir du sport.&nbsp;&nbsp;<\/p>\n\n\n\n<div style=\"height:39px\" aria-hidden=\"true\" class=\"wp-block-spacer\"><\/div>\n\n\n\n<section class=\"wp-block-group alignfull has-white-color has-black-background-color has-text-color has-background has-link-color wp-elements-b5ea35028b18bb2300a0a25daef88787 is-layout-constrained wp-block-group-is-layout-constrained\">\n<div class=\"wp-block-columns alignwide is-layout-flex wp-container-core-columns-is-layout-9d6595d7 wp-block-columns-is-layout-flex\">\n<div class=\"wp-block-column is-vertically-aligned-top has-white-color has-text-color has-link-color wp-elements-fbcfaf6419030e446cc0243ebc5afa86 is-layout-flow wp-block-column-is-layout-flow\">\n<div class=\"wp-block-media-text is-stacked-on-mobile is-image-fill\"><figure class=\"wp-block-media-text__media\" style=\"background-image:url(https:\/\/invictusgames2025.ca\/wp-content\/uploads\/2024\/09\/David-Young-1-1024x683.jpg);background-position:53% 26%\"><img loading=\"lazy\" decoding=\"async\" width=\"1024\" height=\"683\" src=\"https:\/\/invictusgames2025.ca\/wp-content\/uploads\/2024\/09\/David-Young-1-1024x683.jpg\" alt=\"\" class=\"wp-image-2792 size-full\" srcset=\"https:\/\/invictusgames2025.ca\/wp-content\/uploads\/2024\/09\/David-Young-1-1024x683.jpg 1024w, https:\/\/invictusgames2025.ca\/wp-content\/uploads\/2024\/09\/David-Young-1-300x200.jpg 300w, https:\/\/invictusgames2025.ca\/wp-content\/uploads\/2024\/09\/David-Young-1-768x512.jpg 768w, https:\/\/invictusgames2025.ca\/wp-content\/uploads\/2024\/09\/David-Young-1-1536x1024.jpg 1536w, https:\/\/invictusgames2025.ca\/wp-content\/uploads\/2024\/09\/David-Young-1-2048x1365.jpg 2048w, https:\/\/invictusgames2025.ca\/wp-content\/uploads\/2024\/09\/David-Young-1-466x310.jpg 466w\" sizes=\"auto, (max-width: 1024px) 100vw, 1024px\" \/><\/figure><div class=\"wp-block-media-text__content\">\n<h3 class=\"wp-block-heading\" style=\"text-transform:uppercase\"><strong>QUELLES SONT LES R\u00c8GLES?&nbsp;&nbsp;<\/strong><\/h3>\n\n\n\n<ul class=\"wp-block-list\">\n<li>Les \u00e9quipes seront divis\u00e9es en poules. Chaque \u00e9quipe disputera un nombre de matchs contre les autres \u00e9quipes de sa poule au cours d\u2019un tournoi \u00e0 la ronde.&nbsp;&nbsp;<\/li>\n<\/ul>\n\n\n\n<ul class=\"wp-block-list\">\n<li>\u00c0 l\u2019issue de la phase de poule, les quatre meilleures \u00e9quipes s\u2019affronteront dans les demi-finales crois\u00e9es. Les \u00e9quipes qui s\u2019inclinent en demi-finale s\u2019affronteront au match pour la m\u00e9daille de bronze et les gagnantes disputeront le match de la m\u00e9daille d\u2019or.&nbsp;&nbsp;<\/li>\n<\/ul>\n\n\n\n<ul class=\"wp-block-list\">\n<li>La formation des poules s\u2019effectue sur la base des r\u00e9sultats des Jeux Invictus de D\u00fcsseldorf 2023 et de tirages au sort.&nbsp;&nbsp;<\/li>\n<\/ul>\n<\/div><\/div>\n<\/div>\n<\/div>\n<\/section>\n\n\n\n<div style=\"height:21px\" aria-hidden=\"true\" class=\"wp-block-spacer\"><\/div>\n\n\n\n<div class=\"wp-block-group is-layout-constrained wp-block-group-is-layout-constrained\">\n<h3 class=\"wp-block-heading\"><strong>COMMENT LE SPORT EST-IL N\u00c9?&nbsp;&nbsp;<\/strong><\/h3>\n\n\n\n<ul class=\"wp-block-list\">\n<li>Le rugby en fauteuil roulant a \u00e9t\u00e9 invent\u00e9 \u00e0 Winnipeg (Canada) en 1977 par un groupe d\u2019athl\u00e8tes t\u00e9trapl\u00e9giques qui cherchaient une solution de rechange au basketball en fauteuil roulant pour permettre aux joueurs ayant une fonctionnalit\u00e9 r\u00e9duite dans les bras de participer \u00e9galement.&nbsp;&nbsp;<\/li>\n<\/ul>\n\n\n\n<ul class=\"wp-block-list\">\n<li>Par la suite, le rugby en fauteuil roulant a officiellement \u00e9t\u00e9 reconnu en 1994 par le Comit\u00e9 international paralympique (IPC) et au cours de la m\u00eame ann\u00e9e, les premiers Championnats du monde de rugby en fauteuil roulant ont eu lieu en Suisse.&nbsp;&nbsp;<\/li>\n<\/ul>\n\n\n\n<h3 class=\"wp-block-heading\"><strong>COMBIEN D\u2019\u00c9QUIPES Y A-T-IL?&nbsp;&nbsp;<\/strong><\/h3>\n\n\n\n<p>Il y aura 12 \u00e9quipes.&nbsp;&nbsp;<\/p>\n\n\n\n<h3 class=\"wp-block-heading\"><strong>QUELLE EST LA TAILLE DU TERRAIN DE JEU?&nbsp;&nbsp;<\/strong><\/h3>\n\n\n\n<p>Le terrain de jeu mesure 15\u202fm sur 28\u202fm, soit la m\u00eame taille que le terrain utilis\u00e9 aux Jeux paralympiques.\u202f&nbsp;&nbsp;<\/p>\n\n\n\n<h3 class=\"wp-block-heading\"><strong>QUELLE EST LA DUR\u00c9E D\u2019UN MATCH?&nbsp;&nbsp;<\/strong><\/h3>\n\n\n\n<ul class=\"wp-block-list\">\n<li>Chaque match sera compos\u00e9 de deux demies de 10\u202fminutes chronom\u00e9tr\u00e9es durant le tounoi \u00e0 la ronde et de deux demies de 15 minutes chronom\u00e9tr\u00e9es durant les demi-finales et la finale.\u202f&nbsp;&nbsp;<\/li>\n<\/ul>\n\n\n\n<h3 class=\"wp-block-heading\"><strong>COMBIEN Y A-T-IL DE CONCURRENTES OU CONCURRENTS SUR LA PISTE EN M\u00caME TEMPS?&nbsp;&nbsp;<\/strong><\/h3>\n\n\n\n<p>Il y a quatre personnes sur le terrain \u00e0 la fois.&nbsp;&nbsp;<\/p>\n\n\n\n<h3 class=\"wp-block-heading\"><strong>S\u2019AGIT-IL D\u2019UN NOUVEAU SPORT POUR LES JEUX INVICTUS?&nbsp;&nbsp;<\/strong><\/h3>\n\n\n\n<p>Le rugby en fauteuil roulant a fait partie du programme des tout premiers Jeux Invictus en\u202f2014 et est pr\u00e9sent\u00e9 \u00e0 chaque \u00e9dition des Jeux Invictus depuis!&nbsp;&nbsp;<\/p>\n\n\n\n<div style=\"height:35px\" aria-hidden=\"true\" class=\"wp-block-spacer\"><\/div>\n<\/div>\n\n\n\n<section class=\"wp-block-group alignfull has-white-color has-yellow-background-color has-text-color has-background has-link-color wp-elements-022de1ed1f4de1fb187169e8317ee829 is-layout-constrained wp-block-group-is-layout-constrained\">\n<div class=\"wp-block-media-text is-stacked-on-mobile is-image-fill\"><figure class=\"wp-block-media-text__media\" style=\"background-image:url(https:\/\/invictusgames2025.ca\/wp-content\/uploads\/2024\/09\/2023-Getty-Images-1024x682.jpg);background-position:45% 20%\"><img decoding=\"async\" src=\"https:\/\/invictusgames2025.ca\/wp-content\/uploads\/2024\/09\/2023-Getty-Images-1024x682.jpg\" alt=\"\" class=\"wp-image-2794 size-full\"\/><\/figure><div class=\"wp-block-media-text__content\">\n<div class=\"wp-block-group has-black-color has-text-color has-link-color wp-elements-e0956e691ffcbe85a4fd9c483c509985 is-layout-constrained wp-block-group-is-layout-constrained\">\n<h3 class=\"wp-block-heading\"><strong>FAITS INT\u00c9RESSANTS&nbsp;&nbsp;<\/strong><\/h3>\n\n\n\n<ul class=\"wp-block-list\">\n<li>Le ballon de rugby en fauteuil roulant n\u2019est pas un ballon de rugby standard; au lieu d\u2019avoir une forme ovale, il est plut\u00f4t rond comme un ballon de volleyball.&nbsp;&nbsp;<\/li>\n<\/ul>\n\n\n\n<ul class=\"wp-block-list\">\n<li>Plusieurs joueuses et joueurs utilisent des fauteuils roulants de sport fabriqu\u00e9s sur mesure, con\u00e7us sp\u00e9cifiquement pour le rugby en fauteuil roulant.&nbsp;&nbsp;<\/li>\n<\/ul>\n<\/div>\n<\/div><\/div>\n<\/section>\n\n\n\n<section class=\"wp-block-group alignfull has-black-background-color has-background is-layout-constrained wp-block-group-is-layout-constrained\">\n<div class=\"wp-block-columns alignwide has-white-color has-text-color has-link-color wp-elements-3269c0a7b5af421fb87cca93530229fb is-layout-flex wp-container-core-columns-is-layout-9d6595d7 wp-block-columns-is-layout-flex\">\n<div class=\"wp-block-column is-layout-flow wp-block-column-is-layout-flow\">\n<figure class=\"wp-block-image size-full is-resized\"><a href=\"https:\/\/invictusgames2025.ca\/fr\/billets-de-ceremonie\/\"><img loading=\"lazy\" decoding=\"async\" width=\"507\" height=\"500\" src=\"https:\/\/invictusgames2025.ca\/wp-content\/uploads\/2024\/09\/BC-Place-Pictogram.svg\" alt=\"\" class=\"wp-image-2452\" style=\"width:347px;height:auto\"\/><\/a><\/figure>\n\n\n\n<p class=\"has-regular-font-size\" style=\"text-transform:uppercase\"><strong>C\u00e9r\u00e9monies<\/strong><a href=\"https:\/\/invictusgames2025.ca\/fr\/information-sur-la-billetterie\/\"><\/a><\/p>\n\n\n\n<p class=\"has-regular-font-size\" style=\"text-transform:uppercase\"><a href=\"https:\/\/invictusgames2025.ca\/fr\/evenements-sportifs\/\"><\/a><\/p>\n\n\n\n<p class=\"has-regular-font-size\" style=\"text-transform:uppercase\"><\/p>\n<\/div>\n\n\n\n<div class=\"wp-block-column is-layout-flow wp-block-column-is-layout-flow\">\n<figure class=\"wp-block-image size-full is-resized\"><a href=\"https:\/\/invictusgames2025.ca\/fr\/evenements-sportifs\/\"><img loading=\"lazy\" decoding=\"async\" width=\"562\" height=\"562\" src=\"https:\/\/invictusg25stg.wpenginepowered.com\/wp-content\/uploads\/2024\/02\/snowboarding.png\" alt=\"Snowboarding Pictogram\" class=\"wp-image-698\" style=\"width:336px;height:auto\" srcset=\"https:\/\/invictusgames2025.ca\/wp-content\/uploads\/2024\/02\/snowboarding.png 562w, https:\/\/invictusgames2025.ca\/wp-content\/uploads\/2024\/02\/snowboarding-300x300.png 300w, https:\/\/invictusgames2025.ca\/wp-content\/uploads\/2024\/02\/snowboarding-150x150.png 150w\" sizes=\"auto, (max-width: 562px) 100vw, 562px\" \/><\/a><\/figure>\n\n\n\n<p class=\"has-base-font-size\" style=\"text-transform:uppercase\"><strong>SPORT <\/strong><\/p>\n<\/div>\n\n\n\n<div class=\"wp-block-column is-layout-flow wp-block-column-is-layout-flow\">\n<figure class=\"wp-block-image size-full is-resized\"><a href=\"https:\/\/invictusgames2025.ca\/invictus-villages\/\"><img loading=\"lazy\" decoding=\"async\" width=\"810\" height=\"809\" src=\"https:\/\/invictusgames2025.ca\/wp-content\/uploads\/2024\/09\/Fanzone-placeholder-pictogram.svg\" alt=\"\" class=\"wp-image-2458\" style=\"width:335px;height:auto\"\/><\/a><\/figure>\n\n\n\n<p class=\"has-base-font-size\" style=\"text-transform:uppercase\"><strong>ZONE DES FANS<\/strong><\/p>\n\n\n\n<p class=\"has-base-font-size\" style=\"text-transform:uppercase\"><\/p>\n<\/div>\n<\/div>\n<\/section>\n","protected":false},"excerpt":{"rendered":"<p>AU SUJET DU RUGBY EN FAUTEUIL ROULANT&nbsp;&nbsp; R\u00e9put\u00e9 pour la vitesse et le caract\u00e8re physique de son jeu, le rugby en fauteuil roulant est l\u2019un des sports les&#8230;<\/p>\n","protected":false},"author":6,"featured_media":0,"parent":429,"menu_order":0,"comment_status":"closed","ping_status":"closed","template":"","meta":{"_acf_changed":false,"_monsterinsights_skip_tracking":false,"_monsterinsights_sitenote_active":false,"_monsterinsights_sitenote_note":"","_monsterinsights_sitenote_category":0,"_uf_show_specific_survey":0,"_uf_disable_surveys":false,"footnotes":""},"class_list":["post-3804","page","type-page","status-publish","hentry"],"acf":[],"aioseo_notices":[],"_links":{"self":[{"href":"https:\/\/invictusgames2025.ca\/fr\/wp-json\/wp\/v2\/pages\/3804","targetHints":{"allow":["GET"]}}],"collection":[{"href":"https:\/\/invictusgames2025.ca\/fr\/wp-json\/wp\/v2\/pages"}],"about":[{"href":"https:\/\/invictusgames2025.ca\/fr\/wp-json\/wp\/v2\/types\/page"}],"author":[{"embeddable":true,"href":"https:\/\/invictusgames2025.ca\/fr\/wp-json\/wp\/v2\/users\/6"}],"replies":[{"embeddable":true,"href":"https:\/\/invictusgames2025.ca\/fr\/wp-json\/wp\/v2\/comments?post=3804"}],"version-history":[{"count":0,"href":"https:\/\/invictusgames2025.ca\/fr\/wp-json\/wp\/v2\/pages\/3804\/revisions"}],"up":[{"embeddable":true,"href":"https:\/\/invictusgames2025.ca\/fr\/wp-json\/wp\/v2\/pages\/429"}],"wp:attachment":[{"href":"https:\/\/invictusgames2025.ca\/fr\/wp-json\/wp\/v2\/media?parent=3804"}],"curies":[{"name":"wp","href":"https:\/\/api.w.org\/{rel}","templated":true}]}}