{"id":3800,"date":"2024-10-11T22:54:52","date_gmt":"2024-10-11T22:54:52","guid":{"rendered":"https:\/\/invictusgames2025.ca\/?page_id=3800"},"modified":"2024-11-13T00:15:59","modified_gmt":"2024-11-13T00:15:59","slug":"basketball-en-fauteuil-roulant","status":"publish","type":"page","link":"https:\/\/invictusgames2025.ca\/fr\/invictus-games-2025\/basketball-en-fauteuil-roulant\/","title":{"rendered":"BASKETBALL EN FAUTEUIL ROULANT"},"content":{"rendered":"\n<header class=\"wp-block-group alignfull invictus-hero-group has-black-background-color has-background is-layout-constrained wp-block-group-is-layout-constrained\">\n<figure class=\"wp-block-video alignwide\"><video height=\"1440\" style=\"aspect-ratio: 2560 \/ 1440;\" width=\"2560\" autoplay controls loop src=\"https:\/\/invictusgames2025.ca\/wp-content\/uploads\/2024\/10\/Wheelchair-Basketball-27-M.mp4\"><\/video><\/figure>\n<\/header>\n\n\n\n<div class=\"wp-block-group alignfull has-black-background-color has-background is-layout-constrained wp-block-group-is-layout-constrained\">\n<div class=\"wp-block-buttons is-content-justification-center is-layout-flex wp-container-core-buttons-is-layout-16018d1d wp-block-buttons-is-layout-flex\">\n<div class=\"wp-block-button has-custom-font-size is-style-fill has-base-font-size\"><a class=\"wp-block-button__link has-black-color has-yellow-background-color has-text-color has-background has-link-color wp-element-button\" href=\"https:\/\/shops.ticketmasterpartners.com\/invictus-games\"><strong>ACHETEZ VOS BILLETS MAINTENANT<\/strong><\/a><\/div>\n<\/div>\n<\/div>\n\n\n<div class=\"hidden lg:block invictus-branding-images has-white-background-color alignfull bg-cover bg-repeat-x bg-center\" style=\"background-image: url(https:\/\/invictusgames2025.ca\/wp-content\/uploads\/2024\/12\/divider-pattern.png);\"><\/div><div class=\"block lg:hidden invictus-branding-image-mobile has-white-background-color alignfull bg-cover bg-repeat-x bg-center h-[20px]\" style=\"background-image: url(https:\/\/invictusgames2025.ca\/wp-content\/uploads\/2024\/12\/divider-pattern.png);\"><\/div>\n\n\n<h3 class=\"wp-block-heading\"><strong>AU SUJET DU BASKETBALL EN FAUTEUIL ROULANT<\/strong><\/h3>\n\n\n\n<p>Le basketball en fauteuil roulant est un sport intense et dynamique qui fait appel \u00e0 la vitesse, \u00e0 l\u2019agilit\u00e9 et au travail d\u2019\u00e9quipe. La comp\u00e9tition se d\u00e9roulera le <strong>dimanche 9 f\u00e9vrier 2025<\/strong> au <strong>Vancouver Convention Centre (VCC)<\/strong>. Les concurrentes et concurrents effectueront des man\u0153uvres avec leur fauteuil roulant sur le terrain dans le but de surpasser leurs adversaires en marquant des paniers tout en d\u00e9fendant le leur.&nbsp;&nbsp;<\/p>\n\n\n\n<p>Ce sport adapt\u00e9 montre les habilet\u00e9s tactiques affin\u00e9es des concurrentes et des concurrents ainsi que leur pr\u00e9cision et leur endurance, tandis qu\u2019ils travaillent ensemble pour marquer des points et d\u00e9fendre leur panier. C\u2019est une d\u00e9monstration fascinante des aptitudes sportives et de la camaraderie des joueuses et des joueurs, qui symbolise l\u2019esprit de comp\u00e9tition de gu\u00e9rison des Jeux Invictus.&nbsp;&nbsp;<\/p>\n\n\n\n<div style=\"height:35px\" aria-hidden=\"true\" class=\"wp-block-spacer\"><\/div>\n\n\n\n<section class=\"wp-block-group alignfull has-white-color has-black-background-color has-text-color has-background has-link-color wp-elements-20efc6d0c6e52100144f5ce44aa02fde is-layout-constrained wp-block-group-is-layout-constrained\">\n<div class=\"wp-block-columns alignwide is-layout-flex wp-container-core-columns-is-layout-9d6595d7 wp-block-columns-is-layout-flex\">\n<div class=\"wp-block-column is-vertically-aligned-top has-white-color has-text-color has-link-color wp-elements-e17ebd0fa5a73b94b2624a60a301606a is-layout-flow wp-block-column-is-layout-flow\">\n<div class=\"wp-block-media-text is-stacked-on-mobile is-image-fill\"><figure class=\"wp-block-media-text__media\" style=\"background-image:url(https:\/\/invictusgames2025.ca\/wp-content\/uploads\/2024\/09\/Emily-Langer-1024x683.jpg);background-position:48% 64%\"><img loading=\"lazy\" decoding=\"async\" width=\"1024\" height=\"683\" src=\"https:\/\/invictusgames2025.ca\/wp-content\/uploads\/2024\/09\/Emily-Langer-1024x683.jpg\" alt=\"\" class=\"wp-image-2787 size-full\" srcset=\"https:\/\/invictusgames2025.ca\/wp-content\/uploads\/2024\/09\/Emily-Langer-1024x683.jpg 1024w, https:\/\/invictusgames2025.ca\/wp-content\/uploads\/2024\/09\/Emily-Langer-300x200.jpg 300w, https:\/\/invictusgames2025.ca\/wp-content\/uploads\/2024\/09\/Emily-Langer-768x513.jpg 768w, https:\/\/invictusgames2025.ca\/wp-content\/uploads\/2024\/09\/Emily-Langer-1536x1025.jpg 1536w, https:\/\/invictusgames2025.ca\/wp-content\/uploads\/2024\/09\/Emily-Langer-2048x1367.jpg 2048w, https:\/\/invictusgames2025.ca\/wp-content\/uploads\/2024\/09\/Emily-Langer-466x310.jpg 466w\" sizes=\"auto, (max-width: 1024px) 100vw, 1024px\" \/><\/figure><div class=\"wp-block-media-text__content\">\n<h3 class=\"wp-block-heading\" style=\"text-transform:uppercase\"><strong>QUELLES SONT LES R\u00c8GLES?  <\/strong><\/h3>\n\n\n\n<ul style=\"font-size:18px\" class=\"wp-block-list\">\n<li style=\"font-size:18px\">Les \u00e9quipes seront divis\u00e9es en poules. Les \u00e9quipes disputent un certain nombre de matchs contre les autres \u00e9quipes de leur poule.\u00a0<\/li>\n<\/ul>\n\n\n\n<ul class=\"wp-block-list\">\n<li style=\"font-size:18px\">\u00c0 l\u2019issue de la phase de poule, les quatre meilleures \u00e9quipes s\u2019affronteront dans les demi-finales crois\u00e9es. Les \u00e9quipes qui s\u2019inclinent en demi-finale s\u2019affronteront au match pour la m\u00e9daille de bronze et les gagnantes disputeront le match de la m\u00e9daille d\u2019or.\u00a0\u00a0<\/li>\n<\/ul>\n\n\n\n<ul class=\"wp-block-list\">\n<li style=\"font-size:18px\">Le panier se trouve \u00e0 10 pieds de haut \u2013 soit \u00e0 la m\u00eame hauteur qu\u2019un panier de basketball standard.\u00a0\u00a0<\/li>\n<\/ul>\n\n\n\n<ul class=\"wp-block-list\">\n<li style=\"font-size:18px\">La formation des poules s\u2019effectue sur la base des r\u00e9sultats des Jeux Invictus de D\u00fcsseldorf 2023 et de tirages au sort.\u00a0\u00a0<\/li>\n<\/ul>\n<\/div><\/div>\n<\/div>\n<\/div>\n<\/section>\n\n\n\n<div style=\"height:35px\" aria-hidden=\"true\" class=\"wp-block-spacer\"><\/div>\n\n\n\n<div class=\"wp-block-group is-layout-constrained wp-block-group-is-layout-constrained\">\n<h3 class=\"wp-block-heading\"><strong>COMMENT LE SPORT EST-IL N\u00c9?\u00a0<\/strong><\/h3>\n\n\n\n<ul class=\"wp-block-list\">\n<li>On a jou\u00e9 au basketball en fauteuil roulant pour la premi\u00e8re fois en 1945, \u00e0 deux h\u00f4pitaux pour anciens combattants am\u00e9ricains de la Seconde Guerre mondiale.\u00a0\u00a0<\/li>\n<\/ul>\n\n\n\n<ul class=\"wp-block-list\">\n<li>Le sport a \u00e9t\u00e9 inclus pour la premi\u00e8re fois comme sport paralympique aux Jeux paralympiques de\u202f1960 \u00e0 Rome (Italie).\u00a0\u00a0<\/li>\n<\/ul>\n\n\n\n<h3 class=\"wp-block-heading\"><strong>COMBIEN D\u2019\u00c9QUIPES Y A-T-IL?\u00a0\u00a0<\/strong><\/h3>\n\n\n\n<p>Nous compterons 12 \u00e9quipes.\u00a0\u00a0<\/p>\n\n\n\n<h3 class=\"wp-block-heading\"><strong>COMBIEN Y A-T-IL DE CONCURRENTES OU CONCURRENTS SUR LA PISTE EN M\u00caME TEMPS?  <\/strong><\/h3>\n\n\n\n<p>Chaque \u00e9quipe compte cinq concurrentes ou concurrents sur le terrain en m\u00eame temps.\u00a0\u00a0<\/p>\n\n\n\n<h3 class=\"wp-block-heading\"><strong>QUELLE EST LA TAILLE DU TERRAIN DE JEU?\u00a0\u00a0<\/strong><\/h3>\n\n\n\n<ul class=\"wp-block-list\">\n<li>Le terrain de jeu mesure 15\u202fm sur 28\u202fm, soit la m\u00eame taille que le terrain utilis\u00e9 aux Jeux paralympiques.<\/li>\n<\/ul>\n\n\n\n<ul class=\"wp-block-list\">\n<li>Le panier est \u00e0 une hauteur de 10\u202fpi, soit l\u2019\u00e9quivalent de celui utilis\u00e9 en sport paralympique et en basketball traditionnel.\u00a0\u00a0<\/li>\n<\/ul>\n\n\n\n<h3 class=\"wp-block-heading\"><strong>QUELLE EST LA DUR\u00c9E D\u2019UN MATCH?\u00a0\u00a0<\/strong><\/h3>\n\n\n\n<p>Chaque match sera compos\u00e9 de deux p\u00e9riodes de 10\u202fminutes chronom\u00e9tr\u00e9es durant les rondes pr\u00e9liminaires et de deux p\u00e9riodes de 15 minutes chronom\u00e9tr\u00e9es durant les demi-finales et la finale. La dur\u00e9e peut \u00eatre ajust\u00e9e en fonction du nombre d\u2019\u00e9quipes et de l\u2019horaire. \u202f\u00a0<\/p>\n\n\n\n<h3 class=\"wp-block-heading\"><strong>S\u2019AGIT-IL D\u2019UN NOUVEAU SPORT POUR LES JEUX INVICTUS?\u00a0\u00a0<\/strong><\/h3>\n\n\n\n<p>Le basketball en fauteuil roulant a fait partie du programme des tout premiers Jeux Invictus en\u202f2014 et est pr\u00e9sent\u00e9 \u00e0 chaque \u00e9dition des Jeux Invictus depuis!\u00a0\u00a0<\/p>\n\n\n\n<div style=\"height:35px\" aria-hidden=\"true\" class=\"wp-block-spacer\"><\/div>\n<\/div>\n\n\n\n<section class=\"wp-block-group alignfull has-white-color has-yellow-background-color has-text-color has-background has-link-color wp-elements-3199cd2620cc8c295340ff272eb22a38 is-layout-constrained wp-block-group-is-layout-constrained\">\n<div class=\"wp-block-media-text is-stacked-on-mobile is-image-fill\"><figure class=\"wp-block-media-text__media\" style=\"background-image:url(https:\/\/invictusgames2025.ca\/wp-content\/uploads\/2024\/09\/Johann-Michael-Scheller-1024x683.jpeg);background-position:91% 0%\"><img loading=\"lazy\" decoding=\"async\" width=\"1024\" height=\"683\" src=\"https:\/\/invictusgames2025.ca\/wp-content\/uploads\/2024\/09\/Johann-Michael-Scheller-1024x683.jpeg\" alt=\"\" class=\"wp-image-2789 size-full\" srcset=\"https:\/\/invictusgames2025.ca\/wp-content\/uploads\/2024\/09\/Johann-Michael-Scheller-1024x683.jpeg 1024w, https:\/\/invictusgames2025.ca\/wp-content\/uploads\/2024\/09\/Johann-Michael-Scheller-300x200.jpeg 300w, https:\/\/invictusgames2025.ca\/wp-content\/uploads\/2024\/09\/Johann-Michael-Scheller-768x512.jpeg 768w, https:\/\/invictusgames2025.ca\/wp-content\/uploads\/2024\/09\/Johann-Michael-Scheller-1536x1024.jpeg 1536w, https:\/\/invictusgames2025.ca\/wp-content\/uploads\/2024\/09\/Johann-Michael-Scheller-2048x1365.jpeg 2048w, https:\/\/invictusgames2025.ca\/wp-content\/uploads\/2024\/09\/Johann-Michael-Scheller-466x310.jpeg 466w\" sizes=\"auto, (max-width: 1024px) 100vw, 1024px\" \/><figcaption>Wheelchair Basketball Preliminary USA_GEO 12<\/figcaption><\/figure><div class=\"wp-block-media-text__content\">\n<div class=\"wp-block-group has-black-color has-text-color has-link-color wp-elements-72e6fc2fddb9e576849668ccd8972e5b is-layout-constrained wp-block-group-is-layout-constrained\">\n<h3 class=\"wp-block-heading\"><strong>FAITS INT\u00c9RESSANTS\u00a0\u00a0<\/strong><\/h3>\n\n\n\n<ul class=\"wp-block-list\">\n<li style=\"font-size:18px\">Les joueuses et joueurs peuvent placer le ballon sur leurs genoux ou dans leurs mains; ils peuvent le dribbler ou le passer apr\u00e8s deux pouss\u00e9es cons\u00e9cutives.\u00a0\u00a0<\/li>\n<\/ul>\n\n\n\n<ul class=\"wp-block-list\">\n<li style=\"font-size:18px\">Contrairement au basketball classique, les Jeux Invictus utilisent un chronom\u00e8tre pour maximiser le temps de jeu.\u00a0\u00a0<\/li>\n<\/ul>\n\n\n\n<ul class=\"wp-block-list\">\n<li style=\"font-size:18px\">Il n\u2019y a pas de r\u00e8gle de double dribble au basketball en fauteuil roulant.\u00a0\u00a0<\/li>\n<\/ul>\n\n\n\n<ul class=\"wp-block-list\">\n<li style=\"font-size:18px\">Le fauteuil est consid\u00e9r\u00e9 comme une partie du corps, c.-\u00e0-d. qu\u2019une personne est hors-jeu si toute partie de son corps ou de son fauteuil roulant touche au plancher ou tout objet sur ou \u00e0 l\u2019ext\u00e9rieur de la ligne de d\u00e9limitation.\u00a0\u00a0<\/li>\n<\/ul>\n<\/div>\n<\/div><\/div>\n<\/section>\n\n\n\n<section class=\"wp-block-group alignfull has-black-background-color has-background is-layout-constrained wp-block-group-is-layout-constrained\">\n<div class=\"wp-block-columns alignwide has-white-color has-text-color has-link-color wp-elements-d540301f225b84667fb30d568ad87fb8 is-layout-flex wp-container-core-columns-is-layout-9d6595d7 wp-block-columns-is-layout-flex\">\n<div class=\"wp-block-column is-layout-flow wp-block-column-is-layout-flow\">\n<figure class=\"wp-block-image size-full is-resized\"><a href=\"https:\/\/invictusgames2025.ca\/fr\/information-sur-la-billetterie\/\"><img loading=\"lazy\" decoding=\"async\" width=\"500\" height=\"500\" src=\"https:\/\/invictusgames2025.ca\/wp-content\/uploads\/2024\/09\/Tickets-Pictogram.svg\" alt=\"\" class=\"wp-image-2456\" style=\"width:332px;height:auto\"\/><\/a><\/figure>\n\n\n\n<p class=\"has-regular-font-size\" style=\"text-transform:uppercase\"><strong>INFORMATIONS SUR LES BILLETS<\/strong><\/p>\n<\/div>\n\n\n\n<div class=\"wp-block-column is-layout-flow wp-block-column-is-layout-flow\">\n<figure class=\"wp-block-image size-full is-resized\"><a href=\"https:\/\/invictusgames2025.ca\/sports-tickets\/\"><img loading=\"lazy\" decoding=\"async\" width=\"562\" height=\"562\" src=\"https:\/\/invictusg25stg.wpenginepowered.com\/wp-content\/uploads\/2024\/02\/snowboarding.png\" alt=\"Snowboarding Pictogram\" class=\"wp-image-698\" style=\"width:336px;height:auto\" srcset=\"https:\/\/invictusgames2025.ca\/wp-content\/uploads\/2024\/02\/snowboarding.png 562w, https:\/\/invictusgames2025.ca\/wp-content\/uploads\/2024\/02\/snowboarding-300x300.png 300w, https:\/\/invictusgames2025.ca\/wp-content\/uploads\/2024\/02\/snowboarding-150x150.png 150w\" sizes=\"auto, (max-width: 562px) 100vw, 562px\" \/><\/a><\/figure>\n\n\n\n<p class=\"has-base-font-size\" style=\"text-transform:uppercase\"><strong>SPORT<\/strong><\/p>\n<\/div>\n\n\n\n<div class=\"wp-block-column is-layout-flow wp-block-column-is-layout-flow\">\n<figure class=\"wp-block-image size-full is-resized\"><a href=\"https:\/\/invictusgames2025.ca\/invictus-villages\/\"><img loading=\"lazy\" decoding=\"async\" width=\"810\" height=\"809\" src=\"https:\/\/invictusgames2025.ca\/wp-content\/uploads\/2024\/09\/Fanzone-placeholder-pictogram.svg\" alt=\"\" class=\"wp-image-2458\" style=\"width:335px;height:auto\"\/><\/a><\/figure>\n\n\n\n<p class=\"has-base-font-size\" style=\"text-transform:uppercase\"><strong>ZONE DES FANS<\/strong><\/p>\n<\/div>\n<\/div>\n<\/section>\n","protected":false},"excerpt":{"rendered":"<p>AU SUJET DU BASKETBALL EN FAUTEUIL ROULANT Le basketball en fauteuil roulant est un sport intense et dynamique qui fait appel \u00e0 la vitesse, \u00e0 l\u2019agilit\u00e9 et au&#8230;<\/p>\n","protected":false},"author":6,"featured_media":0,"parent":429,"menu_order":0,"comment_status":"closed","ping_status":"closed","template":"","meta":{"_acf_changed":false,"_monsterinsights_skip_tracking":false,"_monsterinsights_sitenote_active":false,"_monsterinsights_sitenote_note":"","_monsterinsights_sitenote_category":0,"_uf_show_specific_survey":0,"_uf_disable_surveys":false,"footnotes":""},"class_list":["post-3800","page","type-page","status-publish","hentry"],"acf":[],"aioseo_notices":[],"_links":{"self":[{"href":"https:\/\/invictusgames2025.ca\/fr\/wp-json\/wp\/v2\/pages\/3800","targetHints":{"allow":["GET"]}}],"collection":[{"href":"https:\/\/invictusgames2025.ca\/fr\/wp-json\/wp\/v2\/pages"}],"about":[{"href":"https:\/\/invictusgames2025.ca\/fr\/wp-json\/wp\/v2\/types\/page"}],"author":[{"embeddable":true,"href":"https:\/\/invictusgames2025.ca\/fr\/wp-json\/wp\/v2\/users\/6"}],"replies":[{"embeddable":true,"href":"https:\/\/invictusgames2025.ca\/fr\/wp-json\/wp\/v2\/comments?post=3800"}],"version-history":[{"count":0,"href":"https:\/\/invictusgames2025.ca\/fr\/wp-json\/wp\/v2\/pages\/3800\/revisions"}],"up":[{"embeddable":true,"href":"https:\/\/invictusgames2025.ca\/fr\/wp-json\/wp\/v2\/pages\/429"}],"wp:attachment":[{"href":"https:\/\/invictusgames2025.ca\/fr\/wp-json\/wp\/v2\/media?parent=3800"}],"curies":[{"name":"wp","href":"https:\/\/api.w.org\/{rel}","templated":true}]}}