{"id":3798,"date":"2024-10-16T19:34:20","date_gmt":"2024-10-16T19:34:20","guid":{"rendered":"https:\/\/invictusgames2025.ca\/?page_id=3798"},"modified":"2024-11-13T00:02:41","modified_gmt":"2024-11-13T00:02:41","slug":"ski-de-fond","status":"publish","type":"page","link":"https:\/\/invictusgames2025.ca\/fr\/invictus-games-2025\/ski-de-fond\/","title":{"rendered":"Ski de fond"},"content":{"rendered":"\n<header class=\"wp-block-group alignfull invictus-hero-group has-black-background-color has-background is-layout-constrained wp-block-group-is-layout-constrained\">\n<figure class=\"wp-block-video alignwide\"><video height=\"1440\" style=\"aspect-ratio: 2560 \/ 1440;\" width=\"2560\" autoplay controls loop src=\"https:\/\/invictusgames2025.ca\/wp-content\/uploads\/2024\/10\/NEW-NORDIC-27-M-3.mp4\"><\/video><\/figure>\n<\/header>\n\n\n\n<div class=\"wp-block-group alignfull has-black-background-color has-background is-layout-constrained wp-block-group-is-layout-constrained\">\n<div class=\"wp-block-buttons is-content-justification-center is-layout-flex wp-container-core-buttons-is-layout-16018d1d wp-block-buttons-is-layout-flex\">\n<div class=\"wp-block-button has-custom-font-size is-style-fill has-base-font-size\"><a class=\"wp-block-button__link has-black-color has-yellow-background-color has-text-color has-background has-link-color wp-element-button\" href=\"https:\/\/www.ticketmaster.ca\/invictus-games-tickets\/artist\/2954948\"><strong>OBTENEZ VOS BILLETS MAINTENANT<\/strong><div class=\"tw-ta-container F0azHf tw-nfl\" id=\"tw-target-text-container\" tabindex=\"0\" role=\"text\" style=\"overflow: hidden; position: relative;\"><div><span class=\"Y2IQFc\" lang=\"fr\"><\/span><\/div><pre class=\"tw-data-placeholder tw-text-small tw-ta\" data-placeholder=\"\" id=\"tw-target-rmn\" dir=\"ltr\" style=\"background-color: transparent; border: none; padding: 0px 0.14em 0px 0px; position: relative; margin-top: 0px; margin-bottom: 0px; resize: none; font-family: inherit; overflow: hidden; text-align: left; width: 270.012px; text-wrap-mode: wrap; overflow-wrap: break-word; font-size: 16px; line-height: 24px;\"><span class=\"Y2IQFc\"><\/span><div jscontroller=\"RXaBU\" data-cviv=\"false\" jsaction=\"R4nmZb:npT2md;C1RXse:PoUyQd\" data-ved=\"2ahUKEwjro9a88NeJAxXQFjQIHY4UJK4Qz_AEegQICRAV\" style=\"visibility: hidden; position: relative;\"><g-bubble jscontroller=\"QVaUhf\" data-du=\"200\" data-tp=\"5\" jsaction=\"R9S7w:VqIRre;\" jsshadow=\"\"><span jsname=\"d6wfac\" class=\"c5aZPb\" data-extra-container-classes=\"tw-verified-tooltip\" data-hover-hide-delay=\"1000\" data-hover-open-delay=\"500\" data-theme=\"0\" data-width=\"0\" role=\"button\" tabindex=\"0\" jsaction=\"vQLyHf\" jsslot=\"\" style=\"cursor: pointer; outline: 0px; display: inline-block;\"><div class=\"U9URNb\" style=\"opacity: 0.74; color: var(--COEmY); font-size: 12px; font-style: italic; min-width: 26px; margin: -11px; padding: 11px;\"><g-img class=\"XrZwB\" aria-label=\"Community Verified icon\" role=\"img\" style=\"display: inline-block; height: 26px; padding-left: 5px; vertical-align: middle;\"><img loading=\"lazy\" decoding=\"async\" id=\"dimg_eNszZ-uHB9Ct0PEPjqmQ8Qo_3\" height=\"16\" width=\"16\" data-csiid=\"eNszZ-uHB9Ct0PEPjqmQ8Qo_5\" data-atf=\"0\" class=\"YQ4gaf zr758c wA1Bge\" style=\"display: block; border-width: 0px; border-style: initial; position: relative; padding-top: 3px;\" src=\"data:image\/png;base64,iVBORw0KGgoAAAANSUhEUgAAABQAAAAUCAQAAAAngNWGAAAA\/0lEQVR4AYXNMSiEcRyA4cfmGHQbCZIipkuxnJgMStlMNmeyD2dwmc8+sZgxYJd9ErIZFHUyYYD7fkr6l4\/rnvmtl7+KitrqV\/fq2Y5eLY3Z9S48eRLe7BmVZ9qhTLhQ0algzZWQOVKSsCF8OjAnwbxDTWFDUhPK\/jMr1H6HE\/IqRky2DyvCefuwItwZzodVoYRiLqMkVCXrwpJ9twZ+sgfDYEFYl8wIWxZ9uFf7zkallxlJh4YrLGsKjZRx7VGHhLqwgFUN45DGdb8MeXGpgB4ABZdeDcpZEY51A+hyLKz4S1W4MQWm3AibWtgWmk6dyISa1pSdyWTOlLXVp0+eL9D\/ZPfBTNanAAAAAElFTkSuQmCC\" alt=\"Community Verified icon\"><\/g-img><span jsname=\"U2jMLc\" class=\"nlMhfd\" style=\"display: inline-block; height: 26px; line-height: 26px; word-break: break-all;\"><\/span><\/div><\/span><\/g-bubble><\/div><\/pre><\/div><\/a><\/div>\n<\/div>\n<\/div>\n\n\n<div class=\"hidden lg:block invictus-branding-images has-white-background-color alignfull bg-cover bg-repeat-x bg-center\" style=\"background-image: url(https:\/\/invictusgames2025.ca\/wp-content\/uploads\/2024\/12\/divider-pattern.png);\"><\/div><div class=\"block lg:hidden invictus-branding-image-mobile has-white-background-color alignfull bg-cover bg-repeat-x bg-center h-[20px]\" style=\"background-image: url(https:\/\/invictusgames2025.ca\/wp-content\/uploads\/2024\/12\/divider-pattern.png);\"><\/div>\n\n\n<h3 class=\"wp-block-heading\" style=\"text-transform:uppercase\"><strong>AU SUJET DU SKI DE FOND\u00a0\u00a0<\/strong><\/h3>\n\n\n\n<p>Le ski nordique est un test d\u2019endurance et de technique, dans lequel les concurrentes et concurrents parcourent de longues distances. La comp\u00e9tition aura lieu le <strong>mardi 11 f\u00e9vrier 2025<\/strong>, au <strong>Parc olympique de Whistler<\/strong> et mettra les participantes et participants au d\u00e9fi de se d\u00e9passer dans des conditions difficiles au moyen de techniques d\u2019adaptation.&nbsp;&nbsp;<\/p>\n\n\n\n<p>Les concurrentes et concurrents d\u00e9montreront leur endurance, leur r\u00e9silience et leur force mentale en parcourant le terrain accident\u00e9. Le ski nordique aux Jeux Invictus met en valeur le parcours de r\u00e9tablissement de chaque concurrente et concurrent pour incarner l\u2019esprit de pers\u00e9v\u00e9rance et d\u2019engagement qui caract\u00e9rise les Jeux.&nbsp;&nbsp;<\/p>\n\n\n\n<div style=\"height:36px\" aria-hidden=\"true\" class=\"wp-block-spacer\"><\/div>\n\n\n\n<section class=\"wp-block-group alignfull has-white-color has-black-background-color has-text-color has-background has-link-color wp-elements-2601bffb00bf647992488cf30b3d9afc is-layout-constrained wp-block-group-is-layout-constrained\">\n<div class=\"wp-block-columns alignwide is-layout-flex wp-container-core-columns-is-layout-9d6595d7 wp-block-columns-is-layout-flex\">\n<div class=\"wp-block-column is-vertically-aligned-top has-white-color has-text-color has-link-color wp-elements-22bf2bc27d676b3368efba4fcd4ba227 is-layout-flow wp-block-column-is-layout-flow\">\n<div class=\"wp-block-media-text alignwide is-stacked-on-mobile is-image-fill\"><figure class=\"wp-block-media-text__media\" style=\"background-image:url(https:\/\/invictusgames2025.ca\/wp-content\/uploads\/2024\/09\/Jeff-Vinnick-9-683x1024.jpg);background-position:50% 37%\"><img loading=\"lazy\" decoding=\"async\" width=\"683\" height=\"1024\" src=\"https:\/\/invictusgames2025.ca\/wp-content\/uploads\/2024\/09\/Jeff-Vinnick-9-683x1024.jpg\" alt=\"\" class=\"wp-image-2747 size-full\" srcset=\"https:\/\/invictusgames2025.ca\/wp-content\/uploads\/2024\/09\/Jeff-Vinnick-9-683x1024.jpg 683w, https:\/\/invictusgames2025.ca\/wp-content\/uploads\/2024\/09\/Jeff-Vinnick-9-200x300.jpg 200w, https:\/\/invictusgames2025.ca\/wp-content\/uploads\/2024\/09\/Jeff-Vinnick-9-768x1152.jpg 768w, https:\/\/invictusgames2025.ca\/wp-content\/uploads\/2024\/09\/Jeff-Vinnick-9-1024x1536.jpg 1024w, https:\/\/invictusgames2025.ca\/wp-content\/uploads\/2024\/09\/Jeff-Vinnick-9-1365x2048.jpg 1365w, https:\/\/invictusgames2025.ca\/wp-content\/uploads\/2024\/09\/Jeff-Vinnick-9-scaled.jpg 1707w\" sizes=\"auto, (max-width: 683px) 100vw, 683px\" \/><\/figure><div class=\"wp-block-media-text__content\">\n<h3 class=\"wp-block-heading\" style=\"text-transform:uppercase\"><strong>QUELLES SONT LES R\u00c8GLES?\u00a0\u00a0<\/strong><\/h3>\n\n\n\n<p style=\"font-size:18px\">Les skieurs nordiques ou skieurs de fond n\u2019auront recours qu\u2019\u00e0 la technique de ski classique.&nbsp;&nbsp;<\/p>\n\n\n\n<p style=\"font-size:18px\">Les r\u00e9sultats sont bas\u00e9s sur le temps factoris\u00e9 le plus rapide pour permettre aux concurrentes et concurrents ayant diff\u00e9rents handicaps de concourir sur un terrain de jeu \u00e9quitable.&nbsp;&nbsp;<\/p>\n\n\n\n<p style=\"font-size:18px\">On compte deux \u00e9preuves individuelles\u202f:\u00a0\u00a0<\/p>\n\n\n\n<ul class=\"wp-block-list\">\n<li style=\"font-size:18px\">Une \u00e9preuve novice sur environ 750\u202fm\u00a0\u00a0<\/li>\n\n\n\n<li style=\"font-size:18px\">Une \u00e9preuve interm\u00e9diaire sur environ 1\u202f500\u202fm\u00a0\u00a0<\/li>\n<\/ul>\n<\/div><\/div>\n<\/div>\n<\/div>\n<\/section>\n\n\n\n<div class=\"wp-block-group is-layout-constrained wp-block-group-is-layout-constrained\">\n<div style=\"height:60px\" aria-hidden=\"true\" class=\"wp-block-spacer\"><\/div>\n\n\n\n<h3 class=\"wp-block-heading\">PROCESSUS DE CAT\u00c9GORISATION DES CONCURRENTES ET DES CONCURRENTS\u00a0\u00a0<\/h3>\n\n\n\n<p>Aux Jeux Invictus, le processus de cat\u00e9gorisation vise \u00e0 assurer la meilleure exp\u00e9rience possible aux concurrentes et concurrents. Les Jeux Invictus sont une comp\u00e9tition unique qui permet \u00e0 toutes les personnes participantes de concourir \u00e9quitablement dans tous les sports, peu importe leur handicap.&nbsp;&nbsp;<\/p>\n\n\n\n<p>Chaque sport a un syst\u00e8me de cat\u00e9gorisation qui lui est propre, car les blessures, les maladies et les handicaps touchent diff\u00e9remment chaque personne dans chaque sport. Et donc, chaque personne se voit attribuer une cat\u00e9gorie (p. ex., IT1, IJ4) pour chaque sport dans lequel elle concourt. Le syst\u00e8me de cat\u00e9gorisation mise sur l\u2019int\u00e9grit\u00e9 et l\u2019honn\u00eatet\u00e9 ainsi que sur une relation de collaboration entre les concurrentes et concurrents et le personnel de l\u2019\u00e9quipe.&nbsp;&nbsp;<\/p>\n\n\n\n<p>Une nouveaut\u00e9 pour les Jeux Invictus de Vancouver Whistler 2025 sera l\u2019application des temps factoris\u00e9s pour les nouvelles disciplines nordiques (ski de fond et biathlon) et alpines (ski et snowboard) des sports de neige au programme. La factorisation du temps consiste \u00e0 appliquer un pourcentage au temps brut d\u2019une concurrente ou d\u2019un concurrent (c.-\u00e0-d. le temps qu\u2019il faut pour passer de la ligne de d\u00e9part \u00e0 la ligne d\u2019arriv\u00e9e). Le pourcentage correspond \u00e0 la sous-cat\u00e9gorie \u00e0 laquelle appartient le handicap de la concurrente ou du concurrent. Le but est d\u2019augmenter le nombre de comp\u00e9titions dans les nouveaux sports d\u2019hiver tout en assurant des r\u00e8gles du jeu \u00e9quitables. Par cons\u00e9quent, une personne peut franchir la ligne d\u2019arriv\u00e9e en premier, et ne pas figurer en premi\u00e8re place dans les r\u00e9sultats officiels, apr\u00e8s le facteur temps appliqu\u00e9.&nbsp;&nbsp;<\/p>\n\n\n\n<h3 class=\"wp-block-heading\"><strong>COMMENT LE SPORT EST-IL N\u00c9?\u00a0\u00a0<\/strong><\/h3>\n\n\n\n<p>Le ski (de fond) paranordique a \u00e9t\u00e9 pr\u00e9sent\u00e9 pour la premi\u00e8re fois aux Jeux paralympiques d\u2019hiver de 1976 \u00e0 \u00d6rnsk\u00f6ldsvik (en Su\u00e8de).\u202f La technique de ski classique a \u00e9t\u00e9 utilis\u00e9e jusqu\u2019aux Jeux paralympiques d\u2019hiver de 1984 \u00e0 Innsbruck (Autriche), o\u00f9 la technique libre a fait ses d\u00e9buts.\u00a0\u00a0<\/p>\n\n\n\n<h3 class=\"wp-block-heading\"><strong>COMBIEN Y A-T-IL DE CONCURRENTES OU CONCURRENTS SUR LA PISTE EN M\u00caME TEMPS?\u00a0\u00a0<\/strong><\/h3>\n\n\n\n<p>Les \u00e9preuves de ski de fond utilisent un format de d\u00e9part par intervalle (\u00e9chelonn\u00e9) selon lequel les concurrentes et concurrents partent \u00e0 30\u202fsecondes d\u2019intervalle. Pour cette raison, le nombre de concurrentes et de concurrents sur la piste sera d\u00e9termin\u00e9 par la rapidit\u00e9 avec laquelle chaque personne termine le parcours.\u00a0\u00a0<\/p>\n\n\n\n<h3 class=\"wp-block-heading\"><strong>QUELLE EST LA LONGUEUR DU PARCOURS?\u00a0\u00a0<\/strong><\/h3>\n\n\n\n<ul class=\"wp-block-list\">\n<li>Le parcours de la comp\u00e9tition novice est d\u2019environ 750\u202fm, soit l\u2019\u00e9quivalent de la longueur de 164\u202fvoitures moyennes.\u00a0\u00a0<\/li>\n<\/ul>\n\n\n\n<ul class=\"wp-block-list\">\n<li>Le parcours de la comp\u00e9tition interm\u00e9diaire-avanc\u00e9e est d\u2019environ 1\u202f500\u202fm, soit l\u2019\u00e9quivalent de la longueur de 25\u202fpatinoires de hockey de la LNH.\u00a0\u00a0<\/li>\n<\/ul>\n<\/div>\n\n\n\n<div style=\"height:60px\" aria-hidden=\"true\" class=\"wp-block-spacer\"><\/div>\n\n\n\n<section class=\"wp-block-group alignfull has-white-color has-yellow-background-color has-text-color has-background has-link-color wp-elements-5f27a451ec916699b44a9a53f0fb1c71 is-layout-constrained wp-block-group-is-layout-constrained\">\n<div class=\"wp-block-media-text is-stacked-on-mobile is-image-fill\"><figure class=\"wp-block-media-text__media\" style=\"background-image:url(https:\/\/invictusgames2025.ca\/wp-content\/uploads\/2024\/09\/Jeremy-Allen--1024x683.jpg);background-position:60% 47%\"><img loading=\"lazy\" decoding=\"async\" width=\"1024\" height=\"683\" src=\"https:\/\/invictusgames2025.ca\/wp-content\/uploads\/2024\/09\/Jeremy-Allen--1024x683.jpg\" alt=\"\" class=\"wp-image-2745 size-full\" srcset=\"https:\/\/invictusgames2025.ca\/wp-content\/uploads\/2024\/09\/Jeremy-Allen--1024x683.jpg 1024w, https:\/\/invictusgames2025.ca\/wp-content\/uploads\/2024\/09\/Jeremy-Allen--300x200.jpg 300w, https:\/\/invictusgames2025.ca\/wp-content\/uploads\/2024\/09\/Jeremy-Allen--768x512.jpg 768w, https:\/\/invictusgames2025.ca\/wp-content\/uploads\/2024\/09\/Jeremy-Allen--466x310.jpg 466w, https:\/\/invictusgames2025.ca\/wp-content\/uploads\/2024\/09\/Jeremy-Allen-.jpg 1199w\" sizes=\"auto, (max-width: 1024px) 100vw, 1024px\" \/><\/figure><div class=\"wp-block-media-text__content\">\n<div class=\"wp-block-group has-black-color has-text-color has-link-color wp-elements-cb8f26c0e7e39bac74c7809c4e7064f4 is-layout-constrained wp-block-group-is-layout-constrained\">\n<h3 class=\"wp-block-heading\"><strong>FAITS INT\u00c9RESSANTS\u00a0\u00a0<\/strong><\/h3>\n\n\n\n<ul class=\"wp-block-list\">\n<li style=\"font-size:18px\">Le ski paranordique est un nom qui regroupe deux disciplines de parasport\u202f: le parabiathlon et le paraski de fond.\u00a0\u00a0<\/li>\n<\/ul>\n\n\n\n<ul class=\"wp-block-list\">\n<li style=\"font-size:18px\">Le ski de fond est la plus ancienne forme de ski!\u00a0\u00a0<\/li>\n<\/ul>\n\n\n\n<ul class=\"wp-block-list\">\n<li style=\"font-size:18px\">Pour les concurrentes et les concurrents, les skis assis consistent en un si\u00e8ge sur un cadre mont\u00e9 avec des attaches sur deux skis de fond.\u00a0\u00a0<\/li>\n<\/ul>\n<\/div>\n<\/div><\/div>\n<\/section>\n\n\n\n<section class=\"wp-block-group alignfull has-black-background-color has-background is-layout-constrained wp-block-group-is-layout-constrained\">\n<div class=\"wp-block-columns alignwide has-white-color has-text-color has-link-color wp-elements-92be727ccf70786395a012c02c56417d is-layout-flex wp-container-core-columns-is-layout-9d6595d7 wp-block-columns-is-layout-flex\">\n<div class=\"wp-block-column is-layout-flow wp-block-column-is-layout-flow\">\n<figure class=\"wp-block-image size-full is-resized\"><a href=\"https:\/\/invictusgames2025.ca\/ceremony-tickets\/\"><img decoding=\"async\" src=\"https:\/\/invictusg25stg.wpenginepowered.com\/wp-content\/uploads\/2024\/09\/BC-Place-3.svg\" alt=\"\" class=\"wp-image-2595\" style=\"width:339px;height:auto\"\/><\/a><\/figure>\n\n\n\n<p class=\"has-regular-font-size\" style=\"text-transform:uppercase\"><strong>CEREMONIES<\/strong><\/p>\n<\/div>\n\n\n\n<div class=\"wp-block-column is-layout-flow wp-block-column-is-layout-flow\">\n<figure class=\"wp-block-image size-full is-resized\"><a href=\"https:\/\/invictusgames2025.ca\/sports-tickets\/\"><img loading=\"lazy\" decoding=\"async\" width=\"562\" height=\"562\" src=\"https:\/\/invictusg25stg.wpenginepowered.com\/wp-content\/uploads\/2024\/02\/snowboarding.png\" alt=\"Snowboarding Pictogram\" class=\"wp-image-698\" style=\"width:336px;height:auto\" srcset=\"https:\/\/invictusgames2025.ca\/wp-content\/uploads\/2024\/02\/snowboarding.png 562w, https:\/\/invictusgames2025.ca\/wp-content\/uploads\/2024\/02\/snowboarding-300x300.png 300w, https:\/\/invictusgames2025.ca\/wp-content\/uploads\/2024\/02\/snowboarding-150x150.png 150w\" sizes=\"auto, (max-width: 562px) 100vw, 562px\" \/><\/a><\/figure>\n\n\n\n<p class=\"has-base-font-size\" style=\"text-transform:uppercase\"><strong>SPORT <\/strong><\/p>\n<\/div>\n\n\n\n<div class=\"wp-block-column is-layout-flow wp-block-column-is-layout-flow\">\n<figure class=\"wp-block-image size-full is-resized\"><a href=\"https:\/\/invictusgames2025.ca\/invictus-villages\/\"><img loading=\"lazy\" decoding=\"async\" width=\"810\" height=\"809\" src=\"https:\/\/invictusgames2025.ca\/wp-content\/uploads\/2024\/09\/Fanzone-placeholder-pictogram.svg\" alt=\"\" class=\"wp-image-2458\" style=\"width:335px;height:auto\"\/><\/a><\/figure>\n\n\n\n<p class=\"has-base-font-size\" style=\"text-transform:uppercase\"><strong>invictus village<\/strong><\/p>\n<\/div>\n<\/div>\n<\/section>\n","protected":false},"excerpt":{"rendered":"<p>AU SUJET DU SKI DE FOND\u00a0\u00a0 Le ski nordique est un test d\u2019endurance et de technique, dans lequel les concurrentes et concurrents parcourent de longues distances. La&#8230;<\/p>\n","protected":false},"author":6,"featured_media":0,"parent":429,"menu_order":0,"comment_status":"closed","ping_status":"closed","template":"","meta":{"_acf_changed":false,"_monsterinsights_skip_tracking":false,"_monsterinsights_sitenote_active":false,"_monsterinsights_sitenote_note":"","_monsterinsights_sitenote_category":0,"_uf_show_specific_survey":0,"_uf_disable_surveys":false,"footnotes":""},"class_list":["post-3798","page","type-page","status-publish","hentry"],"acf":[],"aioseo_notices":[],"_links":{"self":[{"href":"https:\/\/invictusgames2025.ca\/fr\/wp-json\/wp\/v2\/pages\/3798","targetHints":{"allow":["GET"]}}],"collection":[{"href":"https:\/\/invictusgames2025.ca\/fr\/wp-json\/wp\/v2\/pages"}],"about":[{"href":"https:\/\/invictusgames2025.ca\/fr\/wp-json\/wp\/v2\/types\/page"}],"author":[{"embeddable":true,"href":"https:\/\/invictusgames2025.ca\/fr\/wp-json\/wp\/v2\/users\/6"}],"replies":[{"embeddable":true,"href":"https:\/\/invictusgames2025.ca\/fr\/wp-json\/wp\/v2\/comments?post=3798"}],"version-history":[{"count":0,"href":"https:\/\/invictusgames2025.ca\/fr\/wp-json\/wp\/v2\/pages\/3798\/revisions"}],"up":[{"embeddable":true,"href":"https:\/\/invictusgames2025.ca\/fr\/wp-json\/wp\/v2\/pages\/429"}],"wp:attachment":[{"href":"https:\/\/invictusgames2025.ca\/fr\/wp-json\/wp\/v2\/media?parent=3798"}],"curies":[{"name":"wp","href":"https:\/\/api.w.org\/{rel}","templated":true}]}}