{"id":3539,"date":"2024-10-18T17:07:12","date_gmt":"2024-10-18T17:07:12","guid":{"rendered":"https:\/\/invictusgames2025.ca\/?page_id=3539"},"modified":"2025-01-28T03:01:21","modified_gmt":"2025-01-28T03:01:21","slug":"intermediate-middle-school","status":"publish","type":"page","link":"https:\/\/invictusgames2025.ca\/fr\/ressources-pour-la-classe\/intermediate-middle-school\/","title":{"rendered":"Intermediate \/ Middle School"},"content":{"rendered":"\n<header class=\"wp-block-group alignfull py-0 has-black-background-color has-background is-layout-constrained wp-block-group-is-layout-constrained\">\n<div class=\"wp-block-cover alignwide\" style=\"min-height:600px;aspect-ratio:unset;\"><span aria-hidden=\"true\" class=\"wp-block-cover__background has-background-dim wp-block-cover__gradient-background has-background-gradient\" style=\"background:linear-gradient(180deg,rgba(0,0,0,0.12) 0%,rgb(0,0,0) 78%)\"><\/span><img loading=\"lazy\" decoding=\"async\" width=\"995\" height=\"338\" class=\"wp-block-cover__image-background wp-image-2547\" alt=\"\" src=\"https:\/\/invictusgames2025.ca\/wp-content\/uploads\/2024\/09\/Ceremonies-Plain-Header_Ceremony-Header-English.svg\" data-object-fit=\"cover\"\/><div class=\"wp-block-cover__inner-container is-layout-constrained wp-block-cover-is-layout-constrained\">\n<h1 class=\"wp-block-heading has-text-align-left has-white-color has-text-color has-link-color has-dinot-font-family has-xxxl-font-size wp-elements-c7510121798d4068a0e6e3f04bb59fda\" style=\"text-transform:uppercase\">intermediate \/ Middle school<\/h1>\n\n\n\n<p>Une collection de le\u00e7ons et de ressources pour les enfants \u00e2g\u00e9s de 9 \u00e0 11 ans.<\/p>\n<\/div><\/div>\n<\/header>\n\n\n\n<div style=\"height:40px\" aria-hidden=\"true\" class=\"wp-block-spacer\"><\/div>\n\n\n\n<p>Plongez dans l&#8217;histoire et la mission des Invictus Games ! Cette s\u00e9rie de le\u00e7ons et de ressources engageantes enseigne aux \u00e9l\u00e8ves les d\u00e9fis et les triomphes des comp\u00e9titeurs, tout en favorisant l&#8217;empathie et la compr\u00e9hension de l&#8217;importance de la r\u00e9silience et du r\u00e9tablissement.<\/p>\n\n\n\n<p><\/p>\n\n\n\n<p>Vous voulez en savoir plus sur les pouvoirs transformateurs des Invictus Games et ressentir l&#8217;\u00e9motion, la force et la pers\u00e9v\u00e9rance de ces comp\u00e9titeurs ?<\/p>\n\n\n\n<div style=\"height:36px\" aria-hidden=\"true\" class=\"wp-block-spacer\"><\/div>\n\n\n\n<h2 class=\"wp-block-heading\">Le\u00e7ons et ressources :<\/h2>\n\n\n\n<div class=\"wp-block-columns is-layout-flex wp-container-core-columns-is-layout-9d6595d7 wp-block-columns-is-layout-flex\">\n<div class=\"wp-block-column is-layout-flow wp-block-column-is-layout-flow\">\n<figure class=\"wp-block-image size-full\"><a href=\"https:\/\/invictusgames2025.ca\/wp-content\/uploads\/2024\/11\/ACTIVITE-ADAPTAEE-VOLLEYBALL-ASSIS.pdf\" target=\"_blank\" rel=\"noreferrer noopener\"><img loading=\"lazy\" decoding=\"async\" width=\"1693\" height=\"1693\" src=\"https:\/\/invictusgames2025.ca\/wp-content\/uploads\/2024\/10\/IG25-Unconquered-Sports-Day-1974-edited.jpg\" alt=\"Sitting Volleyball Lesson, Unconquered Sports DAay at Seaforth. \" class=\"wp-image-3086\" srcset=\"https:\/\/invictusgames2025.ca\/wp-content\/uploads\/2024\/10\/IG25-Unconquered-Sports-Day-1974-edited.jpg 1693w, https:\/\/invictusgames2025.ca\/wp-content\/uploads\/2024\/10\/IG25-Unconquered-Sports-Day-1974-edited-300x300.jpg 300w, https:\/\/invictusgames2025.ca\/wp-content\/uploads\/2024\/10\/IG25-Unconquered-Sports-Day-1974-edited-1024x1024.jpg 1024w, https:\/\/invictusgames2025.ca\/wp-content\/uploads\/2024\/10\/IG25-Unconquered-Sports-Day-1974-edited-150x150.jpg 150w, https:\/\/invictusgames2025.ca\/wp-content\/uploads\/2024\/10\/IG25-Unconquered-Sports-Day-1974-edited-768x768.jpg 768w, https:\/\/invictusgames2025.ca\/wp-content\/uploads\/2024\/10\/IG25-Unconquered-Sports-Day-1974-edited-1536x1536.jpg 1536w\" sizes=\"auto, (max-width: 1693px) 100vw, 1693px\" \/><\/a><\/figure>\n<\/div>\n\n\n\n<div class=\"wp-block-column is-layout-flow wp-block-column-is-layout-flow\">\n<figure class=\"wp-block-image size-full\"><a href=\"https:\/\/invictusgames2025.ca\/wp-content\/uploads\/2024\/11\/CREEZ-VOTRE-BIOGRAPHIE.pdf\" target=\"_blank\" rel=\"noreferrer noopener\"><img loading=\"lazy\" decoding=\"async\" width=\"2560\" height=\"2560\" src=\"https:\/\/invictusgames2025.ca\/wp-content\/uploads\/2024\/10\/Biography-unsplash-edited-scaled.jpg\" alt=\"\" class=\"wp-image-3136\" srcset=\"https:\/\/invictusgames2025.ca\/wp-content\/uploads\/2024\/10\/Biography-unsplash-edited-scaled.jpg 2560w, https:\/\/invictusgames2025.ca\/wp-content\/uploads\/2024\/10\/Biography-unsplash-edited-300x300.jpg 300w, https:\/\/invictusgames2025.ca\/wp-content\/uploads\/2024\/10\/Biography-unsplash-edited-1024x1024.jpg 1024w, https:\/\/invictusgames2025.ca\/wp-content\/uploads\/2024\/10\/Biography-unsplash-edited-150x150.jpg 150w, https:\/\/invictusgames2025.ca\/wp-content\/uploads\/2024\/10\/Biography-unsplash-edited-768x768.jpg 768w, https:\/\/invictusgames2025.ca\/wp-content\/uploads\/2024\/10\/Biography-unsplash-edited-1536x1536.jpg 1536w, https:\/\/invictusgames2025.ca\/wp-content\/uploads\/2024\/10\/Biography-unsplash-edited-2048x2048.jpg 2048w\" sizes=\"auto, (max-width: 2560px) 100vw, 2560px\" \/><\/a><\/figure>\n<\/div>\n\n\n\n<div class=\"wp-block-column is-layout-flow wp-block-column-is-layout-flow\">\n<figure class=\"wp-block-image size-large\"><a href=\"https:\/\/invictusgames2025.ca\/wp-content\/uploads\/2025\/01\/FR-Gr-4-8-Finding-Your-I-AM-Through-Indigenous-Art_FINAL.pdf\" target=\"_blank\" rel=\" noreferrer noopener\"><img loading=\"lazy\" decoding=\"async\" width=\"1024\" height=\"1024\" src=\"https:\/\/invictusgames2025.ca\/wp-content\/uploads\/2025\/01\/Jeff-Vinnick-edited-1024x1024.jpg\" alt=\"\" class=\"wp-image-5094\" srcset=\"https:\/\/invictusgames2025.ca\/wp-content\/uploads\/2025\/01\/Jeff-Vinnick-edited-1024x1024.jpg 1024w, https:\/\/invictusgames2025.ca\/wp-content\/uploads\/2025\/01\/Jeff-Vinnick-edited-300x300.jpg 300w, https:\/\/invictusgames2025.ca\/wp-content\/uploads\/2025\/01\/Jeff-Vinnick-edited-150x150.jpg 150w, https:\/\/invictusgames2025.ca\/wp-content\/uploads\/2025\/01\/Jeff-Vinnick-edited-768x768.jpg 768w, https:\/\/invictusgames2025.ca\/wp-content\/uploads\/2025\/01\/Jeff-Vinnick-edited-1536x1536.jpg 1536w, https:\/\/invictusgames2025.ca\/wp-content\/uploads\/2025\/01\/Jeff-Vinnick-edited-2048x2048.jpg 2048w\" sizes=\"auto, (max-width: 1024px) 100vw, 1024px\" \/><\/a><\/figure>\n<\/div>\n<\/div>\n\n\n\n<div class=\"wp-block-columns is-layout-flex wp-container-core-columns-is-layout-9d6595d7 wp-block-columns-is-layout-flex\">\n<div class=\"wp-block-column is-layout-flow wp-block-column-is-layout-flow\">\n<h3 class=\"wp-block-heading has-text-align-center\">ACTIVITE ADAPTAEE VOLLEYBALL ASSIS<\/h3>\n<\/div>\n\n\n\n<div class=\"wp-block-column is-layout-flow wp-block-column-is-layout-flow\">\n<h3 class=\"wp-block-heading has-text-align-center\">CREEZ VOTRE BIOGRAPHIE<\/h3>\n<\/div>\n\n\n\n<div class=\"wp-block-column is-layout-flow wp-block-column-is-layout-flow\">\n<h3 class=\"wp-block-heading\">TROUVER SON \u00ab JE SUIS \u00bb GR\u00c2CE \u00c0 L\u2019ART VISUEL AUTOCHTONE \u2013 NOUVEAU !<\/h3>\n<\/div>\n<\/div>\n\n\n\n<h2 class=\"wp-block-heading\">Ressources compl\u00e9mentaires:<\/h2>\n\n\n\n<ul class=\"wp-block-list\">\n<li><strong><a href=\"https:\/\/youtu.be\/ofyNaUyQib4?si=T6Pi8QHzxBRsLjjS\" target=\"_blank\" rel=\"noreferrer noopener\">Bienvenue aux Jeux Invictus Vancouver Whistler 2025: IG25 COO Robyn McVicker<\/a><\/strong><\/li>\n\n\n\n<li><a href=\"https:\/\/invictusgames2025.ca\/wp-content\/uploads\/2024\/10\/Gallery-of-Heroes.pdf\"><strong>Galerie des h\u00e9ros<\/strong><\/a><\/li>\n\n\n\n<li><strong><a href=\"https:\/\/youtu.be\/-jHzP66uDEU?si=y8ZZznplLWXs5-FD\" target=\"_blank\" rel=\"noopener\" title=\"\">Mon histoire des Jeux Invictus: Major (Retired) Patrick L\u00e9vis<\/a><\/strong><\/li>\n\n\n\n<li><a href=\"https:\/\/invictusgames2025.ca\/wp-content\/uploads\/2024\/10\/I-AM_Whiteboard-LTR_sz_no-logos-1.pdf\" target=\"_blank\" rel=\"noopener\" title=\"\"><strong>I AM mod\u00e8le<\/strong><\/a><\/li>\n<\/ul>\n\n\n\n<section class=\"wp-block-group alignfull has-black-background-color has-background is-layout-constrained wp-block-group-is-layout-constrained\">\n<div class=\"wp-block-columns alignwide has-white-color has-text-color has-link-color wp-elements-6cc59aee5783debebd0683a0d860c0c7 is-layout-flex wp-container-core-columns-is-layout-9d6595d7 wp-block-columns-is-layout-flex\">\n<div class=\"wp-block-column is-layout-flow wp-block-column-is-layout-flow\">\n<figure class=\"wp-block-image size-full is-resized\"><a href=\"https:\/\/invictusgames2025.ca\/fr\/ressources-pour-la-classe\/\"><img loading=\"lazy\" decoding=\"async\" width=\"2560\" height=\"1707\" src=\"https:\/\/invictusgames2025.ca\/wp-content\/uploads\/2024\/10\/pexels-pixabay-159844-1-scaled.jpg\" alt=\"\" class=\"wp-image-3074\" style=\"width:339px;height:auto\" srcset=\"https:\/\/invictusgames2025.ca\/wp-content\/uploads\/2024\/10\/pexels-pixabay-159844-1-scaled.jpg 2560w, https:\/\/invictusgames2025.ca\/wp-content\/uploads\/2024\/10\/pexels-pixabay-159844-1-300x200.jpg 300w, https:\/\/invictusgames2025.ca\/wp-content\/uploads\/2024\/10\/pexels-pixabay-159844-1-1024x683.jpg 1024w, https:\/\/invictusgames2025.ca\/wp-content\/uploads\/2024\/10\/pexels-pixabay-159844-1-768x512.jpg 768w, https:\/\/invictusgames2025.ca\/wp-content\/uploads\/2024\/10\/pexels-pixabay-159844-1-1536x1024.jpg 1536w, https:\/\/invictusgames2025.ca\/wp-content\/uploads\/2024\/10\/pexels-pixabay-159844-1-2048x1365.jpg 2048w, https:\/\/invictusgames2025.ca\/wp-content\/uploads\/2024\/10\/pexels-pixabay-159844-1-466x310.jpg 466w\" sizes=\"auto, (max-width: 2560px) 100vw, 2560px\" \/><\/a><\/figure>\n\n\n\n<p class=\"has-regular-font-size\" style=\"text-transform:uppercase\"><strong>CLASSROOM RESOURCES<\/strong><\/p>\n<\/div>\n\n\n\n<div class=\"wp-block-column is-layout-flow wp-block-column-is-layout-flow\">\n<figure class=\"wp-block-image size-full is-resized\"><a href=\"https:\/\/invictusgames2025.ca\/fr\/ressources-pour-la-classe\/elementary-school\/\"><img loading=\"lazy\" decoding=\"async\" width=\"2560\" height=\"1707\" src=\"https:\/\/invictusgames2025.ca\/wp-content\/uploads\/2024\/11\/Credit-to-Invictus-Games-Vancouver-Whistler-2025-4-scaled.jpg\" alt=\"\" class=\"wp-image-4028\" style=\"width:336px;height:auto\" srcset=\"https:\/\/invictusgames2025.ca\/wp-content\/uploads\/2024\/11\/Credit-to-Invictus-Games-Vancouver-Whistler-2025-4-scaled.jpg 2560w, https:\/\/invictusgames2025.ca\/wp-content\/uploads\/2024\/11\/Credit-to-Invictus-Games-Vancouver-Whistler-2025-4-300x200.jpg 300w, https:\/\/invictusgames2025.ca\/wp-content\/uploads\/2024\/11\/Credit-to-Invictus-Games-Vancouver-Whistler-2025-4-1024x683.jpg 1024w, https:\/\/invictusgames2025.ca\/wp-content\/uploads\/2024\/11\/Credit-to-Invictus-Games-Vancouver-Whistler-2025-4-768x512.jpg 768w, https:\/\/invictusgames2025.ca\/wp-content\/uploads\/2024\/11\/Credit-to-Invictus-Games-Vancouver-Whistler-2025-4-1536x1024.jpg 1536w, https:\/\/invictusgames2025.ca\/wp-content\/uploads\/2024\/11\/Credit-to-Invictus-Games-Vancouver-Whistler-2025-4-2048x1365.jpg 2048w, https:\/\/invictusgames2025.ca\/wp-content\/uploads\/2024\/11\/Credit-to-Invictus-Games-Vancouver-Whistler-2025-4-466x310.jpg 466w\" sizes=\"auto, (max-width: 2560px) 100vw, 2560px\" \/><\/a><\/figure>\n\n\n\n<p class=\"has-base-font-size\" style=\"text-transform:uppercase\"><strong>\u00c9cole Primaire<\/strong><\/p>\n<\/div>\n\n\n\n<div class=\"wp-block-column is-layout-flow wp-block-column-is-layout-flow\">\n<figure class=\"wp-block-image size-full is-resized\"><a href=\"https:\/\/invictusgames2025.ca\/fr\/ressources-pour-la-classe\/high-school\/\"><img loading=\"lazy\" decoding=\"async\" width=\"1080\" height=\"720\" src=\"https:\/\/invictusgames2025.ca\/wp-content\/uploads\/2024\/11\/E_RL21375_reized.jpg\" alt=\"\" class=\"wp-image-4026\" style=\"width:335px;height:auto\" srcset=\"https:\/\/invictusgames2025.ca\/wp-content\/uploads\/2024\/11\/E_RL21375_reized.jpg 1080w, https:\/\/invictusgames2025.ca\/wp-content\/uploads\/2024\/11\/E_RL21375_reized-300x200.jpg 300w, https:\/\/invictusgames2025.ca\/wp-content\/uploads\/2024\/11\/E_RL21375_reized-1024x683.jpg 1024w, https:\/\/invictusgames2025.ca\/wp-content\/uploads\/2024\/11\/E_RL21375_reized-768x512.jpg 768w, https:\/\/invictusgames2025.ca\/wp-content\/uploads\/2024\/11\/E_RL21375_reized-466x310.jpg 466w\" sizes=\"auto, (max-width: 1080px) 100vw, 1080px\" \/><\/a><\/figure>\n\n\n\n<p class=\"has-base-font-size\" style=\"text-transform:uppercase\"><strong>HIGH SCHOOL <\/strong><\/p>\n<\/div>\n<\/div>\n<\/section>\n\n\n\n<section class=\"wp-block-group alignfull has-yellow-background-color has-background is-layout-constrained wp-block-group-is-layout-constrained\">\n<h2 class=\"wp-block-heading alignwide has-dinot-font-family\" style=\"text-transform:uppercase\"><strong>News Releases<\/strong><\/h2>\n\n\n<div class=\"invictus-news-grid alignwide sm:grid gap-6 lg:gap-8 xl:gap-10 grid-cols-1 sm:grid-cols-2 lg:grid-cols-4 \">\n            <article class=\"block mb-12 sm:mb-0\">\n            <div>\n                <a class=\"invictus-news-grid__link invictus-article__link\" href=\"https:\/\/invictusgames2025.ca\/fr\/latest-updates\/sensibilisation-au-sujet-des-jeux-invictus-de-vancouver-whistler-2025-a-lechelle-du-canada-empathie-et-comprehension-profondes-a-legard-des-defis-et-des-sacrifices-des-milit\/\">\n                    <img loading=\"lazy\" decoding=\"async\" width=\"300\" height=\"41\" src=\"https:\/\/invictusgames2025.ca\/wp-content\/uploads\/2025\/03\/Survey-Image-Banner-300x41.png\" class=\"has-white-background-color rounded-xl object-cover h-52 block mb-2 w-full wp-post-image\" alt=\"\" srcset=\"https:\/\/invictusgames2025.ca\/wp-content\/uploads\/2025\/03\/Survey-Image-Banner-300x41.png 300w, https:\/\/invictusgames2025.ca\/wp-content\/uploads\/2025\/03\/Survey-Image-Banner-1024x141.png 1024w, https:\/\/invictusgames2025.ca\/wp-content\/uploads\/2025\/03\/Survey-Image-Banner-768x106.png 768w, https:\/\/invictusgames2025.ca\/wp-content\/uploads\/2025\/03\/Survey-Image-Banner-1536x212.png 1536w, https:\/\/invictusgames2025.ca\/wp-content\/uploads\/2025\/03\/Survey-Image-Banner-2048x282.png 2048w\" sizes=\"auto, (max-width: 300px) 100vw, 300px\" \/>                     \n                    <time datetime=\"2025-02-27 16:11\" class=\"uppercase font-bold has-sm-font-size block mb-4\">27 f\u00e9vrier, 2025<\/time>\n                    <h3 class=\"invictus-news-grid__link__title has-regular-font-size font-dinot has-medium-font-size m-0\" style=\"font-weight: 400 !important;\">Sensibilisation au sujet des Jeux Invictus de Vancouver Whistler\u202f2025 \u00e0 l\u2019\u00e9chelle du Canada; empathie et compr\u00e9hension profondes \u00e0 l\u2019\u00e9gard des d\u00e9fis et des sacrifices des militaires, des anciennes combattantes et des anciens combattants\u00a0<\/h3>\n                <\/a>\n            <\/div>\n        <\/article>\n            <article class=\"block mb-12 sm:mb-0\">\n            <div>\n                <a class=\"invictus-news-grid__link invictus-article__link\" href=\"https:\/\/invictusgames2025.ca\/fr\/latest-updates\/les-jeux-invictus-de-vancouver-whistler-2025-laissent-un-legs-durable-en-matiere-de-readaptation-de-savoir-dequipement-et-de-sens-de-la-communaute\/\">\n                    <img loading=\"lazy\" decoding=\"async\" width=\"300\" height=\"49\" src=\"https:\/\/invictusgames2025.ca\/wp-content\/uploads\/2025\/03\/Legacy-Image-Banner-300x49.png\" class=\"has-white-background-color rounded-xl object-cover h-52 block mb-2 w-full wp-post-image\" alt=\"\" srcset=\"https:\/\/invictusgames2025.ca\/wp-content\/uploads\/2025\/03\/Legacy-Image-Banner-300x49.png 300w, https:\/\/invictusgames2025.ca\/wp-content\/uploads\/2025\/03\/Legacy-Image-Banner-1024x167.png 1024w, https:\/\/invictusgames2025.ca\/wp-content\/uploads\/2025\/03\/Legacy-Image-Banner-768x125.png 768w, https:\/\/invictusgames2025.ca\/wp-content\/uploads\/2025\/03\/Legacy-Image-Banner-1536x250.png 1536w, https:\/\/invictusgames2025.ca\/wp-content\/uploads\/2025\/03\/Legacy-Image-Banner-2048x333.png 2048w\" sizes=\"auto, (max-width: 300px) 100vw, 300px\" \/>                     \n                    <time datetime=\"2025-02-27 00:21\" class=\"uppercase font-bold has-sm-font-size block mb-4\">27 f\u00e9vrier, 2025<\/time>\n                    <h3 class=\"invictus-news-grid__link__title has-regular-font-size font-dinot has-medium-font-size m-0\" style=\"font-weight: 400 !important;\">Les Jeux Invictus de Vancouver Whistler\u202f2025 laissent un legs durable en mati\u00e8re de r\u00e9adaptation, de savoir, d\u2019\u00e9quipement et de sens de la communaut\u00e9\u00a0<\/h3>\n                <\/a>\n            <\/div>\n        <\/article>\n            <article class=\"block mb-12 sm:mb-0\">\n            <div>\n                <a class=\"invictus-news-grid__link invictus-article__link\" href=\"https:\/\/invictusgames2025.ca\/fr\/latest-updates\/celebrer-lesprit-invaincu-la-cloture-des-jeux-invictus-de-vancouver-whistler-2025-2\/\">\n                    <img loading=\"lazy\" decoding=\"async\" width=\"300\" height=\"200\" src=\"https:\/\/invictusgames2025.ca\/wp-content\/uploads\/2025\/02\/Closing-cceremony-142-300x200.jpg\" class=\"has-white-background-color rounded-xl object-cover h-52 block mb-2 w-full wp-post-image\" alt=\"\" srcset=\"https:\/\/invictusgames2025.ca\/wp-content\/uploads\/2025\/02\/Closing-cceremony-142-300x200.jpg 300w, https:\/\/invictusgames2025.ca\/wp-content\/uploads\/2025\/02\/Closing-cceremony-142-1024x683.jpg 1024w, https:\/\/invictusgames2025.ca\/wp-content\/uploads\/2025\/02\/Closing-cceremony-142-768x512.jpg 768w, https:\/\/invictusgames2025.ca\/wp-content\/uploads\/2025\/02\/Closing-cceremony-142-1536x1024.jpg 1536w\" sizes=\"auto, (max-width: 300px) 100vw, 300px\" \/>                     \n                    <time datetime=\"2025-02-17 17:12\" class=\"uppercase font-bold has-sm-font-size block mb-4\">17 f\u00e9vrier, 2025<\/time>\n                    <h3 class=\"invictus-news-grid__link__title has-regular-font-size font-dinot has-medium-font-size m-0\" style=\"font-weight: 400 !important;\">Une c\u00e9l\u00e9bration \u00e9tincelante de l\u2019esprit invaincu cl\u00f4ture les Jeux Invictus de Vancouver Whistler\u202f2025<\/h3>\n                <\/a>\n            <\/div>\n        <\/article>\n            <article class=\"block mb-12 sm:mb-0\">\n            <div>\n                <a class=\"invictus-news-grid__link invictus-article__link\" href=\"https:\/\/invictusgames2025.ca\/fr\/latest-updates\/les-jeux-invictus-de-vancouver-whistler-2025-commencent-par-une-ceremonie-douverture-patriotique-pendant-laquelle-nous-avons-pagaye-ensemble-pour-celebre\/\">\n                    <img loading=\"lazy\" decoding=\"async\" width=\"300\" height=\"66\" src=\"https:\/\/invictusgames2025.ca\/wp-content\/uploads\/2025\/02\/image-300x66.png\" class=\"has-white-background-color rounded-xl object-cover h-52 block mb-2 w-full wp-post-image\" alt=\"\" srcset=\"https:\/\/invictusgames2025.ca\/wp-content\/uploads\/2025\/02\/image-300x66.png 300w, https:\/\/invictusgames2025.ca\/wp-content\/uploads\/2025\/02\/image-1024x226.png 1024w, https:\/\/invictusgames2025.ca\/wp-content\/uploads\/2025\/02\/image-768x170.png 768w, https:\/\/invictusgames2025.ca\/wp-content\/uploads\/2025\/02\/image.png 1431w\" sizes=\"auto, (max-width: 300px) 100vw, 300px\" \/>                     \n                    <time datetime=\"2025-02-09 05:09\" class=\"uppercase font-bold has-sm-font-size block mb-4\">9 f\u00e9vrier, 2025<\/time>\n                    <h3 class=\"invictus-news-grid__link__title has-regular-font-size font-dinot has-medium-font-size m-0\" style=\"font-weight: 400 !important;\">Les Jeux Invictus de Vancouver Whistler\u202f2025 commencent par une c\u00e9r\u00e9monie d\u2019ouverture patriotique pendant laquelle nous avons \u00ab\u202fpagay\u00e9 ensemble\u202f\u00bb pour c\u00e9l\u00e9brer l\u2019esprit Invictus\u202f\u202f\u00a0<\/h3>\n                <\/a>\n            <\/div>\n        <\/article>\n    <\/div>\n<\/section>\n\n\n\n<section class=\"wp-block-group alignfull has-grey-background-color has-background is-layout-constrained wp-block-group-is-layout-constrained\">\n<h2 class=\"wp-block-heading alignwide has-white-color has-text-color has-link-color has-dinot-font-family wp-elements-a480d95e3aa26a2956647430b68dcf8f\" style=\"text-transform:uppercase\">Contacts<\/h2>\n\n\n\n<p class=\"is-style-invictus-paragraph-wide has-white-color has-text-color has-link-color wp-elements-d6d8ce2e8cfcdc5bf58cfc6648de4053\">For all community engagement enquiries, please email: education@invictusgames2025.ca<\/p>\n<\/section>\n\n\n\n<section class=\"wp-block-group alignfull is-layout-constrained wp-block-group-is-layout-constrained\">\n<div class=\"wp-block-columns alignwide are-vertically-aligned-center is-layout-flex wp-container-core-columns-is-layout-9d6595d7 wp-block-columns-is-layout-flex\">\n<div class=\"wp-block-column is-vertically-aligned-center is-layout-flow wp-block-column-is-layout-flow\" style=\"flex-basis:66.66%\">\n<p>The Invictus Games Vancouver Whistler 2025, presented by ATCO and Boeing, will be held on the traditional territories of the Lil\u0313wat7\u00fal (L\u00edl\u0313wat), x\u02b7m\u0259\u03b8k\u02b7\u0259y\u0313\u0259m (Musqueam), S\u1e35wx\u0331_w\u00fa7mesh (Squamish) and s\u0259lilw\u0259ta\u026c (Tsleil-Waututh) Nations. The Invictus Games Vancouver Whistler 2025 is committed to engaging with each Nation, addressing Canada\u2019s Truth and Reconciliation Calls to Action, and ensuring that the Four Host First Nations languages, traditions, protocols and cultures are meaningfully acknowledged, respected and represented in the planning, staging and hosting of the Games.<\/p>\n<\/div>\n\n\n\n<div class=\"wp-block-column is-vertically-aligned-center is-layout-flow wp-block-column-is-layout-flow\" style=\"flex-basis:33.33%\">\n<figure class=\"wp-block-image size-full\"><img loading=\"lazy\" decoding=\"async\" width=\"498\" height=\"121\" src=\"https:\/\/invictusgames2025.ca\/wp-content\/uploads\/2024\/06\/Group-48.png\" alt=\"tribal logos\" class=\"wp-image-1734\" srcset=\"https:\/\/invictusgames2025.ca\/wp-content\/uploads\/2024\/06\/Group-48.png 498w, https:\/\/invictusgames2025.ca\/wp-content\/uploads\/2024\/06\/Group-48-300x73.png 300w\" sizes=\"auto, (max-width: 498px) 100vw, 498px\" \/><\/figure>\n<\/div>\n<\/div>\n<\/section>\n","protected":false},"excerpt":{"rendered":"<p>Plongez dans l&#8217;histoire et la mission des Invictus Games ! Cette s\u00e9rie de le\u00e7ons et de ressources engageantes enseigne aux \u00e9l\u00e8ves les d\u00e9fis et les triomphes&#8230;<\/p>\n","protected":false},"author":4,"featured_media":0,"parent":3531,"menu_order":0,"comment_status":"closed","ping_status":"closed","template":"","meta":{"_acf_changed":false,"_monsterinsights_skip_tracking":false,"_monsterinsights_sitenote_active":false,"_monsterinsights_sitenote_note":"","_monsterinsights_sitenote_category":0,"_uf_show_specific_survey":0,"_uf_disable_surveys":false,"footnotes":""},"class_list":["post-3539","page","type-page","status-publish","hentry"],"acf":[],"aioseo_notices":[],"_links":{"self":[{"href":"https:\/\/invictusgames2025.ca\/fr\/wp-json\/wp\/v2\/pages\/3539","targetHints":{"allow":["GET"]}}],"collection":[{"href":"https:\/\/invictusgames2025.ca\/fr\/wp-json\/wp\/v2\/pages"}],"about":[{"href":"https:\/\/invictusgames2025.ca\/fr\/wp-json\/wp\/v2\/types\/page"}],"author":[{"embeddable":true,"href":"https:\/\/invictusgames2025.ca\/fr\/wp-json\/wp\/v2\/users\/4"}],"replies":[{"embeddable":true,"href":"https:\/\/invictusgames2025.ca\/fr\/wp-json\/wp\/v2\/comments?post=3539"}],"version-history":[{"count":0,"href":"https:\/\/invictusgames2025.ca\/fr\/wp-json\/wp\/v2\/pages\/3539\/revisions"}],"up":[{"embeddable":true,"href":"https:\/\/invictusgames2025.ca\/fr\/wp-json\/wp\/v2\/pages\/3531"}],"wp:attachment":[{"href":"https:\/\/invictusgames2025.ca\/fr\/wp-json\/wp\/v2\/media?parent=3539"}],"curies":[{"name":"wp","href":"https:\/\/api.w.org\/{rel}","templated":true}]}}