{"id":3531,"date":"2024-10-18T17:06:42","date_gmt":"2024-10-18T17:06:42","guid":{"rendered":"https:\/\/invictusgames2025.ca\/?page_id=3531"},"modified":"2024-11-20T17:34:10","modified_gmt":"2024-11-20T17:34:10","slug":"ressources-pour-la-classe","status":"publish","type":"page","link":"https:\/\/invictusgames2025.ca\/fr\/ressources-pour-la-classe\/","title":{"rendered":"Ressources pour la classe"},"content":{"rendered":"\n<header class=\"wp-block-group alignfull py-0 has-black-background-color has-background is-layout-constrained wp-block-group-is-layout-constrained\">\n<div class=\"wp-block-cover alignwide\" style=\"min-height:600px;aspect-ratio:unset;\"><span aria-hidden=\"true\" class=\"wp-block-cover__background has-background-dim wp-block-cover__gradient-background has-background-gradient\" style=\"background:linear-gradient(180deg,rgba(0,0,0,0.12) 0%,rgb(0,0,0) 78%)\"><\/span><img loading=\"lazy\" decoding=\"async\" width=\"2540\" height=\"1693\" class=\"wp-block-cover__image-background wp-image-997\" alt=\"\" src=\"https:\/\/invictusg25stg.wpenginepowered.com\/wp-content\/uploads\/2024\/03\/IG25-Unconquered-Sports-Day-1974.jpg\" data-object-fit=\"cover\" srcset=\"https:\/\/invictusgames2025.ca\/wp-content\/uploads\/2024\/03\/IG25-Unconquered-Sports-Day-1974.jpg 2540w, https:\/\/invictusgames2025.ca\/wp-content\/uploads\/2024\/03\/IG25-Unconquered-Sports-Day-1974-300x200.jpg 300w, https:\/\/invictusgames2025.ca\/wp-content\/uploads\/2024\/03\/IG25-Unconquered-Sports-Day-1974-1024x683.jpg 1024w, https:\/\/invictusgames2025.ca\/wp-content\/uploads\/2024\/03\/IG25-Unconquered-Sports-Day-1974-768x512.jpg 768w, https:\/\/invictusgames2025.ca\/wp-content\/uploads\/2024\/03\/IG25-Unconquered-Sports-Day-1974-1536x1024.jpg 1536w, https:\/\/invictusgames2025.ca\/wp-content\/uploads\/2024\/03\/IG25-Unconquered-Sports-Day-1974-2048x1365.jpg 2048w, https:\/\/invictusgames2025.ca\/wp-content\/uploads\/2024\/03\/IG25-Unconquered-Sports-Day-1974-466x310.jpg 466w\" sizes=\"auto, (max-width: 2540px) 100vw, 2540px\" \/><div class=\"wp-block-cover__inner-container is-layout-constrained wp-block-cover-is-layout-constrained\">\n<h1 class=\"wp-block-heading has-text-align-left has-white-color has-text-color has-link-color has-dinot-font-family has-xxxl-font-size wp-elements-722c9fbddbb325e24191b8acc576e40e\" style=\"text-transform:uppercase\">ressources pour la classe<\/h1>\n\n\n\n<p>Une collection de ressources pour les \u00e9coles et les \u00e9ducateurs.<\/p>\n<\/div><\/div>\n<\/header>\n\n\n\n<section class=\"wp-block-group alignfull has-black-background-color has-background is-layout-constrained wp-block-group-is-layout-constrained\">\n<div class=\"wp-block-columns alignwide has-white-color has-text-color has-link-color wp-elements-af462f9c1063a8bcaa92b7a6233bf641 is-layout-flex wp-container-core-columns-is-layout-9d6595d7 wp-block-columns-is-layout-flex\">\n<div class=\"wp-block-column is-layout-flow wp-block-column-is-layout-flow\">\n<figure class=\"wp-block-image size-full is-resized\"><a href=\"https:\/\/invictusgames2025.ca\/fr\/ressources-pour-la-classe\/elementary-school\/\"><img loading=\"lazy\" decoding=\"async\" width=\"2560\" height=\"1707\" src=\"https:\/\/invictusgames2025.ca\/wp-content\/uploads\/2024\/11\/Credit-to-Invictus-Games-Vancouver-Whistler-2025-4-scaled.jpg\" alt=\"\" class=\"wp-image-4028\" style=\"width:339px;height:auto\" srcset=\"https:\/\/invictusgames2025.ca\/wp-content\/uploads\/2024\/11\/Credit-to-Invictus-Games-Vancouver-Whistler-2025-4-scaled.jpg 2560w, https:\/\/invictusgames2025.ca\/wp-content\/uploads\/2024\/11\/Credit-to-Invictus-Games-Vancouver-Whistler-2025-4-300x200.jpg 300w, https:\/\/invictusgames2025.ca\/wp-content\/uploads\/2024\/11\/Credit-to-Invictus-Games-Vancouver-Whistler-2025-4-1024x683.jpg 1024w, https:\/\/invictusgames2025.ca\/wp-content\/uploads\/2024\/11\/Credit-to-Invictus-Games-Vancouver-Whistler-2025-4-768x512.jpg 768w, https:\/\/invictusgames2025.ca\/wp-content\/uploads\/2024\/11\/Credit-to-Invictus-Games-Vancouver-Whistler-2025-4-1536x1024.jpg 1536w, https:\/\/invictusgames2025.ca\/wp-content\/uploads\/2024\/11\/Credit-to-Invictus-Games-Vancouver-Whistler-2025-4-2048x1365.jpg 2048w, https:\/\/invictusgames2025.ca\/wp-content\/uploads\/2024\/11\/Credit-to-Invictus-Games-Vancouver-Whistler-2025-4-466x310.jpg 466w\" sizes=\"auto, (max-width: 2560px) 100vw, 2560px\" \/><\/a><\/figure>\n\n\n\n<p class=\"has-regular-font-size\" style=\"text-transform:uppercase\"><strong><strong>\u00c9COLE PRIMAIRE <br><\/strong><\/strong><\/p>\n<\/div>\n\n\n\n<div class=\"wp-block-column is-layout-flow wp-block-column-is-layout-flow\">\n<figure class=\"wp-block-image size-full is-resized\"><a href=\"https:\/\/invictusgames2025.ca\/fr\/ressources-pour-la-classe\/intermediate-middle-school\/\"><img loading=\"lazy\" decoding=\"async\" width=\"2560\" height=\"1707\" src=\"https:\/\/invictusgames2025.ca\/wp-content\/uploads\/2024\/10\/Middle-school-class-edited-scaled.jpg\" alt=\"\" class=\"wp-image-3526\" style=\"width:336px;height:auto\" srcset=\"https:\/\/invictusgames2025.ca\/wp-content\/uploads\/2024\/10\/Middle-school-class-edited-scaled.jpg 2560w, https:\/\/invictusgames2025.ca\/wp-content\/uploads\/2024\/10\/Middle-school-class-edited-300x200.jpg 300w, https:\/\/invictusgames2025.ca\/wp-content\/uploads\/2024\/10\/Middle-school-class-edited-1024x683.jpg 1024w, https:\/\/invictusgames2025.ca\/wp-content\/uploads\/2024\/10\/Middle-school-class-edited-768x512.jpg 768w, https:\/\/invictusgames2025.ca\/wp-content\/uploads\/2024\/10\/Middle-school-class-edited-1536x1024.jpg 1536w, https:\/\/invictusgames2025.ca\/wp-content\/uploads\/2024\/10\/Middle-school-class-edited-2048x1366.jpg 2048w, https:\/\/invictusgames2025.ca\/wp-content\/uploads\/2024\/10\/Middle-school-class-edited-466x310.jpg 466w\" sizes=\"auto, (max-width: 2560px) 100vw, 2560px\" \/><\/a><\/figure>\n\n\n\n<p class=\"has-base-font-size\" style=\"text-transform:uppercase\"><strong>intermediate \/ middle school<\/strong><\/p>\n<\/div>\n\n\n\n<div class=\"wp-block-column is-layout-flow wp-block-column-is-layout-flow\">\n<figure class=\"wp-block-image size-full is-resized\"><a href=\"https:\/\/invictusgames2025.ca\/fr\/ressources-pour-la-classe\/high-school\/\"><img loading=\"lazy\" decoding=\"async\" width=\"1080\" height=\"720\" src=\"https:\/\/invictusgames2025.ca\/wp-content\/uploads\/2024\/11\/E_RL21375_reized.jpg\" alt=\"\" class=\"wp-image-4026\" style=\"width:335px;height:auto\" srcset=\"https:\/\/invictusgames2025.ca\/wp-content\/uploads\/2024\/11\/E_RL21375_reized.jpg 1080w, https:\/\/invictusgames2025.ca\/wp-content\/uploads\/2024\/11\/E_RL21375_reized-300x200.jpg 300w, https:\/\/invictusgames2025.ca\/wp-content\/uploads\/2024\/11\/E_RL21375_reized-1024x683.jpg 1024w, https:\/\/invictusgames2025.ca\/wp-content\/uploads\/2024\/11\/E_RL21375_reized-768x512.jpg 768w, https:\/\/invictusgames2025.ca\/wp-content\/uploads\/2024\/11\/E_RL21375_reized-466x310.jpg 466w\" sizes=\"auto, (max-width: 1080px) 100vw, 1080px\" \/><\/a><\/figure>\n\n\n\n<p class=\"has-base-font-size\" style=\"text-transform:uppercase\"><strong>high school<\/strong><\/p>\n<\/div>\n<\/div>\n<\/section>\n\n\n\n<div style=\"height:40px\" aria-hidden=\"true\" class=\"wp-block-spacer\"><\/div>\n\n\n\n<p>Les Jeux Invictus Vancouver-Whistler 2025, c\u00e9l\u00e8brent l&#8217;esprit humain invaincu des militaires et des anciens combattants bless\u00e9s ou malades. Du 8 au 16 f\u00e9vrier 2025 plus de 500 de ces h\u00e9ros se rencontreront \u00e0 Vancouver et Whistler en provenance de 25 pays diff\u00e9rents pour les tous premiers jeux hybrides d&#8217;hiver. Ces militaires s&#8217;affronteront dans 11 sports pour soutenir le chemin de leur r\u00e9tablissement, avec leur famille et leurs amis qui seront aussi pr\u00e9sents pour les encourager.&nbsp;<\/p>\n\n\n\n<p>\u00ab Invictus \u00bb signifie \u00ab Invaincu \u00bb et incarne l\u2019esprit combatif des participants, ainsi que leur motivation \u00e0 avancer dans leur vie et \u00e0 ne pas se laisser d\u00e9finir par leur lutte.&nbsp;<\/p>\n\n\n\n<p>La tenue des Jeux Invictus dans notre pays constitue une occasion id\u00e9ale d&#8217;enseigner la r\u00e9silience, le respect et l\u2019ing\u00e9niosit\u00e9 des \u00e9l\u00e8ves. Des plans de cours allant de 1 \u00e0 5 jours, selon vos besoins, sont disponibles. Les activit\u00e9s qui y sont incluses inspireront les \u00e9l\u00e8ves et susciteront un dialogue significatif autour des th\u00e8mes de l\u2019inclusivit\u00e9 et de la r\u00e9silience.&nbsp;<\/p>\n\n\n\n<p>La septi\u00e8me \u00e9dition des Jeux se tiendra sur les traditions des territoires de Lilwat7\u00fal\u0313 (L\u00edlwat),\u0313 x\u02b7m\u0259\u03b8k\u02b7\u0259y\u0313 \u0259m (Musqueam), S\u1e35wxw\u00fa7mesh\u0331 (Squamish) et s\u0259lilw\u0259ta\u026c (Tsleil-Waututh). Les Jeux Invictus Vancouver-Whistler 2025 travaillent en \u00e9troite collaboration avec les Premi\u00e8res Nations pour s\u2019assurer que les jeux r\u00e9pondent \u00e0 la <strong>Commission de v\u00e9rit\u00e9 et r\u00e9conciliation du Canada, <\/strong>et veille \u00e0 ce que les protocoles autochtones soient respect\u00e9s dans tous les aspects des Jeux.&nbsp;&nbsp;<\/p>\n\n\n\n<p>Les le\u00e7ons peuvent \u00eatre enseign\u00e9es sous forme de mini-unit\u00e9s ou utilis\u00e9es comme des activit\u00e9s autonomes r\u00e9parties sur une p\u00e9riode donn\u00e9e. Ces ressources t\u00e9l\u00e9chargeables sont disponibles en anglais et en fran\u00e7ais et sont divis\u00e9es selon les niveaux scolaires (Primaire et Secondaire). Les activit\u00e9s peuvent \u00eatre facilement adapt\u00e9es et \u00eatre utilis\u00e9 en travail autonome ou en \u00e9quipe par les \u00e9l\u00e8ves.&nbsp;<\/p>\n\n\n\n<p>Des activit\u00e9s et des suggestions \u00e0 faire en classe permettent de conna\u00eetre davantage les \u00e9l\u00e8ves. D\u2019autres activit\u00e9s \u00e0 faire principalement hors de l\u2019\u00e9cole offrent des opportunit\u00e9s de connexions avec des communaut\u00e9s autochtones.&nbsp;<\/p>\n\n\n\n<p>Vous voulez en savoir plus sur les <strong>impacts positifs <\/strong>des Jeux Invictus et ressentir l&#8217;\u00e9motion, la force, et la pers\u00e9v\u00e9rance de ces concurrents ?&nbsp;&nbsp;<\/p>\n\n\n\n<p class=\"has-text-align-center\"><strong>Regardez \u00ab Heart of Invictus \u00bb disponible sur Netflix.<\/strong>&nbsp;<\/p>\n\n\n\n<div style=\"height:41px\" aria-hidden=\"true\" class=\"wp-block-spacer\"><\/div>\n\n\n\n<p><strong>Ressources suppl<\/strong><strong>\u00e9mentaires:<\/strong>&nbsp;<\/p>\n\n\n\n<ul class=\"wp-block-list\">\n<li><a href=\"https:\/\/www.veterans.gc.ca\/fr\/remembrance\/classroom\" target=\"_blank\" rel=\"noreferrer noopener\">Ressources d&#8217;apprentissage &#8211; Anciens Combattants Canada<\/a>&nbsp;<\/li>\n\n\n\n<li><a href=\"https:\/\/www.canada.ca\/fr\/ministere-defense-nationale\/services\/contactez-nous\/ecrivez-militaires.html\" target=\"_blank\" rel=\"noreferrer noopener\">\u00c9crivez aux militaires &#8211; Canada.ca<\/a>&nbsp;<\/li>\n\n\n\n<li>IG2025 diffuse une vid\u00e9o d\u2019un concurrent ou d\u2019un ancien participant aux Jeux Invictus chaque semaine jusqu\u2019aux Jeux de f\u00e9vrier. Vous pouvez les voir ici :&nbsp;&nbsp; <a href=\"https:\/\/www.youtube.com\/channel\/UCqXwQm5KXMbOrf33zo2UnKQ\" target=\"_blank\" rel=\"noreferrer noopener\">Invictus Games Foundation &#8211; YouTube<\/a> (en anglais)<\/li>\n\n\n\n<li>Enrichissez-vos connaissances en mati\u00e8re d\u2019accessibilit\u00e9 :&nbsp;<\/li>\n\n\n\n<li><a href=\"https:\/\/www.rickhansen.com\/fr\/ecoles-et-communautes\" target=\"_blank\" rel=\"noreferrer noopener\">https:\/\/www.rickhansen.com\/fr\/ecoles-et-communautes<\/a>&nbsp;<\/li>\n\n\n\n<li>En savoir plus sur \u00ab Adaptive Sport in BC \u00bb en Anglais:&nbsp;<\/li>\n\n\n\n<li><a href=\"https:\/\/sportabilitybc.ca\/sports\/\" target=\"_blank\" rel=\"noreferrer noopener\">https:\/\/sportabilitybc.ca\/sports\/<\/a> &nbsp;<\/li>\n\n\n\n<li><a href=\"https:\/\/vass.ca\/\" target=\"_blank\" rel=\"noreferrer noopener\">VASS \u2013 Making The Mountain Accessible To All<\/a>&nbsp;<\/li>\n\n\n\n<li><a href=\"https:\/\/whistleradaptive.com\/\" target=\"_blank\" rel=\"noreferrer noopener\">Whistler Adaptive Sports Program | Our vision is to make alpine recreation accessible to everyone.<\/a>&nbsp;<\/li>\n\n\n\n<li><a href=\"https:\/\/www.bcwbs.ca\/\" target=\"_blank\" rel=\"noreferrer noopener\">BC Wheel Chair Basketball Society (bcwbs.ca)<\/a> \u2013 propose des programmes scolaires&nbsp;<\/li>\n\n\n\n<li><a href=\"https:\/\/www.bcwheelchairsports.com\/\" target=\"_blank\" rel=\"noreferrer noopener\">BC Wheelchair Sports Association<\/a>&nbsp;<\/li>\n\n\n\n<li><a href=\"https:\/\/www.volleyballbc.org\/sitting%20volleyball\/\" target=\"_blank\" rel=\"noreferrer noopener\">Sitting Volleyball &#8211; Volleyball BC<\/a>&nbsp;<\/li>\n\n\n\n<li><a href=\"https:\/\/rowingbc.ca\/para-rowing-2\/\" target=\"_blank\" rel=\"noreferrer noopener\">Para Rowing &#8211; Rowing British Columbia (rowingbc.ca)<\/a>&nbsp;<\/li>\n\n\n\n<li><a href=\"https:\/\/volleyball.ca\/fr\/equipes-de-volleyball-assis\" target=\"_blank\" rel=\"noreferrer noopener\">\u00c9quipes de volleyball assis | Volleyball Canada<\/a>&nbsp;&nbsp;<\/li>\n\n\n\n<li>The Invictus Games Foundation: <a href=\"https:\/\/invictusgamesfoundation.org\/\" target=\"_blank\" rel=\"noreferrer noopener\">Invictus Games<\/a> (en anglais)&nbsp;<\/li>\n\n\n\n<li>Sans Limites: <a href=\"https:\/\/www.sans-limites.ca\/\" target=\"_blank\" rel=\"noreferrer noopener\">Home &#8211; Sans Limites<\/a>&nbsp;<\/li>\n<\/ul>\n\n\n\n<div style=\"height:41px\" aria-hidden=\"true\" class=\"wp-block-spacer\"><\/div>\n\n\n\n<section class=\"wp-block-group alignfull has-yellow-background-color has-background is-layout-constrained wp-block-group-is-layout-constrained\">\n<h2 class=\"wp-block-heading alignwide has-dinot-font-family\" style=\"text-transform:uppercase\"><strong>COMMUNIQU\u00c9 DE PRESSE<\/strong><\/h2>\n\n\n<div class=\"invictus-news-grid alignwide sm:grid gap-6 lg:gap-8 xl:gap-10 grid-cols-1 sm:grid-cols-2 lg:grid-cols-4 \">\n            <article class=\"block mb-12 sm:mb-0\">\n            <div>\n                <a class=\"invictus-news-grid__link invictus-article__link\" href=\"https:\/\/invictusgames2025.ca\/fr\/latest-updates\/sensibilisation-au-sujet-des-jeux-invictus-de-vancouver-whistler-2025-a-lechelle-du-canada-empathie-et-comprehension-profondes-a-legard-des-defis-et-des-sacrifices-des-milit\/\">\n                    <img loading=\"lazy\" decoding=\"async\" width=\"300\" height=\"41\" src=\"https:\/\/invictusgames2025.ca\/wp-content\/uploads\/2025\/03\/Survey-Image-Banner-300x41.png\" class=\"has-white-background-color rounded-xl object-cover h-52 block mb-2 w-full wp-post-image\" alt=\"\" srcset=\"https:\/\/invictusgames2025.ca\/wp-content\/uploads\/2025\/03\/Survey-Image-Banner-300x41.png 300w, https:\/\/invictusgames2025.ca\/wp-content\/uploads\/2025\/03\/Survey-Image-Banner-1024x141.png 1024w, https:\/\/invictusgames2025.ca\/wp-content\/uploads\/2025\/03\/Survey-Image-Banner-768x106.png 768w, https:\/\/invictusgames2025.ca\/wp-content\/uploads\/2025\/03\/Survey-Image-Banner-1536x212.png 1536w, https:\/\/invictusgames2025.ca\/wp-content\/uploads\/2025\/03\/Survey-Image-Banner-2048x282.png 2048w\" sizes=\"auto, (max-width: 300px) 100vw, 300px\" \/>                     \n                    <time datetime=\"2025-02-27 16:11\" class=\"uppercase font-bold has-sm-font-size block mb-4\">27 f\u00e9vrier, 2025<\/time>\n                    <h3 class=\"invictus-news-grid__link__title has-regular-font-size font-dinot has-medium-font-size m-0\" style=\"font-weight: 400 !important;\">Sensibilisation au sujet des Jeux Invictus de Vancouver Whistler\u202f2025 \u00e0 l\u2019\u00e9chelle du Canada; empathie et compr\u00e9hension profondes \u00e0 l\u2019\u00e9gard des d\u00e9fis et des sacrifices des militaires, des anciennes combattantes et des anciens combattants\u00a0<\/h3>\n                <\/a>\n            <\/div>\n        <\/article>\n            <article class=\"block mb-12 sm:mb-0\">\n            <div>\n                <a class=\"invictus-news-grid__link invictus-article__link\" href=\"https:\/\/invictusgames2025.ca\/fr\/latest-updates\/les-jeux-invictus-de-vancouver-whistler-2025-laissent-un-legs-durable-en-matiere-de-readaptation-de-savoir-dequipement-et-de-sens-de-la-communaute\/\">\n                    <img loading=\"lazy\" decoding=\"async\" width=\"300\" height=\"49\" src=\"https:\/\/invictusgames2025.ca\/wp-content\/uploads\/2025\/03\/Legacy-Image-Banner-300x49.png\" class=\"has-white-background-color rounded-xl object-cover h-52 block mb-2 w-full wp-post-image\" alt=\"\" srcset=\"https:\/\/invictusgames2025.ca\/wp-content\/uploads\/2025\/03\/Legacy-Image-Banner-300x49.png 300w, https:\/\/invictusgames2025.ca\/wp-content\/uploads\/2025\/03\/Legacy-Image-Banner-1024x167.png 1024w, https:\/\/invictusgames2025.ca\/wp-content\/uploads\/2025\/03\/Legacy-Image-Banner-768x125.png 768w, https:\/\/invictusgames2025.ca\/wp-content\/uploads\/2025\/03\/Legacy-Image-Banner-1536x250.png 1536w, https:\/\/invictusgames2025.ca\/wp-content\/uploads\/2025\/03\/Legacy-Image-Banner-2048x333.png 2048w\" sizes=\"auto, (max-width: 300px) 100vw, 300px\" \/>                     \n                    <time datetime=\"2025-02-27 00:21\" class=\"uppercase font-bold has-sm-font-size block mb-4\">27 f\u00e9vrier, 2025<\/time>\n                    <h3 class=\"invictus-news-grid__link__title has-regular-font-size font-dinot has-medium-font-size m-0\" style=\"font-weight: 400 !important;\">Les Jeux Invictus de Vancouver Whistler\u202f2025 laissent un legs durable en mati\u00e8re de r\u00e9adaptation, de savoir, d\u2019\u00e9quipement et de sens de la communaut\u00e9\u00a0<\/h3>\n                <\/a>\n            <\/div>\n        <\/article>\n            <article class=\"block mb-12 sm:mb-0\">\n            <div>\n                <a class=\"invictus-news-grid__link invictus-article__link\" href=\"https:\/\/invictusgames2025.ca\/fr\/latest-updates\/celebrer-lesprit-invaincu-la-cloture-des-jeux-invictus-de-vancouver-whistler-2025-2\/\">\n                    <img loading=\"lazy\" decoding=\"async\" width=\"300\" height=\"200\" src=\"https:\/\/invictusgames2025.ca\/wp-content\/uploads\/2025\/02\/Closing-cceremony-142-300x200.jpg\" class=\"has-white-background-color rounded-xl object-cover h-52 block mb-2 w-full wp-post-image\" alt=\"\" srcset=\"https:\/\/invictusgames2025.ca\/wp-content\/uploads\/2025\/02\/Closing-cceremony-142-300x200.jpg 300w, https:\/\/invictusgames2025.ca\/wp-content\/uploads\/2025\/02\/Closing-cceremony-142-1024x683.jpg 1024w, https:\/\/invictusgames2025.ca\/wp-content\/uploads\/2025\/02\/Closing-cceremony-142-768x512.jpg 768w, https:\/\/invictusgames2025.ca\/wp-content\/uploads\/2025\/02\/Closing-cceremony-142-1536x1024.jpg 1536w\" sizes=\"auto, (max-width: 300px) 100vw, 300px\" \/>                     \n                    <time datetime=\"2025-02-17 17:12\" class=\"uppercase font-bold has-sm-font-size block mb-4\">17 f\u00e9vrier, 2025<\/time>\n                    <h3 class=\"invictus-news-grid__link__title has-regular-font-size font-dinot has-medium-font-size m-0\" style=\"font-weight: 400 !important;\">Une c\u00e9l\u00e9bration \u00e9tincelante de l\u2019esprit invaincu cl\u00f4ture les Jeux Invictus de Vancouver Whistler\u202f2025<\/h3>\n                <\/a>\n            <\/div>\n        <\/article>\n            <article class=\"block mb-12 sm:mb-0\">\n            <div>\n                <a class=\"invictus-news-grid__link invictus-article__link\" href=\"https:\/\/invictusgames2025.ca\/fr\/latest-updates\/les-jeux-invictus-de-vancouver-whistler-2025-commencent-par-une-ceremonie-douverture-patriotique-pendant-laquelle-nous-avons-pagaye-ensemble-pour-celebre\/\">\n                    <img loading=\"lazy\" decoding=\"async\" width=\"300\" height=\"66\" src=\"https:\/\/invictusgames2025.ca\/wp-content\/uploads\/2025\/02\/image-300x66.png\" class=\"has-white-background-color rounded-xl object-cover h-52 block mb-2 w-full wp-post-image\" alt=\"\" srcset=\"https:\/\/invictusgames2025.ca\/wp-content\/uploads\/2025\/02\/image-300x66.png 300w, https:\/\/invictusgames2025.ca\/wp-content\/uploads\/2025\/02\/image-1024x226.png 1024w, https:\/\/invictusgames2025.ca\/wp-content\/uploads\/2025\/02\/image-768x170.png 768w, https:\/\/invictusgames2025.ca\/wp-content\/uploads\/2025\/02\/image.png 1431w\" sizes=\"auto, (max-width: 300px) 100vw, 300px\" \/>                     \n                    <time datetime=\"2025-02-09 05:09\" class=\"uppercase font-bold has-sm-font-size block mb-4\">9 f\u00e9vrier, 2025<\/time>\n                    <h3 class=\"invictus-news-grid__link__title has-regular-font-size font-dinot has-medium-font-size m-0\" style=\"font-weight: 400 !important;\">Les Jeux Invictus de Vancouver Whistler\u202f2025 commencent par une c\u00e9r\u00e9monie d\u2019ouverture patriotique pendant laquelle nous avons \u00ab\u202fpagay\u00e9 ensemble\u202f\u00bb pour c\u00e9l\u00e9brer l\u2019esprit Invictus\u202f\u202f\u00a0<\/h3>\n                <\/a>\n            <\/div>\n        <\/article>\n    <\/div>\n<\/section>\n\n\n\n<section class=\"wp-block-group alignfull has-grey-background-color has-background is-layout-constrained wp-block-group-is-layout-constrained\">\n<h2 class=\"wp-block-heading alignwide has-white-color has-text-color has-link-color has-dinot-font-family wp-elements-a480d95e3aa26a2956647430b68dcf8f\" style=\"text-transform:uppercase\">Contacts<\/h2>\n\n\n\n<p class=\"is-style-invictus-paragraph-wide has-white-color has-text-color has-link-color wp-elements-52411a6663bf201bd6eafaf49afca945\">Pour toute question relative \u00e0 l&#8217;engagement communautaire, veuillez envoyer un courriel \u00e0 l&#8217;adresse suivante : education@invictusgames2025.ca<\/p>\n<\/section>\n\n\n\n<section class=\"wp-block-group alignfull is-layout-constrained wp-block-group-is-layout-constrained\">\n<div class=\"wp-block-columns alignwide are-vertically-aligned-center is-layout-flex wp-container-core-columns-is-layout-9d6595d7 wp-block-columns-is-layout-flex\">\n<div class=\"wp-block-column is-vertically-aligned-center is-layout-flow wp-block-column-is-layout-flow\" style=\"flex-basis:66.66%\">\n<p>Les Invictus Games Vancouver Whistler 2025, pr\u00e9sent\u00e9s par ATCO et Boeing, se d\u00e9rouleront sur les territoires traditionnels des Lil\u0313wat7\u00fal (L\u00edl\u0313wat), x\u02b7m\u0259\u03b8k\u02b7\u0259y\u0313\u0259m (Musqueam), S\u1e35wx\u0331_w\u00fa7mesh (Squamish) et s\u0259lilw\u0259ta\u026c (Tsleil-Waututh). Les Jeux Invictus Vancouver Whistler 2025 s&#8217;engagent \u00e0 collaborer avec chaque nation, \u00e0 r\u00e9pondre aux appels \u00e0 l&#8217;action du Canada en mati\u00e8re de v\u00e9rit\u00e9 et de r\u00e9conciliation et \u00e0 veiller \u00e0 ce que les langues, les traditions, les protocoles et les cultures des quatre Premi\u00e8res nations h\u00f4tes soient reconnus, respect\u00e9s et repr\u00e9sent\u00e9s de mani\u00e8re significative dans la planification, l&#8217;organisation et l&#8217;accueil des Jeux.<\/p>\n<\/div>\n\n\n\n<div class=\"wp-block-column is-vertically-aligned-center is-layout-flow wp-block-column-is-layout-flow\" style=\"flex-basis:33.33%\">\n<figure class=\"wp-block-image size-full\"><img loading=\"lazy\" decoding=\"async\" width=\"498\" height=\"121\" src=\"https:\/\/invictusgames2025.ca\/wp-content\/uploads\/2024\/06\/Group-48.png\" alt=\"tribal logos\" class=\"wp-image-1734\" srcset=\"https:\/\/invictusgames2025.ca\/wp-content\/uploads\/2024\/06\/Group-48.png 498w, https:\/\/invictusgames2025.ca\/wp-content\/uploads\/2024\/06\/Group-48-300x73.png 300w\" sizes=\"auto, (max-width: 498px) 100vw, 498px\" \/><\/figure>\n<\/div>\n<\/div>\n<\/section>\n","protected":false},"excerpt":{"rendered":"<p>\u00c9COLE PRIMAIRE intermediate \/ middle school high school Les Jeux Invictus Vancouver-Whistler 2025, c\u00e9l\u00e8brent l&#8217;esprit humain invaincu des militaires et des&#8230;<\/p>\n","protected":false},"author":4,"featured_media":0,"parent":0,"menu_order":0,"comment_status":"closed","ping_status":"closed","template":"","meta":{"_acf_changed":false,"_monsterinsights_skip_tracking":false,"_monsterinsights_sitenote_active":false,"_monsterinsights_sitenote_note":"","_monsterinsights_sitenote_category":0,"_uf_show_specific_survey":0,"_uf_disable_surveys":false,"footnotes":""},"class_list":["post-3531","page","type-page","status-publish","hentry"],"acf":[],"aioseo_notices":[],"_links":{"self":[{"href":"https:\/\/invictusgames2025.ca\/fr\/wp-json\/wp\/v2\/pages\/3531","targetHints":{"allow":["GET"]}}],"collection":[{"href":"https:\/\/invictusgames2025.ca\/fr\/wp-json\/wp\/v2\/pages"}],"about":[{"href":"https:\/\/invictusgames2025.ca\/fr\/wp-json\/wp\/v2\/types\/page"}],"author":[{"embeddable":true,"href":"https:\/\/invictusgames2025.ca\/fr\/wp-json\/wp\/v2\/users\/4"}],"replies":[{"embeddable":true,"href":"https:\/\/invictusgames2025.ca\/fr\/wp-json\/wp\/v2\/comments?post=3531"}],"version-history":[{"count":0,"href":"https:\/\/invictusgames2025.ca\/fr\/wp-json\/wp\/v2\/pages\/3531\/revisions"}],"wp:attachment":[{"href":"https:\/\/invictusgames2025.ca\/fr\/wp-json\/wp\/v2\/media?parent=3531"}],"curies":[{"name":"wp","href":"https:\/\/api.w.org\/{rel}","templated":true}]}}