{"id":1394,"date":"2024-04-30T22:22:31","date_gmt":"2024-04-30T22:22:31","guid":{"rendered":"https:\/\/invictusgames2025.ca\/?page_id=1394"},"modified":"2024-04-30T22:49:24","modified_gmt":"2024-04-30T22:49:24","slug":"bulletin","status":"publish","type":"page","link":"https:\/\/invictusgames2025.ca\/fr\/bulletin\/","title":{"rendered":"Inscrivez-vous \u00e0 notre bulletin d&#8217;information"},"content":{"rendered":"\n<div class=\"wp-block-group alignfull has-yellow-color has-dark-background-color has-text-color has-background has-link-color wp-elements-741b246cc9215a21db04b4e851917f2e is-layout-constrained wp-block-group-is-layout-constrained\">\n<div style=\"height:27px\" aria-hidden=\"true\" class=\"wp-block-spacer\"><\/div>\n\n\n\n<p class=\"has-yellow-color has-text-color has-link-color has-medium-font-size wp-elements-3d7590734efb3e79e71ac4992a1f632d\"><strong>Restez inform\u00e9 sur les Jeux Invictus Vancouver Whistler 2025! Inscrivez-vous \u00e0 notre bulletin d&#8217;information pour recevoir les derni\u00e8res nouvelles, y compris les sorties de billets et les aper\u00e7us exclusifs de la marchandise #IG2025. Ne manquez pas cette occasion &#8211; rejoignez notre communaut\u00e9 d\u00e8s aujourd&#8217;hui !<\/strong><\/p>\n<\/div>\n","protected":false},"excerpt":{"rendered":"<p>Restez inform\u00e9 sur les Jeux Invictus Vancouver Whistler 2025! Inscrivez-vous \u00e0 notre bulletin d&#8217;information pour recevoir les derni\u00e8res nouvelles, y compris les&#8230;<\/p>\n","protected":false},"author":4,"featured_media":1199,"parent":0,"menu_order":0,"comment_status":"closed","ping_status":"closed","template":"","meta":{"_acf_changed":false,"_monsterinsights_skip_tracking":false,"_monsterinsights_sitenote_active":false,"_monsterinsights_sitenote_note":"","_monsterinsights_sitenote_category":0,"_uf_show_specific_survey":0,"_uf_disable_surveys":false,"footnotes":""},"class_list":["post-1394","page","type-page","status-publish","has-post-thumbnail","hentry"],"acf":[],"aioseo_notices":[],"_links":{"self":[{"href":"https:\/\/invictusgames2025.ca\/fr\/wp-json\/wp\/v2\/pages\/1394","targetHints":{"allow":["GET"]}}],"collection":[{"href":"https:\/\/invictusgames2025.ca\/fr\/wp-json\/wp\/v2\/pages"}],"about":[{"href":"https:\/\/invictusgames2025.ca\/fr\/wp-json\/wp\/v2\/types\/page"}],"author":[{"embeddable":true,"href":"https:\/\/invictusgames2025.ca\/fr\/wp-json\/wp\/v2\/users\/4"}],"replies":[{"embeddable":true,"href":"https:\/\/invictusgames2025.ca\/fr\/wp-json\/wp\/v2\/comments?post=1394"}],"version-history":[{"count":0,"href":"https:\/\/invictusgames2025.ca\/fr\/wp-json\/wp\/v2\/pages\/1394\/revisions"}],"wp:featuredmedia":[{"embeddable":true,"href":"https:\/\/invictusgames2025.ca\/fr\/wp-json\/wp\/v2\/media\/1199"}],"wp:attachment":[{"href":"https:\/\/invictusgames2025.ca\/fr\/wp-json\/wp\/v2\/media?parent=1394"}],"curies":[{"name":"wp","href":"https:\/\/api.w.org\/{rel}","templated":true}]}}