{"id":1142,"date":"2024-02-05T14:08:48","date_gmt":"2024-02-05T14:08:48","guid":{"rendered":"https:\/\/invictusgames2025.ca\/?page_id=1142"},"modified":"2024-05-01T17:48:10","modified_gmt":"2024-05-01T17:48:10","slug":"volunteer","status":"publish","type":"page","link":"https:\/\/invictusgames2025.ca\/fr\/volunteer\/","title":{"rendered":"Volontaire"},"content":{"rendered":"\n<header class=\"wp-block-group alignfull has-dark-background-color has-background is-layout-constrained wp-block-group-is-layout-constrained\">\n<h2 class=\"wp-block-heading alignwide is-style-invictus-border-bottom has-white-color has-text-color has-link-color wp-elements-5c5667b4623c285ea08917d8ac732cc2\">Soutenez-nous &gt; volontaire<\/h2>\n\n\n\n<div class=\"wp-block-columns alignwide is-layout-flex wp-container-core-columns-is-layout-9d6595d7 wp-block-columns-is-layout-flex\">\n<div class=\"wp-block-column is-vertically-aligned-center is-layout-flow wp-block-column-is-layout-flow\">\n<h1 class=\"wp-block-heading has-text-align-left has-yellow-color has-text-color has-link-color has-xxxl-font-size wp-elements-b71c638542173936ad7dcd475c1d87c8\" style=\"text-transform:uppercase\">programme de volontariat<\/h1>\n\n\n\n<p class=\"has-white-color has-text-color has-link-color wp-elements-9c4fdc921f2cca0e02364b3aae64a247\">Soutenue par London Drugs<\/p>\n<\/div>\n\n\n\n<div class=\"wp-block-column is-vertically-aligned-top is-layout-flow wp-block-column-is-layout-flow\">\n<figure class=\"wp-block-image size-full is-style-default\"><img loading=\"lazy\" decoding=\"async\" width=\"626\" height=\"359\" src=\"https:\/\/invictusgames2025.ca\/wp-content\/uploads\/2024\/02\/volunteers.png\" alt=\"two volunteers waving at the Invictus Games\" class=\"wp-image-586\" style=\"aspect-ratio:3\/2;object-fit:cover\" srcset=\"https:\/\/invictusgames2025.ca\/wp-content\/uploads\/2024\/02\/volunteers.png 626w, https:\/\/invictusgames2025.ca\/wp-content\/uploads\/2024\/02\/volunteers-300x172.png 300w\" sizes=\"auto, (max-width: 626px) 100vw, 626px\" \/><\/figure>\n<\/div>\n<\/div>\n<\/header>\n\n\n\n<section class=\"wp-block-group alignfull has-yellow-background-color has-background is-layout-constrained wp-container-core-group-is-layout-fa01cdab wp-block-group-is-layout-constrained\">\n<p><strong>Nous vous remercions de l&#8217;int\u00e9r\u00eat que vous portez au b\u00e9n\u00e9volat dans le cadre des Invictus Games Vancouver Whistler 2025. Notre portail de candidature \u00e9tait ouvert du 8 f\u00e9vrier au 30 avril, et est MAINTENANT FERM\u00c9. Les b\u00e9n\u00e9voles jouent un r\u00f4le crucial en assurant une exp\u00e9rience m\u00e9morable aux concurrents, \u00e0 leurs familles et \u00e0 leurs amis, en c\u00e9l\u00e9brant l&#8217;esprit humain invaincu.<\/strong><\/p>\n\n\n\n<p><strong>Bien que les inscriptions soient closes, vous pouvez toujours faire partie du mouvement Invictus en nous suivant sur les m\u00e9dias sociaux pour conna\u00eetre les histoires des concurrents et les annonces. <a href=\"https:\/\/invictusgames2025.ca\/fr\/volunteer\/#:~:text=Jeux%20Invictus%202017-,BULLETIN%20SINSCRIRE,-FIRST%20NAME\">Inscrivez-vous<\/a> \u00e0 notre lettre d&#8217;information pour \u00eatre le premier \u00e0 recevoir vos billets pour notre \u00e9v\u00e9nement et un aper\u00e7u exclusif de la marchandise #IG2025.<\/strong><\/p>\n<\/section>\n\n\n\n<div class=\"wp-block-group alignfull has-white-color has-dark-background-color has-text-color has-background has-link-color wp-elements-4f5b988db61477c3a050646222f9112b is-layout-constrained wp-block-group-is-layout-constrained\">\n<h2 class=\"wp-block-heading alignwide\" style=\"text-transform:uppercase\">Calendrier du b\u00e9n\u00e9volat<\/h2>\n\n\n<div class=\"invictus-historical-timeline alignwide relative invictus-historical-timeline--future\">\n    <ul class=\"w-full list-none\">\n                    <li class=\"invictus-historical-event mx-auto w-full ps-10 md:ps-0 py-6 mb-4 last:mb-0\">\n                <div class=\"w-full md:w-1\/2 text-section md:me-auto md:pe-6\">\n                    <span class=\"btn has-dark-color\">Janvier 2024<\/span>\n                    <figure>\n                        <img loading=\"lazy\" decoding=\"async\" width=\"425\" height=\"231\" src=\"https:\/\/invictusgames2025.ca\/wp-content\/uploads\/2024\/02\/invictus-volunteers-1.png\" class=\"block my-4 rounded-lg w-full h-auto\" alt=\"lots of volunteers wearing yellow shirts and posing together\" srcset=\"https:\/\/invictusgames2025.ca\/wp-content\/uploads\/2024\/02\/invictus-volunteers-1.png 425w, https:\/\/invictusgames2025.ca\/wp-content\/uploads\/2024\/02\/invictus-volunteers-1-300x163.png 300w\" sizes=\"auto, (max-width: 425px) 100vw, 425px\" \/>                                                    <figcaption class=\"has-white-color has-small-font-size font-bold\">Volontaires avant les Jeux s\u00e9lectionn\u00e9s pour les \u00e9v\u00e9nements de l&#8217;ann\u00e9e \u00e0 venir <\/figcaption>\n                         \n                    <\/figure>\n                <\/div>\n            <\/li>\n                    <li class=\"invictus-historical-event mx-auto w-full ps-10 md:ps-0 py-6 mb-4 last:mb-0\">\n                <div class=\"w-full md:w-1\/2 text-section md:ms-auto md:ps-6\">\n                    <span class=\"btn has-dark-color\">8 f\u00e9vrier 2024<\/span>\n                    <figure>\n                        <img loading=\"lazy\" decoding=\"async\" width=\"443\" height=\"214\" src=\"https:\/\/invictusgames2025.ca\/wp-content\/uploads\/2024\/02\/large-Invictus-Games-2023-Rugby-Final-USA-verses-UK.png\" class=\"block my-4 rounded-lg w-full h-auto\" alt=\"Invictus Rugby competitors huddled together\" srcset=\"https:\/\/invictusgames2025.ca\/wp-content\/uploads\/2024\/02\/large-Invictus-Games-2023-Rugby-Final-USA-verses-UK.png 443w, https:\/\/invictusgames2025.ca\/wp-content\/uploads\/2024\/02\/large-Invictus-Games-2023-Rugby-Final-USA-verses-UK-300x145.png 300w\" sizes=\"auto, (max-width: 443px) 100vw, 443px\" \/>                                                    <figcaption class=\"has-white-color has-small-font-size font-bold\">L&#8217;inscription officielle des volontaires est ouverte<\/figcaption>\n                         \n                    <\/figure>\n                <\/div>\n            <\/li>\n                    <li class=\"invictus-historical-event mx-auto w-full ps-10 md:ps-0 py-6 mb-4 last:mb-0\">\n                <div class=\"w-full md:w-1\/2 text-section md:me-auto md:pe-6\">\n                    <span class=\"btn has-dark-color\">Avril 2024<\/span>\n                    <figure>\n                        <img loading=\"lazy\" decoding=\"async\" width=\"438\" height=\"234\" src=\"https:\/\/invictusgames2025.ca\/wp-content\/uploads\/2024\/02\/large-Invictus-Games-The-Hague-2020-Day-3.png\" class=\"block my-4 rounded-lg w-full h-auto\" alt=\"Fans holding signs to clap your hands and make some noise\" srcset=\"https:\/\/invictusgames2025.ca\/wp-content\/uploads\/2024\/02\/large-Invictus-Games-The-Hague-2020-Day-3.png 438w, https:\/\/invictusgames2025.ca\/wp-content\/uploads\/2024\/02\/large-Invictus-Games-The-Hague-2020-Day-3-300x160.png 300w\" sizes=\"auto, (max-width: 438px) 100vw, 438px\" \/>                                                    <figcaption class=\"has-white-color has-small-font-size font-bold\">Cl\u00f4ture des inscriptions officielles des volontaires<\/figcaption>\n                         \n                    <\/figure>\n                <\/div>\n            <\/li>\n                    <li class=\"invictus-historical-event mx-auto w-full ps-10 md:ps-0 py-6 mb-4 last:mb-0\">\n                <div class=\"w-full md:w-1\/2 text-section md:ms-auto md:ps-6\">\n                    <span class=\"btn has-dark-color\">Mai- ao\u00fbt 2024<\/span>\n                    <figure>\n                        <img loading=\"lazy\" decoding=\"async\" width=\"446\" height=\"250\" src=\"https:\/\/invictusgames2025.ca\/wp-content\/uploads\/2024\/02\/large-Invictus-Games-2023-Rugby-Final-USA-verses-UK-1.png\" class=\"block my-4 rounded-lg w-full h-auto\" alt=\"a photographer at the games\" srcset=\"https:\/\/invictusgames2025.ca\/wp-content\/uploads\/2024\/02\/large-Invictus-Games-2023-Rugby-Final-USA-verses-UK-1.png 446w, https:\/\/invictusgames2025.ca\/wp-content\/uploads\/2024\/02\/large-Invictus-Games-2023-Rugby-Final-USA-verses-UK-1-300x168.png 300w\" sizes=\"auto, (max-width: 446px) 100vw, 446px\" \/>                                                    <figcaption class=\"has-white-color has-small-font-size font-bold\">Entretiens et mise en relation des volontaires avec les postes \u00e0 pourvoir<\/figcaption>\n                         \n                    <\/figure>\n                <\/div>\n            <\/li>\n                    <li class=\"invictus-historical-event mx-auto w-full ps-10 md:ps-0 py-6 mb-4 last:mb-0\">\n                <div class=\"w-full md:w-1\/2 text-section md:me-auto md:pe-6\">\n                    <span class=\"btn has-dark-color\">Sept-d\u00e9c 2024<\/span>\n                    <figure>\n                        <img loading=\"lazy\" decoding=\"async\" width=\"466\" height=\"310\" src=\"https:\/\/invictusgames2025.ca\/wp-content\/uploads\/2024\/02\/Volunteers-Dusseldorf-466x310.jpg\" class=\"block my-4 rounded-lg w-full h-auto\" alt=\"\" \/>                                                    <figcaption class=\"has-white-color has-small-font-size font-bold\">R\u00f4le propos\u00e9 et accept\u00e9 par les volontaires<\/figcaption>\n                         \n                    <\/figure>\n                <\/div>\n            <\/li>\n            \n    <\/ul>\n        <span class=\"invictus-historical-timeline__line has-yellow-background-color absolute top-0 left-0 ms-4 md:m-0 md:left-1\/2 -translate-x-2\/4 block h-full w-2 z-10\" style=\"background-image: linear-gradient(to bottom, var(--wp--preset--color--yellow) 40%, #878787 40%);\"><\/span>\n<\/div>\n<\/div>\n\n\n\n<section class=\"wp-block-group alignfull has-yellow-background-color has-background is-layout-constrained wp-block-group-is-layout-constrained\" id=\"testimonial-slider-section\">\n<p><\/p>\n\n\n<div class=\"invictus-testimonial-slider-wrap mx-auto rounded-xl has-white-background-color relative\">\n    <span class=\"has-yellow-color invictus-testimonial-slider-quotes absolute\">&#8220;<\/span>\n    <span class=\"has-yellow-color invictus-testimonial-slider-quotes absolute\">&#8220;<\/span>\n    <div class=\"invictus-testimonial-slider\">\n                    <blockquote class=\"invictus-image-slider__slide has-medium-font-size pt-12 pb-6 px-5 sm:px-8 md:px-14 md:py-14 font-bold rounded-xl\">\n                J\u2019ai eu la chance d\u2019appuyer de nombreux \u00e9v\u00e9nements internationaux fabuleux, mais mon b\u00e9n\u00e9volat aux Jeux Invictus, c\u2019est vraiment l\u2019exp\u00e9rience la plus sp\u00e9ciale. L\u2019atmosph\u00e8re, la camaraderie, le soutien aux familles et surtout les concurrentes et concurrents inspirants en font un \u00e9v\u00e9nement inoubliable. Ce fut un privil\u00e8ge absolu de participer au r\u00e9tablissement et \u00e0 la r\u00e9adaptation d\u2019h\u00e9ro\u00efnes et de h\u00e9ros et, bien s\u00fbr, de s\u2019amuser comme tout!                                    <footer class=\"block has-base-font-size w-full has-text-align-right mt-5\"><cite class=\"not-italic\">&#8211; Pam Carefull, Jeux Invictus 2017, 2018, 2022, 2023<\/cite><\/footer>\n                            <\/blockquote>\n                    <blockquote class=\"invictus-image-slider__slide has-medium-font-size pt-12 pb-6 px-5 sm:px-8 md:px-14 md:py-14 font-bold rounded-xl\">\n                Honor\u00e9e, fi\u00e8re, inspir\u00e9e et enthousiaste. Ce ne sont l\u00e0 que quelques-uns des mots qui me viennent \u00e0 l\u2019esprit lorsque je pense \u00e0 mon parcours de b\u00e9n\u00e9vole aux Jeux Invictus.                                    <footer class=\"block has-base-font-size w-full has-text-align-right mt-5\"><cite class=\"not-italic\">&#8211; Nancy Cunningham, Jeux Invictus 2017<\/cite><\/footer>\n                            <\/blockquote>\n                    <blockquote class=\"invictus-image-slider__slide has-medium-font-size pt-12 pb-6 px-5 sm:px-8 md:px-14 md:py-14 font-bold rounded-xl\">\n                Les concurrentes et les concurrents ont tout sacrifi\u00e9 pour nous, c\u2019est maintenant \u00e0 nous de les appuyer. C\u2019est la meilleure exp\u00e9rience de b\u00e9n\u00e9volat que j\u2019ai jamais v\u00e9cue.                                    <footer class=\"block has-base-font-size w-full has-text-align-right mt-5\"><cite class=\"not-italic\">&#8211; Lois Gilbert, Jeux Invictus 2017<\/cite><\/footer>\n                            <\/blockquote>\n                    <blockquote class=\"invictus-image-slider__slide has-medium-font-size pt-12 pb-6 px-5 sm:px-8 md:px-14 md:py-14 font-bold rounded-xl\">\n                Je suis tr\u00e8s reconnaissant de faire partie de l\u2019\u00e9quipe de b\u00e9n\u00e9voles des Jeux Invictus! Chaque jour apporte son lot de souvenirs et d\u2019exp\u00e9riences d\u2019apprentissage que je n\u2019oublierai jamais! Je suis tr\u00e8s fier d\u2019avoir rencontr\u00e9 autant d\u2019athl\u00e8tes, de b\u00e9n\u00e9voles, de spectateurs et de supporters incroyables. Merci de m\u2019avoir donn\u00e9 l\u2019occasion de faire du b\u00e9n\u00e9volat!                                    <footer class=\"block has-base-font-size w-full has-text-align-right mt-5\"><cite class=\"not-italic\">&#8211; Archie Allison, Jeux Invictus 2017<\/cite><\/footer>\n                            <\/blockquote>\n                    <blockquote class=\"invictus-image-slider__slide has-medium-font-size pt-12 pb-6 px-5 sm:px-8 md:px-14 md:py-14 font-bold rounded-xl\">\n                Voil\u00e0 plus de 30 ans que je suis b\u00e9n\u00e9vole \u00e0 des \u00e9v\u00e9nements sportifs mondiaux de renomm\u00e9e, dans le seul but d\u2019apporter une contribution positive. Mais rien ne m\u2019avait pr\u00e9par\u00e9e \u00e0 l\u2019impact profond qu\u2019a eu sur moi ma participation aux Jeux Invictus! Ce fut un honneur et un privil\u00e8ge qui ont marqu\u00e9 mon c\u0153ur \u00e0 jamais.                                    <footer class=\"block has-base-font-size w-full has-text-align-right mt-5\"><cite class=\"not-italic\">&#8211; Sandy Michaud, Jeux Invictus 2017<\/cite><\/footer>\n                            <\/blockquote>\n            <\/div>\n<\/div>\n<\/section>\n","protected":false},"excerpt":{"rendered":"<p>Soutenez-nous &gt; volontaire programme de volontariat Soutenue par London Drugs Nous vous remercions de l&#8217;int\u00e9r\u00eat que vous portez au b\u00e9n\u00e9volat dans le cadre&#8230;<\/p>\n","protected":false},"author":4,"featured_media":0,"parent":0,"menu_order":0,"comment_status":"closed","ping_status":"closed","template":"","meta":{"_acf_changed":false,"_monsterinsights_skip_tracking":false,"_monsterinsights_sitenote_active":false,"_monsterinsights_sitenote_note":"","_monsterinsights_sitenote_category":0,"_uf_show_specific_survey":0,"_uf_disable_surveys":false,"footnotes":""},"class_list":["post-1142","page","type-page","status-publish","hentry"],"acf":[],"aioseo_notices":[],"_links":{"self":[{"href":"https:\/\/invictusgames2025.ca\/fr\/wp-json\/wp\/v2\/pages\/1142","targetHints":{"allow":["GET"]}}],"collection":[{"href":"https:\/\/invictusgames2025.ca\/fr\/wp-json\/wp\/v2\/pages"}],"about":[{"href":"https:\/\/invictusgames2025.ca\/fr\/wp-json\/wp\/v2\/types\/page"}],"author":[{"embeddable":true,"href":"https:\/\/invictusgames2025.ca\/fr\/wp-json\/wp\/v2\/users\/4"}],"replies":[{"embeddable":true,"href":"https:\/\/invictusgames2025.ca\/fr\/wp-json\/wp\/v2\/comments?post=1142"}],"version-history":[{"count":0,"href":"https:\/\/invictusgames2025.ca\/fr\/wp-json\/wp\/v2\/pages\/1142\/revisions"}],"wp:attachment":[{"href":"https:\/\/invictusgames2025.ca\/fr\/wp-json\/wp\/v2\/media?parent=1142"}],"curies":[{"name":"wp","href":"https:\/\/api.w.org\/{rel}","templated":true}]}}